{"id":14724,"date":"2016-10-10T06:05:08","date_gmt":"2016-10-10T06:05:08","guid":{"rendered":"http:\/\/dev-glnmolds.younik.pt\/about-me-ii\/"},"modified":"2024-04-15T15:52:17","modified_gmt":"2024-04-15T15:52:17","slug":"about","status":"publish","type":"page","link":"https:\/\/gln.pt\/de\/about\/","title":{"rendered":"\u00dcber"},"content":{"rendered":"<p>[vc_row padding_top_multiplier=&#8220;4x&#8220; padding_bottom_multiplier=&#8220;4x&#8220;][vc_column]<h2 class=\"grve-element grve-title grve-align-center grve-h2 h2-strong\" style=\"\"><span>Molding the Future<\/span><\/h2>[vc_column_text text_style=&#8220;leader-text&#8220;]<\/p>\n<p style=\"text-align: center;\">Qualit\u00e4t, Einhaltung von Lieferfristen und die von unseren Kunden und Partnern geforderten Innovationen bereiten den Weg zu den Spitzenleistungen, die wir anstreben.<\/p>\n<p style=\"text-align: center;\">Um der Komplexit\u00e4t unserer Arbeit gerecht zu werden und Innovation durch neue L\u00f6sungen zu schaffen, m\u00fcssen wir stetig wachsen, unser Angebot erweitern, h\u00f6here Qualit\u00e4t gew\u00e4hrleisten und in Technologie und Arbeitskraft investieren.<\/p>\n<p style=\"text-align: center;\">Nur mit dem Engagement und der Motivation aller GLN-Mitarbeiter ist es uns m\u00f6glich die Erwartungen und Anforderungen unserer Kunden zu erf\u00fcllen.<\/p>\n<p style=\"text-align: center;\"><strong>Unsere Verpflichtung besteht darin, die Erf\u00fcllung der Anforderungen der Beteiligten zu gew\u00e4hrleisten und ihre Zufriedenheit, ihr Vertrauen und ihre Loyalit\u00e4t sicherzustellen;<\/strong><\/p>\n<p>[\/vc_column_text][\/vc_column][\/vc_row][vc_row heading_color=&#8220;primary-1&#8243; bg_type=&#8220;image&#8220; bg_image=&#8220;17226&#8243; bg_image_type=&#8220;fixed&#8220; color_overlay=&#8220;light&#8220; opacity_overlay=&#8220;30&#8243; padding_top_multiplier=&#8220;4x&#8220; padding_bottom_multiplier=&#8220;4x&#8220; el_class=&#8220;missao-visao-valores&#8220;][vc_column width=&#8220;1\/3&#8243;]<h2 class=\"grve-element grve-title grve-align-left grve-h2 h2-strong\" style=\"\"><span>Vision<\/span><\/h2>[vc_column_text text_style=&#8220;leader-text&#8220;]Die GLN-Gruppe strebt danach, ein weltweit f\u00fchrendes Unternehmen zu sein, das in der Branche der Spritzgusswerkzeuge und der Einspritzung von Kunststoffen auf hohem technischem Niveau ausgezeichnet ist.[\/vc_column_text][\/vc_column][vc_column width=&#8220;1\/3&#8243;]<h2 class=\"grve-element grve-title grve-align-left grve-h2 h2-strong\" style=\"\"><span>Mission<\/span><\/h2>[vc_column_text text_style=&#8220;leader-text&#8220;]Das Erschaffen von nachhaltiges Wert f\u00fcr ihre Stakeholder um die anspruchsvollsten Bed\u00fcrfnisse und Erwartungen der Kunden zu erf\u00fcllen, ihr Gesch\u00e4ft bei der Suche und Entwicklung von innovativen L\u00f6sungen f\u00fcr Produkte und Prozesse zu unterst\u00fctzen, und in der Weiterbildung als das Hauptinstrument f\u00fcr die Aufwertung aller seiner Mitarbeiter zu investieren.<\/p>\n<p>Die Mission des GLN-Unternehmens basiert auf <strong>4 S\u00e4ulen<\/strong>:<\/p>\n<p><strong>Wettbewerbsf\u00e4higkeit<br \/>\n<\/strong>Nachhaltige Werte f\u00fcr alle Stakeholder schaffen.<\/p>\n<p><strong>Qualit\u00e4t<\/strong><br \/>\nVollkommene Erf\u00fcllung der Kundenerwartungen.<\/p>\n<p><strong>Innovation<br \/>\n<\/strong>St\u00e4ndiger Fokus auf Innovation als Nachhaltigkeitfaktor.<\/p>\n<p><strong>Organisationsentwicklung<br \/>\n<\/strong>Investition in die Weiterbildung der Mitarbeiter zu ihrer Aufwertung.[\/vc_column_text][\/vc_column][vc_column width=&#8220;1\/3&#8243;]<h2 class=\"grve-element grve-title grve-align-left grve-h2 h2-strong\" style=\"\"><span>Werte<\/span><\/h2>[vc_column_text text_style=&#8220;leader-text&#8220;]Das Unternehmen GLN f\u00f6rdert, privilegiert und besteht auf folgende Werte in Aus\u00fcbung ihrer T\u00e4tigkeit:<\/p>\n<p><strong>Spitzenleistung<br \/>\n<\/strong>F\u00f6rderung herausragender Leistung in der gesamten Organisation.<\/p>\n<p><strong>Verdienst<br \/>\n<\/strong>F\u00f6rderung der Leistungsgesellschaft und Belohnung der Leistung von Einzelpersonen und Teams.<\/p>\n<p><strong>Ethik<br \/>\n<\/strong>Vorbildliches Handeln und F\u00f6rderung des gegenseitigen Respektes aller Partner.<\/p>\n<p><strong>Verantwortung<br \/>\n<\/strong>Engagement f\u00fcr sozial verantwortliches Handeln.[\/vc_column_text][\/vc_column][\/vc_row][vc_row padding_top_multiplier=&#8220;4x&#8220; padding_bottom_multiplier=&#8220;2x&#8220; columns_gap=&#8220;50&#8243; equal_column_height=&#8220;middle-content&#8220;][vc_column]<h2 class=\"grve-element grve-title grve-align-center grve-h1 grve-custom-font-3 grve-increase-heading grve-heading-160\" style=\"\"><span>Es war einmal&#8230;<\/span><\/h2><div class=\"grve-empty-space grve-height-1x\" style=\"\"><\/div><div class=\"grve-element grve-image grve-align-center\" style=\"\">  <div class=\"grve-image-wrapper\"><img loading=\"lazy\" decoding=\"async\" width=\"294\" height=\"84\" src=\"https:\/\/gln.pt\/wp-content\/uploads\/GLN-molds-logo.png\" class=\"attachment-full size-full\" alt=\"\u00dcber\" title=\"\u00dcber\" \/>   <\/div><\/div><div class=\"grve-empty-space grve-height-2x\" style=\"\"><\/div>[\/vc_column][\/vc_row][vc_row padding_top_multiplier=&#8220;2x&#8220; padding_bottom_multiplier=&#8220;4x&#8220; columns_gap=&#8220;50&#8243; equal_column_height=&#8220;middle-content&#8220;][vc_column][vc_column_text]<div class=\"zoomtimeline mode-3dslider skin-light auto-init\" data-options='{settings_mode : \"mode-default\",mode_yearslist_start_from_left:\"off\",circuit_the_timeline:\"on\",startItem:\"0\"\n            ,color_highlight: \"rgba(220, 167, 167, 1)\"\n            ,mode_3dslider_item_width: \"340\"\n            ,mode_3dslider_show_arrow_buttons: \"on\"\n            ,mode_3dslider_item_height: \"400\"}'>\n        \n        <div class=\"items\"><div class=\"ztm-item  cat-slug-gln-timeline\" data-image=\"https:\/\/gln.pt\/wp-content\/uploads\/1980-garagem.jpg\"><div class=\"hex-desc-con\">\n        <div class=\"hex-desc\"> <\/div>\n    <\/div>\n\n    <div class=\"ztm-content\"><h3 class=\"the-heading\">1980<\/h3><div class=\"paragraph\"><p class=\"timeline-titulo\">Gesch\u00e4ftsgr\u00fcndung in einer Garage<\/p>\r\n<p>Gr\u00fcndung eines kleinen Familienunternehmens unter dem eigenen Namen Leonel Costa. Herstellung von Formteilen noch ohne die Herstellung kompletter Formen.<\/p><\/div>\n            \n    <\/div>\n\n<\/div><div class=\"ztm-item  cat-slug-gln-timeline\" data-image=\"https:\/\/gln.pt\/wp-content\/uploads\/1988-LNMoldes.jpg\"><div class=\"hex-desc-con\">\n        <div class=\"hex-desc\"> <\/div>\n    <\/div>\n\n    <div class=\"ztm-content\"><h3 class=\"the-heading\">1988<\/h3><div class=\"paragraph\"><p class=\"timeline-titulo\">Gr\u00fcndung von L.N. Moldes<\/p>\r\n<p>Herstellung von kleinen und mittleren Formen f\u00fcr die Elektro-, Haushaltswaren- und Verpackungsindustrie. Die Herstellung von Pressformen f\u00fcr die Elektroindustrie in den USA waren Motivation f\u00fcr Gewissenhaftigkeit und Qualit\u00e4tsanspruch, was auf die Besonderheiten der durchgef\u00fchrten Projekte zur\u00fcckzuf\u00fchren war.<\/p><\/div>\n            \n    <\/div>\n\n<\/div><div class=\"ztm-item  cat-slug-gln-timeline\" data-image=\"https:\/\/gln.pt\/wp-content\/uploads\/1997-IQNET.jpg\"><div class=\"hex-desc-con\">\n        <div class=\"hex-desc\"> <\/div>\n    <\/div>\n\n    <div class=\"ztm-content\"><h3 class=\"the-heading\">1997<\/h3><div class=\"paragraph\"><p class=\"timeline-titulo\">ISO 9001 Zertifizierung<\/p>\r\n<p>Die erste Zertifizierung spiegelt 1997 die Qualit\u00e4t und das Leistungsniveau wider, das LN aufgrund der Komplexit\u00e4t und der Anforderungen seiner Kunden erreichte.<\/p><\/div>\n            \n    <\/div>\n\n<\/div><div class=\"ztm-item  cat-slug-gln-timeline\" data-image=\"https:\/\/gln.pt\/wp-content\/uploads\/2000-crescimento.jpg\"><div class=\"hex-desc-con\">\n        <div class=\"hex-desc\"> <\/div>\n    <\/div>\n\n    <div class=\"ztm-content\"><h3 class=\"the-heading\">2000<\/h3><div class=\"paragraph\"><p class=\"timeline-titulo\">Wachstum und Spezialisierung<\/p>\r\n<p>Abgesehen vom amerikanischen Markt wurde mit der Einf\u00fchrung des Euro auch Europa zu einem bevorzugten Markt, insbesondere aufgrund der Kunden aus der Automobilindustrie. Starke Spezialisierung auf Formen f\u00fcr Teile mit geringer St\u00e4rke und Mehrkavit\u00e4ten-Formen. Deutliches Wachstum im Bereich Spritzguss f\u00fcr Kunststoffteile aufgrund wichtiger Fertigungsprojekte f\u00fcr die Automobilindustrie.<\/p><\/div>\n            \n    <\/div>\n\n<\/div><div class=\"ztm-item  cat-slug-gln-timeline\" data-image=\"https:\/\/gln.pt\/wp-content\/uploads\/2004-LNMoldes.jpg\"><div class=\"hex-desc-con\">\n        <div class=\"hex-desc\"> <\/div>\n    <\/div>\n\n    <div class=\"ztm-content\"><h3 class=\"the-heading\">2004<\/h3><div class=\"paragraph\"><p class=\"timeline-titulo\">Fertigstellung der neuen L.N. R\u00e4umlichkeiten<\/p>\r\n<p>LN Pl\u00e1s (Abteilung f\u00fcr Kunststoffe) bezieht neue und moderne Anlagen mit 20 Spritzguss-Anlagen; Herstellung von Teilen f\u00fcr die Automobil- und Elektroindustrie im Spritzgussverfahren.<\/p><\/div>\n            \n    <\/div>\n\n<\/div><div class=\"ztm-item  cat-slug-gln-timeline\" data-image=\"https:\/\/gln.pt\/wp-content\/uploads\/2006-ISO16949-v2.jpg\"><div class=\"hex-desc-con\">\n        <div class=\"hex-desc\"> <\/div>\n    <\/div>\n\n    <div class=\"ztm-content\"><h3 class=\"the-heading\">2006<\/h3><div class=\"paragraph\"><p class=\"timeline-titulo\">ISO TS16949 Zertifizierung<\/p>\r\n<p>Die 2006 erhaltene Zertifizierung war ein weiterer Schritt zur Erweiterung des Angebots und der Kenntnisse der LN-Mitarbeiter. Die Zunahme bei der Fertigung von Kunststoffteilen im Spritzgussverfahren und der Kunden in der Automobilindustrie war gleichbedeutend mit einem h\u00f6heren Anspruch an Qualit\u00e4t und Exzellenz.<\/p><\/div>\n            \n    <\/div>\n\n<\/div><div class=\"ztm-item  cat-slug-gln-timeline\" data-image=\"https:\/\/gln.pt\/wp-content\/uploads\/2010-Delta.jpg\"><div class=\"hex-desc-con\">\n        <div class=\"hex-desc\"> <\/div>\n    <\/div>\n\n    <div class=\"ztm-content\"><h3 class=\"the-heading\">2010<\/h3><div class=\"paragraph\"><p class=\"timeline-titulo\">Delta Q-Kapseln<\/p>\r\n<p>Beginn unserer Partnerschaft mit Delta. Die Partnerschaft mit dem f\u00fchrenden Unternehmen der Produktion und Vermarktung von Kaffee in Campo Maior, entstand durch Innovation und Zusammenarbeit bei der Entwicklung der technischen L\u00f6sung f\u00fcr die Delta Q-Kapsel.<\/p><\/div>\n            \n    <\/div>\n\n<\/div><div class=\"ztm-item  cat-slug-gln-timeline\" data-image=\"https:\/\/gln.pt\/wp-content\/uploads\/2013-25-aniversario.jpg\"><div class=\"hex-desc-con\">\n        <div class=\"hex-desc\"> <\/div>\n    <\/div>\n\n    <div class=\"ztm-content\"><h3 class=\"the-heading\">2013<\/h3><div class=\"paragraph\"><p class=\"timeline-titulo\">25-j\u00e4hriges Unternehmensjubil\u00e4um<\/p>\r\n<p>Bereits in Abwesenheit des Gr\u00fcnders, einer Bezugsperson f\u00fcr alle Mitarbeiter, feiert LN mit Stolz auf die Vergangenheit und dem Bewusstsein f\u00fcr zuk\u00fcnftige Herausforderungen das 25-j\u00e4hrige Bestehen des Unternehmens.<\/p><\/div>\n            \n    <\/div>\n\n<\/div><div class=\"ztm-item  cat-slug-gln-timeline\" data-image=\"https:\/\/gln.pt\/wp-content\/uploads\/2014-Gestmin-v2.jpg\"><div class=\"hex-desc-con\">\n        <div class=\"hex-desc\"> <\/div>\n    <\/div>\n\n    <div class=\"ztm-content\"><h3 class=\"the-heading\">2014<\/h3><div class=\"paragraph\"><p class=\"timeline-titulo\">\u00dcbernahme durch die Gestmin-Gruppe<\/p>\r\n<p>Gestmin SGPS erwirbt das gesamte Stammkapital von LN Moldes und LN Pl\u00e1s. Durch die Werte, die Kultur und die geschichtliche Bedeutung der Familie Champalimaud in Bezug auf die portugiesische Industrie gilt die Zukunft von LN als gesichert. Die Strategie des neuen Eigent\u00fcmers gew\u00e4hrleistet die Ausrichtung und Stabilit\u00e4t, die das Unternehmen ben\u00f6tigte, um sein Know-how und Kundenportfolio zu optimieren.<\/p><\/div>\n            \n    <\/div>\n\n<\/div><div class=\"ztm-item  cat-slug-gln-timeline\" data-image=\"https:\/\/gln.pt\/wp-content\/uploads\/2015-GLN-v2.jpg\"><div class=\"hex-desc-con\">\n        <div class=\"hex-desc\"> <\/div>\n    <\/div>\n\n    <div class=\"ztm-content\"><h3 class=\"the-heading\">2015<\/h3><div class=\"paragraph\"><p class=\"timeline-titulo\">Entstehung des neuen Markenzeichens<\/p>\r\n<p>In diesem ersten neuen Jahr von GLN als Teil der Gestmin-Gruppe wurden einige Ver\u00e4nderungen vorgenommen und Projekte gestartet, um eine erfolgreiche Zukunft und gute Ergebnisse f\u00fcr GLN zu gew\u00e4hrleisten. Qualit\u00e4t, die Einhaltung von Fristen und die Innovationen, die unsere Kunden t\u00e4glich von uns erwarten, bereiten den Weg zu Spitzenleistungen. Auf der Basis unserer Strategie und unserer Ausrichtung k\u00f6nnen wir die Zukunft von GLN gew\u00e4hrleisten. Heute vermitteln wir unsere Werte mit einer neuen Marke und Signatur.<\/p><\/div>\n            \n    <\/div>\n\n<\/div><div class=\"ztm-item  cat-slug-gln-timeline\" data-image=\"https:\/\/gln.pt\/wp-content\/uploads\/2016-Mexico.jpg\"><div class=\"hex-desc-con\">\n        <div class=\"hex-desc\"> <\/div>\n    <\/div>\n\n    <div class=\"ztm-content\"><h3 class=\"the-heading\">2016<\/h3><div class=\"paragraph\"><p class=\"timeline-titulo\">Internationalisierung - GLN Mexico<\/p>\r\n<p>GLN ist nun auch mit einem neuen Werk im mexikanischen San Juan del Rio (Quer\u00e9taro) vertreten, in dem die Instandhaltung und Reparatur von Formen erfolgt. Hierzu geh\u00f6rt auch eine Handelsvertretung in Partnerschaft mit dem mexikanischen Unternehmen Compartec, das auf Technologien in Verbindung mit Spritzgussverfahren spezialisiert ist.<\/p><\/div>\n            \n    <\/div>\n\n<\/div><div class=\"ztm-item  cat-slug-gln-timeline\" data-image=\"https:\/\/gln.pt\/wp-content\/uploads\/2016-Famolde.jpg\"><div class=\"hex-desc-con\">\n        <div class=\"hex-desc\"> <\/div>\n    <\/div>\n\n    <div class=\"ztm-content\"><h3 class=\"the-heading\">2016<\/h3><div class=\"paragraph\"><p class=\"timeline-titulo\">\u00dcbernahme des Unternehmens Famolde<\/p>\r\n<p>GLN erwirbt 100 % des Stammkapitals des Herstellers und Vertreibers von Formen FAMOLE in Marinha Grande, das dar\u00fcber hinaus \u00fcber einen KunststoffSpritzguss-Bereich verf\u00fcgt.<\/p><\/div>\n            \n    <\/div>\n\n<\/div><div class=\"ztm-item  cat-slug-gln-timeline\" data-image=\"https:\/\/gln.pt\/wp-content\/uploads\/2017-Nova-linha-delta.jpg\"><div class=\"hex-desc-con\">\n        <div class=\"hex-desc\"> <\/div>\n    <\/div>\n\n    <div class=\"ztm-content\"><h3 class=\"the-heading\">2017<\/h3><div class=\"paragraph\"><p class=\"timeline-titulo\">Neue Delta Fertigungslinie<\/p>\r\n<p>Einweihung der 2. Delta Q Linie im Famolde Werk in Albergaria.<\/p><\/div>\n            \n    <\/div>\n\n<\/div><div class=\"ztm-item  cat-slug-gln-timeline\" data-image=\"https:\/\/gln.pt\/wp-content\/uploads\/2019-grupo-manuel-champalimaud-2.jpg\"><div class=\"hex-desc-con\">\n        <div class=\"hex-desc\"> <\/div>\n    <\/div>\n\n    <div class=\"ztm-content\"><h3 class=\"the-heading\">2019<\/h3><div class=\"paragraph\"><p class=\"timeline-titulo\">Manuel Champalimaud-Gruppe<\/p>\r\n<p>Gestmin nimmt den Namen ihres Gr\u00fcnders an und \u00e4ndert die Unternehmensidentit\u00e4t zu Manuel Champalimaud-Gruppe.<\/p><\/div>\n            \n    <\/div>\n\n<\/div><\/div>\n        \n    <\/div>[\/vc_column_text][\/vc_column][\/vc_row]<\/p>","protected":false},"excerpt":{"rendered":"<p>[vc_row padding_top_multiplier=&#8220;4x&#8220; padding_bottom_multiplier=&#8220;4x&#8220;][vc_column][vc_column_text text_style=&#8220;leader-text&#8220;] Qualit\u00e4t, Einhaltung von Lieferfristen und die von unseren Kunden und Partnern geforderten Innovationen bereiten den Weg zu den Spitzenleistungen, die wir anstreben. Um der Komplexit\u00e4t unserer Arbeit gerecht zu werden und Innovation durch neue L\u00f6sungen zu schaffen, m\u00fcssen wir stetig wachsen, unser Angebot erweitern, h\u00f6here Qualit\u00e4t gew\u00e4hrleisten und in Technologie und [&hellip;]<\/p>\n","protected":false},"author":1,"featured_media":0,"parent":0,"menu_order":0,"comment_status":"closed","ping_status":"closed","template":"","meta":{"footnotes":""},"class_list":["post-14724","page","type-page","status-publish","hentry"],"_links":{"self":[{"href":"https:\/\/gln.pt\/de\/wp-json\/wp\/v2\/pages\/14724","targetHints":{"allow":["GET"]}}],"collection":[{"href":"https:\/\/gln.pt\/de\/wp-json\/wp\/v2\/pages"}],"about":[{"href":"https:\/\/gln.pt\/de\/wp-json\/wp\/v2\/types\/page"}],"author":[{"embeddable":true,"href":"https:\/\/gln.pt\/de\/wp-json\/wp\/v2\/users\/1"}],"replies":[{"embeddable":true,"href":"https:\/\/gln.pt\/de\/wp-json\/wp\/v2\/comments?post=14724"}],"version-history":[{"count":2,"href":"https:\/\/gln.pt\/de\/wp-json\/wp\/v2\/pages\/14724\/revisions"}],"predecessor-version":[{"id":19148,"href":"https:\/\/gln.pt\/de\/wp-json\/wp\/v2\/pages\/14724\/revisions\/19148"}],"wp:attachment":[{"href":"https:\/\/gln.pt\/de\/wp-json\/wp\/v2\/media?parent=14724"}],"curies":[{"name":"wp","href":"https:\/\/api.w.org\/{rel}","templated":true}]}}