{"id":16697,"date":"2018-07-17T12:46:23","date_gmt":"2018-07-17T12:46:23","guid":{"rendered":"http:\/\/dev-glnmolds.younik.pt\/?page_id=16697"},"modified":"2025-11-10T11:50:01","modified_gmt":"2025-11-10T11:50:01","slug":"sistema-de-gestao","status":"publish","type":"page","link":"https:\/\/gln.pt\/de\/sistema-de-gestao\/","title":{"rendered":"Richtlinie des Managementsystems"},"content":{"rendered":"<p><\/p>\n<p>[vc_row padding_top_multiplier=&#8220;4x&#8220; padding_bottom_multiplier=&#8220;4x&#8220;][vc_column]<h2 class=\"grve-element grve-title grve-align-center grve-h2 h2-strong\" style=\"\"><span>Pol\u00edtica do Sistema de Gest\u00e3o Integrado<\/span><\/h2>[vc_column_text text_style=&#8220;leader-text&#8220; css=&#8220;.vc_custom_1762773965931{padding-right: 5% !important;padding-left: 5% !important;}&#8220;]<\/p>\n<p style=\"text-align: center;\"><span data-teams=\"true\">A sa\u00fade e seguran\u00e7a das pessoas, a qualidade dos nossos produtos e processos, o respeito pelo ambiente e a sustentabilidade do planeta, s\u00e3o as prioridades do Grupo GLN.<\/span><\/p>\n<p style=\"text-align: center;\"><span data-teams=\"true\"><br \/>\nA nossa miss\u00e3o \u00e9 Criar Valor sustent\u00e1vel para as gera\u00e7\u00f5es presentes e futuras.<\/span><\/p>\n<p style=\"text-align: center;\"><span data-teams=\"true\">No Grupo GLN estamos conscientes da nossa responsabilidade empresarial e social e como tal, comprometemo-nos a agir de forma integra e justa, em rela\u00e7\u00e3o a todas as partes interessadas, repudiando<br \/>\ntodas as formas de discrimina\u00e7\u00e3o ou abuso. <\/span><\/p>\n<p style=\"text-align: center;\"><span data-teams=\"true\">Esta pol\u00edtica \u00e9 parte integrante da estrat\u00e9gia do Grupo, que assenta<br \/>\nnum trabalho de equipa, atrav\u00e9s do envolvimento dos colaboradores para a defini\u00e7\u00e3o e cumprimento dos objetivos do sistema de gest\u00e3o, e na qual a comiss\u00e3o executiva est\u00e1 empenhada em repercutir em todos os n\u00edveis da organiza\u00e7\u00e3o.<br \/>\n<\/span><\/p>\n<p style=\"text-align: center;\"><span data-teams=\"true\">\u00c9 nosso compromisso:<\/span><\/p>\n<p>[\/vc_column_text]<div class=\"grve-empty-space grve-height-1x\" style=\"\"><\/div><div class=\"grve-empty-space grve-height-1x\" style=\"\"><\/div>[vc_row_inner][vc_column_inner width=&#8220;1\/2&#8243;][vc_column_text text_style=&#8220;leader-text&#8220;]<span data-teams=\"true\">\u2022 Cumprir com todos os Requisitos Legais, normativos (ISO 9001, ISO 14001, IATF 16949), estatut\u00e1rios, regulamentares, Requisitos Espec\u00edficos de Cliente e outros que o Grupo GLN decida subscrever.<br \/>\n\u2022 Satisfazer os nossos clientes, acionistas, colaboradores e demais partes interessadas, garantindo as suas necessidades e gerindo as suas expectativas, atrav\u00e9s de processos e produtos de alta qualidade, seguros e sustent\u00e1veis.<br \/>\n\u2022 Fomentar um ambiente organizacional que proporcione uma comunica\u00e7\u00e3o aberta e transparente, promovendo a partilha de experi\u00eancias, o envolvimento de todos e a igualdade de oportunidades.<br \/>\n\u2022 Consolidar um esp\u00edrito de inova\u00e7\u00e3o e de gera\u00e7\u00e3o de ideias, que garanta o envolvimento dos colaboradores, a implementa\u00e7\u00e3o de iniciativas, desenvolvimento pessoal e a gest\u00e3o do conhecimento com o intuito de<br \/>\nvalorizar o capital humano.<br \/>\n\u2022 Promover uma cultura de &#8222;defeito zero&#8220; aliada \u00e0 melhoria cont\u00ednua do nosso sistema de gest\u00e3o, recorrendo \u00e0s melhores t\u00e9cnicas dispon\u00edveis para a melhoria dos produtos e processos, numa perspetiva de ciclo de<br \/>\nvida .<br \/>\n\u2022 Promover o uso sustent\u00e1vel dos recursos, incentivando para um consumo eficiente de mat\u00e9rias-primas, \u00e1gua e energia, com uso de fontes renov\u00e1veis sempre que poss\u00edvel, com o intuito de melhorar o<br \/>\ndesempenho ambiental.<br \/>\n\u2022 Minimizar o impacto resultante das nossas opera\u00e7\u00f5es no ecossistema, monitorizando, e reduzindo as emiss\u00f5es de gases efeito estufa (GEE}, evitando a desfloresta\u00e7\u00e3o, protegendo o ar, solo e o bem-estar dos animais de acordo com as Normas aplic\u00e1veis e regulamentos internacionais sobre a biodiversidade.<\/span>[\/vc_column_text][\/vc_column_inner][vc_column_inner width=&#8220;1\/2&#8243;][vc_column_text text_style=&#8220;leader-text&#8220;]<span data-teams=\"true\">\u2022 Promover uma gest\u00e3o respons\u00e1vel de subst\u00e2ncias qu\u00edmicas e gest\u00e3o de res\u00edduos, comprometendo-nos com a reciclagem e reutiliza\u00e7\u00e3o sempre que aplic\u00e1vel, atuando com o objetivo da preven\u00e7\u00e3o da polui\u00e7\u00e3o.<br \/>\n\u2022 Consolidar uma cultura de seguran\u00e7a no Grupo GLN, visando &#8222;zero incidentes&#8220;, eliminando o perigo e mitigando os riscos e doen\u00e7as profissionais.<br \/>\n\u2022 Promover a consulta e participa\u00e7\u00e3o de todos os colaboradores nas quest\u00f5es de Seguran\u00e7a.<br \/>\n\u2022 Garantir um ambiente seguro com equipamentos adequados, ergonomia, minimiza\u00e7\u00e3o do ru\u00eddo fazendo uso de prote\u00e7\u00e3o coletiva e individual.<br \/>\n\u2022 Cumprir com os requisitos legais de seguran\u00e7a e sa\u00fade.<br \/>\n\u2022 Informar e formar continuamente os nossos colaboradores sobre a preven\u00e7\u00e3o de inc\u00eandios, respostas de emerg\u00eancias e prote\u00e7\u00e3o contra doen\u00e7as profissionais.<br \/>\n\u2022 Promover uma cultura de gest\u00e3o da seguran\u00e7a da informa\u00e7\u00e3o e cibern\u00e9tica, demonstrando o compromisso do Grupo GLN com a prote\u00e7\u00e3o das informa\u00e7\u00f5es corporativas e demais ativos de informa\u00e7\u00e3o.<\/span>[\/vc_column_text][\/vc_column_inner][\/vc_row_inner]<div class=\"grve-empty-space grve-height-1x\" style=\"\"><\/div>[vc_column_text text_style=&#8220;leader-text&#8220; css=&#8220;.vc_custom_1762774257973{padding-right: 5% !important;padding-left: 5% !important;}&#8220;]<\/p>\n<p style=\"text-align: center;\">Esta pol\u00edtica \u00e9 alcan\u00e7ada por meio do envolvimento individual de cada colaborador e do trabalho em equipa, definindo, revendo, aprovando, implementando e cumprindo os objetivos do sistema de gest\u00e3o.<\/p>\n<p style=\"text-align: center;\"><em>GLN S.A. Comiss\u00e3o Executiva<\/em><\/p>\n<p>[\/vc_column_text][\/vc_column][\/vc_row][vc_row bg_type=&#8220;color&#8220; padding_top_multiplier=&#8220;4x&#8220; padding_bottom_multiplier=&#8220;4x&#8220; bg_color=&#8220;#f3f3f3&#8243;][vc_column]<h2 class=\"grve-element grve-title grve-align-center grve-h2\" style=\"\"><span>Certificates<\/span><\/h2><div class=\"grve-empty-space\" style=\"height: 10px;\"><\/div>[\/vc_column][vc_column][vc_row_inner][vc_column_inner width=&#8220;1\/4&#8243; el_class=&#8220;col-certificado&#8220;]<div class=\"grve-element grve-image grve-align-center\" style=\"\">  <div class=\"grve-image-wrapper\"><img loading=\"lazy\" decoding=\"async\" width=\"1429\" height=\"725\" src=\"https:\/\/gln.pt\/wp-content\/uploads\/TR-Testmark_9000032997_EN_CMYK_without-QR-Code.jpg\" class=\"attachment-full size-full\" alt=\"Richtlinie des Managementsystems\" srcset=\"https:\/\/gln.pt\/wp-content\/uploads\/TR-Testmark_9000032997_EN_CMYK_without-QR-Code.jpg 1429w, https:\/\/gln.pt\/wp-content\/uploads\/TR-Testmark_9000032997_EN_CMYK_without-QR-Code-300x152.jpg 300w, https:\/\/gln.pt\/wp-content\/uploads\/TR-Testmark_9000032997_EN_CMYK_without-QR-Code-1024x520.jpg 1024w, https:\/\/gln.pt\/wp-content\/uploads\/TR-Testmark_9000032997_EN_CMYK_without-QR-Code-768x390.jpg 768w\" sizes=\"auto, (max-width: 1429px) 100vw, 1429px\" title=\"Richtlinie des Managementsystems\" \/>   <\/div><\/div><div class=\"grve-empty-space grve-height-1x\" style=\"\"><\/div><h4 class=\"grve-element grve-title grve-align-left grve-h4 h4-strong-600\" style=\"margin-bottom: 10px;\"><span>ISO 9001:2015<br \/>\nISO 14001:2015<\/span><\/h4>[vc_column_text css=&#8220;.vc_custom_1568887127161{margin-top: 0px !important;}&#8220;]<\/p>\n<h6>Scope of certification<\/h6>\n<p>[\/vc_column_text][vc_column_text text_style=&#8220;leader-text&#8220;]Manufacture of plastic injection, hotstamping and assembly parts.[\/vc_column_text]<div class=\"grve-empty-space\" style=\"height: 10px;\"><\/div><div class=\"grve-element grve-gallery grve-isotope\" style=\"\" data-columns=\"3\" data-columns-large-screen=\"3\" data-columns-tablet-landscape=\"3\" data-columns-tablet-portrait=\"3\" data-columns-mobile=\"2\" data-layout=\"fitRows\">  <div class=\"grve-isotope-container\"><div class=\"grve-isotope-item grve-hover-item grve-hover-style-none\">  <figure class=\"grve-image-hover\">    <div class=\"grve-hover-overlay grve-bg-light grve-opacity-0\"><\/div><div class=\"grve-media\"><img loading=\"lazy\" decoding=\"async\" width=\"170\" height=\"32\" src=\"https:\/\/gln.pt\/wp-content\/uploads\/GLN_empresas-22.png\" class=\"attachment-medium size-medium\" alt=\"Richtlinie des Managementsystems\" title=\"Richtlinie des Managementsystems\" \/><\/div>  <\/figure><\/div>  <\/div><\/div><div class=\"grve-empty-space grve-height-1x\" style=\"\"><\/div>[vc_column_text]<\/p>\n<h6><span style=\"color: #ababab;\">Site Maceira<\/span><\/h6>\n<p>[\/vc_column_text][\/vc_column_inner][vc_column_inner width=&#8220;1\/4&#8243; el_class=&#8220;col-certificado&#8220;]<div class=\"grve-element grve-image grve-align-center\" style=\"\">  <div class=\"grve-image-wrapper\"><img loading=\"lazy\" decoding=\"async\" width=\"1434\" height=\"725\" src=\"https:\/\/gln.pt\/wp-content\/uploads\/TR-Testmark_9000032997_EN_CMYK_without-QR-Code.png\" class=\"attachment-full size-full\" alt=\"IATF 16949:2016 ISO 9001:2015\" srcset=\"https:\/\/gln.pt\/wp-content\/uploads\/TR-Testmark_9000032997_EN_CMYK_without-QR-Code.png 1434w, https:\/\/gln.pt\/wp-content\/uploads\/TR-Testmark_9000032997_EN_CMYK_without-QR-Code-300x152.png 300w, https:\/\/gln.pt\/wp-content\/uploads\/TR-Testmark_9000032997_EN_CMYK_without-QR-Code-1024x518.png 1024w, https:\/\/gln.pt\/wp-content\/uploads\/TR-Testmark_9000032997_EN_CMYK_without-QR-Code-768x388.png 768w\" sizes=\"auto, (max-width: 1434px) 100vw, 1434px\" title=\"Richtlinie des Managementsystems\" \/>   <\/div><\/div><div class=\"grve-empty-space grve-height-1x\" style=\"\"><\/div><h4 class=\"grve-element grve-title grve-align-left grve-h4 h4-strong-600\" style=\"margin-bottom: 10px;\"><span>IATF 16949:2016<br \/>\nISO 9001:2015<\/span><\/h4>[vc_column_text css=&#8220;.vc_custom_1531839858928{margin-top: 0px !important;}&#8220;]<\/p>\n<h6>Scope of certification<\/h6>\n<p>[\/vc_column_text][vc_column_text text_style=&#8220;leader-text&#8220;]Manufacture of plastic injection, hotstamping and assembly parts.[\/vc_column_text]<div class=\"grve-empty-space\" style=\"height: 10px;\"><\/div><div class=\"grve-element grve-gallery grve-isotope\" style=\"\" data-columns=\"3\" data-columns-large-screen=\"3\" data-columns-tablet-landscape=\"3\" data-columns-tablet-portrait=\"3\" data-columns-mobile=\"2\" data-layout=\"fitRows\">  <div class=\"grve-isotope-container\"><div class=\"grve-isotope-item grve-hover-item grve-hover-style-none\">  <figure class=\"grve-image-hover\">    <div class=\"grve-hover-overlay grve-bg-light grve-opacity-0\"><\/div><div class=\"grve-media\"><img loading=\"lazy\" decoding=\"async\" width=\"170\" height=\"32\" src=\"https:\/\/gln.pt\/wp-content\/uploads\/GLN_empresas-22.png\" class=\"attachment-medium size-medium\" alt=\"Richtlinie des Managementsystems\" title=\"Richtlinie des Managementsystems\" \/><\/div>  <\/figure><\/div>  <\/div><\/div><div class=\"grve-empty-space\" style=\"height: 5px;\"><\/div>[\/vc_column_inner][vc_column_inner width=&#8220;1\/4&#8243; el_class=&#8220;col-certificado&#8220;]<div class=\"grve-element grve-image grve-align-center\" style=\"\">  <div class=\"grve-image-wrapper\"><img loading=\"lazy\" decoding=\"async\" width=\"3150\" height=\"1550\" src=\"https:\/\/gln.pt\/wp-content\/uploads\/ISO_9001IQNET_COR.gif\" class=\"attachment-full size-full\" alt=\"Richtlinie des Managementsystems\" title=\"Richtlinie des Managementsystems\" \/>   <\/div><\/div><div class=\"grve-empty-space\" style=\"height: 10px;\"><\/div><div class=\"grve-empty-space\" style=\"height: 10px;\"><\/div><h4 class=\"grve-element grve-title grve-align-left grve-h4 h4-strong-600\" style=\"margin-bottom: 10px;\"><span>ISO 9001:2015<\/span><\/h4><div class=\"grve-empty-space\" style=\"height: 10px;\"><\/div><div class=\"grve-empty-space\" style=\"height: 10px;\"><\/div>[vc_column_text css=&#8220;.vc_custom_1531839858928{margin-top: 0px !important;}&#8220;]<\/p>\n<h6>Scope of certification<\/h6>\n<p>[\/vc_column_text][vc_column_text text_style=&#8220;leader-text&#8220;]Design and manufacture of molds for the plastics industry.[\/vc_column_text]<div class=\"grve-empty-space\" style=\"height: 10px;\"><\/div><div class=\"grve-empty-space\" style=\"height: 10px;\"><\/div><div class=\"grve-element grve-gallery grve-isotope\" style=\"\" data-columns=\"3\" data-columns-large-screen=\"3\" data-columns-tablet-landscape=\"3\" data-columns-tablet-portrait=\"3\" data-columns-mobile=\"2\" data-layout=\"fitRows\">  <div class=\"grve-isotope-container\"><div class=\"grve-isotope-item grve-hover-item grve-hover-style-none\">  <figure class=\"grve-image-hover\">    <div class=\"grve-hover-overlay grve-bg-light grve-opacity-0\"><\/div><div class=\"grve-media\"><img loading=\"lazy\" decoding=\"async\" width=\"170\" height=\"32\" src=\"https:\/\/gln.pt\/wp-content\/uploads\/GLN_empresas-20.png\" class=\"attachment-medium size-medium\" alt=\"Richtlinie des Managementsystems\" title=\"Richtlinie des Managementsystems\" \/><\/div>  <\/figure><\/div><div class=\"grve-isotope-item grve-hover-item grve-hover-style-none\">  <figure class=\"grve-image-hover\">    <div class=\"grve-hover-overlay grve-bg-light grve-opacity-0\"><\/div><div class=\"grve-media\"><img loading=\"lazy\" decoding=\"async\" width=\"170\" height=\"32\" src=\"https:\/\/gln.pt\/wp-content\/uploads\/GLN_empresas-21.png\" class=\"attachment-medium size-medium\" alt=\"Richtlinie des Managementsystems\" title=\"Richtlinie des Managementsystems\" \/><\/div>  <\/figure><\/div>  <\/div><\/div>[\/vc_column_inner][\/vc_row_inner][vc_row_inner][vc_column_inner width=&#8220;1\/4&#8243; el_class=&#8220;col-certificado&#8220;]<div class=\"grve-element grve-image grve-align-center\" style=\"\">  <div class=\"grve-image-wrapper\"><img loading=\"lazy\" decoding=\"async\" width=\"698\" height=\"357\" src=\"https:\/\/gln.pt\/wp-content\/uploads\/Certificado_apcer_iso_14001_e_IQNET-removebg-preview.png\" class=\"attachment-full size-full\" alt=\"Richtlinie des Managementsystems\" srcset=\"https:\/\/gln.pt\/wp-content\/uploads\/Certificado_apcer_iso_14001_e_IQNET-removebg-preview.png 698w, https:\/\/gln.pt\/wp-content\/uploads\/Certificado_apcer_iso_14001_e_IQNET-removebg-preview-300x153.png 300w\" sizes=\"auto, (max-width: 698px) 100vw, 698px\" title=\"Richtlinie des Managementsystems\" \/>   <\/div><\/div><h4 class=\"grve-element grve-title grve-align-left grve-h4 h4-strong-600\" style=\"margin-bottom: 10px;\"><span>ISO14001:2015<\/span><\/h4>[vc_column_text css=&#8220;.vc_custom_1531839858928{margin-top: 0px !important;}&#8220;]<\/p>\n<h6>Scope of certification<\/h6>\n<p>[\/vc_column_text][vc_column_text text_style=&#8220;leader-text&#8220;]Environmental management System.<br \/>\nDesign and manufacture of molds for the plastics industry.[\/vc_column_text]<div class=\"grve-empty-space\" style=\"height: 10px;\"><\/div><div class=\"grve-element grve-gallery grve-isotope\" style=\"\" data-columns=\"3\" data-columns-large-screen=\"3\" data-columns-tablet-landscape=\"3\" data-columns-tablet-portrait=\"3\" data-columns-mobile=\"2\" data-layout=\"fitRows\">  <div class=\"grve-isotope-container\"><div class=\"grve-isotope-item grve-hover-item grve-hover-style-none\">  <figure class=\"grve-image-hover\">    <div class=\"grve-hover-overlay grve-bg-light grve-opacity-0\"><\/div><div class=\"grve-media\"><img loading=\"lazy\" decoding=\"async\" width=\"170\" height=\"32\" src=\"https:\/\/gln.pt\/wp-content\/uploads\/GLN_empresas-20.png\" class=\"attachment-medium size-medium\" alt=\"Richtlinie des Managementsystems\" title=\"Richtlinie des Managementsystems\" \/><\/div>  <\/figure><\/div>  <\/div><\/div>[\/vc_column_inner][vc_column_inner width=&#8220;1\/4&#8243; el_class=&#8220;col-certificado&#8220;]<div class=\"grve-element grve-image grve-align-center\" style=\"\">  <div class=\"grve-image-wrapper\"><img loading=\"lazy\" decoding=\"async\" width=\"480\" height=\"270\" src=\"https:\/\/gln.pt\/wp-content\/uploads\/ISO-9001.png\" class=\"attachment-full size-full\" alt=\"Richtlinie des Managementsystems\" srcset=\"https:\/\/gln.pt\/wp-content\/uploads\/ISO-9001.png 480w, https:\/\/gln.pt\/wp-content\/uploads\/ISO-9001-300x169.png 300w\" sizes=\"auto, (max-width: 480px) 100vw, 480px\" title=\"Richtlinie des Managementsystems\" \/>   <\/div><\/div><h4 class=\"grve-element grve-title grve-align-left grve-h4 h4-strong-600\" style=\"margin-bottom: 10px;\"><span>ISO 9001:2015<\/span><\/h4>[vc_column_text css=&#8220;.vc_custom_1531839858928{margin-top: 0px !important;}&#8220;]<\/p>\n<h6>Scope of certification<\/h6>\n<p>[\/vc_column_text][vc_column_text text_style=&#8220;leader-text&#8220;]Production of injected plastic parts, maintenance and manufacture of molds for the plastic industry.[\/vc_column_text]<div class=\"grve-empty-space\" style=\"height: 10px;\"><\/div><div class=\"grve-element grve-gallery grve-isotope\" style=\"\" data-columns=\"3\" data-columns-large-screen=\"3\" data-columns-tablet-landscape=\"3\" data-columns-tablet-portrait=\"3\" data-columns-mobile=\"2\" data-layout=\"fitRows\">  <div class=\"grve-isotope-container\"><div class=\"grve-isotope-item grve-hover-item grve-hover-style-none\">  <figure class=\"grve-image-hover\">    <div class=\"grve-hover-overlay grve-bg-light grve-opacity-0\"><\/div><div class=\"grve-media\"><img loading=\"lazy\" decoding=\"async\" width=\"170\" height=\"32\" src=\"https:\/\/gln.pt\/wp-content\/uploads\/GLN_empresas-23.png\" class=\"attachment-medium size-medium\" alt=\"Richtlinie des Managementsystems\" title=\"Richtlinie des Managementsystems\" \/><\/div>  <\/figure><\/div>  <\/div><\/div>[\/vc_column_inner][vc_column_inner width=&#8220;1\/4&#8243; el_class=&#8220;col-certificado&#8220;]<div class=\"grve-element grve-image grve-align-center\" style=\"\">  <div class=\"grve-image-wrapper\"><img loading=\"lazy\" decoding=\"async\" width=\"480\" height=\"270\" src=\"https:\/\/gln.pt\/wp-content\/uploads\/tuv.png\" class=\"attachment-full size-full\" alt=\"Richtlinie des Managementsystems\" srcset=\"https:\/\/gln.pt\/wp-content\/uploads\/tuv.png 480w, https:\/\/gln.pt\/wp-content\/uploads\/tuv-300x169.png 300w\" sizes=\"auto, (max-width: 480px) 100vw, 480px\" title=\"Richtlinie des Managementsystems\" \/>   <\/div><\/div><h4 class=\"grve-element grve-title grve-align-left grve-h4 h4-strong-600\" style=\"margin-bottom: 10px;\"><span>IATF 16949:2016<\/span><\/h4>[vc_column_text css=&#8220;.vc_custom_1531839858928{margin-top: 0px !important;}&#8220;]<\/p>\n<h6>Scope of certification<\/h6>\n<p>[\/vc_column_text][vc_column_text text_style=&#8220;leader-text&#8220;]Injection of high precision plastic parts.[\/vc_column_text]<div class=\"grve-empty-space\" style=\"height: 10px;\"><\/div><div class=\"grve-element grve-gallery grve-isotope\" style=\"\" data-columns=\"3\" data-columns-large-screen=\"3\" data-columns-tablet-landscape=\"3\" data-columns-tablet-portrait=\"3\" data-columns-mobile=\"2\" data-layout=\"fitRows\">  <div class=\"grve-isotope-container\"><div class=\"grve-isotope-item grve-hover-item grve-hover-style-none\">  <figure class=\"grve-image-hover\">    <div class=\"grve-hover-overlay grve-bg-light grve-opacity-0\"><\/div><div class=\"grve-media\"><img loading=\"lazy\" decoding=\"async\" width=\"170\" height=\"32\" src=\"https:\/\/gln.pt\/wp-content\/uploads\/GLN_empresas-23.png\" class=\"attachment-medium size-medium\" alt=\"Richtlinie des Managementsystems\" title=\"Richtlinie des Managementsystems\" \/><\/div>  <\/figure><\/div>  <\/div><\/div>[\/vc_column_inner][vc_column_inner width=&#8220;1\/4&#8243; el_class=&#8220;col-certificado&#8220;]<div class=\"grve-element grve-image grve-align-center\" style=\"margin-bottom: 10px;\">  <div class=\"grve-image-wrapper\"><img loading=\"lazy\" decoding=\"async\" width=\"480\" height=\"270\" src=\"https:\/\/gln.pt\/wp-content\/uploads\/GLNMEXICO_ISO-14001_SEM-FUNDO-1.png\" class=\"attachment-full size-full\" alt=\"Richtlinie des Managementsystems\" srcset=\"https:\/\/gln.pt\/wp-content\/uploads\/GLNMEXICO_ISO-14001_SEM-FUNDO-1.png 480w, https:\/\/gln.pt\/wp-content\/uploads\/GLNMEXICO_ISO-14001_SEM-FUNDO-1-300x169.png 300w\" sizes=\"auto, (max-width: 480px) 100vw, 480px\" title=\"Richtlinie des Managementsystems\" \/>   <\/div><\/div><h4 class=\"grve-element grve-title grve-align-left grve-h4 h4-strong-600\" style=\"margin-bottom: 10px;\"><span>ISO 14001:2015<\/span><\/h4>[vc_column_text css=&#8220;.vc_custom_1531839858928{margin-top: 0px !important;}&#8220;]<\/p>\n<h6>Scope of certification<\/h6>\n<p>[\/vc_column_text][vc_column_text text_style=&#8220;leader-text&#8220;]Production of plastic parts by injection, manufacture and maintenance of molds for the plastic industry.[\/vc_column_text]<div class=\"grve-empty-space\" style=\"height: 10px;\"><\/div><div class=\"grve-element grve-gallery grve-isotope\" style=\"\" data-columns=\"3\" data-columns-large-screen=\"3\" data-columns-tablet-landscape=\"3\" data-columns-tablet-portrait=\"3\" data-columns-mobile=\"2\" data-layout=\"fitRows\">  <div class=\"grve-isotope-container\"><div class=\"grve-isotope-item grve-hover-item grve-hover-style-none\">  <figure class=\"grve-image-hover\">    <div class=\"grve-hover-overlay grve-bg-light grve-opacity-0\"><\/div><div class=\"grve-media\"><img loading=\"lazy\" decoding=\"async\" width=\"170\" height=\"32\" src=\"https:\/\/gln.pt\/wp-content\/uploads\/GLN_empresas-23.png\" class=\"attachment-medium size-medium\" alt=\"Richtlinie des Managementsystems\" title=\"Richtlinie des Managementsystems\" \/><\/div>  <\/figure><\/div>  <\/div><\/div>[\/vc_column_inner][\/vc_row_inner][\/vc_column][vc_column el_class=&#8220;hide-element&#8220;]<div class=\"grve-empty-space grve-height-2x\" style=\"\"><\/div><h3 class=\"grve-element grve-title grve-align-center grve-h4 grve-increase-heading grve-heading-140\" style=\"\"><span>&#8211; Em Implementa\u00e7\u00e3o &#8211;<\/span><\/h3><div class=\"grve-empty-space\" style=\"height: 10px;\"><\/div>[vc_row_inner][vc_column_inner width=&#8220;1\/4&#8243; el_class=&#8220;col-certificado&#8220;]<div class=\"grve-element grve-image grve-grayscale-image cert-em-impl grve-align-center\" style=\"\">  <div class=\"grve-image-wrapper\"><img loading=\"lazy\" decoding=\"async\" width=\"480\" height=\"270\" src=\"https:\/\/gln.pt\/wp-content\/uploads\/ISO-16949.png\" class=\"attachment-full size-full\" alt=\"Richtlinie des Managementsystems\" srcset=\"https:\/\/gln.pt\/wp-content\/uploads\/ISO-16949.png 480w, https:\/\/gln.pt\/wp-content\/uploads\/ISO-16949-300x169.png 300w\" sizes=\"auto, (max-width: 480px) 100vw, 480px\" title=\"Richtlinie des Managementsystems\" \/>   <\/div><\/div><h4 class=\"grve-element grve-title grve-align-left grve-h4 h4-strong-600\" style=\"margin-bottom: 10px;\"><span>IATF 16949:2016<\/span><\/h4>[vc_column_text css=&#8220;.vc_custom_1531839858928{margin-top: 0px !important;}&#8220;]<\/p>\n<h6>Scope of certification<\/h6>\n<p>[\/vc_column_text][vc_column_text text_style=&#8220;leader-text&#8220;]Em fase de implementa\u00e7\u00e3o dos requisitos da norma IATF 16949:2016 em inje\u00e7\u00e3o de pe\u00e7as pl\u00e1sticas de alta precis\u00e3o.[\/vc_column_text]<div class=\"grve-empty-space\" style=\"height: 10px;\"><\/div><div class=\"grve-element grve-gallery grve-isotope\" style=\"\" data-columns=\"3\" data-columns-large-screen=\"3\" data-columns-tablet-landscape=\"3\" data-columns-tablet-portrait=\"3\" data-columns-mobile=\"2\" data-layout=\"fitRows\">  <div class=\"grve-isotope-container\"><div class=\"grve-isotope-item grve-hover-item grve-hover-style-none\">  <figure class=\"grve-image-hover\">    <div class=\"grve-hover-overlay grve-bg-light grve-opacity-0\"><\/div><div class=\"grve-media\"><img loading=\"lazy\" decoding=\"async\" width=\"170\" height=\"32\" src=\"https:\/\/gln.pt\/wp-content\/uploads\/GLN_empresas-23.png\" class=\"attachment-medium size-medium\" alt=\"Richtlinie des Managementsystems\" title=\"Richtlinie des Managementsystems\" \/><\/div>  <\/figure><\/div>  <\/div><\/div>[\/vc_column_inner][vc_column_inner width=&#8220;1\/4&#8243; el_class=&#8220;col-certificado&#8220;][\/vc_column_inner][vc_column_inner width=&#8220;1\/4&#8243; el_class=&#8220;col-certificado&#8220;][\/vc_column_inner][vc_column_inner width=&#8220;1\/4&#8243; el_class=&#8220;col-certificado&#8220;][\/vc_column_inner][\/vc_row_inner][\/vc_column][\/vc_row]<\/p>\n<p><\/p>","protected":false},"excerpt":{"rendered":"<p>[vc_row padding_top_multiplier=&#8220;4x&#8220; padding_bottom_multiplier=&#8220;4x&#8220;][vc_column][vc_column_text text_style=&#8220;leader-text&#8220; css=&#8220;.vc_custom_1762773965931{padding-right: 5% !important;padding-left: 5% !important;}&#8220;] A sa\u00fade e seguran\u00e7a das pessoas, a qualidade dos nossos produtos e processos, o respeito pelo ambiente e a sustentabilidade do planeta, s\u00e3o as prioridades do Grupo GLN. A nossa miss\u00e3o \u00e9 Criar Valor sustent\u00e1vel para as gera\u00e7\u00f5es presentes e futuras. No Grupo GLN estamos conscientes [&hellip;]<\/p>\n","protected":false},"author":1,"featured_media":0,"parent":0,"menu_order":0,"comment_status":"closed","ping_status":"closed","template":"","meta":{"footnotes":""},"class_list":["post-16697","page","type-page","status-publish","hentry"],"_links":{"self":[{"href":"https:\/\/gln.pt\/de\/wp-json\/wp\/v2\/pages\/16697","targetHints":{"allow":["GET"]}}],"collection":[{"href":"https:\/\/gln.pt\/de\/wp-json\/wp\/v2\/pages"}],"about":[{"href":"https:\/\/gln.pt\/de\/wp-json\/wp\/v2\/types\/page"}],"author":[{"embeddable":true,"href":"https:\/\/gln.pt\/de\/wp-json\/wp\/v2\/users\/1"}],"replies":[{"embeddable":true,"href":"https:\/\/gln.pt\/de\/wp-json\/wp\/v2\/comments?post=16697"}],"version-history":[{"count":5,"href":"https:\/\/gln.pt\/de\/wp-json\/wp\/v2\/pages\/16697\/revisions"}],"predecessor-version":[{"id":19289,"href":"https:\/\/gln.pt\/de\/wp-json\/wp\/v2\/pages\/16697\/revisions\/19289"}],"wp:attachment":[{"href":"https:\/\/gln.pt\/de\/wp-json\/wp\/v2\/media?parent=16697"}],"curies":[{"name":"wp","href":"https:\/\/api.w.org\/{rel}","templated":true}]}}