{"id":17411,"date":"2019-08-12T13:47:25","date_gmt":"2019-08-12T13:47:25","guid":{"rendered":"http:\/\/dev-gln.younik.pt\/?page_id=17411"},"modified":"2019-11-28T14:06:32","modified_gmt":"2019-11-28T14:06:32","slug":"politica-de-privacidade-e-de-cookies","status":"publish","type":"page","link":"https:\/\/gln.pt\/de\/politica-de-privacidade-e-de-cookies\/","title":{"rendered":"Privacy and Cookies Policy"},"content":{"rendered":"<p>[vc_row padding_top_multiplier=&#8220;4x&#8220; padding_bottom_multiplier=&#8220;4x&#8220;][vc_column]<h2 class=\"grve-element grve-title grve-align-center grve-h2 h2-strong\" style=\"\"><span>Privacy and Cookies Policy<\/span><\/h2><div class=\"grve-empty-space grve-height-2x\" style=\"\"><\/div>[vc_column_text text_style=&#8220;leader-text&#8220;]<span style=\"font-weight: 400;\">GLN \u2013 Engineering, Molding and Plastics, S.A. is committed to protect the safety and privacy of those who access its website <\/span><a href=\"https:\/\/www.gln.pt\/\"><span style=\"font-weight: 400;\">https:\/\/www.gln.pt\/<\/span><\/a><span style=\"font-weight: 400;\"> (hereinafter \u201c<\/span><b>Website<\/b><span style=\"font-weight: 400;\">\u201d). Therefore, GLN \u2013 Engineering, Molding and Plastics, S.A. has created this Privacy and Cookies Policy (hereinafter \u201c<\/span><b>Policy<\/b><span style=\"font-weight: 400;\">\u201d) to assert its engagement and respect towards the rules of privacy and personal data protection.<\/span><\/p>\n<p><span style=\"font-weight: 400;\">This Policy governs the processing of personal data of users of the Website (hereinafter \u201cUser\u201d or \u201cUsers\u201d) which may be gathered by GLN \u2013 Engineering, Molding and Plastics, S.A. in the context of the use of the Website.<\/span><\/p>\n<p><span style=\"font-weight: 400;\">The provision of personal data implies knowledge of this Policy, which is complemented by the <a href=\"\/termos-de-utilizacao\/\">Terms of Use<\/a>.<\/span><\/p>\n<p>&nbsp;<\/p>\n<h4><strong>WHO WE ARE<\/strong><\/h4>\n<p><span style=\"font-weight: 400;\">All references to \u201cGLN\u201d, \u201cGLN, S.A.\u201d, \u201cwe\u201d or \u201cour\u201d shall mean the corporation GLN \u2013 Engineering, Molding and Plastics, S.A. (a Portuguese company, with head office at Estrada Nacional 356-1, Charneca do Arnal, Maceira, Leiria, tax payer number 510 932\u00a0860) or other GLN Group Companies that determines the purposes and means of the processing of personal data, as described below, identified as controller in accordance with the General Data Protection Regulation and other applicable legislation on personal data protection.<\/span><\/p>\n<p>&nbsp;<\/p>\n<h4><strong>COLLECTION AND PROCESSING OF PERSONAL DATA<\/strong><\/h4>\n<p><span style=\"font-weight: 400;\">To date, access and use of this Website do not necessarily require Users to provide personal data. Nevertheless, the use of the following features implies the disclosure of personal data:\u00a0<\/span><\/p>\n<ul>\n<li><b>contact form<br \/>\n<\/b>The data collected in the Contact Form, available at <a href=\"https:\/\/gln.pt\/contacts\/\">gln.pt\/contacts\/<\/a>, shall be processed by GLN, as data controller, in a confidential manner, and used exclusively for the purpose of providing any required information. Any personal data collected shall be only stored for the period which is necessary to provide such information.<\/li>\n<li><b>application forms<br \/>\n<\/b>The data collected in the Application Forms, available at <a href=\"https:\/\/gln.pt\/oportunidades-gln\/\">gln.pt\/oportunidades-gln\/<\/a> e <a href=\"https:\/\/gln.pt\/oportunidades-estagio\/\">Praktikumsm\u00f6glichkeiten<\/a>, shall be processed by GLN, as data controller, in a confidential manner, and used exclusively for the required purposes within the context of recruitment and selection processes.<br \/>\nIf the application is spontaneous and GLN does not have any ongoing recruitment process by the time of completion of the form, the data collected will only be stored in GLN\u2019s database &#8211; except when otherwise is requested by the User. Should a recruitment process arise where the User profile may be considered, GLN may process the data collected for the purposes of such recruitment process.<br \/>\nShould the data subject be hired, the data collected in this process shall be used for human resources management purposes, in order to ensure compliance with any legal obligations and to provide employees with the necessary means to pursue their professional activity.<br \/>\nFor recruitment purposes, the personal data is subject to a 5 year retention period as of collection date. Nevertheless, whenever there is no legally required retention period, the data shall only be stored for the period necessary to fulfill the purposes that have determined its collection, as identified above.<\/li>\n<\/ul>\n<h4><\/h4>\n<h4><strong>USER\u2019S RIGHTS<\/strong><\/h4>\n<p><span style=\"font-weight: 400;\">Pursuant to applicable law, Users may request, at all times, access to their personal data as well as that such personal data is rectified or erased, that its processing is restricted or its portability \u2013 under the conditions provided for by law -, by means of a written request to GLN via email address (<a href=\"mailto:geral@gln.pt\">geral@gln.pt<\/a>).<\/span><\/p>\n<p><span style=\"font-weight: 400;\">Users can also request confirmation of the personal data processed in their regard, and a copy of data being processed shall be made available, upon request.\u00a0<\/span><\/p>\n<p><span style=\"font-weight: 400;\">Pursuant to the law, Users have the right to withdraw their consent for the processing of their personal data for the abovementioned purposes through the means referred to above, but this does not, however, render invalid the processing of their personal data up until such withdrawal.\u00a0<\/span><\/p>\n<p><span style=\"font-weight: 400;\">In order to exercise any of the rights mentioned above, Users should submit a written request to the following contacts:\u00a0<\/span><\/p>\n<p><span style=\"font-weight: 400;\">E-mail: <a href=\"mailto:geral@gln.pt\">geral@gln.pt<\/a>;<\/span><\/p>\n<p><span style=\"font-weight: 400;\">Address: Estrada Nacional 356-1, Charneca do Arnal, Maceira, Leiria, Portugal.<\/span><\/p>\n<p>&nbsp;<\/p>\n<h4><strong>PERSONAL DATA STORAGE<\/strong><\/h4>\n<p><span style=\"font-weight: 400;\">Users\u2019 personal data shall only be stored for the period necessary to accomplish the purposes for which the relevant personal data was collected, unless the controller is obliged under the law to store the personal data for a different period\u00a0<\/span><\/p>\n<p>&nbsp;<\/p>\n<h4><strong>WHEN IS DATA TRANSFERRED TO OTHER ENTITIES?<\/strong><\/h4>\n<p><span style=\"font-weight: 400;\">GLN may transfer Users\u2019 personal data in the following cases:<\/span><\/p>\n<ol>\n<li style=\"font-weight: 400;\"><span style=\"font-weight: 400;\">When relying on other entities for the provision of certain services, to the extent that such provision of services may imply access by these entities to Users\u2019 personal data. As such, any of GLN subcontracted entities will process Users\u2019 personal data, in the name and on behalf of GLN, under the strict obligation to observe its instructions and in accordance with the terms of the respective subcontracting agreement;<\/span><\/li>\n<li style=\"font-weight: 400;\"><span style=\"font-weight: 400;\">To any company in which GLN holds (directly or indirectly) any participation in the share capital (hereinafter \u201cGLN Group Companies\u201d), for the previously defined purposes;<\/span><\/li>\n<li style=\"font-weight: 400;\"><span style=\"font-weight: 400;\">To entities with which GLN or GLN Group Companies have established agreements or commercial partnerships, for the previously defined purposes;<\/span><\/li>\n<li style=\"font-weight: 400;\"><span style=\"font-weight: 400;\">To any third entities, in cases where GLN considers that such transfer is necessary or appropriate (i) under the applicable law, (ii) to ensure compliance of legal obligations\/judicial orders, (iii) in line with decisions of the relevant supervisory authorities or (iv) to respond to requests issued by public or governmental authorities.<\/span><\/li>\n<\/ol>\n<p><span style=\"font-weight: 400;\">In any of these situations, GLN will take all appropriate measures to ensure the effective protection of the disclosed personal data.<\/span><\/p>\n<p>&nbsp;<\/p>\n<h4><strong>SECURITY\u00a0<\/strong><\/h4>\n<p><span style=\"font-weight: 400;\">GLN makes its best endeavors to protect Users\u2019 personal data from unauthorized access. Security systems, rules and other procedures have been implemented, in order to ensure the protection of personal data, as well as to prevent unauthorized access to, improper use of, disclosure, loss or destruction thereof.\u00a0<\/span><\/p>\n<p><span style=\"font-weight: 400;\">It is, however, User\u2019s responsibility to guarantee and ensure that the equipment used to access the Website is appropriately protected against damaging software, viruses and worms.<\/span><\/p>\n<p>&nbsp;<\/p>\n<h4><strong>COOKIES<\/strong><\/h4>\n<p><span style=\"font-weight: 400;\">Cookies are small text files that identify each User\u2019s computer on the GLN server. Cookies in themselves do not identify the individual user, only the computer used.<\/span><\/p>\n<p><span style=\"font-weight: 400;\">This Website uses cookies which help determine the use, interest and number of accesses to the Website, and allow for faster and more efficient browsing of the website but removing the need to repeatedly introduce the same information. GLN is therefore able to provide Users with a more customized and tailored service.<\/span><\/p>\n<p><span style=\"font-weight: 400;\">The cookies used by this Website are the following<\/span><span style=\"font-weight: 400;\">:<\/span><\/p>\n<p>&nbsp;<\/p>\n<table width=\"100%\">\n<tbody>\n<tr>\n<td style=\"text-align: left;\" width=\"150\"><span style=\"color: #575757;\"><strong>Name<\/strong><\/span><\/td>\n<td style=\"text-align: left;\" width=\"244\"><b>Purpose<\/b><\/td>\n<td style=\"text-align: left;\" width=\"76\"><b>Duration<\/b><\/td>\n<td style=\"text-align: left;\" width=\"133\"><b>GLN\u2019s Cookies\/Third-Parties\u2019 Cookies<\/b><\/td>\n<\/tr>\n<tr>\n<td style=\"text-align: left;\" width=\"150\"><strong>grve-privacy-consent<\/strong><\/td>\n<td style=\"text-align: left;\" width=\"244\"><span style=\"font-weight: 400;\">Cookie used to verify if the User has agreed to the use of cookies on this website<\/span><\/td>\n<td style=\"text-align: left;\" width=\"76\">1 month<\/td>\n<td style=\"text-align: left;\" width=\"133\"><span style=\"font-weight: 400;\">GLN Cookies<\/span><\/td>\n<\/tr>\n<tr>\n<td style=\"text-align: left;\" width=\"150\"><strong>SERVERID33516<\/strong><\/td>\n<td style=\"text-align: left;\" width=\"244\"><span style=\"font-weight: 400;\">Cookie used to store the setting informations that may change the appearance of the website<\/span><\/td>\n<td style=\"text-align: left;\" width=\"76\"><span style=\"font-weight: 400;\">Session<\/span><\/td>\n<td style=\"text-align: left;\" width=\"133\">GLN Cookies<\/td>\n<\/tr>\n<tr>\n<td style=\"text-align: left;\" width=\"150\"><strong>qtrans_front_language<\/strong><\/td>\n<td style=\"text-align: left;\" width=\"244\"><span style=\"font-weight: 400;\">Cookie used to make the website available in the chosen language<\/span><\/td>\n<td style=\"text-align: left;\" width=\"76\"><span style=\"font-weight: 400;\">1 Year<\/span><\/td>\n<td style=\"text-align: left;\" width=\"133\">GLN Cookies<\/td>\n<\/tr>\n<tr>\n<td style=\"text-align: left;\" width=\"150\"><strong>resolution<\/strong><\/td>\n<td style=\"text-align: left;\" width=\"244\"><span style=\"font-weight: 400;\">Cookie used to store the device resolution for a better performance (eg appearance)<\/span><\/td>\n<td style=\"text-align: left;\" width=\"76\"><span style=\"font-weight: 400;\">Session<\/span><\/td>\n<td style=\"text-align: left;\" width=\"133\">GLN Cookies<\/td>\n<\/tr>\n<tr>\n<td style=\"text-align: left;\" width=\"150\"><strong>wordpress_test_cookie<\/strong><\/td>\n<td style=\"text-align: left;\" width=\"244\"><span style=\"font-weight: 400;\">Cookie used to check if the browser stores cookies<\/span><\/td>\n<td style=\"text-align: left;\" width=\"76\"><span style=\"font-weight: 400;\">Session<\/span><\/td>\n<td style=\"text-align: left;\" width=\"133\">GLN Cookies<\/td>\n<\/tr>\n<tr>\n<td style=\"text-align: left;\" width=\"150\"><strong>_ga \/ _gid<\/strong><\/td>\n<td style=\"text-align: left;\" width=\"244\"><span style=\"font-weight: 400;\">Registration of one single ID to create website\u2019s statistical data<\/span><\/td>\n<td style=\"text-align: left;\" width=\"76\"><span style=\"font-weight: 400;\">2 Years\/ Session (respectively)<\/span><\/td>\n<td style=\"text-align: left;\" width=\"133\">Google (Analytics)<\/td>\n<\/tr>\n<tr>\n<td style=\"text-align: left;\" width=\"150\"><strong>_gat<\/strong><\/td>\n<td style=\"text-align: left;\" width=\"244\"><span style=\"font-weight: 400;\">Cookie used to control the frequency of requests<\/span><\/td>\n<td style=\"text-align: left;\" width=\"76\">Session<\/td>\n<td style=\"text-align: left;\" width=\"133\">Google (Analytics)<\/td>\n<\/tr>\n<\/tbody>\n<\/table>\n<p><span style=\"font-weight: 400;\">All <\/span>browsers allow Users to accept, refuse or delete cookies, namely through the selection of appropriate settings in each browser. Users can set up cookies in the \u201coptions\u201d or \u201csettings\u201d menu of their browser. To know more about cookies, including about how cookies have been created, how to manage and delete them, Users can go to <a href=\"http:\/\/www.allaboutcookies.org\">www.allaboutcookies.org<\/a> , which contains information on how to manage user settings on various browsers.<\/p>\n<p><span style=\"font-weight: 400;\">What browser am I using? <\/span><span style=\"font-weight: 400;\">To check this, open your web browser and select \u201cHelp\u201d on the upper part of the browser window. Next select \u201cAbout\u2026\u201d A window with information on your browser should pop up. <\/span><\/p>\n<p><span style=\"font-weight: 400;\">Please note, however, that if a User disables cookies this may globally or partially impact their browsing of the Website. <\/span><\/p>\n<p>&nbsp;<\/p>\n<p><strong>LINKS TO THIRD PARTY WEBSITES<\/strong><\/p>\n<p><span style=\"font-weight: 400;\">The links contained in this Website may lead to third parties\u2019 websites. GLN shall not be liable for, approves or in any way supports or endorses the content of such websites or the websites connected to or mentioned in such websites.<\/span><\/p>\n<p><span style=\"font-weight: 400;\">GLN shall not be liable for any damages caused by any virus affecting a User\u2019s computer or network, or any other assets, as a result of accessing the GLN website with the transfer of data from the Website to the User\u2019s data or\u00a0network.\u00a0<\/span><\/p>\n<p><span style=\"font-weight: 400;\">This privacy statement is applicable only to information collected by the GLN Website. Therefore, if the User wants to know how his\/her data may be processed in the context of any other website he\/she has accessed through this Website, the User should consult the respective privacy policies.<\/span><\/p>\n<p>&nbsp;<\/p>\n<h4><strong>COMPLAINTS<\/strong><\/h4>\n<p><span style=\"font-weight: 400;\">Without prejudice to any other administrative or judicial means, Users have the right to file a complaint with the Portuguese Data Protection Authority (<\/span><i><span style=\"font-weight: 400;\">Comiss\u00e3o Nacional de Protec\u00e7\u00e3o de Dados<\/span><\/i><span style=\"font-weight: 400;\">) or any other competent supervisory authority in accordance with the law, should they believe that their personal data processing by GLN breaches the legal framework in force at any given time.<\/span><\/p>\n<h4><\/h4>\n<h4><strong>QUERIES AND SUGGESTIONS<\/strong><\/h4>\n<p><span style=\"font-weight: 400;\">Users can contact GLN in relation to any queries regarding the processing of their personal data and the exercise of their rights under applicable legislation and, in particular, those mentioned in this Policy, through the following contacts:<\/span><\/p>\n<p><span style=\"font-weight: 400;\">Telephone: (+351) 244 770\u00a0160;<\/span><\/p>\n<p><span style=\"font-weight: 400;\">E-mail: <\/span><a href=\"mailto:geral@gln.pt\"><span style=\"font-weight: 400;\">geral@gln.pt<\/span><\/a><span style=\"font-weight: 400;\">;\u00a0<\/span><\/p>\n<p><span style=\"font-weight: 400;\">Address: Estrada Nacional 356-1, Charneca do Arnal, Maceira, Leiria, Portugal.<\/span><\/p>\n<h4><\/h4>\n<h4><strong>CHANGES TO THE PRIVACY AND COOKIES POLICY\u00a0<\/strong><\/h4>\n<p><span style=\"font-weight: 400;\">GLN reserves the right to, at any time, change the current terms of the processing of personal data. Such amendments shall be duly disclosed on this Website.<\/span><\/p>\n<p><span style=\"font-weight: 400;\">However, whenever relevant amendments or amendments regarding cookies are made, a pop-up window will appear so that, according to the cookie in question, Users may access the information and\/or consent to its use and storage.<\/span><\/p>\n<p>&nbsp;<\/p>\n<p style=\"text-align: right;\"><span style=\"font-weight: 400;\">Last updated on<\/span>: August 12, 2019<\/p>\n<p>[\/vc_column_text][\/vc_column][\/vc_row]<\/p>","protected":false},"excerpt":{"rendered":"<p>[vc_row padding_top_multiplier=&#8220;4x&#8220; padding_bottom_multiplier=&#8220;4x&#8220;][vc_column][vc_column_text text_style=&#8220;leader-text&#8220;]GLN \u2013 Engineering, Molding and Plastics, S.A. is committed to protect the safety and privacy of those who access its website https:\/\/www.gln.pt\/ (hereinafter \u201cWebsite\u201d). Therefore, GLN \u2013 Engineering, Molding and Plastics, S.A. has created this Privacy and Cookies Policy (hereinafter \u201cPolicy\u201d) to assert its engagement and respect towards the rules of privacy [&hellip;]<\/p>\n","protected":false},"author":1,"featured_media":0,"parent":0,"menu_order":0,"comment_status":"closed","ping_status":"closed","template":"","meta":{"footnotes":""},"class_list":["post-17411","page","type-page","status-publish","hentry"],"_links":{"self":[{"href":"https:\/\/gln.pt\/de\/wp-json\/wp\/v2\/pages\/17411","targetHints":{"allow":["GET"]}}],"collection":[{"href":"https:\/\/gln.pt\/de\/wp-json\/wp\/v2\/pages"}],"about":[{"href":"https:\/\/gln.pt\/de\/wp-json\/wp\/v2\/types\/page"}],"author":[{"embeddable":true,"href":"https:\/\/gln.pt\/de\/wp-json\/wp\/v2\/users\/1"}],"replies":[{"embeddable":true,"href":"https:\/\/gln.pt\/de\/wp-json\/wp\/v2\/comments?post=17411"}],"version-history":[{"count":11,"href":"https:\/\/gln.pt\/de\/wp-json\/wp\/v2\/pages\/17411\/revisions"}],"predecessor-version":[{"id":17597,"href":"https:\/\/gln.pt\/de\/wp-json\/wp\/v2\/pages\/17411\/revisions\/17597"}],"wp:attachment":[{"href":"https:\/\/gln.pt\/de\/wp-json\/wp\/v2\/media?parent=17411"}],"curies":[{"name":"wp","href":"https:\/\/api.w.org\/{rel}","templated":true}]}}