{"id":18096,"date":"2021-05-11T15:22:48","date_gmt":"2021-05-11T15:22:48","guid":{"rendered":"https:\/\/gln.pt\/?page_id=18096"},"modified":"2021-09-07T10:33:28","modified_gmt":"2021-09-07T10:33:28","slug":"one-stop-shop-ecosystem","status":"publish","type":"page","link":"https:\/\/gln.pt\/de\/one-stop-shop-ecosystem\/","title":{"rendered":"One-Stop-Shop GLN Ecosystem"},"content":{"rendered":"<p>[vc_row padding_top_multiplier=&#8220;4x&#8220; padding_bottom_multiplier=&#8220;4x&#8220;][vc_column][vc_custom_heading text=&#8220;GLN<br \/>\nONE-STOP-SHOP-\u00d6KOSYSTEM&#8220; font_container=&#8220;tag:h2|text_align:center&#8220; use_theme_fonts=&#8220;yes&#8220;]<div class=\"grve-empty-space grve-height-1x\" style=\"\"><\/div><div class=\"grve-element grve-image grve-animated-item grve-duration-normal grve-fade-in-up grve-align-center\" style=\"\" data-delay=\"200\">  <div class=\"grve-image-wrapper\"><img loading=\"lazy\" decoding=\"async\" width=\"500\" height=\"444\" src=\"https:\/\/gln.pt\/wp-content\/uploads\/one-stop-shop-e1659088258121.png\" class=\"attachment-full size-full\" alt=\"One-Stop-Shop GLN Ecosystem\" title=\"One-Stop-Shop GLN Ecosystem\" \/>   <\/div><\/div><div class=\"grve-empty-space grve-height-2x\" style=\"\"><\/div>[\/vc_column][\/vc_row][vc_row][vc_column][vc_tta_accordion c_icon=&#8220;chevron&#8220; active_section=&#8220;1&#8243; heading_tag=&#8220;h2&#8243; heading=&#8220;h4&#8243; collapsible_all=&#8220;true&#8220;][vc_tta_section title=&#8220;Kunden Herausforderung&#8220; tab_id=&#8220;1630946215011-88555760-7482&#8243;][vc_row_inner][vc_column_inner width=&#8220;1\/6&#8243;]<div class=\"grve-element grve-image grve-align-center\" style=\"\">  <div class=\"grve-image-wrapper\"><img loading=\"lazy\" decoding=\"async\" width=\"222\" height=\"167\" src=\"https:\/\/gln.pt\/wp-content\/uploads\/Customer-challenge-1.png\" class=\"attachment-full size-full\" alt=\"One-Stop-Shop GLN Ecosystem\" title=\"One-Stop-Shop GLN Ecosystem\" \/>   <\/div><\/div>[\/vc_column_inner][vc_column_inner width=&#8220;5\/6&#8243;][vc_column_text]Unter Ber\u00fccksichtigung der Valenzen der GLN Gruppe arbeiten wir mit unseren Kunden eng zusammen, und bieten ihnen L\u00f6sungen f\u00fcr die gew\u00fcnschte Herausforderungen an. Unser Ziel ist immer, das beste Ergebnis zu erreichen und die entsprechenden W\u00fcnsche unserer Kunden zu erf\u00fcllen.[\/vc_column_text][\/vc_column_inner][\/vc_row_inner][\/vc_tta_section][vc_tta_section title=&#8220;Produktentwicklung &amp; Projekt&#8220; tab_id=&#8220;1630946846113-18b53f70-562e&#8220;][vc_row_inner][vc_column_inner width=&#8220;1\/6&#8243;]<div class=\"grve-element grve-image grve-align-center\" style=\"\">  <div class=\"grve-image-wrapper\"><img loading=\"lazy\" decoding=\"async\" width=\"222\" height=\"167\" src=\"https:\/\/gln.pt\/wp-content\/uploads\/Product-Engineering-Project-1.png\" class=\"attachment-full size-full\" alt=\"One-Stop-Shop GLN Ecosystem\" title=\"One-Stop-Shop GLN Ecosystem\" \/>   <\/div><\/div>[\/vc_column_inner][vc_column_inner width=&#8220;5\/6&#8243;][vc_column_text]Mit einem spezialisierten Team mit mehrj\u00e4hriger Erfahrung in der Formen- und Kunststoffspritzgussindustrie k\u00f6nnen wir unsere Kunden bei der Entwicklung neuer Projekte unterst\u00fctzen. Dies beinhaltet folgendes: Produktentwicklung durch 3D-Modellierung, 2D-Artikelvorbereitung f\u00fcr die Produktvalidierung, rheologische Studien, Materialforschung und andere.<\/p>\n<p>Ziel ist, ein Produkt das durch die Kombination verschiedener Konzepte und Technologien, die den Kundenanforderungen entsprechen, zu erhalten.[\/vc_column_text][\/vc_column_inner][\/vc_row_inner][\/vc_tta_section][vc_tta_section title=&#8220;Prototyping&#8220; tab_id=&#8220;1630946984675-bd51f6e8-9410&#8243;][vc_row_inner][vc_column_inner width=&#8220;1\/6&#8243;]<div class=\"grve-element grve-image grve-align-center\" style=\"\">  <div class=\"grve-image-wrapper\"><img loading=\"lazy\" decoding=\"async\" width=\"222\" height=\"167\" src=\"https:\/\/gln.pt\/wp-content\/uploads\/Prototyping-1.png\" class=\"attachment-full size-full\" alt=\"One-Stop-Shop GLN Ecosystem\" title=\"One-Stop-Shop GLN Ecosystem\" \/>   <\/div><\/div>[\/vc_column_inner][vc_column_inner width=&#8220;5\/6&#8243;][vc_column_text]Bei GLN haben wir die M\u00f6glichkeit, verschiedene Arten von Prototypenteilen zu liefern, die eine Vorvalidierung des Produkts oder des Marktes gew\u00e4hrleisten, bevor man mit der Herstellung des Werkzeuges und der Serienproduktion fortfahren.<\/p>\n<p>Das von GLN eingerichtete Partnernetzwerk unterst\u00fctzt uns unsere Kunden L\u00f6sungen, wie 3D-Druck (SLS; SLA), Silikon- oder Aluminiumformen mit geringer Produktion, anzubieten.<\/p>\n<p>Diese L\u00f6sungen verst\u00e4rken auch die Produktentwicklungsphase, da es m\u00f6glich ist, ein Prototypprodukt zu erstellen, das mit dem endg\u00fcltig entworfenen Teil aussehen wird.[\/vc_column_text][\/vc_column_inner][\/vc_row_inner][\/vc_tta_section][vc_tta_section title=&#8220;Werkzeug Design &amp; Konstruktion&#8220; tab_id=&#8220;1630947095523-297a8359-f2bd&#8220;][vc_row_inner][vc_column_inner width=&#8220;1\/6&#8243;]<div class=\"grve-element grve-image grve-align-center\" style=\"\">  <div class=\"grve-image-wrapper\"><img loading=\"lazy\" decoding=\"async\" width=\"222\" height=\"167\" src=\"https:\/\/gln.pt\/wp-content\/uploads\/Tool-design-and-construction.png\" class=\"attachment-full size-full\" alt=\"One-Stop-Shop GLN Ecosystem\" title=\"One-Stop-Shop GLN Ecosystem\" \/>   <\/div><\/div>[\/vc_column_inner][vc_column_inner width=&#8220;5\/6&#8243;][vc_column_text]Die internationale Anerkennung als europ\u00e4ischer Referenzhersteller zusammen mit jahrelanger Erfahrung erm\u00f6glicht GLN, die besten L\u00f6sungen f\u00fcr die Konstruktion und Herstellung hochpr\u00e4ziser technischer Formen anzubieten, wobei verschiedene Technologien in einer einzigen Form kombiniert werden.<\/p>\n<p>GLN verf\u00fcgt \u00fcber zwei moderne Produktionsanlagen, in denen in jeder Phase des Prozesses die neueste Generation von Engineering- und Fertigungsanlagen eingesetzt wird.<\/p>\n<p>Nach der Produktvalidierung untersucht GLN die Herstellungsmethoden, die durch DFM-Studien (Design for Manufacturing) anzuwenden sind, und \u00fcbernimmt dabei das am besten geeigneten Konzept sowie die Technologien, mit denen GLN \u00fcber jahrelange Erfahrung hat.<\/p>\n<p>Unsere Anlagen werden von engagierten Teams unterst\u00fctzt, die Teil der folgenden Abteilungen sind: Konstruktion; Programmierung; CNC-Bearbeitung; Erodieren; Schleifen; Messtechnik, Polieren, Werkbank und Abmusterung.[\/vc_column_text][\/vc_column_inner][\/vc_row_inner][\/vc_tta_section][vc_tta_section title=&#8220;Abmusterungen &amp; Produktvalidierung&#8220; tab_id=&#8220;1630947199338-a0630a71-7465&#8243;][vc_row_inner][vc_column_inner width=&#8220;1\/6&#8243;]<div class=\"grve-element grve-image grve-align-center\" style=\"\">  <div class=\"grve-image-wrapper\"><img loading=\"lazy\" decoding=\"async\" width=\"222\" height=\"167\" src=\"https:\/\/gln.pt\/wp-content\/uploads\/Product-validation-tool-tryout.png\" class=\"attachment-full size-full\" alt=\"One-Stop-Shop GLN Ecosystem\" title=\"One-Stop-Shop GLN Ecosystem\" \/>   <\/div><\/div>[\/vc_column_inner][vc_column_inner width=&#8220;5\/6&#8243;][vc_column_text]Nach Abschluss der Herstellungsphase wird das Werkzeug abgemustert, um die durchgef\u00fchrten Arbeiten zu validieren. GLN hat daf\u00fcr ein eigenes Abmusterungszentrum eingerichtet, das mit 6 Spritzgussmaschinen von 80 bis 160 Tonnen ausgestattet ist. Dies erm\u00f6glicht die Abmusterungen oder Serienproduktionen durchzuf\u00fchren und damit eine vollst\u00e4ndige Prozesskontrolle zu gew\u00e4hrleisten.<\/p>\n<p>In der N\u00e4he befindet sich unsere Messabteilung, die eng mit dem Abmusterungszentrum zusammenarbeitet und die Ergebnisse der aus dem Abgemusterten Kunststoffteile durch Berichte, Messkontrollberichte (2D- und 3D-Scanner) und Computertomographie zur Verf\u00fcgung stellt.[\/vc_column_text][\/vc_column_inner][\/vc_row_inner][\/vc_tta_section][vc_tta_section title=&#8220;Process Engineering&#8220; tab_id=&#8220;1630947319391-a65a26f2-458c&#8220;][vc_row_inner][vc_column_inner width=&#8220;1\/6&#8243;]<div class=\"grve-element grve-image grve-align-center\" style=\"\">  <div class=\"grve-image-wrapper\"><img loading=\"lazy\" decoding=\"async\" width=\"222\" height=\"167\" src=\"https:\/\/gln.pt\/wp-content\/uploads\/process-engineering.png\" class=\"attachment-full size-full\" alt=\"One-Stop-Shop GLN Ecosystem\" title=\"One-Stop-Shop GLN Ecosystem\" \/>   <\/div><\/div>[\/vc_column_inner][vc_column_inner width=&#8220;5\/6&#8243;][vc_column_text]Das verfahrenstechnische Team \u00fcbernimmt die Kommunikation mit den Kunden von der Bestellung bis zur Auslieferung des Produktes. Dieses Team hat die Erfahrung und F\u00e4higkeit, w\u00e4hrend des gesamten Prozesses die Kunden zu unterst\u00fctzen. Durch rheologischen Studien kann der Spritzguss Prozess verbessert und kontrolliert werden und somit k\u00f6nnen auch die perfekten Produktionsbedingungen erreicht werden.<\/p>\n<p>F\u00fcr die Produktvalidierung werden folgenden Methoden verwendet: 53P, PPAP; PSW oder APQP, die alle Anforderungen f\u00fcr eine kontinuierliche Produktion erf\u00fcllen.<\/p>\n<p>Das Know-how unseres Teams, wird bei der Konzeptionsphase der Werkzeuge wichtig sein, da diese Informationen in die Konstruktionsabteilung \u00fcbertragen werden k\u00f6nnen und dadurch die Anzahl der Interaktionen w\u00e4hrend der Werkzeugherstellung verringern k\u00f6nnen.[\/vc_column_text][\/vc_column_inner][\/vc_row_inner][\/vc_tta_section][vc_tta_section title=&#8220;Serienproduktion&#8220; tab_id=&#8220;1630947439111-840f02d4-f3b7&#8243;][vc_row_inner][vc_column_inner width=&#8220;1\/6&#8243;]<div class=\"grve-element grve-image grve-align-center\" style=\"\">  <div class=\"grve-image-wrapper\"><img loading=\"lazy\" decoding=\"async\" width=\"222\" height=\"167\" src=\"https:\/\/gln.pt\/wp-content\/uploads\/injection.png\" class=\"attachment-full size-full\" alt=\"One-Stop-Shop GLN Ecosystem\" title=\"One-Stop-Shop GLN Ecosystem\" \/>   <\/div><\/div>[\/vc_column_inner][vc_column_inner width=&#8220;5\/6&#8243;][vc_column_text]GLN stellt \u00fcber drei Anlagen f\u00fcr die Serienproduktion zur Verf\u00fcgung, zwei davon in Portugal und einen in Mexiko, mit denen die GLN-Gruppe Spritzgussteile f\u00fcr folgenden Branchen liefern kann: \u00a0Automobil; elektrisch und elektronisch; und Verpackung.<\/p>\n<p>Insgesamt stehen 49 Spritzgussmaschinen zwischen 22 und 450 Tonnen zur Verf\u00fcgung, mit denen wird es m\u00f6glich rechtzeitlich und mit Qualit\u00e4t die Anforderungen unserer Kunden zu erf\u00fcllen. Die Erfahrungen mit der Entwicklung von Spritzgussverfahren erm\u00f6glichen eine kontinuierliche Verbesserung in den verschiedenen Gesch\u00e4ftsbereichen der GLN Gruppe, unter anderem in den Bereichen Engineering, Formenbau und Spritzguss.[\/vc_column_text][\/vc_column_inner][\/vc_row_inner][\/vc_tta_section][vc_tta_section title=&#8220;Mehrwertl\u00f6sungen&#8220; tab_id=&#8220;1630947535124-286614bb-3ae2&#8243;][vc_row_inner][vc_column_inner width=&#8220;1\/6&#8243;]<div class=\"grve-element grve-image grve-align-center\" style=\"\">  <div class=\"grve-image-wrapper\"><img loading=\"lazy\" decoding=\"async\" width=\"222\" height=\"167\" src=\"https:\/\/gln.pt\/wp-content\/uploads\/Added-value-solutions.png\" class=\"attachment-full size-full\" alt=\"One-Stop-Shop GLN Ecosystem\" title=\"One-Stop-Shop GLN Ecosystem\" \/>   <\/div><\/div>[\/vc_column_inner][vc_column_inner width=&#8220;5\/6&#8243;][vc_column_text]Als Technologieunternehmen mit langj\u00e4hriger Erfahrung in komplexen Projekten hat GLN-Gruppe viel in Produktversorgungsl\u00f6sungen mit hohem Mehrwert investiert und in die Serienproduktion Technologien wie z. B. automatisierte Produktionszellen, Montagelinien, Qualit\u00e4tskontrollbereiche ber\u00fccksichtigt.<\/p>\n<p>Unser Know-how erm\u00f6glicht uns, mit dem Kunden nicht nur das Werkzeug, sondern auch den damit verbundenen Automatisierungsprozess zu entwickeln.[\/vc_column_text][\/vc_column_inner][\/vc_row_inner][\/vc_tta_section][vc_tta_section title=&#8220;GLN weltweit&#8220; tab_id=&#8220;1630947732762-5b8be29f-0bbb&#8220;][vc_row_inner][vc_column_inner width=&#8220;1\/6&#8243;]<div class=\"grve-element grve-image grve-align-center\" style=\"\">  <div class=\"grve-image-wrapper\"><img loading=\"lazy\" decoding=\"async\" width=\"222\" height=\"167\" src=\"https:\/\/gln.pt\/wp-content\/uploads\/Mapa-GLN.png\" class=\"attachment-full size-full\" alt=\"One-Stop-Shop GLN Ecosystem\" title=\"One-Stop-Shop GLN Ecosystem\" \/>   <\/div><\/div>[\/vc_column_inner][vc_column_inner width=&#8220;5\/6&#8243;][vc_column_text]GLN hat seine Gesch\u00e4ftst\u00e4tigkeit weltweit durch die Gr\u00fcndung \u00a0seines Unternehmens in Mexiko erweitert, wodurch wir geografisch n\u00e4her an unseren Kunden und Hauptm\u00e4rkten zu sein und damit die verbundenen Logistikzeiten zu verk\u00fcrzen, da wir uns vor Ort, an dem unsere Kunden Teile ben\u00f6tigen und \u00a0fertigen m\u00fcssen, befinden.<\/p>\n<p>Die Hauptlieferungen unserer Produkte sind f\u00fcr: Europa, Nordamerika und China.<\/p>\n<p>GLN-Gruppe hat das Ziel, sich kontinuierlich als Premium-Lieferant in der Lieferkette von Werkzeugherstellung und Kunststoffteilefertigung zu positionieren.[\/vc_column_text][\/vc_column_inner][\/vc_row_inner][\/vc_tta_section][\/vc_tta_accordion][\/vc_column][\/vc_row]<\/p>","protected":false},"excerpt":{"rendered":"<p>[vc_row padding_top_multiplier=&#8220;4x&#8220; padding_bottom_multiplier=&#8220;4x&#8220;][vc_column][vc_custom_heading text=&#8220;GLN ONE-STOP-SHOP-\u00d6KOSYSTEM&#8220; font_container=&#8220;tag:h2|text_align:center&#8220; use_theme_fonts=&#8220;yes&#8220;][\/vc_column][\/vc_row][vc_row][vc_column][vc_tta_accordion c_icon=&#8220;chevron&#8220; active_section=&#8220;1&#8243; heading_tag=&#8220;h2&#8243; heading=&#8220;h4&#8243; collapsible_all=&#8220;true&#8220;][vc_tta_section title=&#8220;Kunden Herausforderung&#8220; tab_id=&#8220;1630946215011-88555760-7482&#8243;][vc_row_inner][vc_column_inner width=&#8220;1\/6&#8243;][\/vc_column_inner][vc_column_inner width=&#8220;5\/6&#8243;][vc_column_text]Unter Ber\u00fccksichtigung der Valenzen der GLN Gruppe arbeiten wir mit unseren Kunden eng zusammen, und bieten ihnen L\u00f6sungen f\u00fcr die gew\u00fcnschte Herausforderungen an. Unser Ziel ist immer, das beste Ergebnis zu erreichen und die entsprechenden W\u00fcnsche unserer Kunden zu [&hellip;]<\/p>\n","protected":false},"author":10,"featured_media":0,"parent":0,"menu_order":0,"comment_status":"closed","ping_status":"closed","template":"","meta":{"footnotes":""},"class_list":["post-18096","page","type-page","status-publish","hentry"],"_links":{"self":[{"href":"https:\/\/gln.pt\/de\/wp-json\/wp\/v2\/pages\/18096","targetHints":{"allow":["GET"]}}],"collection":[{"href":"https:\/\/gln.pt\/de\/wp-json\/wp\/v2\/pages"}],"about":[{"href":"https:\/\/gln.pt\/de\/wp-json\/wp\/v2\/types\/page"}],"author":[{"embeddable":true,"href":"https:\/\/gln.pt\/de\/wp-json\/wp\/v2\/users\/10"}],"replies":[{"embeddable":true,"href":"https:\/\/gln.pt\/de\/wp-json\/wp\/v2\/comments?post=18096"}],"version-history":[{"count":3,"href":"https:\/\/gln.pt\/de\/wp-json\/wp\/v2\/pages\/18096\/revisions"}],"predecessor-version":[{"id":19163,"href":"https:\/\/gln.pt\/de\/wp-json\/wp\/v2\/pages\/18096\/revisions\/19163"}],"wp:attachment":[{"href":"https:\/\/gln.pt\/de\/wp-json\/wp\/v2\/media?parent=18096"}],"curies":[{"name":"wp","href":"https:\/\/api.w.org\/{rel}","templated":true}]}}