{"id":18236,"date":"2021-06-22T16:44:38","date_gmt":"2021-06-22T16:44:38","guid":{"rendered":"https:\/\/gln.pt\/?page_id=18236"},"modified":"2021-06-22T17:01:43","modified_gmt":"2021-06-22T17:01:43","slug":"famolde","status":"publish","type":"page","link":"https:\/\/gln.pt\/de\/famolde\/","title":{"rendered":"Famolde"},"content":{"rendered":"<p>[vc_row padding_top_multiplier=&#8220;4x&#8220; padding_bottom_multiplier=&#8220;4x&#8220;][vc_column]<h2 class=\"grve-element grve-title grve-align-center grve-h2 h2-strong\" style=\"\"><span>Management System Policy<\/span><\/h2>[vc_column_text text_style=&#8220;leader-text&#8220; css=&#8220;.vc_custom_1568914713036{padding-right: 5% !important;padding-left: 5% !important;}&#8220;]<\/p>\n<p style=\"text-align: center;\">GLN basiert die Richtlinie seines Managementsystems (SG) auf kontinuierliche Verbesserung von Methoden, Prozessen und Produkten in enger Zusammenarbeit mit seinen Kunden, Mitarbeitern, Lieferanten und anderen Beteiligten. Auf diese Weise \u00fcbernimmt die GLN die folgenden Grunds\u00e4tze:<\/p>\n<p>[\/vc_column_text]<div class=\"grve-empty-space grve-height-1x\" style=\"\"><\/div><div class=\"grve-empty-space grve-height-1x\" style=\"\"><\/div>[vc_row_inner][vc_column_inner width=&#8220;1\/2&#8243;][vc_column_text text_style=&#8220;leader-text&#8220;]<\/p>\n<ul>\n<li>Die Erf\u00fcllung der Anforderungen der Beteiligten gew\u00e4hrleisten und ihre Zufriedenheit, ihr Vertrauen und ihre Loyalit\u00e4t sicherstellen;<\/li>\n<li>Mit den Mitarbeitern eine Dynamik gegen\u00fcber Forschung, Entwicklung und Innovation etablieren und erforderliche Mittel und Weiterbildungen anbieten, damit diese ihre Aufgaben besser ausf\u00fchren, was GLN innovative L\u00f6sungen und einen gro\u00dfen Wettbewerbsvorteil erm\u00f6glicht.<\/li>\n<li>Produkte und Dienstleistungen anzubieten, die in der Lage sind, Kundenanforderungen mit der h\u00f6chstm\u00f6glichen Pr\u00e4zision und Gewissenhaftigkeit zu erf\u00fcllen;<\/li>\n<li>Verpflichtung zur Einhaltung von Fristen, Gew\u00e4hrleistung der Produktqualit\u00e4t und kontinuierlichen Verbesserung der Prozesse;<\/li>\n<li>Sicherstellung der Risikobewertung durch Festlegung pr\u00e4ventiver Kontrollen, um die Auswirkungen von Risiken auf Produkt, Prozesse, Kunden und Beteiligte zu minimieren;<\/li>\n<\/ul>\n<p>[\/vc_column_text][\/vc_column_inner][vc_column_inner width=&#8220;1\/2&#8243;][vc_column_text text_style=&#8220;leader-text&#8220;]<\/p>\n<ul>\n<li>Einhaltung der Anforderungen der Normen NP EN ISO 9001, IATF 16949 und NP EN ISO 14001; Einhaltung der Kundenanforderungen, Gesetze, Vorschriften, Auflagen, Compliance-Verpflichtungen und anderer Anforderungen, denen sich GLN unterordnet;<\/li>\n<li>Verpflichtung zur Ermittlung und Bewertung der wichtigsten Gefahren, um Ma\u00dfnahmen zur Minderung der Risiken festzulegen, denen die Arbeitnehmer ausgesetzt sind, sowie zur Bereitstellung geeigneter Sicherheitseinrichtungen an ihren Arbeitspl\u00e4tzen;<\/li>\n<li>Verpflichtung zur rationellen Nutzung der Ressourcen auf der Grundlage des Konzepts der nachhaltigen Entwicklung und zur kontinuierlichen Verbesserung des Umweltmanagementsystems im Hinblick auf die Verbesserung der Umweltbilanz;<\/li>\n<li>Sicherstellung einer ordnungsgem\u00e4\u00dfen Abfallentsorgung und Verpflichtung zum Umweltschutz, einschlie\u00dflich der Vermeidung von Schadstoffemissionen.<\/li>\n<\/ul>\n<p>[\/vc_column_text][\/vc_column_inner][\/vc_row_inner]<div class=\"grve-empty-space grve-height-1x\" style=\"\"><\/div>[vc_column_text text_style=&#8220;leader-text&#8220; css=&#8220;.vc_custom_1592325625468{padding-right: 5% !important;padding-left: 5% !important;}&#8220;]<\/p>\n<p style=\"text-align: center;\">Die Erf\u00fcllung dieser Richtlinien wird durch die individuelle Beteiligung jedes einzelnen Mitarbeiters und in Teamarbeit bei der Festlegung, \u00dcberpr\u00fcfung, Genehmigung, Umsetzung und Erf\u00fcllung der Ziele des Managementsystems erreicht.<\/p>\n<p style=\"text-align: center;\">Die Richtlinie des GS wurde am 25. Oktober 2019 verabschiedet und ver\u00f6ffentlicht und befindet sich in der Revisionsphase 02.<\/p>\n<p style=\"text-align: center;\"><em>Exekutivausschuss GLN S.A.<\/em><\/p>\n<p>[\/vc_column_text][\/vc_column][\/vc_row][vc_row bg_type=&#8220;color&#8220; padding_top_multiplier=&#8220;4x&#8220; padding_bottom_multiplier=&#8220;4x&#8220; bg_color=&#8220;#f3f3f3&#8243;][vc_column]<h2 class=\"grve-element grve-title grve-align-center grve-h2\" style=\"\"><span>Zertifizierungen<\/span><\/h2><div class=\"grve-empty-space\" style=\"height: 10px;\"><\/div>[\/vc_column][vc_column][vc_row_inner][vc_column_inner width=&#8220;1\/4&#8243; el_class=&#8220;col-certificado&#8220;]<div class=\"grve-element grve-image grve-align-center\" style=\"\">  <div class=\"grve-image-wrapper\"><img loading=\"lazy\" decoding=\"async\" width=\"480\" height=\"270\" src=\"https:\/\/gln.pt\/wp-content\/uploads\/ISO-9001.png\" class=\"attachment-full size-full\" alt=\"Richtlinie des Managementsystems\" srcset=\"https:\/\/gln.pt\/wp-content\/uploads\/ISO-9001.png 480w, https:\/\/gln.pt\/wp-content\/uploads\/ISO-9001-300x169.png 300w\" sizes=\"auto, (max-width: 480px) 100vw, 480px\" title=\"Richtlinie des Managementsystems\" \/>   <\/div><\/div><h4 class=\"grve-element grve-title grve-align-left grve-h4 h4-strong-600\" style=\"margin-bottom: 10px;\"><span>ISO 9001:2015<\/span><\/h4>[vc_column_text css=&#8220;.vc_custom_1531839858928{margin-top: 0px !important;}&#8220;]<\/p>\n<h6>Rahmen der Zertifizierung<\/h6>\n<p>[\/vc_column_text][vc_column_text text_style=&#8220;leader-text&#8220;]Produktion von Kunststoffteilen durch Spritzguss und Montage der Spritzgussartikel.[\/vc_column_text]<div class=\"grve-empty-space\" style=\"height: 10px;\"><\/div><div class=\"grve-element grve-gallery grve-isotope\" style=\"\" data-columns=\"3\" data-columns-large-screen=\"3\" data-columns-tablet-landscape=\"3\" data-columns-tablet-portrait=\"3\" data-columns-mobile=\"2\" data-layout=\"fitRows\">  <div class=\"grve-isotope-container\"><div class=\"grve-isotope-item grve-hover-item grve-hover-style-none\">  <figure class=\"grve-image-hover\">    <div class=\"grve-hover-overlay grve-bg-light grve-opacity-0\"><\/div><div class=\"grve-media\"><img loading=\"lazy\" decoding=\"async\" width=\"170\" height=\"32\" src=\"https:\/\/gln.pt\/wp-content\/uploads\/GLN_empresas-22.png\" class=\"attachment-medium size-medium\" alt=\"Richtlinie des Managementsystems\" title=\"Richtlinie des Managementsystems\" \/><\/div>  <\/figure><\/div>  <\/div><\/div>[\/vc_column_inner][vc_column_inner width=&#8220;1\/4&#8243; el_class=&#8220;col-certificado&#8220;]<div class=\"grve-element grve-image grve-align-center\" style=\"\">  <div class=\"grve-image-wrapper\"><img loading=\"lazy\" decoding=\"async\" width=\"480\" height=\"270\" src=\"https:\/\/gln.pt\/wp-content\/uploads\/IATF-16949-2.png\" class=\"attachment-full size-full\" alt=\"Richtlinie des Managementsystems\" srcset=\"https:\/\/gln.pt\/wp-content\/uploads\/IATF-16949-2.png 480w, https:\/\/gln.pt\/wp-content\/uploads\/IATF-16949-2-300x169.png 300w\" sizes=\"auto, (max-width: 480px) 100vw, 480px\" title=\"Richtlinie des Managementsystems\" \/>   <\/div><\/div><h4 class=\"grve-element grve-title grve-align-left grve-h4 h4-strong-600\" style=\"margin-bottom: 10px;\"><span>IATF 16949:2016<\/span><\/h4>[vc_column_text css=&#8220;.vc_custom_1531839858928{margin-top: 0px !important;}&#8220;]<\/p>\n<h6>Rahmen der Zertifizierung<\/h6>\n<p>[\/vc_column_text][vc_column_text text_style=&#8220;leader-text&#8220;]Produktion von Kunststoffteilen durch Spritzguss und Montage der Spritzgussartikel.[\/vc_column_text]<div class=\"grve-empty-space\" style=\"height: 10px;\"><\/div><div class=\"grve-element grve-gallery grve-isotope\" style=\"\" data-columns=\"3\" data-columns-large-screen=\"3\" data-columns-tablet-landscape=\"3\" data-columns-tablet-portrait=\"3\" data-columns-mobile=\"2\" data-layout=\"fitRows\">  <div class=\"grve-isotope-container\"><div class=\"grve-isotope-item grve-hover-item grve-hover-style-none\">  <figure class=\"grve-image-hover\">    <div class=\"grve-hover-overlay grve-bg-light grve-opacity-0\"><\/div><div class=\"grve-media\"><img loading=\"lazy\" decoding=\"async\" width=\"170\" height=\"32\" src=\"https:\/\/gln.pt\/wp-content\/uploads\/GLN_empresas-22.png\" class=\"attachment-medium size-medium\" alt=\"Richtlinie des Managementsystems\" title=\"Richtlinie des Managementsystems\" \/><\/div>  <\/figure><\/div>  <\/div><\/div>[\/vc_column_inner][vc_column_inner width=&#8220;1\/4&#8243; el_class=&#8220;col-certificado&#8220;]<div class=\"grve-element grve-image grve-align-center\" style=\"\">  <div class=\"grve-image-wrapper\"><img loading=\"lazy\" decoding=\"async\" width=\"480\" height=\"270\" src=\"https:\/\/gln.pt\/wp-content\/uploads\/ISO-14001-2.png\" class=\"attachment-full size-full\" alt=\"Richtlinie des Managementsystems\" srcset=\"https:\/\/gln.pt\/wp-content\/uploads\/ISO-14001-2.png 480w, https:\/\/gln.pt\/wp-content\/uploads\/ISO-14001-2-300x169.png 300w\" sizes=\"auto, (max-width: 480px) 100vw, 480px\" title=\"Richtlinie des Managementsystems\" \/>   <\/div><\/div><h4 class=\"grve-element grve-title grve-align-left grve-h4 h4-strong-600\" style=\"margin-bottom: 10px;\"><span>ISO14001:2015<\/span><\/h4>[vc_column_text css=&#8220;.vc_custom_1531839858928{margin-top: 0px !important;}&#8220;]<\/p>\n<h6>Rahmen der Zertifizierung<\/h6>\n<p>[\/vc_column_text][vc_column_text text_style=&#8220;leader-text&#8220;]Produktion von Kunststoffteilen durch Spritzguss und Montage der Spritzgussartikel.[\/vc_column_text]<div class=\"grve-empty-space\" style=\"height: 10px;\"><\/div><div class=\"grve-element grve-gallery grve-isotope\" style=\"\" data-columns=\"3\" data-columns-large-screen=\"3\" data-columns-tablet-landscape=\"3\" data-columns-tablet-portrait=\"3\" data-columns-mobile=\"2\" data-layout=\"fitRows\">  <div class=\"grve-isotope-container\"><div class=\"grve-isotope-item grve-hover-item grve-hover-style-none\">  <figure class=\"grve-image-hover\">    <div class=\"grve-hover-overlay grve-bg-light grve-opacity-0\"><\/div><div class=\"grve-media\"><img loading=\"lazy\" decoding=\"async\" width=\"170\" height=\"32\" src=\"https:\/\/gln.pt\/wp-content\/uploads\/GLN_empresas-22.png\" class=\"attachment-medium size-medium\" alt=\"Richtlinie des Managementsystems\" title=\"Richtlinie des Managementsystems\" \/><\/div>  <\/figure><\/div>  <\/div><\/div><div class=\"grve-empty-space\" style=\"height: 5px;\"><\/div>[vc_column_text css=&#8220;.vc_custom_1559896113390{margin-top: 0px !important;}&#8220;]<\/p>\n<h6><span style=\"color: #ababab;\">Site Maceira<\/span><\/h6>\n<p>[\/vc_column_text][\/vc_column_inner][vc_column_inner width=&#8220;1\/4&#8243; el_class=&#8220;col-certificado&#8220;]<div class=\"grve-element grve-image grve-align-center\" style=\"\">  <div class=\"grve-image-wrapper\"><img loading=\"lazy\" decoding=\"async\" width=\"480\" height=\"270\" src=\"https:\/\/gln.pt\/wp-content\/uploads\/apcer-iso-9001.png\" class=\"attachment-full size-full\" alt=\"Richtlinie des Managementsystems\" srcset=\"https:\/\/gln.pt\/wp-content\/uploads\/apcer-iso-9001.png 480w, https:\/\/gln.pt\/wp-content\/uploads\/apcer-iso-9001-300x169.png 300w\" sizes=\"auto, (max-width: 480px) 100vw, 480px\" title=\"Richtlinie des Managementsystems\" \/>   <\/div><\/div><h4 class=\"grve-element grve-title grve-align-left grve-h4 h4-strong-600\" style=\"margin-bottom: 10px;\"><span>ISO 9001:2015<\/span><\/h4>[vc_column_text css=&#8220;.vc_custom_1531839858928{margin-top: 0px !important;}&#8220;]<\/p>\n<h6>Rahmen der Zertifizierung<\/h6>\n<p>[\/vc_column_text][vc_column_text text_style=&#8220;leader-text&#8220;]Konstruktion und Herstellung von Spritzgusswerkzeugen f\u00fcr die Kunststoffindustrie.[\/vc_column_text]<div class=\"grve-empty-space\" style=\"height: 10px;\"><\/div><div class=\"grve-element grve-gallery grve-isotope\" style=\"\" data-columns=\"3\" data-columns-large-screen=\"3\" data-columns-tablet-landscape=\"3\" data-columns-tablet-portrait=\"3\" data-columns-mobile=\"2\" data-layout=\"fitRows\">  <div class=\"grve-isotope-container\"><div class=\"grve-isotope-item grve-hover-item grve-hover-style-none\">  <figure class=\"grve-image-hover\">    <div class=\"grve-hover-overlay grve-bg-light grve-opacity-0\"><\/div><div class=\"grve-media\"><img loading=\"lazy\" decoding=\"async\" width=\"170\" height=\"32\" src=\"https:\/\/gln.pt\/wp-content\/uploads\/GLN_empresas-20.png\" class=\"attachment-medium size-medium\" alt=\"Richtlinie des Managementsystems\" title=\"Richtlinie des Managementsystems\" \/><\/div>  <\/figure><\/div><div class=\"grve-isotope-item grve-hover-item grve-hover-style-none\">  <figure class=\"grve-image-hover\">    <div class=\"grve-hover-overlay grve-bg-light grve-opacity-0\"><\/div><div class=\"grve-media\"><img loading=\"lazy\" decoding=\"async\" width=\"170\" height=\"32\" src=\"https:\/\/gln.pt\/wp-content\/uploads\/GLN_empresas-21.png\" class=\"attachment-medium size-medium\" alt=\"Richtlinie des Managementsystems\" title=\"Richtlinie des Managementsystems\" \/><\/div>  <\/figure><\/div>  <\/div><\/div>[\/vc_column_inner][\/vc_row_inner][vc_row_inner][vc_column_inner width=&#8220;1\/4&#8243; el_class=&#8220;col-certificado&#8220;]<div class=\"grve-element grve-image grve-align-center\" style=\"\">  <div class=\"grve-image-wrapper\"><img loading=\"lazy\" decoding=\"async\" width=\"480\" height=\"270\" src=\"https:\/\/gln.pt\/wp-content\/uploads\/ISO-14001-2.png\" class=\"attachment-full size-full\" alt=\"Richtlinie des Managementsystems\" srcset=\"https:\/\/gln.pt\/wp-content\/uploads\/ISO-14001-2.png 480w, https:\/\/gln.pt\/wp-content\/uploads\/ISO-14001-2-300x169.png 300w\" sizes=\"auto, (max-width: 480px) 100vw, 480px\" title=\"Richtlinie des Managementsystems\" \/>   <\/div><\/div><h4 class=\"grve-element grve-title grve-align-left grve-h4 h4-strong-600\" style=\"margin-bottom: 10px;\"><span>ISO14001:2015<\/span><\/h4>[vc_column_text css=&#8220;.vc_custom_1531839858928{margin-top: 0px !important;}&#8220;]<\/p>\n<h6>Rahmen der Zertifizierung<\/h6>\n<p>[\/vc_column_text][vc_column_text text_style=&#8220;leader-text&#8220;]Umweltmanagementsystem.<br \/>\nKonstruktion und Herstellung von Spritzgusswerkzeugen f\u00fcr die Kunststoffindustrie.[\/vc_column_text]<div class=\"grve-empty-space\" style=\"height: 10px;\"><\/div><div class=\"grve-element grve-gallery grve-isotope\" style=\"\" data-columns=\"3\" data-columns-large-screen=\"3\" data-columns-tablet-landscape=\"3\" data-columns-tablet-portrait=\"3\" data-columns-mobile=\"2\" data-layout=\"fitRows\">  <div class=\"grve-isotope-container\"><div class=\"grve-isotope-item grve-hover-item grve-hover-style-none\">  <figure class=\"grve-image-hover\">    <div class=\"grve-hover-overlay grve-bg-light grve-opacity-0\"><\/div><div class=\"grve-media\"><img loading=\"lazy\" decoding=\"async\" width=\"170\" height=\"32\" src=\"https:\/\/gln.pt\/wp-content\/uploads\/GLN_empresas-20.png\" class=\"attachment-medium size-medium\" alt=\"Richtlinie des Managementsystems\" title=\"Richtlinie des Managementsystems\" \/><\/div>  <\/figure><\/div>  <\/div><\/div>[\/vc_column_inner][vc_column_inner width=&#8220;1\/4&#8243; el_class=&#8220;col-certificado&#8220;]<div class=\"grve-element grve-image grve-align-center\" style=\"\">  <div class=\"grve-image-wrapper\"><img loading=\"lazy\" decoding=\"async\" width=\"480\" height=\"270\" src=\"https:\/\/gln.pt\/wp-content\/uploads\/ISO-9001.png\" class=\"attachment-full size-full\" alt=\"Richtlinie des Managementsystems\" srcset=\"https:\/\/gln.pt\/wp-content\/uploads\/ISO-9001.png 480w, https:\/\/gln.pt\/wp-content\/uploads\/ISO-9001-300x169.png 300w\" sizes=\"auto, (max-width: 480px) 100vw, 480px\" title=\"Richtlinie des Managementsystems\" \/>   <\/div><\/div><h4 class=\"grve-element grve-title grve-align-left grve-h4 h4-strong-600\" style=\"margin-bottom: 10px;\"><span>ISO 9001:2015<\/span><\/h4>[vc_column_text css=&#8220;.vc_custom_1531839858928{margin-top: 0px !important;}&#8220;]<\/p>\n<h6>Rahmen der Zertifizierung<\/h6>\n<p>[\/vc_column_text][vc_column_text text_style=&#8220;leader-text&#8220;]Produktion von Kunststoffspritzgussteilen, Herstellung und Wartung von Spritzgusswerkzeugen f\u00fcr die Kunststoffindustrie.[\/vc_column_text]<div class=\"grve-empty-space\" style=\"height: 10px;\"><\/div><div class=\"grve-element grve-gallery grve-isotope\" style=\"\" data-columns=\"3\" data-columns-large-screen=\"3\" data-columns-tablet-landscape=\"3\" data-columns-tablet-portrait=\"3\" data-columns-mobile=\"2\" data-layout=\"fitRows\">  <div class=\"grve-isotope-container\"><div class=\"grve-isotope-item grve-hover-item grve-hover-style-none\">  <figure class=\"grve-image-hover\">    <div class=\"grve-hover-overlay grve-bg-light grve-opacity-0\"><\/div><div class=\"grve-media\"><img loading=\"lazy\" decoding=\"async\" width=\"170\" height=\"32\" src=\"https:\/\/gln.pt\/wp-content\/uploads\/GLN_empresas-23.png\" class=\"attachment-medium size-medium\" alt=\"Richtlinie des Managementsystems\" title=\"Richtlinie des Managementsystems\" \/><\/div>  <\/figure><\/div>  <\/div><\/div>[\/vc_column_inner][vc_column_inner width=&#8220;1\/4&#8243; el_class=&#8220;col-certificado&#8220;]<div class=\"grve-element grve-image grve-align-center\" style=\"\">  <div class=\"grve-image-wrapper\"><img loading=\"lazy\" decoding=\"async\" width=\"480\" height=\"270\" src=\"https:\/\/gln.pt\/wp-content\/uploads\/tuv.png\" class=\"attachment-full size-full\" alt=\"Richtlinie des Managementsystems\" srcset=\"https:\/\/gln.pt\/wp-content\/uploads\/tuv.png 480w, https:\/\/gln.pt\/wp-content\/uploads\/tuv-300x169.png 300w\" sizes=\"auto, (max-width: 480px) 100vw, 480px\" title=\"Richtlinie des Managementsystems\" \/>   <\/div><\/div><h4 class=\"grve-element grve-title grve-align-left grve-h4 h4-strong-600\" style=\"margin-bottom: 10px;\"><span>IATF 16949:2016<\/span><\/h4>[vc_column_text css=&#8220;.vc_custom_1531839858928{margin-top: 0px !important;}&#8220;]<\/p>\n<h6>Rahmen der Zertifizierung<\/h6>\n<p>[\/vc_column_text][vc_column_text text_style=&#8220;leader-text&#8220;]Hochpr\u00e4ziser Kunststoffspritzguss.[\/vc_column_text]<div class=\"grve-empty-space\" style=\"height: 10px;\"><\/div><div class=\"grve-element grve-gallery grve-isotope\" style=\"\" data-columns=\"3\" data-columns-large-screen=\"3\" data-columns-tablet-landscape=\"3\" data-columns-tablet-portrait=\"3\" data-columns-mobile=\"2\" data-layout=\"fitRows\">  <div class=\"grve-isotope-container\"><div class=\"grve-isotope-item grve-hover-item grve-hover-style-none\">  <figure class=\"grve-image-hover\">    <div class=\"grve-hover-overlay grve-bg-light grve-opacity-0\"><\/div><div class=\"grve-media\"><img loading=\"lazy\" decoding=\"async\" width=\"170\" height=\"32\" src=\"https:\/\/gln.pt\/wp-content\/uploads\/GLN_empresas-23.png\" class=\"attachment-medium size-medium\" alt=\"Richtlinie des Managementsystems\" title=\"Richtlinie des Managementsystems\" \/><\/div>  <\/figure><\/div>  <\/div><\/div>[\/vc_column_inner][vc_column_inner width=&#8220;1\/4&#8243; el_class=&#8220;col-certificado&#8220;][\/vc_column_inner][\/vc_row_inner][\/vc_column][vc_column el_class=&#8220;hide-element&#8220;]<div class=\"grve-empty-space grve-height-2x\" style=\"\"><\/div><h3 class=\"grve-element grve-title grve-align-center grve-h4 grve-increase-heading grve-heading-140\" style=\"\"><span>&#8211; Em Implementa\u00e7\u00e3o &#8211;<\/span><\/h3><div class=\"grve-empty-space\" style=\"height: 10px;\"><\/div>[vc_row_inner][vc_column_inner width=&#8220;1\/4&#8243; el_class=&#8220;col-certificado&#8220;]<div class=\"grve-element grve-image grve-grayscale-image cert-em-impl grve-align-center\" style=\"\">  <div class=\"grve-image-wrapper\"><img loading=\"lazy\" decoding=\"async\" width=\"480\" height=\"270\" src=\"https:\/\/gln.pt\/wp-content\/uploads\/ISO-16949.png\" class=\"attachment-full size-full\" alt=\"Richtlinie des Managementsystems\" srcset=\"https:\/\/gln.pt\/wp-content\/uploads\/ISO-16949.png 480w, https:\/\/gln.pt\/wp-content\/uploads\/ISO-16949-300x169.png 300w\" sizes=\"auto, (max-width: 480px) 100vw, 480px\" title=\"Richtlinie des Managementsystems\" \/>   <\/div><\/div><h4 class=\"grve-element grve-title grve-align-left grve-h4 h4-strong-600\" style=\"margin-bottom: 10px;\"><span>IATF 16949:2016<\/span><\/h4>[vc_column_text css=&#8220;.vc_custom_1531839858928{margin-top: 0px !important;}&#8220;]<\/p>\n<h6>Rahmen der Zertifizierung<\/h6>\n<p>[\/vc_column_text][vc_column_text text_style=&#8220;leader-text&#8220;]Em fase de implementa\u00e7\u00e3o dos requisitos da norma IATF 16949:2016 em inje\u00e7\u00e3o de pe\u00e7as pl\u00e1sticas de alta precis\u00e3o.[\/vc_column_text]<div class=\"grve-empty-space\" style=\"height: 10px;\"><\/div><div class=\"grve-element grve-gallery grve-isotope\" style=\"\" data-columns=\"3\" data-columns-large-screen=\"3\" data-columns-tablet-landscape=\"3\" data-columns-tablet-portrait=\"3\" data-columns-mobile=\"2\" data-layout=\"fitRows\">  <div class=\"grve-isotope-container\"><div class=\"grve-isotope-item grve-hover-item grve-hover-style-none\">  <figure class=\"grve-image-hover\">    <div class=\"grve-hover-overlay grve-bg-light grve-opacity-0\"><\/div><div class=\"grve-media\"><img loading=\"lazy\" decoding=\"async\" width=\"170\" height=\"32\" src=\"https:\/\/gln.pt\/wp-content\/uploads\/GLN_empresas-23.png\" class=\"attachment-medium size-medium\" alt=\"Richtlinie des Managementsystems\" title=\"Richtlinie des Managementsystems\" \/><\/div>  <\/figure><\/div>  <\/div><\/div>[\/vc_column_inner][vc_column_inner width=&#8220;1\/4&#8243; el_class=&#8220;col-certificado&#8220;][\/vc_column_inner][vc_column_inner width=&#8220;1\/4&#8243; el_class=&#8220;col-certificado&#8220;][\/vc_column_inner][vc_column_inner width=&#8220;1\/4&#8243; el_class=&#8220;col-certificado&#8220;][\/vc_column_inner][\/vc_row_inner][\/vc_column][\/vc_row]<\/p>","protected":false},"excerpt":{"rendered":"<p>[vc_row padding_top_multiplier=&#8220;4x&#8220; padding_bottom_multiplier=&#8220;4x&#8220;][vc_column][vc_column_text text_style=&#8220;leader-text&#8220; css=&#8220;.vc_custom_1568914713036{padding-right: 5% !important;padding-left: 5% !important;}&#8220;] GLN basiert die Richtlinie seines Managementsystems (SG) auf kontinuierliche Verbesserung von Methoden, Prozessen und Produkten in enger Zusammenarbeit mit seinen Kunden, Mitarbeitern, Lieferanten und anderen Beteiligten. Auf diese Weise \u00fcbernimmt die GLN die folgenden Grunds\u00e4tze: [\/vc_column_text][vc_row_inner][vc_column_inner width=&#8220;1\/2&#8243;][vc_column_text text_style=&#8220;leader-text&#8220;] Die Erf\u00fcllung der Anforderungen der Beteiligten gew\u00e4hrleisten und [&hellip;]<\/p>\n","protected":false},"author":10,"featured_media":0,"parent":0,"menu_order":0,"comment_status":"closed","ping_status":"closed","template":"","meta":{"footnotes":""},"class_list":["post-18236","page","type-page","status-publish","hentry"],"_links":{"self":[{"href":"https:\/\/gln.pt\/de\/wp-json\/wp\/v2\/pages\/18236","targetHints":{"allow":["GET"]}}],"collection":[{"href":"https:\/\/gln.pt\/de\/wp-json\/wp\/v2\/pages"}],"about":[{"href":"https:\/\/gln.pt\/de\/wp-json\/wp\/v2\/types\/page"}],"author":[{"embeddable":true,"href":"https:\/\/gln.pt\/de\/wp-json\/wp\/v2\/users\/10"}],"replies":[{"embeddable":true,"href":"https:\/\/gln.pt\/de\/wp-json\/wp\/v2\/comments?post=18236"}],"version-history":[{"count":1,"href":"https:\/\/gln.pt\/de\/wp-json\/wp\/v2\/pages\/18236\/revisions"}],"predecessor-version":[{"id":18250,"href":"https:\/\/gln.pt\/de\/wp-json\/wp\/v2\/pages\/18236\/revisions\/18250"}],"wp:attachment":[{"href":"https:\/\/gln.pt\/de\/wp-json\/wp\/v2\/media?parent=18236"}],"curies":[{"name":"wp","href":"https:\/\/api.w.org\/{rel}","templated":true}]}}