{"id":16697,"date":"2018-07-17T12:46:23","date_gmt":"2018-07-17T12:46:23","guid":{"rendered":"http:\/\/dev-glnmolds.younik.pt\/?page_id=16697"},"modified":"2025-11-10T11:50:01","modified_gmt":"2025-11-10T11:50:01","slug":"sistema-de-gestao","status":"publish","type":"page","link":"https:\/\/gln.pt\/en\/sistema-de-gestao\/","title":{"rendered":"Management system"},"content":{"rendered":"<p>[vc_row padding_top_multiplier=&#8221;4x&#8221; padding_bottom_multiplier=&#8221;4x&#8221;][vc_column]<h2 class=\"grve-element grve-title grve-align-center grve-h2 h2-strong\" style=\"\"><span>Integrated Management System Policy<\/span><\/h2>[vc_column_text text_style=&#8221;leader-text&#8221; css=&#8221;.vc_custom_1762775180486{padding-right: 5% !important;padding-left: 5% !important;}&#8221;]<\/p>\n<p style=\"text-align: center;\"><strong>GLN Group prioritizes people&#8217;s health and safety, the quality of our products and processes, respect for the environment, and the planet&#8217;s sustainability. <\/strong><strong>Our mission is to create sustainable value for present and future generations.<\/strong><\/p>\n<p>&nbsp;<\/p>\n<p style=\"text-align: center;\"><span data-teams=\"true\">At GLN Group, we are aware of our corporate and social responsibility, and as such, we commit ourselves to acting in an integrated and fair manner toward ali stakeholders and repudiating ali forms of discrimination or abuse. <\/span><\/p>\n<p style=\"text-align: center;\"><span data-teams=\"true\">This policy is an integral part of the Group&#8217;s strategy, which is based on teamwork through employee involvement in defining and fulfiliing the objectives of the management system. <\/span><\/p>\n<p style=\"text-align: center;\"><span data-teams=\"true\">The executive committee is committed to having an impact at ali levels of the organization.<br \/>\n<\/span><\/p>\n<p style=\"text-align: center;\"><span data-teams=\"true\">lt is our commitment to:<\/span><\/p>\n<p>[\/vc_column_text]<div class=\"grve-empty-space grve-height-1x\" style=\"\"><\/div><div class=\"grve-empty-space grve-height-1x\" style=\"\"><\/div>[vc_row_inner][vc_column_inner width=&#8221;1\/2&#8243;][vc_column_text text_style=&#8221;leader-text&#8221;]<span data-teams=\"true\">\u2022 Comply with ali legal, regulatory requirements (ISO 9001, ISO 14001, IATF 16949), statutory, regulations, and client specific requirements, or others that GLN Group decides to subscribe to.<br \/>\n\u2022 Satisfy our customers, shareholders, employees, and other stakeholders, anticipating and continualiy exceed ing their expectations through high-quality, safe, and sustainable products and services.<br \/>\n\u2022 Foster an organizational environment that provides open and transparent communication, promoting the sharing of experiences and the involvement of ali, and the equality of opportunities.<br \/>\n\u2022 Consolidate a spirit of innovation and idea generation, which ensures employee involvement, implementation of initiatives, and knowledge management to value human capital.<br \/>\n\u2022 Promote a culture of &#8220;zero defect&#8221; combined with the continuous improvement of our management system, using the best available techniques for product and process improvement, within the scope of the life cycle.<br \/>\n\u2022 Promote the sustainable use of resources, encouraging efficient consumption of raw materiais, water and energy, and using renewable sources whenever possible, to improve environmental performance.<br \/>\n\u2022 Minimize the impact of our operations on the ecosystem by reducing greenhouse gas (GHG) emissions, avoiding deforestation, and protecting the soil and animal welfare by applicable standards and international regulations on biodiversity.<\/span>[\/vc_column_text][\/vc_column_inner][vc_column_inner width=&#8221;1\/2&#8243;][vc_column_text text_style=&#8221;leader-text&#8221;]<span data-teams=\"true\">\u2022Promote responsible management of chemical substances and waste management, with a commitment to recycling and reuse where applicable, acting with the aim of poliution prevention.<br \/>\n\u2022 Consolidate the safety culture in the GLN Group aiming at &#8220;zero incidents&#8221;, eliminating hazards, and mitigating occupational risks and professional diseases.<br \/>\n\u2022 Encourage consultation and participation of ali employees in the area of safety.<br \/>\n\u2022 Continuously ensure a safe environment with adequate equipment, ergonomics and noise minimization by using coliective and individual protection equipment.<br \/>\n\u2022 Comply with legal health and safety requirements.<br \/>\n\u2022 lnform and train on fire prevention, emergency response, and protection against occupational diseases.<br \/>\n\u2022 Promote a culture of information and cyber security management, demonstrating GLN Group&#8217;s commitment to protecting corporate information and other information assets.<\/span>[\/vc_column_text][\/vc_column_inner][\/vc_row_inner]<div class=\"grve-empty-space grve-height-1x\" style=\"\"><\/div>[vc_column_text text_style=&#8221;leader-text&#8221; css=&#8221;.vc_custom_1762775087841{padding-right: 5% !important;padding-left: 5% !important;}&#8221;]<\/p>\n<p style=\"text-align: center;\"><em>The Board of Directors<\/em><\/p>\n<p>[\/vc_column_text][\/vc_column][\/vc_row][vc_row bg_type=&#8221;color&#8221; padding_top_multiplier=&#8221;4x&#8221; padding_bottom_multiplier=&#8221;4x&#8221; bg_color=&#8221;#f3f3f3&#8243;][vc_column]<h2 class=\"grve-element grve-title grve-align-center grve-h2\" style=\"\"><span>Certificates<\/span><\/h2><div class=\"grve-empty-space\" style=\"height: 10px;\"><\/div>[\/vc_column][vc_column][vc_row_inner][vc_column_inner width=&#8221;1\/4&#8243; el_class=&#8221;col-certificado&#8221;]<div class=\"grve-element grve-image grve-align-center\" style=\"\">  <div class=\"grve-image-wrapper\"><img loading=\"lazy\" decoding=\"async\" width=\"1429\" height=\"725\" src=\"https:\/\/gln.pt\/wp-content\/uploads\/TR-Testmark_9000032997_EN_CMYK_without-QR-Code.jpg\" class=\"attachment-full size-full\" alt=\"Management system\" srcset=\"https:\/\/gln.pt\/wp-content\/uploads\/TR-Testmark_9000032997_EN_CMYK_without-QR-Code.jpg 1429w, https:\/\/gln.pt\/wp-content\/uploads\/TR-Testmark_9000032997_EN_CMYK_without-QR-Code-300x152.jpg 300w, https:\/\/gln.pt\/wp-content\/uploads\/TR-Testmark_9000032997_EN_CMYK_without-QR-Code-1024x520.jpg 1024w, https:\/\/gln.pt\/wp-content\/uploads\/TR-Testmark_9000032997_EN_CMYK_without-QR-Code-768x390.jpg 768w\" sizes=\"auto, (max-width: 1429px) 100vw, 1429px\" title=\"Management system\" \/>   <\/div><\/div><div class=\"grve-empty-space grve-height-1x\" style=\"\"><\/div><h4 class=\"grve-element grve-title grve-align-left grve-h4 h4-strong-600\" style=\"margin-bottom: 10px;\"><span>ISO 9001:2015<br \/>\nISO 14001:2015<\/span><\/h4>[vc_column_text css=&#8221;.vc_custom_1568887127161{margin-top: 0px !important;}&#8221;]<\/p>\n<h6>Scope of certification<\/h6>\n<p>[\/vc_column_text][vc_column_text text_style=&#8221;leader-text&#8221;]Manufacture of plastic injection, hotstamping and assembly parts.[\/vc_column_text]<div class=\"grve-empty-space\" style=\"height: 10px;\"><\/div><div class=\"grve-element grve-gallery grve-isotope\" style=\"\" data-columns=\"3\" data-columns-large-screen=\"3\" data-columns-tablet-landscape=\"3\" data-columns-tablet-portrait=\"3\" data-columns-mobile=\"2\" data-layout=\"fitRows\">  <div class=\"grve-isotope-container\"><div class=\"grve-isotope-item grve-hover-item grve-hover-style-none\">  <figure class=\"grve-image-hover\">    <div class=\"grve-hover-overlay grve-bg-light grve-opacity-0\"><\/div><div class=\"grve-media\"><img loading=\"lazy\" decoding=\"async\" width=\"170\" height=\"32\" src=\"https:\/\/gln.pt\/wp-content\/uploads\/GLN_empresas-22.png\" class=\"attachment-medium size-medium\" alt=\"Management system\" title=\"Management system\" \/><\/div>  <\/figure><\/div>  <\/div><\/div><div class=\"grve-empty-space grve-height-1x\" style=\"\"><\/div>[vc_column_text]<\/p>\n<h6><span style=\"color: #ababab;\">Site Maceira<\/span><\/h6>\n<p>[\/vc_column_text][\/vc_column_inner][vc_column_inner width=&#8221;1\/4&#8243; el_class=&#8221;col-certificado&#8221;]<div class=\"grve-element grve-image grve-align-center\" style=\"\">  <div class=\"grve-image-wrapper\"><img loading=\"lazy\" decoding=\"async\" width=\"1434\" height=\"725\" src=\"https:\/\/gln.pt\/wp-content\/uploads\/TR-Testmark_9000032997_EN_CMYK_without-QR-Code.png\" class=\"attachment-full size-full\" alt=\"IATF 16949:2016 ISO 9001:2015\" srcset=\"https:\/\/gln.pt\/wp-content\/uploads\/TR-Testmark_9000032997_EN_CMYK_without-QR-Code.png 1434w, https:\/\/gln.pt\/wp-content\/uploads\/TR-Testmark_9000032997_EN_CMYK_without-QR-Code-300x152.png 300w, https:\/\/gln.pt\/wp-content\/uploads\/TR-Testmark_9000032997_EN_CMYK_without-QR-Code-1024x518.png 1024w, https:\/\/gln.pt\/wp-content\/uploads\/TR-Testmark_9000032997_EN_CMYK_without-QR-Code-768x388.png 768w\" sizes=\"auto, (max-width: 1434px) 100vw, 1434px\" title=\"Management system\" \/>   <\/div><\/div><div class=\"grve-empty-space grve-height-1x\" style=\"\"><\/div><h4 class=\"grve-element grve-title grve-align-left grve-h4 h4-strong-600\" style=\"margin-bottom: 10px;\"><span>IATF 16949:2016<br \/>\nISO 9001:2015<\/span><\/h4>[vc_column_text css=&#8221;.vc_custom_1531839858928{margin-top: 0px !important;}&#8221;]<\/p>\n<h6>Scope of certification<\/h6>\n<p>[\/vc_column_text][vc_column_text text_style=&#8221;leader-text&#8221;]Manufacture of plastic injection, hotstamping and assembly parts.[\/vc_column_text]<div class=\"grve-empty-space\" style=\"height: 10px;\"><\/div><div class=\"grve-element grve-gallery grve-isotope\" style=\"\" data-columns=\"3\" data-columns-large-screen=\"3\" data-columns-tablet-landscape=\"3\" data-columns-tablet-portrait=\"3\" data-columns-mobile=\"2\" data-layout=\"fitRows\">  <div class=\"grve-isotope-container\"><div class=\"grve-isotope-item grve-hover-item grve-hover-style-none\">  <figure class=\"grve-image-hover\">    <div class=\"grve-hover-overlay grve-bg-light grve-opacity-0\"><\/div><div class=\"grve-media\"><img loading=\"lazy\" decoding=\"async\" width=\"170\" height=\"32\" src=\"https:\/\/gln.pt\/wp-content\/uploads\/GLN_empresas-22.png\" class=\"attachment-medium size-medium\" alt=\"Management system\" title=\"Management system\" \/><\/div>  <\/figure><\/div>  <\/div><\/div><div class=\"grve-empty-space\" style=\"height: 5px;\"><\/div>[\/vc_column_inner][vc_column_inner width=&#8221;1\/4&#8243; el_class=&#8221;col-certificado&#8221;]<div class=\"grve-element grve-image grve-align-center\" style=\"\">  <div class=\"grve-image-wrapper\"><img loading=\"lazy\" decoding=\"async\" width=\"3150\" height=\"1550\" src=\"https:\/\/gln.pt\/wp-content\/uploads\/ISO_9001IQNET_COR.gif\" class=\"attachment-full size-full\" alt=\"Management system\" title=\"Management system\" \/>   <\/div><\/div><div class=\"grve-empty-space\" style=\"height: 10px;\"><\/div><div class=\"grve-empty-space\" style=\"height: 10px;\"><\/div><h4 class=\"grve-element grve-title grve-align-left grve-h4 h4-strong-600\" style=\"margin-bottom: 10px;\"><span>ISO 9001:2015<\/span><\/h4><div class=\"grve-empty-space\" style=\"height: 10px;\"><\/div><div class=\"grve-empty-space\" style=\"height: 10px;\"><\/div>[vc_column_text css=&#8221;.vc_custom_1531839858928{margin-top: 0px !important;}&#8221;]<\/p>\n<h6>Scope of certification<\/h6>\n<p>[\/vc_column_text][vc_column_text text_style=&#8221;leader-text&#8221;]Design and manufacture of molds for the plastics industry.[\/vc_column_text]<div class=\"grve-empty-space\" style=\"height: 10px;\"><\/div><div class=\"grve-empty-space\" style=\"height: 10px;\"><\/div><div class=\"grve-element grve-gallery grve-isotope\" style=\"\" data-columns=\"3\" data-columns-large-screen=\"3\" data-columns-tablet-landscape=\"3\" data-columns-tablet-portrait=\"3\" data-columns-mobile=\"2\" data-layout=\"fitRows\">  <div class=\"grve-isotope-container\"><div class=\"grve-isotope-item grve-hover-item grve-hover-style-none\">  <figure class=\"grve-image-hover\">    <div class=\"grve-hover-overlay grve-bg-light grve-opacity-0\"><\/div><div class=\"grve-media\"><img loading=\"lazy\" decoding=\"async\" width=\"170\" height=\"32\" src=\"https:\/\/gln.pt\/wp-content\/uploads\/GLN_empresas-20.png\" class=\"attachment-medium size-medium\" alt=\"Management system\" title=\"Management system\" \/><\/div>  <\/figure><\/div><div class=\"grve-isotope-item grve-hover-item grve-hover-style-none\">  <figure class=\"grve-image-hover\">    <div class=\"grve-hover-overlay grve-bg-light grve-opacity-0\"><\/div><div class=\"grve-media\"><img loading=\"lazy\" decoding=\"async\" width=\"170\" height=\"32\" src=\"https:\/\/gln.pt\/wp-content\/uploads\/GLN_empresas-21.png\" class=\"attachment-medium size-medium\" alt=\"Management system\" title=\"Management system\" \/><\/div>  <\/figure><\/div>  <\/div><\/div>[\/vc_column_inner][\/vc_row_inner][vc_row_inner][vc_column_inner width=&#8221;1\/4&#8243; el_class=&#8221;col-certificado&#8221;]<div class=\"grve-element grve-image grve-align-center\" style=\"\">  <div class=\"grve-image-wrapper\"><img loading=\"lazy\" decoding=\"async\" width=\"698\" height=\"357\" src=\"https:\/\/gln.pt\/wp-content\/uploads\/Certificado_apcer_iso_14001_e_IQNET-removebg-preview.png\" class=\"attachment-full size-full\" alt=\"Management system\" srcset=\"https:\/\/gln.pt\/wp-content\/uploads\/Certificado_apcer_iso_14001_e_IQNET-removebg-preview.png 698w, https:\/\/gln.pt\/wp-content\/uploads\/Certificado_apcer_iso_14001_e_IQNET-removebg-preview-300x153.png 300w\" sizes=\"auto, (max-width: 698px) 100vw, 698px\" title=\"Management system\" \/>   <\/div><\/div><h4 class=\"grve-element grve-title grve-align-left grve-h4 h4-strong-600\" style=\"margin-bottom: 10px;\"><span>ISO14001:2015<\/span><\/h4>[vc_column_text css=&#8221;.vc_custom_1531839858928{margin-top: 0px !important;}&#8221;]<\/p>\n<h6>Scope of certification<\/h6>\n<p>[\/vc_column_text][vc_column_text text_style=&#8221;leader-text&#8221;]Environmental management System.<br \/>\nDesign and manufacture of molds for the plastics industry.[\/vc_column_text]<div class=\"grve-empty-space\" style=\"height: 10px;\"><\/div><div class=\"grve-element grve-gallery grve-isotope\" style=\"\" data-columns=\"3\" data-columns-large-screen=\"3\" data-columns-tablet-landscape=\"3\" data-columns-tablet-portrait=\"3\" data-columns-mobile=\"2\" data-layout=\"fitRows\">  <div class=\"grve-isotope-container\"><div class=\"grve-isotope-item grve-hover-item grve-hover-style-none\">  <figure class=\"grve-image-hover\">    <div class=\"grve-hover-overlay grve-bg-light grve-opacity-0\"><\/div><div class=\"grve-media\"><img loading=\"lazy\" decoding=\"async\" width=\"170\" height=\"32\" src=\"https:\/\/gln.pt\/wp-content\/uploads\/GLN_empresas-20.png\" class=\"attachment-medium size-medium\" alt=\"Management system\" title=\"Management system\" \/><\/div>  <\/figure><\/div>  <\/div><\/div>[\/vc_column_inner][vc_column_inner width=&#8221;1\/4&#8243; el_class=&#8221;col-certificado&#8221;]<div class=\"grve-element grve-image grve-align-center\" style=\"\">  <div class=\"grve-image-wrapper\"><img loading=\"lazy\" decoding=\"async\" width=\"480\" height=\"270\" src=\"https:\/\/gln.pt\/wp-content\/uploads\/ISO-9001.png\" class=\"attachment-full size-full\" alt=\"Management system\" srcset=\"https:\/\/gln.pt\/wp-content\/uploads\/ISO-9001.png 480w, https:\/\/gln.pt\/wp-content\/uploads\/ISO-9001-300x169.png 300w\" sizes=\"auto, (max-width: 480px) 100vw, 480px\" title=\"Management system\" \/>   <\/div><\/div><h4 class=\"grve-element grve-title grve-align-left grve-h4 h4-strong-600\" style=\"margin-bottom: 10px;\"><span>ISO 9001:2015<\/span><\/h4>[vc_column_text css=&#8221;.vc_custom_1531839858928{margin-top: 0px !important;}&#8221;]<\/p>\n<h6>Scope of certification<\/h6>\n<p>[\/vc_column_text][vc_column_text text_style=&#8221;leader-text&#8221;]Production of injected plastic parts, maintenance and manufacture of molds for the plastic industry.[\/vc_column_text]<div class=\"grve-empty-space\" style=\"height: 10px;\"><\/div><div class=\"grve-element grve-gallery grve-isotope\" style=\"\" data-columns=\"3\" data-columns-large-screen=\"3\" data-columns-tablet-landscape=\"3\" data-columns-tablet-portrait=\"3\" data-columns-mobile=\"2\" data-layout=\"fitRows\">  <div class=\"grve-isotope-container\"><div class=\"grve-isotope-item grve-hover-item grve-hover-style-none\">  <figure class=\"grve-image-hover\">    <div class=\"grve-hover-overlay grve-bg-light grve-opacity-0\"><\/div><div class=\"grve-media\"><img loading=\"lazy\" decoding=\"async\" width=\"170\" height=\"32\" src=\"https:\/\/gln.pt\/wp-content\/uploads\/GLN_empresas-23.png\" class=\"attachment-medium size-medium\" alt=\"Management system\" title=\"Management system\" \/><\/div>  <\/figure><\/div>  <\/div><\/div>[\/vc_column_inner][vc_column_inner width=&#8221;1\/4&#8243; el_class=&#8221;col-certificado&#8221;]<div class=\"grve-element grve-image grve-align-center\" style=\"\">  <div class=\"grve-image-wrapper\"><img loading=\"lazy\" decoding=\"async\" width=\"480\" height=\"270\" src=\"https:\/\/gln.pt\/wp-content\/uploads\/tuv.png\" class=\"attachment-full size-full\" alt=\"Management system\" srcset=\"https:\/\/gln.pt\/wp-content\/uploads\/tuv.png 480w, https:\/\/gln.pt\/wp-content\/uploads\/tuv-300x169.png 300w\" sizes=\"auto, (max-width: 480px) 100vw, 480px\" title=\"Management system\" \/>   <\/div><\/div><h4 class=\"grve-element grve-title grve-align-left grve-h4 h4-strong-600\" style=\"margin-bottom: 10px;\"><span>IATF 16949:2016<\/span><\/h4>[vc_column_text css=&#8221;.vc_custom_1531839858928{margin-top: 0px !important;}&#8221;]<\/p>\n<h6>Scope of certification<\/h6>\n<p>[\/vc_column_text][vc_column_text text_style=&#8221;leader-text&#8221;]Injection of high precision plastic parts.[\/vc_column_text]<div class=\"grve-empty-space\" style=\"height: 10px;\"><\/div><div class=\"grve-element grve-gallery grve-isotope\" style=\"\" data-columns=\"3\" data-columns-large-screen=\"3\" data-columns-tablet-landscape=\"3\" data-columns-tablet-portrait=\"3\" data-columns-mobile=\"2\" data-layout=\"fitRows\">  <div class=\"grve-isotope-container\"><div class=\"grve-isotope-item grve-hover-item grve-hover-style-none\">  <figure class=\"grve-image-hover\">    <div class=\"grve-hover-overlay grve-bg-light grve-opacity-0\"><\/div><div class=\"grve-media\"><img loading=\"lazy\" decoding=\"async\" width=\"170\" height=\"32\" src=\"https:\/\/gln.pt\/wp-content\/uploads\/GLN_empresas-23.png\" class=\"attachment-medium size-medium\" alt=\"Management system\" title=\"Management system\" \/><\/div>  <\/figure><\/div>  <\/div><\/div>[\/vc_column_inner][vc_column_inner width=&#8221;1\/4&#8243; el_class=&#8221;col-certificado&#8221;]<div class=\"grve-element grve-image grve-align-center\" style=\"margin-bottom: 10px;\">  <div class=\"grve-image-wrapper\"><img loading=\"lazy\" decoding=\"async\" width=\"480\" height=\"270\" src=\"https:\/\/gln.pt\/wp-content\/uploads\/GLNMEXICO_ISO-14001_SEM-FUNDO-1.png\" class=\"attachment-full size-full\" alt=\"Management system\" srcset=\"https:\/\/gln.pt\/wp-content\/uploads\/GLNMEXICO_ISO-14001_SEM-FUNDO-1.png 480w, https:\/\/gln.pt\/wp-content\/uploads\/GLNMEXICO_ISO-14001_SEM-FUNDO-1-300x169.png 300w\" sizes=\"auto, (max-width: 480px) 100vw, 480px\" title=\"Management system\" \/>   <\/div><\/div><h4 class=\"grve-element grve-title grve-align-left grve-h4 h4-strong-600\" style=\"margin-bottom: 10px;\"><span>ISO 14001:2015<\/span><\/h4>[vc_column_text css=&#8221;.vc_custom_1531839858928{margin-top: 0px !important;}&#8221;]<\/p>\n<h6>Scope of certification<\/h6>\n<p>[\/vc_column_text][vc_column_text text_style=&#8221;leader-text&#8221;]Production of plastic parts by injection, manufacture and maintenance of molds for the plastic industry.[\/vc_column_text]<div class=\"grve-empty-space\" style=\"height: 10px;\"><\/div><div class=\"grve-element grve-gallery grve-isotope\" style=\"\" data-columns=\"3\" data-columns-large-screen=\"3\" data-columns-tablet-landscape=\"3\" data-columns-tablet-portrait=\"3\" data-columns-mobile=\"2\" data-layout=\"fitRows\">  <div class=\"grve-isotope-container\"><div class=\"grve-isotope-item grve-hover-item grve-hover-style-none\">  <figure class=\"grve-image-hover\">    <div class=\"grve-hover-overlay grve-bg-light grve-opacity-0\"><\/div><div class=\"grve-media\"><img loading=\"lazy\" decoding=\"async\" width=\"170\" height=\"32\" src=\"https:\/\/gln.pt\/wp-content\/uploads\/GLN_empresas-23.png\" class=\"attachment-medium size-medium\" alt=\"Management system\" title=\"Management system\" \/><\/div>  <\/figure><\/div>  <\/div><\/div>[\/vc_column_inner][\/vc_row_inner][\/vc_column][vc_column el_class=&#8221;hide-element&#8221;]<div class=\"grve-empty-space grve-height-2x\" style=\"\"><\/div><h3 class=\"grve-element grve-title grve-align-center grve-h4 grve-increase-heading grve-heading-140\" style=\"\"><span>&#8211; Em Implementa\u00e7\u00e3o &#8211;<\/span><\/h3><div class=\"grve-empty-space\" style=\"height: 10px;\"><\/div>[vc_row_inner][vc_column_inner width=&#8221;1\/4&#8243; el_class=&#8221;col-certificado&#8221;]<div class=\"grve-element grve-image grve-grayscale-image cert-em-impl grve-align-center\" style=\"\">  <div class=\"grve-image-wrapper\"><img loading=\"lazy\" decoding=\"async\" width=\"480\" height=\"270\" src=\"https:\/\/gln.pt\/wp-content\/uploads\/ISO-16949.png\" class=\"attachment-full size-full\" alt=\"Management system\" srcset=\"https:\/\/gln.pt\/wp-content\/uploads\/ISO-16949.png 480w, https:\/\/gln.pt\/wp-content\/uploads\/ISO-16949-300x169.png 300w\" sizes=\"auto, (max-width: 480px) 100vw, 480px\" title=\"Management system\" \/>   <\/div><\/div><h4 class=\"grve-element grve-title grve-align-left grve-h4 h4-strong-600\" style=\"margin-bottom: 10px;\"><span>IATF 16949:2016<\/span><\/h4>[vc_column_text css=&#8221;.vc_custom_1531839858928{margin-top: 0px !important;}&#8221;]<\/p>\n<h6>Scope of certification<\/h6>\n<p>[\/vc_column_text][vc_column_text text_style=&#8221;leader-text&#8221;]Em fase de implementa\u00e7\u00e3o dos requisitos da norma IATF 16949:2016 em inje\u00e7\u00e3o de pe\u00e7as pl\u00e1sticas de alta precis\u00e3o.[\/vc_column_text]<div class=\"grve-empty-space\" style=\"height: 10px;\"><\/div><div class=\"grve-element grve-gallery grve-isotope\" style=\"\" data-columns=\"3\" data-columns-large-screen=\"3\" data-columns-tablet-landscape=\"3\" data-columns-tablet-portrait=\"3\" data-columns-mobile=\"2\" data-layout=\"fitRows\">  <div class=\"grve-isotope-container\"><div class=\"grve-isotope-item grve-hover-item grve-hover-style-none\">  <figure class=\"grve-image-hover\">    <div class=\"grve-hover-overlay grve-bg-light grve-opacity-0\"><\/div><div class=\"grve-media\"><img loading=\"lazy\" decoding=\"async\" width=\"170\" height=\"32\" src=\"https:\/\/gln.pt\/wp-content\/uploads\/GLN_empresas-23.png\" class=\"attachment-medium size-medium\" alt=\"Management system\" title=\"Management system\" \/><\/div>  <\/figure><\/div>  <\/div><\/div>[\/vc_column_inner][vc_column_inner width=&#8221;1\/4&#8243; el_class=&#8221;col-certificado&#8221;][\/vc_column_inner][vc_column_inner width=&#8221;1\/4&#8243; el_class=&#8221;col-certificado&#8221;][\/vc_column_inner][vc_column_inner width=&#8221;1\/4&#8243; el_class=&#8221;col-certificado&#8221;][\/vc_column_inner][\/vc_row_inner][\/vc_column][\/vc_row]<\/p>","protected":false},"excerpt":{"rendered":"<p>[vc_row padding_top_multiplier=&#8221;4x&#8221; padding_bottom_multiplier=&#8221;4x&#8221;][vc_column][vc_column_text text_style=&#8221;leader-text&#8221; css=&#8221;.vc_custom_1762775180486{padding-right: 5% !important;padding-left: 5% !important;}&#8221;] GLN Group prioritizes people&#8217;s health and safety, the quality of our products and processes, respect for the environment, and the planet&#8217;s sustainability. Our mission is to create sustainable value for present and future generations. &nbsp; At GLN Group, we are aware of our corporate and social [&hellip;]<\/p>\n","protected":false},"author":1,"featured_media":0,"parent":0,"menu_order":0,"comment_status":"closed","ping_status":"closed","template":"","meta":{"footnotes":""},"class_list":["post-16697","page","type-page","status-publish","hentry"],"_links":{"self":[{"href":"https:\/\/gln.pt\/en\/wp-json\/wp\/v2\/pages\/16697","targetHints":{"allow":["GET"]}}],"collection":[{"href":"https:\/\/gln.pt\/en\/wp-json\/wp\/v2\/pages"}],"about":[{"href":"https:\/\/gln.pt\/en\/wp-json\/wp\/v2\/types\/page"}],"author":[{"embeddable":true,"href":"https:\/\/gln.pt\/en\/wp-json\/wp\/v2\/users\/1"}],"replies":[{"embeddable":true,"href":"https:\/\/gln.pt\/en\/wp-json\/wp\/v2\/comments?post=16697"}],"version-history":[{"count":5,"href":"https:\/\/gln.pt\/en\/wp-json\/wp\/v2\/pages\/16697\/revisions"}],"predecessor-version":[{"id":19289,"href":"https:\/\/gln.pt\/en\/wp-json\/wp\/v2\/pages\/16697\/revisions\/19289"}],"wp:attachment":[{"href":"https:\/\/gln.pt\/en\/wp-json\/wp\/v2\/media?parent=16697"}],"curies":[{"name":"wp","href":"https:\/\/api.w.org\/{rel}","templated":true}]}}