{"id":18236,"date":"2021-06-22T16:44:38","date_gmt":"2021-06-22T16:44:38","guid":{"rendered":"https:\/\/gln.pt\/?page_id=18236"},"modified":"2021-06-22T17:01:43","modified_gmt":"2021-06-22T17:01:43","slug":"famolde","status":"publish","type":"page","link":"https:\/\/gln.pt\/en\/famolde\/","title":{"rendered":"Famolde"},"content":{"rendered":"<p>[vc_row padding_top_multiplier=&#8221;4x&#8221; padding_bottom_multiplier=&#8221;4x&#8221;][vc_column]<h2 class=\"grve-element grve-title grve-align-center grve-h2 h2-strong\" style=\"\"><span>Management System Policy<\/span><\/h2>[vc_column_text text_style=&#8221;leader-text&#8221; css=&#8221;.vc_custom_1568822614394{padding-right: 5% !important;padding-left: 5% !important;}&#8221;]<\/p>\n<p style=\"text-align: center;\">GLN governs its Management System (MS) policy through continuous improvement of methods, processes and products, working closely with its customers, employees, suppliers and other stakeholders.<br \/>\nAccordingly, GLN adopts the following principles:<\/p>\n<p>[\/vc_column_text]<div class=\"grve-empty-space grve-height-1x\" style=\"\"><\/div><div class=\"grve-empty-space grve-height-1x\" style=\"\"><\/div>[vc_row_inner][vc_column_inner width=&#8221;1\/2&#8243;][vc_column_text text_style=&#8221;leader-text&#8221;]<\/p>\n<ul>\n<li>Guaranteeing stakeholders requirements, ensuring their satisfaction, trust and loyalty;<\/li>\n<li>Establishing within its employees the dynamics in investigation, development and innovation by promoting the necessary means and training for the proper performance of their duties, thereby enabling GLN with innovative solutions and a competitive edge;<\/li>\n<li>Providing products and services capable of meeting customer requirements with the highest possible precision and accuracy;<\/li>\n<li>Committing to meet deadlines, product quality assurance and continuous process improvements;<\/li>\n<li>Ensuring risk assessment by defining preventive controls to mitigate impact on products, processes, customers and stakeholders;<\/li>\n<li>Complying with requirements to the standard NP EN ISO 9001, IATF 16949 and NP EN ISO 14001;<\/li>\n<\/ul>\n<p>[\/vc_column_text][\/vc_column_inner][vc_column_inner width=&#8221;1\/2&#8243;][vc_column_text text_style=&#8221;leader-text&#8221;]<\/p>\n<ul>\n<li>Complying with customer requisites, legislation, regulations, conformity obligations and other requirements that GLN subscribes to;<\/li>\n<li>Committing to identifying and evaluating main hazards, in order to define actions that mitigate the risks to witch workers are exposed to, as well as providing safety equipment appropriate for the performance of their work;<\/li>\n<li>Committing to the rational use of resources, based on the concept of sustainable development and continuous improvement of the environmental management system, in order to improve environmental performance;<\/li>\n<li>Ensuring sound waste management and committing to the environmental protection including the prevention of pollution;<\/li>\n<\/ul>\n<p>[\/vc_column_text][\/vc_column_inner][\/vc_row_inner]<div class=\"grve-empty-space grve-height-1x\" style=\"\"><\/div>[vc_column_text text_style=&#8221;leader-text&#8221; css=&#8221;.vc_custom_1592325584054{padding-right: 5% !important;padding-left: 5% !important;}&#8221;]<\/p>\n<p style=\"text-align: center;\">This policy is achieved through the individual involvement of each employee and teamwork, by defining, reviewing, approving, implementing and meeting the objectives of the management system.<\/p>\n<p style=\"text-align: center;\">The MS Policy was approved and disclosed on the 25<sup>th<\/sup> of October 2019. And is in revision 02.<\/p>\n<p style=\"text-align: center;\"><em>GLN S.A. Executive Commission<\/em><\/p>\n<p>[\/vc_column_text][\/vc_column][\/vc_row][vc_row bg_type=&#8221;color&#8221; padding_top_multiplier=&#8221;4x&#8221; padding_bottom_multiplier=&#8221;4x&#8221; bg_color=&#8221;#f3f3f3&#8243;][vc_column]<h2 class=\"grve-element grve-title grve-align-center grve-h2\" style=\"\"><span>Certificates<\/span><\/h2><div class=\"grve-empty-space\" style=\"height: 10px;\"><\/div>[\/vc_column][vc_column][vc_row_inner][vc_column_inner width=&#8221;1\/4&#8243; el_class=&#8221;col-certificado&#8221;]<div class=\"grve-element grve-image grve-align-center\" style=\"\">  <div class=\"grve-image-wrapper\"><img loading=\"lazy\" decoding=\"async\" width=\"480\" height=\"270\" src=\"https:\/\/gln.pt\/wp-content\/uploads\/ISO-9001.png\" class=\"attachment-full size-full\" alt=\"Management system\" srcset=\"https:\/\/gln.pt\/wp-content\/uploads\/ISO-9001.png 480w, https:\/\/gln.pt\/wp-content\/uploads\/ISO-9001-300x169.png 300w\" sizes=\"auto, (max-width: 480px) 100vw, 480px\" title=\"Management system\" \/>   <\/div><\/div><h4 class=\"grve-element grve-title grve-align-left grve-h4 h4-strong-600\" style=\"margin-bottom: 10px;\"><span>ISO 9001:2015<\/span><\/h4>[vc_column_text css=&#8221;.vc_custom_1568887127161{margin-top: 0px !important;}&#8221;]<\/p>\n<h6>Scope of certification<\/h6>\n<p>[\/vc_column_text][vc_column_text text_style=&#8221;leader-text&#8221;]Manufacture of plastic injection and assembly parts.[\/vc_column_text]<div class=\"grve-empty-space\" style=\"height: 10px;\"><\/div><div class=\"grve-element grve-gallery grve-isotope\" style=\"\" data-columns=\"3\" data-columns-large-screen=\"3\" data-columns-tablet-landscape=\"3\" data-columns-tablet-portrait=\"3\" data-columns-mobile=\"2\" data-layout=\"fitRows\">  <div class=\"grve-isotope-container\"><div class=\"grve-isotope-item grve-hover-item grve-hover-style-none\">  <figure class=\"grve-image-hover\">    <div class=\"grve-hover-overlay grve-bg-light grve-opacity-0\"><\/div><div class=\"grve-media\"><img loading=\"lazy\" decoding=\"async\" width=\"170\" height=\"32\" src=\"https:\/\/gln.pt\/wp-content\/uploads\/GLN_empresas-22.png\" class=\"attachment-medium size-medium\" alt=\"Management system\" title=\"Management system\" \/><\/div>  <\/figure><\/div>  <\/div><\/div>[\/vc_column_inner][vc_column_inner width=&#8221;1\/4&#8243; el_class=&#8221;col-certificado&#8221;]<div class=\"grve-element grve-image grve-align-center\" style=\"\">  <div class=\"grve-image-wrapper\"><img loading=\"lazy\" decoding=\"async\" width=\"480\" height=\"270\" src=\"https:\/\/gln.pt\/wp-content\/uploads\/IATF-16949-2.png\" class=\"attachment-full size-full\" alt=\"Management system\" srcset=\"https:\/\/gln.pt\/wp-content\/uploads\/IATF-16949-2.png 480w, https:\/\/gln.pt\/wp-content\/uploads\/IATF-16949-2-300x169.png 300w\" sizes=\"auto, (max-width: 480px) 100vw, 480px\" title=\"Management system\" \/>   <\/div><\/div><h4 class=\"grve-element grve-title grve-align-left grve-h4 h4-strong-600\" style=\"margin-bottom: 10px;\"><span>IATF 16949:2016<\/span><\/h4>[vc_column_text css=&#8221;.vc_custom_1531839858928{margin-top: 0px !important;}&#8221;]<\/p>\n<h6>Scope of certification<\/h6>\n<p>[\/vc_column_text][vc_column_text text_style=&#8221;leader-text&#8221;]Manufacture of plastic injection and assembly parts.[\/vc_column_text]<div class=\"grve-empty-space\" style=\"height: 10px;\"><\/div><div class=\"grve-element grve-gallery grve-isotope\" style=\"\" data-columns=\"3\" data-columns-large-screen=\"3\" data-columns-tablet-landscape=\"3\" data-columns-tablet-portrait=\"3\" data-columns-mobile=\"2\" data-layout=\"fitRows\">  <div class=\"grve-isotope-container\"><div class=\"grve-isotope-item grve-hover-item grve-hover-style-none\">  <figure class=\"grve-image-hover\">    <div class=\"grve-hover-overlay grve-bg-light grve-opacity-0\"><\/div><div class=\"grve-media\"><img loading=\"lazy\" decoding=\"async\" width=\"170\" height=\"32\" src=\"https:\/\/gln.pt\/wp-content\/uploads\/GLN_empresas-22.png\" class=\"attachment-medium size-medium\" alt=\"Management system\" title=\"Management system\" \/><\/div>  <\/figure><\/div>  <\/div><\/div>[\/vc_column_inner][vc_column_inner width=&#8221;1\/4&#8243; el_class=&#8221;col-certificado&#8221;]<div class=\"grve-element grve-image grve-align-center\" style=\"\">  <div class=\"grve-image-wrapper\"><img loading=\"lazy\" decoding=\"async\" width=\"480\" height=\"270\" src=\"https:\/\/gln.pt\/wp-content\/uploads\/ISO-14001-2.png\" class=\"attachment-full size-full\" alt=\"Management system\" srcset=\"https:\/\/gln.pt\/wp-content\/uploads\/ISO-14001-2.png 480w, https:\/\/gln.pt\/wp-content\/uploads\/ISO-14001-2-300x169.png 300w\" sizes=\"auto, (max-width: 480px) 100vw, 480px\" title=\"Management system\" \/>   <\/div><\/div><h4 class=\"grve-element grve-title grve-align-left grve-h4 h4-strong-600\" style=\"margin-bottom: 10px;\"><span>ISO14001:2015<\/span><\/h4>[vc_column_text css=&#8221;.vc_custom_1531839858928{margin-top: 0px !important;}&#8221;]<\/p>\n<h6>Scope of certification<\/h6>\n<p>[\/vc_column_text][vc_column_text text_style=&#8221;leader-text&#8221;]Manufacture of plastic injection and assembly parts.[\/vc_column_text]<div class=\"grve-empty-space\" style=\"height: 10px;\"><\/div><div class=\"grve-element grve-gallery grve-isotope\" style=\"\" data-columns=\"3\" data-columns-large-screen=\"3\" data-columns-tablet-landscape=\"3\" data-columns-tablet-portrait=\"3\" data-columns-mobile=\"2\" data-layout=\"fitRows\">  <div class=\"grve-isotope-container\"><div class=\"grve-isotope-item grve-hover-item grve-hover-style-none\">  <figure class=\"grve-image-hover\">    <div class=\"grve-hover-overlay grve-bg-light grve-opacity-0\"><\/div><div class=\"grve-media\"><img loading=\"lazy\" decoding=\"async\" width=\"170\" height=\"32\" src=\"https:\/\/gln.pt\/wp-content\/uploads\/GLN_empresas-22.png\" class=\"attachment-medium size-medium\" alt=\"Management system\" title=\"Management system\" \/><\/div>  <\/figure><\/div>  <\/div><\/div><div class=\"grve-empty-space\" style=\"height: 5px;\"><\/div>[vc_column_text css=&#8221;.vc_custom_1559896113390{margin-top: 0px !important;}&#8221;]<\/p>\n<h6><span style=\"color: #ababab;\">Site Maceira<\/span><\/h6>\n<p>[\/vc_column_text][\/vc_column_inner][vc_column_inner width=&#8221;1\/4&#8243; el_class=&#8221;col-certificado&#8221;]<div class=\"grve-element grve-image grve-align-center\" style=\"\">  <div class=\"grve-image-wrapper\"><img loading=\"lazy\" decoding=\"async\" width=\"480\" height=\"270\" src=\"https:\/\/gln.pt\/wp-content\/uploads\/apcer-iso-9001.png\" class=\"attachment-full size-full\" alt=\"Management system\" srcset=\"https:\/\/gln.pt\/wp-content\/uploads\/apcer-iso-9001.png 480w, https:\/\/gln.pt\/wp-content\/uploads\/apcer-iso-9001-300x169.png 300w\" sizes=\"auto, (max-width: 480px) 100vw, 480px\" title=\"Management system\" \/>   <\/div><\/div><h4 class=\"grve-element grve-title grve-align-left grve-h4 h4-strong-600\" style=\"margin-bottom: 10px;\"><span>ISO 9001:2015<\/span><\/h4>[vc_column_text css=&#8221;.vc_custom_1531839858928{margin-top: 0px !important;}&#8221;]<\/p>\n<h6>Scope of certification<\/h6>\n<p>[\/vc_column_text][vc_column_text text_style=&#8221;leader-text&#8221;]Design and manufacture of molds for the plastics industry.[\/vc_column_text]<div class=\"grve-empty-space\" style=\"height: 10px;\"><\/div><div class=\"grve-element grve-gallery grve-isotope\" style=\"\" data-columns=\"3\" data-columns-large-screen=\"3\" data-columns-tablet-landscape=\"3\" data-columns-tablet-portrait=\"3\" data-columns-mobile=\"2\" data-layout=\"fitRows\">  <div class=\"grve-isotope-container\"><div class=\"grve-isotope-item grve-hover-item grve-hover-style-none\">  <figure class=\"grve-image-hover\">    <div class=\"grve-hover-overlay grve-bg-light grve-opacity-0\"><\/div><div class=\"grve-media\"><img loading=\"lazy\" decoding=\"async\" width=\"170\" height=\"32\" src=\"https:\/\/gln.pt\/wp-content\/uploads\/GLN_empresas-20.png\" class=\"attachment-medium size-medium\" alt=\"Management system\" title=\"Management system\" \/><\/div>  <\/figure><\/div><div class=\"grve-isotope-item grve-hover-item grve-hover-style-none\">  <figure class=\"grve-image-hover\">    <div class=\"grve-hover-overlay grve-bg-light grve-opacity-0\"><\/div><div class=\"grve-media\"><img loading=\"lazy\" decoding=\"async\" width=\"170\" height=\"32\" src=\"https:\/\/gln.pt\/wp-content\/uploads\/GLN_empresas-21.png\" class=\"attachment-medium size-medium\" alt=\"Management system\" title=\"Management system\" \/><\/div>  <\/figure><\/div>  <\/div><\/div>[\/vc_column_inner][\/vc_row_inner][vc_row_inner][vc_column_inner width=&#8221;1\/4&#8243; el_class=&#8221;col-certificado&#8221;]<div class=\"grve-element grve-image grve-align-center\" style=\"\">  <div class=\"grve-image-wrapper\"><img loading=\"lazy\" decoding=\"async\" width=\"480\" height=\"270\" src=\"https:\/\/gln.pt\/wp-content\/uploads\/ISO-14001-2.png\" class=\"attachment-full size-full\" alt=\"Management system\" srcset=\"https:\/\/gln.pt\/wp-content\/uploads\/ISO-14001-2.png 480w, https:\/\/gln.pt\/wp-content\/uploads\/ISO-14001-2-300x169.png 300w\" sizes=\"auto, (max-width: 480px) 100vw, 480px\" title=\"Management system\" \/>   <\/div><\/div><h4 class=\"grve-element grve-title grve-align-left grve-h4 h4-strong-600\" style=\"margin-bottom: 10px;\"><span>ISO14001:2015<\/span><\/h4>[vc_column_text css=&#8221;.vc_custom_1531839858928{margin-top: 0px !important;}&#8221;]<\/p>\n<h6>Scope of certification<\/h6>\n<p>[\/vc_column_text][vc_column_text text_style=&#8221;leader-text&#8221;]Environmental management System.<br \/>\nDesign and manufacture of molds for the plastics industry.[\/vc_column_text]<div class=\"grve-empty-space\" style=\"height: 10px;\"><\/div><div class=\"grve-element grve-gallery grve-isotope\" style=\"\" data-columns=\"3\" data-columns-large-screen=\"3\" data-columns-tablet-landscape=\"3\" data-columns-tablet-portrait=\"3\" data-columns-mobile=\"2\" data-layout=\"fitRows\">  <div class=\"grve-isotope-container\"><div class=\"grve-isotope-item grve-hover-item grve-hover-style-none\">  <figure class=\"grve-image-hover\">    <div class=\"grve-hover-overlay grve-bg-light grve-opacity-0\"><\/div><div class=\"grve-media\"><img loading=\"lazy\" decoding=\"async\" width=\"170\" height=\"32\" src=\"https:\/\/gln.pt\/wp-content\/uploads\/GLN_empresas-20.png\" class=\"attachment-medium size-medium\" alt=\"Management system\" title=\"Management system\" \/><\/div>  <\/figure><\/div>  <\/div><\/div>[\/vc_column_inner][vc_column_inner width=&#8221;1\/4&#8243; el_class=&#8221;col-certificado&#8221;]<div class=\"grve-element grve-image grve-align-center\" style=\"\">  <div class=\"grve-image-wrapper\"><img loading=\"lazy\" decoding=\"async\" width=\"480\" height=\"270\" src=\"https:\/\/gln.pt\/wp-content\/uploads\/ISO-9001.png\" class=\"attachment-full size-full\" alt=\"Management system\" srcset=\"https:\/\/gln.pt\/wp-content\/uploads\/ISO-9001.png 480w, https:\/\/gln.pt\/wp-content\/uploads\/ISO-9001-300x169.png 300w\" sizes=\"auto, (max-width: 480px) 100vw, 480px\" title=\"Management system\" \/>   <\/div><\/div><h4 class=\"grve-element grve-title grve-align-left grve-h4 h4-strong-600\" style=\"margin-bottom: 10px;\"><span>ISO 9001:2015<\/span><\/h4>[vc_column_text css=&#8221;.vc_custom_1531839858928{margin-top: 0px !important;}&#8221;]<\/p>\n<h6>Scope of certification<\/h6>\n<p>[\/vc_column_text][vc_column_text text_style=&#8221;leader-text&#8221;]Production of injected plastic parts, maintenance and manufacture of molds for the plastic industry.[\/vc_column_text]<div class=\"grve-empty-space\" style=\"height: 10px;\"><\/div><div class=\"grve-element grve-gallery grve-isotope\" style=\"\" data-columns=\"3\" data-columns-large-screen=\"3\" data-columns-tablet-landscape=\"3\" data-columns-tablet-portrait=\"3\" data-columns-mobile=\"2\" data-layout=\"fitRows\">  <div class=\"grve-isotope-container\"><div class=\"grve-isotope-item grve-hover-item grve-hover-style-none\">  <figure class=\"grve-image-hover\">    <div class=\"grve-hover-overlay grve-bg-light grve-opacity-0\"><\/div><div class=\"grve-media\"><img loading=\"lazy\" decoding=\"async\" width=\"170\" height=\"32\" src=\"https:\/\/gln.pt\/wp-content\/uploads\/GLN_empresas-23.png\" class=\"attachment-medium size-medium\" alt=\"Management system\" title=\"Management system\" \/><\/div>  <\/figure><\/div>  <\/div><\/div>[\/vc_column_inner][vc_column_inner width=&#8221;1\/4&#8243; el_class=&#8221;col-certificado&#8221;]<div class=\"grve-element grve-image grve-align-center\" style=\"\">  <div class=\"grve-image-wrapper\"><img loading=\"lazy\" decoding=\"async\" width=\"480\" height=\"270\" src=\"https:\/\/gln.pt\/wp-content\/uploads\/tuv.png\" class=\"attachment-full size-full\" alt=\"Management system\" srcset=\"https:\/\/gln.pt\/wp-content\/uploads\/tuv.png 480w, https:\/\/gln.pt\/wp-content\/uploads\/tuv-300x169.png 300w\" sizes=\"auto, (max-width: 480px) 100vw, 480px\" title=\"Management system\" \/>   <\/div><\/div><h4 class=\"grve-element grve-title grve-align-left grve-h4 h4-strong-600\" style=\"margin-bottom: 10px;\"><span>IATF 16949:2016<\/span><\/h4>[vc_column_text css=&#8221;.vc_custom_1531839858928{margin-top: 0px !important;}&#8221;]<\/p>\n<h6>Scope of certification<\/h6>\n<p>[\/vc_column_text][vc_column_text text_style=&#8221;leader-text&#8221;]Injection of high precision plastic parts.[\/vc_column_text]<div class=\"grve-empty-space\" style=\"height: 10px;\"><\/div><div class=\"grve-element grve-gallery grve-isotope\" style=\"\" data-columns=\"3\" data-columns-large-screen=\"3\" data-columns-tablet-landscape=\"3\" data-columns-tablet-portrait=\"3\" data-columns-mobile=\"2\" data-layout=\"fitRows\">  <div class=\"grve-isotope-container\"><div class=\"grve-isotope-item grve-hover-item grve-hover-style-none\">  <figure class=\"grve-image-hover\">    <div class=\"grve-hover-overlay grve-bg-light grve-opacity-0\"><\/div><div class=\"grve-media\"><img loading=\"lazy\" decoding=\"async\" width=\"170\" height=\"32\" src=\"https:\/\/gln.pt\/wp-content\/uploads\/GLN_empresas-23.png\" class=\"attachment-medium size-medium\" alt=\"Management system\" title=\"Management system\" \/><\/div>  <\/figure><\/div>  <\/div><\/div>[\/vc_column_inner][vc_column_inner width=&#8221;1\/4&#8243; el_class=&#8221;col-certificado&#8221;][\/vc_column_inner][\/vc_row_inner][\/vc_column][vc_column el_class=&#8221;hide-element&#8221;]<div class=\"grve-empty-space grve-height-2x\" style=\"\"><\/div><h3 class=\"grve-element grve-title grve-align-center grve-h4 grve-increase-heading grve-heading-140\" style=\"\"><span>&#8211; Em Implementa\u00e7\u00e3o &#8211;<\/span><\/h3><div class=\"grve-empty-space\" style=\"height: 10px;\"><\/div>[vc_row_inner][vc_column_inner width=&#8221;1\/4&#8243; el_class=&#8221;col-certificado&#8221;]<div class=\"grve-element grve-image grve-grayscale-image cert-em-impl grve-align-center\" style=\"\">  <div class=\"grve-image-wrapper\"><img loading=\"lazy\" decoding=\"async\" width=\"480\" height=\"270\" src=\"https:\/\/gln.pt\/wp-content\/uploads\/ISO-16949.png\" class=\"attachment-full size-full\" alt=\"Management system\" srcset=\"https:\/\/gln.pt\/wp-content\/uploads\/ISO-16949.png 480w, https:\/\/gln.pt\/wp-content\/uploads\/ISO-16949-300x169.png 300w\" sizes=\"auto, (max-width: 480px) 100vw, 480px\" title=\"Management system\" \/>   <\/div><\/div><h4 class=\"grve-element grve-title grve-align-left grve-h4 h4-strong-600\" style=\"margin-bottom: 10px;\"><span>IATF 16949:2016<\/span><\/h4>[vc_column_text css=&#8221;.vc_custom_1531839858928{margin-top: 0px !important;}&#8221;]<\/p>\n<h6>Scope of certification<\/h6>\n<p>[\/vc_column_text][vc_column_text text_style=&#8221;leader-text&#8221;]Em fase de implementa\u00e7\u00e3o dos requisitos da norma IATF 16949:2016 em inje\u00e7\u00e3o de pe\u00e7as pl\u00e1sticas de alta precis\u00e3o.[\/vc_column_text]<div class=\"grve-empty-space\" style=\"height: 10px;\"><\/div><div class=\"grve-element grve-gallery grve-isotope\" style=\"\" data-columns=\"3\" data-columns-large-screen=\"3\" data-columns-tablet-landscape=\"3\" data-columns-tablet-portrait=\"3\" data-columns-mobile=\"2\" data-layout=\"fitRows\">  <div class=\"grve-isotope-container\"><div class=\"grve-isotope-item grve-hover-item grve-hover-style-none\">  <figure class=\"grve-image-hover\">    <div class=\"grve-hover-overlay grve-bg-light grve-opacity-0\"><\/div><div class=\"grve-media\"><img loading=\"lazy\" decoding=\"async\" width=\"170\" height=\"32\" src=\"https:\/\/gln.pt\/wp-content\/uploads\/GLN_empresas-23.png\" class=\"attachment-medium size-medium\" alt=\"Management system\" title=\"Management system\" \/><\/div>  <\/figure><\/div>  <\/div><\/div>[\/vc_column_inner][vc_column_inner width=&#8221;1\/4&#8243; el_class=&#8221;col-certificado&#8221;][\/vc_column_inner][vc_column_inner width=&#8221;1\/4&#8243; el_class=&#8221;col-certificado&#8221;][\/vc_column_inner][vc_column_inner width=&#8221;1\/4&#8243; el_class=&#8221;col-certificado&#8221;][\/vc_column_inner][\/vc_row_inner][\/vc_column][\/vc_row]<\/p>","protected":false},"excerpt":{"rendered":"<p>[vc_row padding_top_multiplier=&#8221;4x&#8221; padding_bottom_multiplier=&#8221;4x&#8221;][vc_column][vc_column_text text_style=&#8221;leader-text&#8221; css=&#8221;.vc_custom_1568822614394{padding-right: 5% !important;padding-left: 5% !important;}&#8221;] GLN governs its Management System (MS) policy through continuous improvement of methods, processes and products, working closely with its customers, employees, suppliers and other stakeholders. Accordingly, GLN adopts the following principles: [\/vc_column_text][vc_row_inner][vc_column_inner width=&#8221;1\/2&#8243;][vc_column_text text_style=&#8221;leader-text&#8221;] Guaranteeing stakeholders requirements, ensuring their satisfaction, trust and loyalty; Establishing within its [&hellip;]<\/p>\n","protected":false},"author":10,"featured_media":0,"parent":0,"menu_order":0,"comment_status":"closed","ping_status":"closed","template":"","meta":{"footnotes":""},"class_list":["post-18236","page","type-page","status-publish","hentry"],"_links":{"self":[{"href":"https:\/\/gln.pt\/en\/wp-json\/wp\/v2\/pages\/18236","targetHints":{"allow":["GET"]}}],"collection":[{"href":"https:\/\/gln.pt\/en\/wp-json\/wp\/v2\/pages"}],"about":[{"href":"https:\/\/gln.pt\/en\/wp-json\/wp\/v2\/types\/page"}],"author":[{"embeddable":true,"href":"https:\/\/gln.pt\/en\/wp-json\/wp\/v2\/users\/10"}],"replies":[{"embeddable":true,"href":"https:\/\/gln.pt\/en\/wp-json\/wp\/v2\/comments?post=18236"}],"version-history":[{"count":1,"href":"https:\/\/gln.pt\/en\/wp-json\/wp\/v2\/pages\/18236\/revisions"}],"predecessor-version":[{"id":18250,"href":"https:\/\/gln.pt\/en\/wp-json\/wp\/v2\/pages\/18236\/revisions\/18250"}],"wp:attachment":[{"href":"https:\/\/gln.pt\/en\/wp-json\/wp\/v2\/media?parent=18236"}],"curies":[{"name":"wp","href":"https:\/\/api.w.org\/{rel}","templated":true}]}}