{"id":18787,"date":"2021-12-13T13:51:54","date_gmt":"2021-12-13T13:51:54","guid":{"rendered":"https:\/\/gln.pt\/?page_id=18787"},"modified":"2023-08-16T09:34:56","modified_gmt":"2023-08-16T09:34:56","slug":"contacts-2","status":"publish","type":"page","link":"https:\/\/gln.pt\/en\/contacts-2\/","title":{"rendered":"Contacts"},"content":{"rendered":"<p>[vc_row section_type=&#8221;fullwidth&#8221; padding_top_multiplier=&#8221;&#8221; padding_bottom_multiplier=&#8221;&#8221; columns_gap=&#8221;none&#8221;][vc_column]<div class=\"grve-map-wrapper\"><div class=\"grve-element grve-map\" data-lat=\"39.695460\" data-lng=\"-8.881187\" data-zoom=\"15\" data-disable-style=\"no\" style=\"height: 450px;\"><\/div>  <div style=\"display:none\" class=\"grve-map-point\" data-point-marker=\"\/\/gln.pt\/wp-content\/uploads\/icon-mapa_1.png\" data-point-lat=\"39.695460\" data-point-lng=\"-8.881187\" data-point-title=\"\" data-point-type=\"image\" data-point-marker-width=\"33\" data-point-marker-height=\"28\"><\/div><\/div>[\/vc_column][\/vc_row][vc_row bg_type=&#8221;color&#8221; padding_top_multiplier=&#8221;4x&#8221; padding_bottom_multiplier=&#8221;4x&#8221; equal_column_height=&#8221;middle-content&#8221;][vc_column width=&#8221;1\/3&#8243;]<h2 class=\"grve-element grve-title grve-align-left grve-h4 h2-strong grve-increase-heading grve-heading-120\" style=\"margin-bottom: 0px;\"><span><span style=\"color: #a50064;\">Maceira<\/span><\/span><\/h2><h4 class=\"grve-element grve-title grve-align-left grve-h4\" style=\"\"><span><span style=\"color: #a50064;\">Site<\/span><\/span><\/h4>[vc_column_text text_style=&#8221;leader-text&#8221;]E.N. 356-1, N. 24<br \/>\n2405-018 Maceira \u2013 Leiria<br \/>\nPortugal<\/p>\n<p>T. +351 244 770 160<br \/>\nF. +351 244 770 165<\/p>\n<p>39\u00b0 41&#8242; 44&#8243; N 8\u00b0 52&#8242; 52&#8243; W[\/vc_column_text][vc_column_text text_style=&#8221;leader-text&#8221; el_class=&#8221;link-direcoes&#8221;]<a href=\"https:\/\/www.google.pt\/maps\/place\/GLN+-+Molding+the+Future\/@39.6954391,-8.8833647,1191m\/data=!3m1!1e3!4m5!3m4!1s0xd220bb445e5f5d9:0x6a15f6d14b7f4af5!8m2!3d39.695435!4d-8.881176\">Directions<\/a>[\/vc_column_text]<div class=\"grve-empty-space grve-height-1x\" style=\"\"><\/div>[\/vc_column][vc_column width=&#8221;1\/3&#8243; css=&#8221;.vc_custom_1532351866701{padding-right: 10px !important;padding-left: 10px !important;}&#8221;]<h2 class=\"grve-element grve-title grve-align-left grve-h4 h2-strong grve-increase-heading grve-heading-120\" style=\"margin-bottom: 0px;\"><span>Albergaria<\/span><\/h2><h4 class=\"grve-element grve-title grve-align-left grve-h4\" style=\"\"><span>Site<\/span><\/h4>[vc_column_text text_style=&#8221;leader-text&#8221;]Moinhos de cima, Albergaria,<br \/>\n2430-076 Marinha Grande<br \/>\nPortugal<\/p>\n<p>T. +351 244 575 390<br \/>\nF. +351 244 560 690<\/p>\n<p>39\u00b0 44&#8242; 29.8&#8243; N 8\u00b0 53&#8242; 50.7&#8243; W[\/vc_column_text][vc_column_text text_style=&#8221;leader-text&#8221; el_class=&#8221;link-direcoes&#8221;]<a href=\"https:\/\/www.google.pt\/maps\/place\/Famolde+-+Grupo+GLN\/@39.7416849,-8.8989717,711m\/data=!3m1!1e3!4m5!3m4!1s0xd220e9cc718d433:0x12e5ba415abef0f!8m2!3d39.7415782!4d-8.8977055\">Directions<\/a>[\/vc_column_text]<div class=\"grve-empty-space grve-height-1x\" style=\"\"><\/div>[\/vc_column][vc_column width=&#8221;1\/3&#8243;]<h2 class=\"grve-element grve-title grve-align-left grve-h4 h2-strong grve-increase-heading grve-heading-120\" style=\"margin-bottom: 0px;\"><span>M\u00e9xico<\/span><\/h2><h4 class=\"grve-element grve-title grve-align-left grve-h4\" style=\"\"><span>Site<\/span><\/h4>[vc_column_text text_style=&#8221;leader-text&#8221;]Carretera Estatal 100 \u201cEl Colorado-Higuerillas\u201d 4200 Int. 1 C<\/p>\n<p>Parque Industrial Aeropuerto,<\/p>\n<p>Loc. San Ildefonso, Municipio Col\u00f3n<\/p>\n<p>Quer\u00e9taro C.P. 76295<\/p>\n<p>M\u00e9xico<\/p>\n<p>&nbsp;<\/p>\n<p>&nbsp;<\/p>\n<p>T. +52 442 670 0048[\/vc_column_text][vc_column_text text_style=&#8221;leader-text&#8221; el_class=&#8221;link-direcoes&#8221;]<a href=\"https:\/\/goo.gl\/maps\/CUJNbfS4LL49xoMy9\">Directions<\/a>[\/vc_column_text]<div class=\"grve-empty-space grve-height-1x\" style=\"\"><\/div>[\/vc_column][\/vc_row][vc_row bg_type=&#8221;color&#8221; padding_top_multiplier=&#8221;4x&#8221; padding_bottom_multiplier=&#8221;4x&#8221; equal_column_height=&#8221;middle-content&#8221; bg_color=&#8221;#f3f3f3&#8243;][vc_column]<h2 class=\"grve-element grve-title grve-align-center grve-h2\" style=\"margin-bottom: 20px;\"><span>Contact Us<\/span><\/h2>[vc_row_inner][vc_column_inner]<div role=\"form\" class=\"wpcf7\" id=\"wpcf7-f15853-o2\" lang=\"en-US\" dir=\"ltr\">\n<div class=\"screen-reader-response\"><p role=\"status\" aria-live=\"polite\" aria-atomic=\"true\"><\/p> <ul><\/ul><\/div>\n<form action=\"\/en\/wp-json\/wp\/v2\/pages\/18787#wpcf7-f15853-o2\" method=\"post\" class=\"wpcf7-form init wpcf7-acceptance-as-validation\" novalidate=\"novalidate\" data-status=\"init\">\n<div style=\"display: none;\">\n<input type=\"hidden\" name=\"_wpcf7\" value=\"15853\" \/>\n<input type=\"hidden\" name=\"_wpcf7_version\" value=\"5.3.1\" \/>\n<input type=\"hidden\" name=\"_wpcf7_locale\" value=\"en_US\" \/>\n<input type=\"hidden\" name=\"_wpcf7_unit_tag\" value=\"wpcf7-f15853-o2\" \/>\n<input type=\"hidden\" name=\"_wpcf7_container_post\" value=\"0\" \/>\n<input type=\"hidden\" name=\"_wpcf7_posted_data_hash\" value=\"\" \/>\n<input type=\"hidden\" name=\"_wpcf7_recaptcha_response\" value=\"\" \/>\n<\/div>\n<div class=\"grve-form grve-underline\">\n<div class=\"grve-fields-wrapper\">\n<div><span class=\"wpcf7-form-control-wrap your-name\"><input type=\"text\" name=\"your-name\" value=\"\" size=\"40\" class=\"wpcf7-form-control wpcf7-text wpcf7-validates-as-required\" aria-required=\"true\" aria-invalid=\"false\" placeholder=\"Name*\" \/><\/span><\/div>\n<div><span class=\"wpcf7-form-control-wrap your-email\"><input type=\"email\" name=\"your-email\" value=\"\" size=\"40\" class=\"wpcf7-form-control wpcf7-text wpcf7-email wpcf7-validates-as-required wpcf7-validates-as-email\" aria-required=\"true\" aria-invalid=\"false\" placeholder=\"Email*\" \/><\/span><\/div>\n<div><span class=\"wpcf7-form-control-wrap your-subject\"><input type=\"text\" name=\"your-subject\" value=\"\" size=\"40\" class=\"wpcf7-form-control wpcf7-text wpcf7-validates-as-required\" aria-required=\"true\" aria-invalid=\"false\" placeholder=\"Subject\" \/><\/span><\/div>\n<div><span class=\"wpcf7-form-control-wrap your-message\"><textarea name=\"your-message\" cols=\"40\" rows=\"6\" class=\"wpcf7-form-control wpcf7-textarea\" aria-invalid=\"false\" placeholder=\"Message\"><\/textarea><\/span><\/div>\n<div class=\"gdpr-politics\">\n<p>The data collected in this form will be processed and stored by GLN \u2013 Engineering, Molding and Plastics, S.A., with head office at Estrada Nacional 356-1, Charneca do Arnal, Maceira, Leiria, tax payer number 510 932 860, as the controller of processing the personal data (hereinafter referred to as \u201cGLN\u201d).<br \/>\nThe information collected herein shall be processed and used exclusively for the purposes of provide any clarifications requested. Further to your consent (by ticking the boxes below), your personal data may also be processed for:<\/p>\n<\/div>\n<div class=\"gdpr-politics\">\n<p><span class=\"wpcf7-form-control-wrap checkbox-marketing\"><span class=\"wpcf7-form-control wpcf7-checkbox checkbox-marketing\"><span class=\"wpcf7-list-item first\"><input type=\"checkbox\" name=\"checkbox-marketing[]\" value=\"Sending promotional and direct marketing communications relating to products and services of GLN or of any company in which GLN holds (directly or indirectly) any participation in the share capital (hereinafter \u201cGLN Group Companies\u201d), as well as the announcement of events and campaigns.\" \/><span class=\"wpcf7-list-item-label\">Sending promotional and direct marketing communications relating to products and services of GLN or of any company in which GLN holds (directly or indirectly) any participation in the share capital (hereinafter \u201cGLN Group Companies\u201d), as well as the announcement of events and campaigns.<\/span><\/span><span class=\"wpcf7-list-item last\"><input type=\"checkbox\" name=\"checkbox-marketing[]\" value=\"Sending promotional and direct marketing communications relating to products and services of any entities with which GLN and GLN Group Companies have established agreements or commercial partnerships, as well as the announcement of events and campaigns.\" \/><span class=\"wpcf7-list-item-label\">Sending promotional and direct marketing communications relating to products and services of any entities with which GLN and GLN Group Companies have established agreements or commercial partnerships, as well as the announcement of events and campaigns.<\/span><\/span><\/span><\/span>\n<p>Os campos assinalados com * s\u00e3o de preenchimento obrigat\u00f3rio, sob pena de n\u00e3o podermos responder \u00e0s suas solicita\u00e7\u00f5es. A GLN \u2013 Engineering, Molding and Plastics, S.A. poder\u00e1 transmitir os seus dados a entidades subcontratadas para os efeitos acima referidos, bem como comunic\u00e1-los a sociedades GLN, ou entidades com as quais tenham sido por aquelas estabelecidos acordos ou parcerias comerciais ou \u00e0s entidades competentes nos termos da lei.<\/p>\n<p>\nBefore clicking \u201csend\u201d, please read our <a href=\"\/politica-de-privacidade-e-de-cookies\/\" target=\"_blank\">Privacy and Cookies Policy<\/a>, where you will find information, namely, about your rights under the General Data Protection Regulation, the period of personal data storage, possibility of transfers of personal data to third parties and adopted security measures. In any event, under the applicable law, you have the right to withdraw your consent to the processing of your personal data for the abovementioned purposes, but this does not, however, render invalid the processing of your personal data up until such withdrawal. For further information, please contact us by e-mail geral@gln.pt or by phone +351 244 770 160.<\/p>\n<p><span class=\"wpcf7-form-control-wrap acceptance-gdpr\"><span class=\"wpcf7-form-control wpcf7-acceptance\"><span class=\"wpcf7-list-item\"><label><input type=\"checkbox\" name=\"acceptance-gdpr\" value=\"1\" aria-invalid=\"false\" id=\"acceptance-gdpr\" \/><span class=\"wpcf7-list-item-label\">I hereby accept the treatment of my personal data for the purposes abovementioned\/selected, in terms set out above.*<\/span><\/label><\/span><\/span><\/span><\/p>\n<\/div>\n<div class=\"grve-align-center\"><input type=\"submit\" value=\"Send\" class=\"wpcf7-form-control wpcf7-submit\" \/><\/div>\n<\/div>\n<\/div>\n<div class=\"wpcf7-response-output\" aria-hidden=\"true\"><\/div><\/form><\/div>[\/vc_column_inner][\/vc_row_inner][\/vc_column][\/vc_row]<\/p>","protected":false},"excerpt":{"rendered":"<p>[vc_row section_type=&#8221;fullwidth&#8221; padding_top_multiplier=&#8221;&#8221; padding_bottom_multiplier=&#8221;&#8221; columns_gap=&#8221;none&#8221;][vc_column][\/vc_column][\/vc_row][vc_row bg_type=&#8221;color&#8221; padding_top_multiplier=&#8221;4x&#8221; padding_bottom_multiplier=&#8221;4x&#8221; equal_column_height=&#8221;middle-content&#8221;][vc_column width=&#8221;1\/3&#8243;][vc_column_text text_style=&#8221;leader-text&#8221;]E.N. 356-1, N. 24 2405-018 Maceira \u2013 Leiria Portugal T. +351 244 770 160 F. +351 244 770 165 39\u00b0 41&#8242; 44&#8243; N 8\u00b0 52&#8242; 52&#8243; W[\/vc_column_text][vc_column_text text_style=&#8221;leader-text&#8221; el_class=&#8221;link-direcoes&#8221;]Directions[\/vc_column_text][\/vc_column][vc_column width=&#8221;1\/3&#8243; css=&#8221;.vc_custom_1532351866701{padding-right: 10px !important;padding-left: 10px !important;}&#8221;][vc_column_text text_style=&#8221;leader-text&#8221;]Moinhos de cima, Albergaria, 2430-076 Marinha Grande Portugal T. +351 [&hellip;]<\/p>\n","protected":false},"author":10,"featured_media":0,"parent":0,"menu_order":0,"comment_status":"closed","ping_status":"closed","template":"","meta":{"footnotes":""},"class_list":["post-18787","page","type-page","status-publish","hentry"],"_links":{"self":[{"href":"https:\/\/gln.pt\/en\/wp-json\/wp\/v2\/pages\/18787","targetHints":{"allow":["GET"]}}],"collection":[{"href":"https:\/\/gln.pt\/en\/wp-json\/wp\/v2\/pages"}],"about":[{"href":"https:\/\/gln.pt\/en\/wp-json\/wp\/v2\/types\/page"}],"author":[{"embeddable":true,"href":"https:\/\/gln.pt\/en\/wp-json\/wp\/v2\/users\/10"}],"replies":[{"embeddable":true,"href":"https:\/\/gln.pt\/en\/wp-json\/wp\/v2\/comments?post=18787"}],"version-history":[{"count":2,"href":"https:\/\/gln.pt\/en\/wp-json\/wp\/v2\/pages\/18787\/revisions"}],"predecessor-version":[{"id":19268,"href":"https:\/\/gln.pt\/en\/wp-json\/wp\/v2\/pages\/18787\/revisions\/19268"}],"wp:attachment":[{"href":"https:\/\/gln.pt\/en\/wp-json\/wp\/v2\/media?parent=18787"}],"curies":[{"name":"wp","href":"https:\/\/api.w.org\/{rel}","templated":true}]}}