{"id":14724,"date":"2016-10-10T06:05:08","date_gmt":"2016-10-10T06:05:08","guid":{"rendered":"http:\/\/dev-glnmolds.younik.pt\/about-me-ii\/"},"modified":"2024-04-15T15:52:17","modified_gmt":"2024-04-15T15:52:17","slug":"about","status":"publish","type":"page","link":"https:\/\/gln.pt\/es\/about\/","title":{"rendered":"Sobre"},"content":{"rendered":"<p>[vc_row padding_top_multiplier=\u00bb4x\u00bb padding_bottom_multiplier=\u00bb4x\u00bb][vc_column]<h2 class=\"grve-element grve-title grve-align-center grve-h2 h2-strong\" style=\"\"><span>Molding the Future<\/span><\/h2>[vc_column_text text_style=\u00bbleader-text\u00bb]<\/p>\n<p style=\"text-align: center;\">La calidad, el cumplimiento de los plazos y la innovaci\u00f3n exigidos por nuestros clientes y socios son el camino hacia la excelencia que queremos alcanzar.<\/p>\n<p style=\"text-align: center;\">Pretendemos crecer, evolucionar en la oferta, garantizar m\u00e1s calidad, invertir en tecnolog\u00eda y capital humano, para satisfacer la complejidad del trabajo que realizamos e innovar en nuevas soluciones.<\/p>\n<p style=\"text-align: center;\">Solo con el compromiso y la motivaci\u00f3n de todos los miembros del equipo de GLN podemos satisfacer las expectativas y necesidades de nuestros clientes.<\/p>\n<p style=\"text-align: center;\"><strong>Nuestro compromiso es garantizar las necesidades de las partes interesadas, asegurando su satisfacci\u00f3n, confianza y lealtad.<\/strong><\/p>\n<p>[\/vc_column_text][\/vc_column][\/vc_row][vc_row heading_color=\u00bbprimary-1&#8243; bg_type=\u00bbimage\u00bb bg_image=\u00bb17226&#8243; bg_image_type=\u00bbfixed\u00bb color_overlay=\u00bblight\u00bb opacity_overlay=\u00bb30&#8243; padding_top_multiplier=\u00bb4x\u00bb padding_bottom_multiplier=\u00bb4x\u00bb el_class=\u00bbmissao-visao-valores\u00bb][vc_column width=\u00bb1\/3&#8243;]<h2 class=\"grve-element grve-title grve-align-left grve-h2 h2-strong\" style=\"\"><span>Visi\u00f3n<\/span><\/h2>[vc_column_text text_style=\u00bbleader-text\u00bb]El grupo GLN aspira ser un l\u00edder global, premiado por la excelencia en la industria de moldes e inyecci\u00f3n de pl\u00e1sticos de elevado nivel t\u00e9cnico.[\/vc_column_text][\/vc_column][vc_column width=\u00bb1\/3&#8243;]<h2 class=\"grve-element grve-title grve-align-left grve-h2 h2-strong\" style=\"\"><span>Misi\u00f3n<\/span><\/h2>[vc_column_text text_style=\u00bbleader-text\u00bb]Crear Valor sostenible para sus Stakeholders, satisfaciendo las m\u00e1s exigentes necesidades y expectativas de los clientes, sosteniendo su negocio en la b\u00fasqueda y en el desarrollo de soluciones innovadoras para productos y procesos, e invirtiendo en la formaci\u00f3n como veh\u00edculo principal para la valoraci\u00f3n de todos sus colaboradores.<\/p>\n<p>La Misi\u00f3n de GLN se basa en <strong>4 pilares<\/strong>:<\/p>\n<p><strong>Competitividad<br \/>\n<\/strong>Crear Valor sostenible para todos los Stakeholders.<\/p>\n<p><strong>Calidad<\/strong><br \/>\nSatisfacer plenamente las expectativas de los clientes.<\/p>\n<p><strong>Innovaci\u00f3n<br \/>\n<\/strong>Enfoque constante en la Innovaci\u00f3n como factor de sostenibilidad.<\/p>\n<p><strong>Desarrollo Organizacional<br \/>\n<\/strong>Invertir en la Formaci\u00f3n de los colaboradores para su valoraci\u00f3n.[\/vc_column_text][\/vc_column][vc_column width=\u00bb1\/3&#8243;]<h2 class=\"grve-element grve-title grve-align-left grve-h2 h2-strong\" style=\"\"><span>Valores<\/span><\/h2>[vc_column_text text_style=\u00bbleader-text\u00bb]En el ejercicio de su actividad, GLN promueve, privilegia y no abdica de los siguientes valores:<\/p>\n<p><strong>Excelencia<br \/>\n<\/strong>Promover el desempe\u00f1o de la excelencia en toda la organizaci\u00f3n.<\/p>\n<p><strong>M\u00e9rito<br \/>\n<\/strong>Promover la meritocracia y premiar el desempe\u00f1o individual y en equipo.<\/p>\n<p><strong>\u00c9tica<br \/>\n<\/strong>Actuar de forma ejemplar, promoviendo el respeto mutuo entre todos los compa\u00f1eros de negocio.<\/p>\n<p><strong>Responsabilidad<br \/>\n<\/strong>Comprometimiento con actuaci\u00f3n socialmente responsable.[\/vc_column_text][\/vc_column][\/vc_row][vc_row padding_top_multiplier=\u00bb4x\u00bb padding_bottom_multiplier=\u00bb2x\u00bb columns_gap=\u00bb50&#8243; equal_column_height=\u00bbmiddle-content\u00bb][vc_column]<h2 class=\"grve-element grve-title grve-align-center grve-h1 grve-custom-font-3 grve-increase-heading grve-heading-160\" style=\"\"><span>Era una vez<\/span><\/h2><div class=\"grve-empty-space grve-height-1x\" style=\"\"><\/div><div class=\"grve-element grve-image grve-align-center\" style=\"\">  <div class=\"grve-image-wrapper\"><img loading=\"lazy\" decoding=\"async\" width=\"294\" height=\"84\" src=\"https:\/\/gln.pt\/wp-content\/uploads\/GLN-molds-logo.png\" class=\"attachment-full size-full\" alt=\"Sobre\" title=\"Sobre\" \/>   <\/div><\/div><div class=\"grve-empty-space grve-height-2x\" style=\"\"><\/div>[\/vc_column][\/vc_row][vc_row padding_top_multiplier=\u00bb2x\u00bb padding_bottom_multiplier=\u00bb4x\u00bb columns_gap=\u00bb50&#8243; equal_column_height=\u00bbmiddle-content\u00bb][vc_column][vc_column_text]<div class=\"zoomtimeline mode-3dslider skin-light auto-init\" data-options='{settings_mode : \"mode-default\",mode_yearslist_start_from_left:\"off\",circuit_the_timeline:\"on\",startItem:\"0\"\n            ,color_highlight: \"rgba(220, 167, 167, 1)\"\n            ,mode_3dslider_item_width: \"340\"\n            ,mode_3dslider_show_arrow_buttons: \"on\"\n            ,mode_3dslider_item_height: \"400\"}'>\n        \n        <div class=\"items\"><div class=\"ztm-item  cat-slug-gln-timeline\" data-image=\"https:\/\/gln.pt\/wp-content\/uploads\/1980-garagem.jpg\"><div class=\"hex-desc-con\">\n        <div class=\"hex-desc\"> <\/div>\n    <\/div>\n\n    <div class=\"ztm-content\"><h3 class=\"the-heading\">1980<\/h3><div class=\"paragraph\"><p class=\"timeline-titulo\">Un negocio que comenz\u00f3 en un garaje<\/p>\r\n<p>Creaci\u00f3n de un peque\u00f1o negocio familiar, a nombre del Sr. Leonel Costa como empresario individual. Fabricaci\u00f3n de piezas y elementos para moldes, a\u00fan no se fabrica el molde completo.<\/p><\/div>\n            \n    <\/div>\n\n<\/div><div class=\"ztm-item  cat-slug-gln-timeline\" data-image=\"https:\/\/gln.pt\/wp-content\/uploads\/1988-LNMoldes.jpg\"><div class=\"hex-desc-con\">\n        <div class=\"hex-desc\"> <\/div>\n    <\/div>\n\n    <div class=\"ztm-content\"><h3 class=\"the-heading\">1988<\/h3><div class=\"paragraph\"><p class=\"timeline-titulo\">Creaci\u00f3n de L.N. Moldes<\/p>\r\n<p>Fabricaci\u00f3n de moldes de peque\u00f1o y mediano porte para la industria el\u00e9ctrica, utensilios dom\u00e9sticos y envases. La fabricaci\u00f3n de moldes de compresi\u00f3n para la industria el\u00e9ctrica en EE.UU. estuvo, debido a la naturaleza de los proyectos realizados, en el origen de la rigurosidad y la exigencia con la calidad.<\/p><\/div>\n            \n    <\/div>\n\n<\/div><div class=\"ztm-item  cat-slug-gln-timeline\" data-image=\"https:\/\/gln.pt\/wp-content\/uploads\/1997-IQNET.jpg\"><div class=\"hex-desc-con\">\n        <div class=\"hex-desc\"> <\/div>\n    <\/div>\n\n    <div class=\"ztm-content\"><h3 class=\"the-heading\">1997<\/h3><div class=\"paragraph\"><p class=\"timeline-titulo\">Certificaci\u00f3n ISO 9001<\/p>\r\n<p>La 1\u00aa certificaci\u00f3n refleja la calidad y el nivel de rigurosidad que mostr\u00f3 LN en 1997, como resultado de la sofisticaci\u00f3n y la exigencia de sus clientes.<\/p><\/div>\n            \n    <\/div>\n\n<\/div><div class=\"ztm-item  cat-slug-gln-timeline\" data-image=\"https:\/\/gln.pt\/wp-content\/uploads\/2000-crescimento.jpg\"><div class=\"hex-desc-con\">\n        <div class=\"hex-desc\"> <\/div>\n    <\/div>\n\n    <div class=\"ztm-content\"><h3 class=\"the-heading\">2000<\/h3><div class=\"paragraph\"><p class=\"timeline-titulo\">Crecimiento y especializaci\u00f3n<\/p>\r\n<p>Adem\u00e1s del mercado estadounidense, con la entrada al Euro,  Europa se ha convertido en un mercado preferencial, especialmente para los clientes de la industria automotriz. Fuerte especializaci\u00f3n en moldes de espesor delgado y moldes con multicavidades. Crecimiento notable en la unidad de inyecci\u00f3n de piezas pl\u00e1stico a trav\u00e9s de importantes proyectos de producci\u00f3n para la industria automotriz.<\/p><\/div>\n            \n    <\/div>\n\n<\/div><div class=\"ztm-item  cat-slug-gln-timeline\" data-image=\"https:\/\/gln.pt\/wp-content\/uploads\/2004-LNMoldes.jpg\"><div class=\"hex-desc-con\">\n        <div class=\"hex-desc\"> <\/div>\n    <\/div>\n\n    <div class=\"ztm-content\"><h3 class=\"the-heading\">2004<\/h3><div class=\"paragraph\"><p class=\"timeline-titulo\">Finalizaci\u00f3n de las nuevas instalaciones de L.N.<\/p>\r\n<p>LN Pl\u00e1s (Divisi\u00f3n de Pl\u00e1sticos), presenta instalaciones nuevas y modernas con 20 m\u00e1quinas de inyecci\u00f3n; inyecci\u00f3n de piezas para la industria automotriz y el\u00e9ctrica.<\/p><\/div>\n            \n    <\/div>\n\n<\/div><div class=\"ztm-item  cat-slug-gln-timeline\" data-image=\"https:\/\/gln.pt\/wp-content\/uploads\/2006-ISO16949-v2.jpg\"><div class=\"hex-desc-con\">\n        <div class=\"hex-desc\"> <\/div>\n    <\/div>\n\n    <div class=\"ztm-content\"><h3 class=\"the-heading\">2006<\/h3><div class=\"paragraph\"><p class=\"timeline-titulo\">Certificaci\u00f3n ISO TS16949<\/p>\r\n<p>La certificaci\u00f3n obtenida en 2006 fue otro paso en la evoluci\u00f3n de la oferta y el conocimiento de los equipos de LN. El aumento de los proyectos de inyecci\u00f3n de piezas de pl\u00e1stico y de clientes en la industria automotriz fueron sin\u00f3nimos de mayores demandas de calidad y excelencia.<\/p><\/div>\n            \n    <\/div>\n\n<\/div><div class=\"ztm-item  cat-slug-gln-timeline\" data-image=\"https:\/\/gln.pt\/wp-content\/uploads\/2010-Delta.jpg\"><div class=\"hex-desc-con\">\n        <div class=\"hex-desc\"> <\/div>\n    <\/div>\n\n    <div class=\"ztm-content\"><h3 class=\"the-heading\">2010<\/h3><div class=\"paragraph\"><p class=\"timeline-titulo\">C\u00e1psulas Delta Q<\/p>\r\n<p>Comienzo de nuestra asociaci\u00f3n con Delta. La asociaci\u00f3n con la empresa Campo Maior, l\u00edder en la producci\u00f3n y comercializaci\u00f3n de caf\u00e9, ha sido resultado del trabajo de innovaci\u00f3n y colaboraci\u00f3n en el desarrollo de la soluci\u00f3n t\u00e9cnica para la c\u00e1psula Delta Q.<\/p><\/div>\n            \n    <\/div>\n\n<\/div><div class=\"ztm-item  cat-slug-gln-timeline\" data-image=\"https:\/\/gln.pt\/wp-content\/uploads\/2013-25-aniversario.jpg\"><div class=\"hex-desc-con\">\n        <div class=\"hex-desc\"> <\/div>\n    <\/div>\n\n    <div class=\"ztm-content\"><h3 class=\"the-heading\">2013<\/h3><div class=\"paragraph\"><p class=\"timeline-titulo\">Celebraci\u00f3n del 25.\u00b0 aniversario<\/p>\r\n<p>Sin la presencia de su fundador, una figura de referencia para todos los empleados, LN celebra su 25 aniversario con orgullo de su pasado y consciente de los desaf\u00edos del futuro.<\/p><\/div>\n            \n    <\/div>\n\n<\/div><div class=\"ztm-item  cat-slug-gln-timeline\" data-image=\"https:\/\/gln.pt\/wp-content\/uploads\/2014-Gestmin-v2.jpg\"><div class=\"hex-desc-con\">\n        <div class=\"hex-desc\"> <\/div>\n    <\/div>\n\n    <div class=\"ztm-content\"><h3 class=\"the-heading\">2014<\/h3><div class=\"paragraph\"><p class=\"timeline-titulo\">Adquisici\u00f3n por Gestmin Group<\/p>\r\n<p>Gestmin SGPS adquiere todo el capital de LN Moldes y LN Pl\u00e1s. Con los valores, la cultura y el historial en la industria portuguesa de la familia Champalimaud, el futuro de LN est\u00e1 asegurado. La estrategia del nuevo propietario proporciona el rumbo y la estabilidad que la empresa necesitaba para aprovechar su know-how y cartera de clientes.<\/p><\/div>\n            \n    <\/div>\n\n<\/div><div class=\"ztm-item  cat-slug-gln-timeline\" data-image=\"https:\/\/gln.pt\/wp-content\/uploads\/2015-GLN-v2.jpg\"><div class=\"hex-desc-con\">\n        <div class=\"hex-desc\"> <\/div>\n    <\/div>\n\n    <div class=\"ztm-content\"><h3 class=\"the-heading\">2015<\/h3><div class=\"paragraph\"><p class=\"timeline-titulo\">Creaci\u00f3n del nuevo logo<\/p>\r\n<p>Durante este primer a\u00f1o de GLN, en Gestmin, se iniciaron una serie de cambios y nuevos proyectos para garantizar un futuro exitoso a GLN. La calidad, los plazos y la innovaci\u00f3n que nuestros clientes solicitan todos los d\u00edas son la forma de alcanzar la excelencia. Tenemos una estrategia, conocemos el camino y estas con las bases para asegurar el futuro de GLN. Ahora transmitimos nuestros valores con una nueva marca y una nueva firma.<\/p><\/div>\n            \n    <\/div>\n\n<\/div><div class=\"ztm-item  cat-slug-gln-timeline\" data-image=\"https:\/\/gln.pt\/wp-content\/uploads\/2016-Mexico.jpg\"><div class=\"hex-desc-con\">\n        <div class=\"hex-desc\"> <\/div>\n    <\/div>\n\n    <div class=\"ztm-content\"><h3 class=\"the-heading\">2016<\/h3><div class=\"paragraph\"><p class=\"timeline-titulo\">Internacionalizaci\u00f3n - GLN M\u00e9xico<\/p>\r\n<p>GLN ha establecido una nueva planta en M\u00e9xico, en San Juan del R\u00edo (Quer\u00e9taro), dedicada al mantenimiento y reparaci\u00f3n de moldes, incluyendo un  representante de ventas, en asociaci\u00f3n con Compartec, una empresa mexicana especial.<\/p><\/div>\n            \n    <\/div>\n\n<\/div><div class=\"ztm-item  cat-slug-gln-timeline\" data-image=\"https:\/\/gln.pt\/wp-content\/uploads\/2016-Famolde.jpg\"><div class=\"hex-desc-con\">\n        <div class=\"hex-desc\"> <\/div>\n    <\/div>\n\n    <div class=\"ztm-content\"><h3 class=\"the-heading\">2016<\/h3><div class=\"paragraph\"><p class=\"timeline-titulo\">Adquisici\u00f3n de Famolde<\/p>\r\n<p>GLN adquiere el 100% del capital de FAMOLDE, una empresa de producci\u00f3n y comercializaci\u00f3n de moldes que tambi\u00e9n posee un \u00e1rea de inyecci\u00f3n de pl\u00e1stico, ubicada en Marinha Grande.<\/p><\/div>\n            \n    <\/div>\n\n<\/div><div class=\"ztm-item  cat-slug-gln-timeline\" data-image=\"https:\/\/gln.pt\/wp-content\/uploads\/2017-Nova-linha-delta.jpg\"><div class=\"hex-desc-con\">\n        <div class=\"hex-desc\"> <\/div>\n    <\/div>\n\n    <div class=\"ztm-content\"><h3 class=\"the-heading\">2017<\/h3><div class=\"paragraph\"><p class=\"timeline-titulo\">Nueva l\u00ednea Delta<\/p>\r\n<p>Inauguraci\u00f3n de la 2\u00aa l\u00ednea Delta Q, en las instalaciones de Famolde, en Albergaria.<\/p><\/div>\n            \n    <\/div>\n\n<\/div><div class=\"ztm-item  cat-slug-gln-timeline\" data-image=\"https:\/\/gln.pt\/wp-content\/uploads\/2019-grupo-manuel-champalimaud-2.jpg\"><div class=\"hex-desc-con\">\n        <div class=\"hex-desc\"> <\/div>\n    <\/div>\n\n    <div class=\"ztm-content\"><h3 class=\"the-heading\">2019<\/h3><div class=\"paragraph\"><p class=\"timeline-titulo\">Grupo Manuel Champalimaud<\/p>\r\n<p>Gestmin toma el nombre del fundador, modificando la identidad corporativa, al Grupo Manuel Champalimaud.<\/p><\/div>\n            \n    <\/div>\n\n<\/div><\/div>\n        \n    <\/div>[\/vc_column_text][\/vc_column][\/vc_row]<\/p>","protected":false},"excerpt":{"rendered":"<p>[vc_row padding_top_multiplier=\u00bb4x\u00bb padding_bottom_multiplier=\u00bb4x\u00bb][vc_column][vc_column_text text_style=\u00bbleader-text\u00bb] La calidad, el cumplimiento de los plazos y la innovaci\u00f3n exigidos por nuestros clientes y socios son el camino hacia la excelencia que queremos alcanzar. Pretendemos crecer, evolucionar en la oferta, garantizar m\u00e1s calidad, invertir en tecnolog\u00eda y capital humano, para satisfacer la complejidad del trabajo que realizamos e innovar en [&hellip;]<\/p>\n","protected":false},"author":1,"featured_media":0,"parent":0,"menu_order":0,"comment_status":"closed","ping_status":"closed","template":"","meta":{"footnotes":""},"class_list":["post-14724","page","type-page","status-publish","hentry"],"_links":{"self":[{"href":"https:\/\/gln.pt\/es\/wp-json\/wp\/v2\/pages\/14724","targetHints":{"allow":["GET"]}}],"collection":[{"href":"https:\/\/gln.pt\/es\/wp-json\/wp\/v2\/pages"}],"about":[{"href":"https:\/\/gln.pt\/es\/wp-json\/wp\/v2\/types\/page"}],"author":[{"embeddable":true,"href":"https:\/\/gln.pt\/es\/wp-json\/wp\/v2\/users\/1"}],"replies":[{"embeddable":true,"href":"https:\/\/gln.pt\/es\/wp-json\/wp\/v2\/comments?post=14724"}],"version-history":[{"count":2,"href":"https:\/\/gln.pt\/es\/wp-json\/wp\/v2\/pages\/14724\/revisions"}],"predecessor-version":[{"id":19148,"href":"https:\/\/gln.pt\/es\/wp-json\/wp\/v2\/pages\/14724\/revisions\/19148"}],"wp:attachment":[{"href":"https:\/\/gln.pt\/es\/wp-json\/wp\/v2\/media?parent=14724"}],"curies":[{"name":"wp","href":"https:\/\/api.w.org\/{rel}","templated":true}]}}