{"id":17066,"date":"2018-08-06T14:57:31","date_gmt":"2018-08-06T14:57:31","guid":{"rendered":"http:\/\/dev-glnmolds.younik.pt\/?page_id=17066"},"modified":"2019-09-19T17:23:37","modified_gmt":"2019-09-19T17:23:37","slug":"oportunidades-estagio","status":"publish","type":"page","link":"https:\/\/gln.pt\/es\/oportunidades-estagio\/","title":{"rendered":"Oportunidades de Pasant\u00edas"},"content":{"rendered":"<p>[vc_row padding_top_multiplier=\u00bb4x\u00bb padding_bottom_multiplier=\u00bb4x\u00bb][vc_column]<h2 class=\"grve-element grve-title grve-align-center grve-h2 h2-strong\" style=\"\"><span>Academia GLN<\/span><\/h2>[vc_column_text text_style=\u00bbleader-text\u00bb css=\u00bb.vc_custom_1568913765188{padding-right: 5% !important;padding-left: 5% !important;}\u00bb]<\/p>\n<p style=\"text-align: center;\"><span style=\"font-weight: 400;\">GLN ACADEMY es un proyecto que tiene como objetivo capturar, desarrollar y retener talento.<\/span><\/p>\n<p style=\"text-align: center;\"><span style=\"font-weight: 400;\">Considerando la especificidad de la industria del grupo, GLN apuesta por el seguimiento de pasant\u00edas curriculares y profesionales, tesis y proyectos de investigaci\u00f3n de desarrollo.<\/span><\/p>\n<p style=\"text-align: center;\"><span style=\"font-weight: 400;\">GLN Group contin\u00faa buscando los mejores profesionales del mercado.<br \/>\n<\/span><strong>\u00a1Aplica y \u00fanete a nuestro equipo!<\/strong><\/p>\n<p>[\/vc_column_text][\/vc_column][\/vc_row][vc_row bg_type=\u00bbcolor\u00bb padding_top_multiplier=\u00bb4x\u00bb padding_bottom_multiplier=\u00bb4x\u00bb section_id=\u00bbnewsRow\u00bb bg_color=\u00bb#f3f3f3&#8243;][vc_column]<h2 class=\"grve-element grve-title grve-align-center grve-h2\" style=\"\"><span>Oportunidades<\/span><\/h2><div class=\"grve-empty-space grve-height-2x\" style=\"\"><\/div>\t\t<div class=\"grve-element grve-blog grve-blog-columns grve-blog-grid grve-isotope grve-with-gap news-page oportunidades-careers\" style=\"\" data-columns=\"3\" data-columns-large-screen=\"3\" data-columns-tablet-landscape=\"3\" data-columns-tablet-portrait=\"2\" data-columns-mobile=\"1\" data-layout=\"fitRows\" data-spinner=\"yes\" data-gutter-size=\"90\">\r\n\t\t\t<div class=\"grve-isotope-container\">\r\n\t\t\t<article class=\"grve-blog-item grve-isotope-item post-19260 post type-post status-publish format-gallery hentry category-oportunidades-academy post_format-post-format-gallery\" itemscope itemType=\"http:\/\/schema.org\/BlogPosting\">\r\n\t\t\t\t<div class=\"grve-blog-item-inner grve-isotope-item-inner grve-fade-in-up\">\r\n\t\t\t\t\t\t\t\t\t\t\t\t\t\t\t\t\t<div class=\"grve-post-content-wrapper\">\r\n\t\t\t\t\t\t\t<div class=\"grve-post-content\">\r\n\t\t\t\t\t\t\t\t<div class=\"grve-post-header\">\r\n\t\t\t\t\t\t\t\t\t\t\t\t\t\t\t\t\t\t\t\t<span class=\"grve-hidden\">\r\n\t\t\t<span class=\"grve-structured-data entry-title\">(Portugu\u00eas) Est\u00e1gios IEFP<\/span>\r\n\t\t\t<span class=\"grve-structured-data\" itemprop=\"image\" itemscope itemtype=\"http:\/\/schema.org\/ImageObject\">\r\n\t\t\t   <span itemprop='url' >https:\/\/gln.pt\/wp-content\/themes\/movedo\/images\/empty\/thumbnail.jpg<\/span>\r\n\t\t\t   <span itemprop='height' >150<\/span>\r\n\t\t\t   <span itemprop='width' >150<\/span>\r\n\t\t\t<\/span>\r\n\t\t\t\t\t\t<span class=\"grve-structured-data vcard author\" itemprop=\"author\" itemscope itemtype=\"http:\/\/schema.org\/Person\">\r\n\t\t\t\t<span itemprop=\"name\" class=\"fn\">GLN<\/span>\r\n\t\t\t<\/span>\r\n\t\t\t<span class=\"grve-structured-data\" itemprop=\"publisher\" itemscope itemtype=\"http:\/\/schema.org\/Organization\">\r\n\t\t\t\t<span itemprop='name'>GLN<\/span>\r\n\t\t\t\t<span itemprop='logo' itemscope itemtype='http:\/\/schema.org\/ImageObject'>\r\n\t\t\t\t\t<span itemprop='url'>https:\/\/gln.pt\/wp-content\/themes\/movedo\/images\/empty\/thumbnail.jpg<\/span>\r\n\t\t\t\t<\/span>\r\n\t\t\t<\/span>\r\n\t\t\t\t\t\t<time class=\"grve-structured-data date published\" itemprop=\"datePublished\" datetime=\"2025-02-19T09:50:28+00:00\">2025-02-19<\/time>\r\n\t\t\t<time class=\"grve-structured-data date updated\" itemprop=\"dateModified\"  datetime=\"2025-02-24T16:22:45+00:00\">2025-02-24<\/time>\r\n\t\t\t<span class=\"grve-structured-data\" itemprop=\"mainEntityOfPage\" itemscope itemtype=\"http:\/\/schema.org\/WebPage\" itemid=\"https:\/\/gln.pt\/es\/portugues-estagios-iefp\/\"><\/span>\r\n\t\t<\/span>\r\n\t\t\t\t\t\t\t\t\t\t\t\t\t\t\t\t\t\t\t\t<ul class=\"grve-post-meta\">\r\n\t\t\t\t\t\t\t\t\t\t<li class=\"grve-post-date\">\t<time class=\"\" datetime=\"2025-02-19T09:50:28+00:00\">\r\n\t\t2025-02-19\t<\/time>\r\n<\/li>\t\t\t\t\t\t\t\t\t\t<\/ul>\r\n\t\t\t\t\t\t\t\t\t\t\t\t\t\t\t\t\t\t<a href=\"https:\/\/gln.pt\/es\/portugues-estagios-iefp\/\" rel=\"bookmark\"><h2 class=\"grve-post-title grve-post-title-hover grve-h3\" itemprop=\"name headline\">(Portugu\u00eas) Est\u00e1gios IEFP<\/h2><\/a>\t\t\t\t\t\t\t\t<\/div>\r\n\t\t\t\t\t\t\t\t<div itemprop=\"articleBody\"><p>Disculpa, pero esta entrada est\u00e1 disponible s\u00f3lo en Portugu\u00eas.<\/p><a class=\"grve-read-more grve-link-text grve-heading-color grve-text-hover-primary-1\" href=\"https:\/\/gln.pt\/es\/portugues-estagios-iefp\/\"><span>leer m\u00e1s<\/span><\/a><\/div>\t\t\t\t\t\t\t<\/div>\r\n\t\t\t\t\t\t<\/div>\r\n\t\t\t\t\t\r\n\t\t\t\t<\/div>\t\t\t<\/article>\r\n\r\n\t\t\t<article class=\"grve-blog-item grve-isotope-item post-17092 post type-post status-publish format-standard hentry category-oportunidades-academy\" itemscope itemType=\"http:\/\/schema.org\/BlogPosting\">\r\n\t\t\t\t<div class=\"grve-blog-item-inner grve-isotope-item-inner grve-fade-in-up\">\r\n\t\t\t\t\t\t\t\t\t\t\t\t\t\t\t\t\t<div class=\"grve-post-content-wrapper\">\r\n\t\t\t\t\t\t\t<div class=\"grve-post-content\">\r\n\t\t\t\t\t\t\t\t<div class=\"grve-post-header\">\r\n\t\t\t\t\t\t\t\t\t\t\t\t\t\t\t\t\t\t\t\t<span class=\"grve-hidden\">\r\n\t\t\t<span class=\"grve-structured-data entry-title\">Candidatura espont\u00e1nea<\/span>\r\n\t\t\t<span class=\"grve-structured-data\" itemprop=\"image\" itemscope itemtype=\"http:\/\/schema.org\/ImageObject\">\r\n\t\t\t   <span itemprop='url' >https:\/\/gln.pt\/wp-content\/themes\/movedo\/images\/empty\/thumbnail.jpg<\/span>\r\n\t\t\t   <span itemprop='height' >150<\/span>\r\n\t\t\t   <span itemprop='width' >150<\/span>\r\n\t\t\t<\/span>\r\n\t\t\t\t\t\t<span class=\"grve-structured-data vcard author\" itemprop=\"author\" itemscope itemtype=\"http:\/\/schema.org\/Person\">\r\n\t\t\t\t<span itemprop=\"name\" class=\"fn\">GLN<\/span>\r\n\t\t\t<\/span>\r\n\t\t\t<span class=\"grve-structured-data\" itemprop=\"publisher\" itemscope itemtype=\"http:\/\/schema.org\/Organization\">\r\n\t\t\t\t<span itemprop='name'>GLN<\/span>\r\n\t\t\t\t<span itemprop='logo' itemscope itemtype='http:\/\/schema.org\/ImageObject'>\r\n\t\t\t\t\t<span itemprop='url'>https:\/\/gln.pt\/wp-content\/themes\/movedo\/images\/empty\/thumbnail.jpg<\/span>\r\n\t\t\t\t<\/span>\r\n\t\t\t<\/span>\r\n\t\t\t\t\t\t<time class=\"grve-structured-data date published\" itemprop=\"datePublished\" datetime=\"2018-08-06T15:54:41+00:00\">2018-08-06<\/time>\r\n\t\t\t<time class=\"grve-structured-data date updated\" itemprop=\"dateModified\"  datetime=\"2021-09-20T13:50:08+00:00\">2021-09-20<\/time>\r\n\t\t\t<span class=\"grve-structured-data\" itemprop=\"mainEntityOfPage\" itemscope itemtype=\"http:\/\/schema.org\/WebPage\" itemid=\"https:\/\/gln.pt\/es\/candidatura-espontanea-academy\/\"><\/span>\r\n\t\t<\/span>\r\n\t\t\t\t\t\t\t\t\t\t\t\t\t\t\t\t\t\t\t\t<ul class=\"grve-post-meta\">\r\n\t\t\t\t\t\t\t\t\t\t<li class=\"grve-post-date\">\t<time class=\"\" datetime=\"2018-08-06T15:54:41+00:00\">\r\n\t\t2018-08-06\t<\/time>\r\n<\/li>\t\t\t\t\t\t\t\t\t\t<\/ul>\r\n\t\t\t\t\t\t\t\t\t\t\t\t\t\t\t\t\t\t<a href=\"https:\/\/gln.pt\/es\/candidatura-espontanea-academy\/\" rel=\"bookmark\"><h2 class=\"grve-post-title grve-post-title-hover grve-h3\" itemprop=\"name headline\">Candidatura espont\u00e1nea<\/h2><\/a>\t\t\t\t\t\t\t\t<\/div>\r\n\t\t\t\t\t\t\t\t<div itemprop=\"articleBody\"><p>[vc_row padding_bottom_multiplier=\u00bb4x\u00bb][vc_column][vc_column_text]El Grupo GLN pretende moldear a las pr\u00f3ximas generaciones, a trav\u00e9s de la inversi\u00f3n en capital humano y en la mejora profesional de sus empleados. Ofrecemos cursos profesionales desafiantes,&hellip;<\/p><a class=\"grve-read-more grve-link-text grve-heading-color grve-text-hover-primary-1\" href=\"https:\/\/gln.pt\/es\/candidatura-espontanea-academy\/\"><span>leer m\u00e1s<\/span><\/a><\/div>\t\t\t\t\t\t\t<\/div>\r\n\t\t\t\t\t\t<\/div>\r\n\t\t\t\t\t\r\n\t\t\t\t<\/div>\t\t\t<\/article>\r\n\r\n\t\t\t<\/div>\r\n\t\t<\/div>\r\n[\/vc_column][\/vc_row][vc_row bg_type=\u00bbcolor\u00bb padding_top_multiplier=\u00bb4x\u00bb padding_bottom_multiplier=\u00bb4x\u00bb bg_color=\u00bb#ffffff\u00bb][vc_column]<h2 class=\"grve-element grve-title grve-align-center grve-h2 call-action h2-strong grve-increase-heading grve-heading-120\" style=\"\"><span>Vem y \u00fanete<br \/>\na nuestro equipo<\/span><\/h2><div class=\"grve-empty-space\" style=\"height: 10px;\"><\/div>[vc_row_inner][vc_column_inner]<div role=\"form\" class=\"wpcf7\" id=\"wpcf7-f17088-o15\" lang=\"en-US\" dir=\"ltr\">\n<div class=\"screen-reader-response\"><p role=\"status\" aria-live=\"polite\" aria-atomic=\"true\"><\/p> <ul><\/ul><\/div>\n<form action=\"\/es\/wp-json\/wp\/v2\/pages\/17066#wpcf7-f17088-o15\" method=\"post\" class=\"wpcf7-form init wpcf7-acceptance-as-validation\" enctype=\"multipart\/form-data\" novalidate=\"novalidate\" data-status=\"init\">\n<div style=\"display: none;\">\n<input type=\"hidden\" name=\"_wpcf7\" value=\"17088\" \/>\n<input type=\"hidden\" name=\"_wpcf7_version\" value=\"5.3.1\" \/>\n<input type=\"hidden\" name=\"_wpcf7_locale\" value=\"en_US\" \/>\n<input type=\"hidden\" name=\"_wpcf7_unit_tag\" value=\"wpcf7-f17088-o15\" \/>\n<input type=\"hidden\" name=\"_wpcf7_container_post\" value=\"0\" \/>\n<input type=\"hidden\" name=\"_wpcf7_posted_data_hash\" value=\"\" \/>\n<input type=\"hidden\" name=\"_wpcf7_recaptcha_response\" value=\"\" \/>\n<\/div>\n<div class=\"grve-form grve-underline\">\n<div class=\"grve-fields-wrapper\">\n<div><span class=\"wpcf7-form-control-wrap your-name\"><input type=\"text\" name=\"your-name\" value=\"\" size=\"40\" class=\"wpcf7-form-control wpcf7-text wpcf7-validates-as-required\" aria-required=\"true\" aria-invalid=\"false\" placeholder=\"Nombre*\" \/><\/span><\/div>\n<div><span class=\"wpcf7-form-control-wrap your-email\"><input type=\"email\" name=\"your-email\" value=\"\" size=\"40\" class=\"wpcf7-form-control wpcf7-text wpcf7-email wpcf7-validates-as-required wpcf7-validates-as-email\" aria-required=\"true\" aria-invalid=\"false\" placeholder=\"Email*\" \/><\/span><\/div>\n<div><span class=\"wpcf7-form-control-wrap jobs-offer\"><select name=\"jobs-offer\" class=\"wpcf7-form-control wpcf7-select post\" id=\"oportunidadeGLN\" aria-required=\"true\" aria-invalid=\"false\" allow-clear=\"true\" search-box=\"false\" placeholder=\"&mdash; Elegir &mdash;\"><option value=\"\" data-id=\"-1\">&mdash; Elegir &mdash;<\/option><option value=\"(Portugu\u00eas) Est\u00e1gios IEFP\" data-id=\"19260\">(Portugu\u00eas) Est\u00e1gios IEFP<\/option><option value=\"Candidatura espont\u00e1nea\" data-id=\"17092\">Candidatura espont\u00e1nea<\/option><\/select><\/span><\/div>\n<div class=\"file-careers\"><span class=\"wpcf7-form-control-wrap Upload-file-text\"><input type=\"text\" name=\"Upload-file-text\" value=\"\" size=\"40\" class=\"wpcf7-form-control wpcf7-text\" id=\"upload-file-text\" readonly=\"readonly\" aria-invalid=\"false\" placeholder=\"Upload CV (.pdf\/ .doc\/ .docx)\" \/><\/span><button class='input-btn' type='button' id='input_btn'>+<\/button><\/div>\n<div class=\"file-careers\"><span class=\"wpcf7-form-control-wrap file-649\"><input type=\"file\" name=\"file-649\" size=\"40\" class=\"wpcf7-form-control wpcf7-file wpcf7-validates-as-required input-file\" id=\"input_file\" accept=\".pdf,.doc,.docx\" aria-required=\"true\" aria-invalid=\"false\" \/><\/span><\/div>\n<div class=\"gdpr-politics-careers\">\n<p>The data collected in this form will be processed and stored by GLN \u2013 Engineering, Molding and Plastics, S.A., with head office at Estrada Nacional 356-1, Charneca do Arnal, Maceira, Leiria, tax payer number 510 932 860, as the controller of processing the personal data (hereinafter referred to as \u201cGLN\u201d).<\/p>\n<p>The information collected herein shall be processed and used exclusively for the purposes of contact management in GLN\u2019s recruitment and selection processes.  <\/p>\n<p>GLN is entitled to transfer your personal data to subcontractors hired for the purposes referred above, under the agreements entered with such entities, as well as to other GLN Group Companies, to entities with which GLN and GLN Group Companies have established agreements or commercial partnerships or to the legally competent entities.<\/p>\n<p>Before clicking \u201csend\u201d, please read our <a href=\"\/politica-de-privacidade-e-de-cookies\/\" target=\"_blank\">Privacy and Cookies Policy<\/a>, where you will find information, namely, about your rights under the General Data Protection Regulation, the period of personal data storage, possibility of transfers of personal data to third parties and adopted security measures. In any event, under the applicable law, you have the right to withdraw you consent for the processing of your personal data for the abovementioned purposes, but this does not, however, render invalid the processing of your personal data up until such withdrawal. For further information, please contact us by e-mail geral@gln.pt or by phone +351 244 770 160.<\/p>\n<p><span class=\"wpcf7-form-control-wrap acceptance-gdpr\"><span class=\"wpcf7-form-control wpcf7-acceptance\"><span class=\"wpcf7-list-item\"><label><input type=\"checkbox\" name=\"acceptance-gdpr\" value=\"1\" aria-invalid=\"false\" id=\"acceptance-gdpr\" \/><span class=\"wpcf7-list-item-label\">I hereby accept the treatment of my personal data for the purposes abovementioned\/ selected, in terms set out above.*<\/span><\/label><\/span><\/span><\/span><\/p>\n<\/div>\n<div class=\"grve-align-center\"><input type=\"submit\" value=\"Aplicar\" class=\"wpcf7-form-control wpcf7-submit\" \/><\/div>\n<\/div>\n<\/div>\n<div class=\"wpcf7-response-output\" aria-hidden=\"true\"><\/div><\/form><\/div>[\/vc_column_inner][\/vc_row_inner][\/vc_column][\/vc_row][vc_row bg_type=\u00bbcolor\u00bb padding_top_multiplier=\u00bb4x\u00bb padding_bottom_multiplier=\u00bb4x\u00bb section_id=\u00bbnewsRow\u00bb bg_color=\u00bb#f3f3f3&#8243;][vc_column]<h2 class=\"grve-element grve-title grve-align-center grve-h2\" style=\"\"><span>Noticias de la Academia<\/span><\/h2><div class=\"grve-empty-space grve-height-2x\" style=\"\"><\/div>\t\t<div class=\"grve-element grve-blog grve-blog-columns grve-blog-grid grve-isotope grve-with-gap\" style=\"\" data-columns=\"2\" data-columns-large-screen=\"2\" data-columns-tablet-landscape=\"2\" data-columns-tablet-portrait=\"2\" data-columns-mobile=\"1\" data-layout=\"fitRows\" data-spinner=\"yes\" data-gutter-size=\"40\">\r\n\t\t\t<div class=\"grve-isotope-container\">\r\n\t\t\t<article class=\"grve-blog-item grve-isotope-item post-17232 post type-post status-publish format-gallery has-post-thumbnail hentry category-academy post_format-post-format-gallery\" itemscope itemType=\"http:\/\/schema.org\/BlogPosting\">\r\n\t\t\t\t<div class=\"grve-blog-item-inner grve-isotope-item-inner grve-fade-in-up\">\r\n\t\t\t\t\t\t\t\t\t\t\t\t\t<div class=\"grve-media\">\r\n\t\t\t<a class=\"grve-item-url\" href=\"https:\/\/gln.pt\/es\/bolsas-ipl-industria-2017-2018-alunos-premiados-gln\/\"><\/a>\r\n\t\t\t<img loading=\"lazy\" decoding=\"async\" width=\"768\" height=\"432\" src=\"https:\/\/gln.pt\/wp-content\/uploads\/Noticia-bolsa-IPL-04-768x432.jpg\" class=\"attachment-medium_large size-medium_large wp-post-image\" alt=\"Becas IPL+IND\u00daSTRIA 2017\/2018 \u2013 dos estudiantes premiados visitan GLN\" srcset=\"https:\/\/gln.pt\/wp-content\/uploads\/Noticia-bolsa-IPL-04-768x432.jpg 768w, https:\/\/gln.pt\/wp-content\/uploads\/Noticia-bolsa-IPL-04-300x169.jpg 300w, https:\/\/gln.pt\/wp-content\/uploads\/Noticia-bolsa-IPL-04-1024x576.jpg 1024w, https:\/\/gln.pt\/wp-content\/uploads\/Noticia-bolsa-IPL-04-1170x658.jpg 1170w, https:\/\/gln.pt\/wp-content\/uploads\/Noticia-bolsa-IPL-04-1920x1080.jpg 1920w, https:\/\/gln.pt\/wp-content\/uploads\/Noticia-bolsa-IPL-04.jpg 1600w\" sizes=\"auto, (max-width: 768px) 100vw, 768px\" title=\"Becas IPL+IND\u00daSTRIA 2017\/2018 \u2013 dos estudiantes premiados visitan GLN\" \/>\t\t\t<div class=\"grve-bg-black grve-hover-overlay grve-opacity-10\"><\/div>\r\n\t\t<\/div>\r\n\t\t\t\t\t\t<div class=\"grve-post-content-wrapper\">\r\n\t\t\t\t\t\t\t<div class=\"grve-post-content\">\r\n\t\t\t\t\t\t\t\t<div class=\"grve-post-header\">\r\n\t\t\t\t\t\t\t\t\t\t\t\t\t\t\t\t\t\t\t\t<span class=\"grve-hidden\">\r\n\t\t\t<span class=\"grve-structured-data entry-title\">Becas IPL+IND\u00daSTRIA 2017\/2018 \u2013 dos estudiantes premiados visitan GLN<\/span>\r\n\t\t\t<span class=\"grve-structured-data\" itemprop=\"image\" itemscope itemtype=\"http:\/\/schema.org\/ImageObject\">\r\n\t\t\t   <span itemprop='url' >https:\/\/gln.pt\/wp-content\/uploads\/Noticia-bolsa-IPL-04.jpg<\/span>\r\n\t\t\t   <span itemprop='height' >1600<\/span>\r\n\t\t\t   <span itemprop='width' >900<\/span>\r\n\t\t\t<\/span>\r\n\t\t\t\t\t\t<span class=\"grve-structured-data vcard author\" itemprop=\"author\" itemscope itemtype=\"http:\/\/schema.org\/Person\">\r\n\t\t\t\t<span itemprop=\"name\" class=\"fn\">GLN<\/span>\r\n\t\t\t<\/span>\r\n\t\t\t<span class=\"grve-structured-data\" itemprop=\"publisher\" itemscope itemtype=\"http:\/\/schema.org\/Organization\">\r\n\t\t\t\t<span itemprop='name'>GLN<\/span>\r\n\t\t\t\t<span itemprop='logo' itemscope itemtype='http:\/\/schema.org\/ImageObject'>\r\n\t\t\t\t\t<span itemprop='url'>https:\/\/gln.pt\/wp-content\/uploads\/Noticia-bolsa-IPL-04.jpg<\/span>\r\n\t\t\t\t<\/span>\r\n\t\t\t<\/span>\r\n\t\t\t\t\t\t<time class=\"grve-structured-data date published\" itemprop=\"datePublished\" datetime=\"2018-02-07T10:00:06+00:00\">2018-02-07<\/time>\r\n\t\t\t<time class=\"grve-structured-data date updated\" itemprop=\"dateModified\"  datetime=\"2021-09-20T13:50:11+00:00\">2021-09-20<\/time>\r\n\t\t\t<span class=\"grve-structured-data\" itemprop=\"mainEntityOfPage\" itemscope itemtype=\"http:\/\/schema.org\/WebPage\" itemid=\"https:\/\/gln.pt\/es\/bolsas-ipl-industria-2017-2018-alunos-premiados-gln\/\"><\/span>\r\n\t\t<\/span>\r\n\t\t\t\t\t\t\t\t\t\t\t\t\t\t\t\t\t\t\t\t<ul class=\"grve-post-meta\">\r\n\t\t\t\t\t\t\t\t\t\t<li class=\"grve-post-date\">\t<time class=\"\" datetime=\"2018-02-07T10:00:06+00:00\">\r\n\t\t2018-02-07\t<\/time>\r\n<\/li>\t\t\t\t\t\t\t\t\t\t<\/ul>\r\n\t\t\t\t\t\t\t\t\t\t\t\t\t\t\t\t\t\t<a href=\"https:\/\/gln.pt\/es\/bolsas-ipl-industria-2017-2018-alunos-premiados-gln\/\" rel=\"bookmark\"><h2 class=\"grve-post-title grve-post-title-hover grve-h4\" itemprop=\"name headline\">Becas IPL+IND\u00daSTRIA 2017\/2018 \u2013 dos estudiantes premiados visitan GLN<\/h2><\/a>\t\t\t\t\t\t\t\t<\/div>\r\n\t\t\t\t\t\t\t\t<div itemprop=\"articleBody\"><p>En el marco del Protocolo de Cooperaci\u00f3n \u201cIPL + Ind\u00fastria\u201d, entre CEFAMOL, IPL y NERLEI, GLN otorga nuevamente becas \u201cIPL+IND\u00daSTRIA\u201d, cuyo objetivo es recompensar el m\u00e9rito acad\u00e9mico de los estudiantes de pregrado IPL.<\/p>\n<a class=\"grve-read-more grve-link-text grve-heading-color grve-text-hover-primary-1\" href=\"https:\/\/gln.pt\/es\/bolsas-ipl-industria-2017-2018-alunos-premiados-gln\/\"><span>leer m\u00e1s<\/span><\/a><\/div>\t\t\t\t\t\t\t<\/div>\r\n\t\t\t\t\t\t<\/div>\r\n\t\t\t\t\t\r\n\t\t\t\t<\/div>\t\t\t<\/article>\r\n\r\n\t\t\t<\/div>\r\n\t\t<\/div>\r\n[\/vc_column][\/vc_row][vc_row padding_top_multiplier=\u00bb\u00bb padding_bottom_multiplier=\u00bb\u00bb][vc_column][vc_raw_js]JTNDc2NyaXB0JTIwdHlwZSUzRCUyMnRleHQlMkZqYXZhc2NyaXB0JTIyJTNFJTIwJTBBJTBBJTBBalF1ZXJ5JTI4ZG9jdW1lbnQlMjkucmVhZHklMjhmdW5jdGlvbiUyOCUyMCUyNCUyMCUyOSU3QiUwQSUwOXNldFRpbWVvdXQlMjhmdW5jdGlvbiUyOCUyOSU3QiUwQSUwQSUwOSUyMCUyMCUwOSUyRiUyRkFsdGVyYXIlMjBvcyUyMGJvdCVDMyVCNWVzJTIwZGFzJTIwbm90aWNpYXMlMjAlMjAlMEElMDklMDl2YXIlMjBjbGFzc2VzJTNEZG9jdW1lbnQucXVlcnlTZWxlY3RvckFsbCUyOCUyMiUyM25ld3NSb3clMjBhLmdydmUtcmVhZC1tb3JlJTIyJTI5JTJDJTIwaSUzQiUwQSUwQSUwOSUwOWZvciUyMCUyOGklMjAlM0QlMjAwJTNCJTIwaSUyMCUzQyUyMGNsYXNzZXMubGVuZ3RoJTNCJTIwJTJCJTJCaSUyOSUyMCU3QiUwQSUwOSUwOSUyMCUyMCUyMCUyMGNsYXNzZXMlNUJpJTVELmNsYXNzTmFtZSUyMCUzRCUyMCUyMmdydmUtYnRuJTIwZ3J2ZS1idG4tbWVkaXVtJTIwZ3J2ZS1zcXVhcmUlMjBncnZlLWJnLXByaW1hcnktMSUyMGdydmUtYmctaG92ZXItcHJpbWFyeS0yJTIwYnRuLWdsbi1jb3IlMjIlM0IlMEElMDklMDklN0QlMEElMEElMDklMDklMkYlMkZBbHRlcmFyJTIwYm90YW8lMjB1cGxvYWQlMjBmaWxlJTBBJTA5JTA5ZG9jdW1lbnQuZ2V0RWxlbWVudEJ5SWQlMjglMjJpbnB1dF9idG4lMjIlMjkuYWRkRXZlbnRMaXN0ZW5lciUyOCUyN2NsaWNrJTI3JTJDZnVuY3Rpb24lMjglMjklN0IlMEElMDklMDklMjAlMjBkb2N1bWVudC5nZXRFbGVtZW50QnlJZCUyOCUyMmlucHV0X2ZpbGUlMjIlMjkuY2xpY2slMjglMjklM0IlMjAlMjAlMEElMDklMDklN0QlMkNmYWxzZSUyOSUzQiUwQSUwQSUwOSUwOSUyNCUyOCUyMiUyM2lucHV0X2ZpbGUlMjIlMjkub24lMjglMjJjaGFuZ2UlMjIlMkMlMjBmdW5jdGlvbiUyOGUlMjklN0IlMEElMDklMDklMDklMjBhbGVydCUyOGRvY3VtZW50LmdldEVsZW1lbnRCeUlkJTI4JTIyaW5wdXRfZmlsZSUyMiUyOS52YWx1ZSUyOSUzQiUwQSUwOSUwOSUwOSUyMCUwQSUwOSUwOSUwOSUyMHZhciUyMGNhbWluaG9GaWxlJTIwJTNEJTIwZG9jdW1lbnQuZ2V0RWxlbWVudEJ5SWQlMjglMjJpbnB1dF9maWxlJTIyJTI5LnZhbHVlJTNCJTIwJTBBJTIwJTIwJTIwJTA5JTA5JTA5JTIwJTBBJTIwJTIwJTIwJTA5JTA5JTA5JTIwdmFyJTIwdXJsU3BsaXQlMjAlM0QlMjBjYW1pbmhvRmlsZS5zcGxpdCUyOCUyNyU1QyU1QyUyNyUyOSUzQiUwQSUwOSUwOSUwOSUyMHZhciUyMHVybFNwbGl0TWFjJTIwJTNEJTIwY2FtaW5ob0ZpbGUuc3BsaXQlMjglMjclMkYlMjclMjklM0IlMEElMDklMDklMDklMjB2YXIlMjBuYW1lRmlsZSUzQiUwQSUwOSUwOSUwOSUyMGlmJTI4dXJsU3BsaXQubGVuZ3RoJTIwJTNFJTNEMiUyMCUyOSU3QiUwQSUwOSUwOSUwOSUyMCUwOW5hbWVGaWxlJTIwJTNEJTIwdXJsU3BsaXQlNUJ1cmxTcGxpdC5sZW5ndGgtMSUyMCU1RCUzQiUwQSUwOSUwOSUwOSUyMCU3RCUwQSUwOSUwOSUwOSUyMGVsc2UlMjBpZiUyOHVybFNwbGl0TWFjLmxlbmd0aCUyMCUzRSUzRDIlMjklN0IlMEElMDklMDklMDklMjAlMDluYW1lRmlsZSUyMCUzRCUyMHVybFNwbGl0JTVCdXJsU3BsaXRNYWMubGVuZ3RoLTElMjAlNUQlM0IlMEElMDklMDklMDklMjAlN0QlMEElMDklMDklMDklMjAlMEElMDklMDklMDklMjBkb2N1bWVudC5nZXRFbGVtZW50QnlJZCUyOCUyMnVwbG9hZC1maWxlLXRleHQlMjIlMjkudmFsdWUlMjAlM0QlMjBuYW1lRmlsZSUzQiUwQSUwOSUwOSU3RCUyOSUzQiUwQSUwQSUwOSU3RCUyQyUyMDEwMDAlMjklM0IlMEElMEElN0QlMjklM0IlMEElMEElM0MlMkZzY3JpcHQlM0UlMEE=[\/vc_raw_js][\/vc_column][\/vc_row]<\/p>","protected":false},"excerpt":{"rendered":"<p>[vc_row padding_top_multiplier=\u00bb4x\u00bb padding_bottom_multiplier=\u00bb4x\u00bb][vc_column][vc_column_text text_style=\u00bbleader-text\u00bb css=\u00bb.vc_custom_1568913765188{padding-right: 5% !important;padding-left: 5% !important;}\u00bb] GLN ACADEMY es un proyecto que tiene como objetivo capturar, desarrollar y retener talento. Considerando la especificidad de la industria del grupo, GLN apuesta por el seguimiento de pasant\u00edas curriculares y profesionales, tesis y proyectos de investigaci\u00f3n de desarrollo. GLN Group contin\u00faa buscando los mejores profesionales [&hellip;]<\/p>\n","protected":false},"author":1,"featured_media":0,"parent":0,"menu_order":0,"comment_status":"closed","ping_status":"closed","template":"","meta":{"footnotes":""},"class_list":["post-17066","page","type-page","status-publish","hentry"],"_links":{"self":[{"href":"https:\/\/gln.pt\/es\/wp-json\/wp\/v2\/pages\/17066","targetHints":{"allow":["GET"]}}],"collection":[{"href":"https:\/\/gln.pt\/es\/wp-json\/wp\/v2\/pages"}],"about":[{"href":"https:\/\/gln.pt\/es\/wp-json\/wp\/v2\/types\/page"}],"author":[{"embeddable":true,"href":"https:\/\/gln.pt\/es\/wp-json\/wp\/v2\/users\/1"}],"replies":[{"embeddable":true,"href":"https:\/\/gln.pt\/es\/wp-json\/wp\/v2\/comments?post=17066"}],"version-history":[{"count":18,"href":"https:\/\/gln.pt\/es\/wp-json\/wp\/v2\/pages\/17066\/revisions"}],"predecessor-version":[{"id":19243,"href":"https:\/\/gln.pt\/es\/wp-json\/wp\/v2\/pages\/17066\/revisions\/19243"}],"wp:attachment":[{"href":"https:\/\/gln.pt\/es\/wp-json\/wp\/v2\/media?parent=17066"}],"curies":[{"name":"wp","href":"https:\/\/api.w.org\/{rel}","templated":true}]}}