{"id":18096,"date":"2021-05-11T15:22:48","date_gmt":"2021-05-11T15:22:48","guid":{"rendered":"https:\/\/gln.pt\/?page_id=18096"},"modified":"2021-09-07T10:33:28","modified_gmt":"2021-09-07T10:33:28","slug":"one-stop-shop-ecosystem","status":"publish","type":"page","link":"https:\/\/gln.pt\/es\/one-stop-shop-ecosystem\/","title":{"rendered":"One-Stop-Shop GLN Ecosystem"},"content":{"rendered":"<p>[vc_row padding_top_multiplier=\u00bb4x\u00bb padding_bottom_multiplier=\u00bb4x\u00bb][vc_column][vc_custom_heading text=\u00bbGLN<br \/>\nONE-STOP-SHOP ECOSYSTEM \u00bb font_container=\u00bbtag:h2|text_align:center\u00bb use_theme_fonts=\u00bbyes\u00bb]<div class=\"grve-empty-space grve-height-1x\" style=\"\"><\/div><div class=\"grve-element grve-image grve-animated-item grve-duration-normal grve-fade-in-up grve-align-center\" style=\"\" data-delay=\"200\">  <div class=\"grve-image-wrapper\"><img loading=\"lazy\" decoding=\"async\" width=\"500\" height=\"444\" src=\"https:\/\/gln.pt\/wp-content\/uploads\/one-stop-shop-e1659088258121.png\" class=\"attachment-full size-full\" alt=\"One-Stop-Shop GLN Ecosystem\" title=\"One-Stop-Shop GLN Ecosystem\" \/>   <\/div><\/div><div class=\"grve-empty-space grve-height-2x\" style=\"\"><\/div>[vc_tta_accordion c_icon=\u00bbchevron\u00bb active_section=\u00bb1&#8243; heading_tag=\u00bbh2&#8243; heading=\u00bbh4&#8243; collapsible_all=\u00bbtrue\u00bb][vc_tta_section title=\u00bbDesaf\u00edo con el cliente\u00bb tab_id=\u00bb1631010011173-4c7400b9-807b\u00bb][vc_row_inner][vc_column_inner width=\u00bb1\/6&#8243;]<div class=\"grve-element grve-image grve-align-center\" style=\"\">  <div class=\"grve-image-wrapper\"><img loading=\"lazy\" decoding=\"async\" width=\"222\" height=\"167\" src=\"https:\/\/gln.pt\/wp-content\/uploads\/Customer-challenge-1.png\" class=\"attachment-full size-full\" alt=\"One-Stop-Shop GLN Ecosystem\" title=\"One-Stop-Shop GLN Ecosystem\" \/>   <\/div><\/div>[\/vc_column_inner][vc_column_inner width=\u00bb5\/6&#8243;][vc_column_text]Teniendo en cuenta las valencias del grupo GLN, estamos trabajando en estrecha colaboraci\u00f3n con nuestros clientes para poder suministrar las soluciones a los desaf\u00edos que surgen de los clientes. El objetivo es buscar siempre los mayores beneficios que podamos conseguir para satisfacer las necesidades del cliente.[\/vc_column_text][\/vc_column_inner][\/vc_row_inner][\/vc_tta_section][vc_tta_section title=\u00bbIngenier\u00eda de producto y proyectos\u00bb tab_id=\u00bb1631010223946-fb4edcb6-136e\u00bb][vc_row_inner][vc_column_inner width=\u00bb1\/6&#8243;]<div class=\"grve-element grve-image grve-align-center\" style=\"\">  <div class=\"grve-image-wrapper\"><img loading=\"lazy\" decoding=\"async\" width=\"222\" height=\"167\" src=\"https:\/\/gln.pt\/wp-content\/uploads\/Product-Engineering-Project-1.png\" class=\"attachment-full size-full\" alt=\"One-Stop-Shop GLN Ecosystem\" title=\"One-Stop-Shop GLN Ecosystem\" \/>   <\/div><\/div>[\/vc_column_inner][vc_column_inner width=\u00bb5\/6&#8243;][vc_column_text]Se cuenta con un equipo especializado con a\u00f1os de experiencia en la industria del molde y la inyecci\u00f3n, podemos trabajar en estrecha colaboraci\u00f3n con los clientes en el desarrollo de nuevos proyectos dedicados. Estos incluyen: la ingenier\u00eda del producto en t\u00e9rminos de forma mediante modelado 3D, pieza 2D a imprimir, estudios reol\u00f3gicos, investigaci\u00f3n de materiales y otros.<\/p>\n<p>El objetivo es obtener un producto que se pueda inyectar y desmoldar de la herramienta mediante la combinaci\u00f3n de varios conceptos y tecnolog\u00edas que satisfagan las necesidades de los clientes.[\/vc_column_text][\/vc_column_inner][\/vc_row_inner][\/vc_tta_section][vc_tta_section title=\u00bbCreaci\u00f3n de prototipos\u00bb tab_id=\u00bb1631010270970-780b14e5-9020&#8243;][vc_row_inner][vc_column_inner width=\u00bb1\/6&#8243;]<div class=\"grve-element grve-image grve-align-center\" style=\"\">  <div class=\"grve-image-wrapper\"><img loading=\"lazy\" decoding=\"async\" width=\"222\" height=\"167\" src=\"https:\/\/gln.pt\/wp-content\/uploads\/Prototyping-1.png\" class=\"attachment-full size-full\" alt=\"One-Stop-Shop GLN Ecosystem\" title=\"One-Stop-Shop GLN Ecosystem\" \/>   <\/div><\/div>[\/vc_column_inner][vc_column_inner width=\u00bb5\/6&#8243;][vc_column_text]GLN tiene la capacidad de suministrar varios tipos de piezas prototipo, lo que permite la validaci\u00f3n previa de los productos y del mercado antes de pasar a moldes de producci\u00f3n e inyecci\u00f3n en serie.<\/p>\n<p>La red de asociaciones que establecimos nos ayuda a apoyar a nuestros clientes en el suministro de soluciones desde impresi\u00f3n 3D (SLS, SLA), moldes de silicona o aluminio hasta moldes de producci\u00f3n de bajo volumen.<\/p>\n<p>Estas soluciones tambi\u00e9n refuerzan la fase de ingenier\u00eda del producto, ya que podemos conseguir un producto prototipo que se ver\u00e1 como la pieza final.[\/vc_column_text][\/vc_column_inner][\/vc_row_inner][\/vc_tta_section][vc_tta_section title=\u00bbDise\u00f1o y construcci\u00f3n de herramientas\u00bb tab_id=\u00bb1631010318736-c17c1c41-930d\u00bb][vc_row_inner][vc_column_inner width=\u00bb1\/6&#8243;]<div class=\"grve-element grve-image grve-align-center\" style=\"\">  <div class=\"grve-image-wrapper\"><img loading=\"lazy\" decoding=\"async\" width=\"222\" height=\"167\" src=\"https:\/\/gln.pt\/wp-content\/uploads\/Tool-design-and-construction.png\" class=\"attachment-full size-full\" alt=\"One-Stop-Shop GLN Ecosystem\" title=\"One-Stop-Shop GLN Ecosystem\" \/>   <\/div><\/div>[\/vc_column_inner][vc_column_inner width=\u00bb5\/6&#8243;][vc_column_text]Reconocido internacionalmente como fabricante de moldes de referencia a nivel europeo, los a\u00f1os de experiencia en GLN nos ha permitido ofrecer la mejor soluci\u00f3n para el dise\u00f1o y fabricaci\u00f3n de moldes t\u00e9cnicos de alta precisi\u00f3n, utilizando la combinaci\u00f3n de tecnolog\u00edas disponibles en una sola herramienta. GLN cuenta con dos modernas instalaciones de producci\u00f3n donde se emplea la \u00faltima generaci\u00f3n de equipos de ingenier\u00eda y fabricaci\u00f3n en cada etapa del proceso.<\/p>\n<p>Tras la validaci\u00f3n del producto, GLN estudia los m\u00e9todos de fabricaci\u00f3n a aplicar en el molde a trav\u00e9s del DFM (dise\u00f1o para fabricaci\u00f3n), adoptando la concepci\u00f3n m\u00e1s adecuada seg\u00fan las tecnolog\u00edas en las que nos hemos especializado a lo largo de los a\u00f1os.<\/p>\n<p>Las plantas cuentan con el apoyo de equipos dedicados integrados en los siguientes departamentos: Proyecto; Programaci\u00f3n; Mecanizado CNC; Electroerosi\u00f3n, rectificado, metrolog\u00eda, pulido, banco de trabajo y ensayo.[\/vc_column_text][\/vc_column_inner][\/vc_row_inner][\/vc_tta_section][vc_tta_section title=\u00bbPruebas y validaci\u00f3n de productos\u00bb tab_id=\u00bb1631010411512-e08bcb63-acd9&#8243;][vc_row_inner][vc_column_inner width=\u00bb1\/6&#8243;]<div class=\"grve-element grve-image grve-align-center\" style=\"\">  <div class=\"grve-image-wrapper\"><img loading=\"lazy\" decoding=\"async\" width=\"222\" height=\"167\" src=\"https:\/\/gln.pt\/wp-content\/uploads\/Product-validation-tool-tryout.png\" class=\"attachment-full size-full\" alt=\"One-Stop-Shop GLN Ecosystem\" title=\"One-Stop-Shop GLN Ecosystem\" \/>   <\/div><\/div>[\/vc_column_inner][vc_column_inner width=\u00bb5\/6&#8243;][vc_column_text]Una vez finalizadas las fases de fabricaci\u00f3n, la herramienta se introduce en una m\u00e1quina de inyecci\u00f3n para validar todos los trabajos desarrollados. Para ello, GLN ha creado su propio centro de ensayos equipado con 6 m\u00e1quinas de inyecci\u00f3n con un rango de tonelaje de 80 a 160 toneladas que permite realizar muestreos internos, o incluso producciones pre-series para nuestros clientes, garantizando el control total del proceso.<\/p>\n<p>Debido a eso, se ha establecido nuestro departamento de metrolog\u00eda que est\u00e1 trabajando estrechamente con el centro de ensayos, proporcionando los resultados obtenidos en las piezas de pl\u00e1stico inyectadas de las herramientas a trav\u00e9s de an\u00e1lisis e informes de piezas de pl\u00e1stico, control dimensional (esc\u00e1ner 2D y 3D) y tambi\u00e9n tomograf\u00eda computarizada.[\/vc_column_text][\/vc_column_inner][\/vc_row_inner][\/vc_tta_section][vc_tta_section title=\u00bbIngenier\u00eda de Procesos\u00bb tab_id=\u00bb1631010457399-139bb52a-223d\u00bb][vc_row_inner][vc_column_inner width=\u00bb1\/6&#8243;]<div class=\"grve-element grve-image grve-align-center\" style=\"\">  <div class=\"grve-image-wrapper\"><img loading=\"lazy\" decoding=\"async\" width=\"222\" height=\"167\" src=\"https:\/\/gln.pt\/wp-content\/uploads\/process-engineering.png\" class=\"attachment-full size-full\" alt=\"One-Stop-Shop GLN Ecosystem\" title=\"One-Stop-Shop GLN Ecosystem\" \/>   <\/div><\/div>[\/vc_column_inner][vc_column_inner width=\u00bb5\/6&#8243;][vc_column_text]El equipo de ingenier\u00eda de procesos trabaja como un \u00fanico punto de contacto con los clientes desde el pedido hasta la entrega. Este equipo tiene el reconocimiento y la capacidad para realizar aportes importantes durante todo el proceso; a trav\u00e9s de los estudios reol\u00f3gicos, pueden aportar mejoras en el proceso de moldeo, seguir y controlar las etapas de los diagramas de flujo establecidos e idealizar las condiciones perfectas de producci\u00f3n.<\/p>\n<p>Para la validaci\u00f3n del producto podemos utilizar las siguientes metodolog\u00edas: 53P, PPAP; PSW o APQP, cumpliendo todos los requisitos para la producci\u00f3n continua.<\/p>\n<p>El know-how de este equipo, simplifica la etapa de concepci\u00f3n de las herramientas, tiene todo el know-how adquirido en este campo se puede transferir al departamento de dise\u00f1o, reduciendo la cantidad de interacciones durante la fabricaci\u00f3n del molde.[\/vc_column_text][\/vc_column_inner][\/vc_row_inner][\/vc_tta_section][vc_tta_section title=\u00bbInyecci\u00f3n\u00bb tab_id=\u00bb1631010638303-ae80490f-4699&#8243;][vc_row_inner][vc_column_inner width=\u00bb1\/6&#8243;]<div class=\"grve-element grve-image grve-align-center\" style=\"\">  <div class=\"grve-image-wrapper\"><img loading=\"lazy\" decoding=\"async\" width=\"222\" height=\"167\" src=\"https:\/\/gln.pt\/wp-content\/uploads\/injection.png\" class=\"attachment-full size-full\" alt=\"One-Stop-Shop GLN Ecosystem\" title=\"One-Stop-Shop GLN Ecosystem\" \/>   <\/div><\/div>[\/vc_column_inner][vc_column_inner width=\u00bb5\/6&#8243;][vc_column_text]Se cuenta con tres plantas de inyecci\u00f3n, dos de ellas ubicadas en Portugal y una en M\u00e9xico, esto permite al grupo GLN suministrar continuamente piezas inyectadas para las siguientes industrias: automotriz; el\u00e9ctrico \/ electr\u00f3nico y embalajes.<\/p>\n<p>Disponemos de 49 m\u00e1quinas de inyecci\u00f3n que van desde las 22 hasta las 450 toneladas, dando la capacidad de responder a las demandas en tiempo y calidad. Naturalmente, la experiencia obtenida con el desarrollo del proceso de inyecci\u00f3n le da al grupo los insumos para la mejora continua de las fases de ingenier\u00eda, construcci\u00f3n de herramientas, ensayos, etc.[\/vc_column_text][\/vc_column_inner][\/vc_row_inner][\/vc_tta_section][vc_tta_section title=\u00bbSoluciones de Valor Agregado\u00bb tab_id=\u00bb1631010682837-335cf530-f675&#8243;][vc_row_inner][vc_column_inner width=\u00bb1\/6&#8243;]<div class=\"grve-element grve-image grve-align-center\" style=\"\">  <div class=\"grve-image-wrapper\"><img loading=\"lazy\" decoding=\"async\" width=\"222\" height=\"167\" src=\"https:\/\/gln.pt\/wp-content\/uploads\/Added-value-solutions.png\" class=\"attachment-full size-full\" alt=\"One-Stop-Shop GLN Ecosystem\" title=\"One-Stop-Shop GLN Ecosystem\" \/>   <\/div><\/div>[\/vc_column_inner][vc_column_inner width=\u00bb5\/6&#8243;][vc_column_text]Al ser una empresa tecnol\u00f3gica con una amplia experiencia en proyectos complejos, el grupo GLN ha invertido constantemente en acercar al cliente el suministro de productos de valor agregado con la integraci\u00f3n en la inyecci\u00f3n de tecnolog\u00edas, tales como, c\u00e9lulas robotizadas automatizadas, l\u00edneas de montaje, calidad y puntos de control.<\/p>\n<p>La experiencia que adquirimos nos permite desarrollar con el cliente no solo el molde, sino tambi\u00e9n el proceso de automatizaci\u00f3n asociado.[\/vc_column_text][\/vc_column_inner][\/vc_row_inner][\/vc_tta_section][vc_tta_section title=\u00bbHuella Global\u00bb tab_id=\u00bb1631010724267-6348a41b-2637&#8243;][vc_row_inner][vc_column_inner width=\u00bb1\/6&#8243;]<div class=\"grve-element grve-image grve-align-center\" style=\"\">  <div class=\"grve-image-wrapper\"><img loading=\"lazy\" decoding=\"async\" width=\"222\" height=\"167\" src=\"https:\/\/gln.pt\/wp-content\/uploads\/Mapa-GLN.png\" class=\"attachment-full size-full\" alt=\"One-Stop-Shop GLN Ecosystem\" title=\"One-Stop-Shop GLN Ecosystem\" \/>   <\/div><\/div>[\/vc_column_inner][vc_column_inner width=\u00bb5\/6&#8243;][vc_column_text]GLN ha ampliado sus operaciones al exterior, con el establecimiento de una planta en M\u00e9xico, lo que nos acerca a nuestros mercados, reduciendo el tiempo log\u00edstico ya que estamos donde los clientes necesitan piezas producidas.<\/p>\n<p>El principal destino de nuestros productos es Europa, Norteam\u00e9rica y China.<\/p>\n<p>El objetivo es posicionar continuamente el grupo GLN como un proveedor premium en la cadena de suministro de moldes y piezas de pl\u00e1stico.[\/vc_column_text][\/vc_column_inner][\/vc_row_inner][\/vc_tta_section][\/vc_tta_accordion][\/vc_column][\/vc_row]<\/p>","protected":false},"excerpt":{"rendered":"<p>[vc_row padding_top_multiplier=\u00bb4x\u00bb padding_bottom_multiplier=\u00bb4x\u00bb][vc_column][vc_custom_heading text=\u00bbGLN ONE-STOP-SHOP ECOSYSTEM \u00bb font_container=\u00bbtag:h2|text_align:center\u00bb use_theme_fonts=\u00bbyes\u00bb][vc_tta_accordion c_icon=\u00bbchevron\u00bb active_section=\u00bb1&#8243; heading_tag=\u00bbh2&#8243; heading=\u00bbh4&#8243; collapsible_all=\u00bbtrue\u00bb][vc_tta_section title=\u00bbDesaf\u00edo con el cliente\u00bb tab_id=\u00bb1631010011173-4c7400b9-807b\u00bb][vc_row_inner][vc_column_inner width=\u00bb1\/6&#8243;][\/vc_column_inner][vc_column_inner width=\u00bb5\/6&#8243;][vc_column_text]Teniendo en cuenta las valencias del grupo GLN, estamos trabajando en estrecha colaboraci\u00f3n con nuestros clientes para poder suministrar las soluciones a los desaf\u00edos que surgen de los clientes. El objetivo es buscar siempre los [&hellip;]<\/p>\n","protected":false},"author":10,"featured_media":0,"parent":0,"menu_order":0,"comment_status":"closed","ping_status":"closed","template":"","meta":{"footnotes":""},"class_list":["post-18096","page","type-page","status-publish","hentry"],"_links":{"self":[{"href":"https:\/\/gln.pt\/es\/wp-json\/wp\/v2\/pages\/18096","targetHints":{"allow":["GET"]}}],"collection":[{"href":"https:\/\/gln.pt\/es\/wp-json\/wp\/v2\/pages"}],"about":[{"href":"https:\/\/gln.pt\/es\/wp-json\/wp\/v2\/types\/page"}],"author":[{"embeddable":true,"href":"https:\/\/gln.pt\/es\/wp-json\/wp\/v2\/users\/10"}],"replies":[{"embeddable":true,"href":"https:\/\/gln.pt\/es\/wp-json\/wp\/v2\/comments?post=18096"}],"version-history":[{"count":3,"href":"https:\/\/gln.pt\/es\/wp-json\/wp\/v2\/pages\/18096\/revisions"}],"predecessor-version":[{"id":19163,"href":"https:\/\/gln.pt\/es\/wp-json\/wp\/v2\/pages\/18096\/revisions\/19163"}],"wp:attachment":[{"href":"https:\/\/gln.pt\/es\/wp-json\/wp\/v2\/media?parent=18096"}],"curies":[{"name":"wp","href":"https:\/\/api.w.org\/{rel}","templated":true}]}}