{"id":18236,"date":"2021-06-22T16:44:38","date_gmt":"2021-06-22T16:44:38","guid":{"rendered":"https:\/\/gln.pt\/?page_id=18236"},"modified":"2021-06-22T17:01:43","modified_gmt":"2021-06-22T17:01:43","slug":"famolde","status":"publish","type":"page","link":"https:\/\/gln.pt\/es\/famolde\/","title":{"rendered":"Famolde"},"content":{"rendered":"<p>[vc_row padding_top_multiplier=\u00bb4x\u00bb padding_bottom_multiplier=\u00bb4x\u00bb][vc_column]<h2 class=\"grve-element grve-title grve-align-center grve-h2 h2-strong\" style=\"\"><span>Management System Policy<\/span><\/h2>[vc_column_text text_style=\u00bbleader-text\u00bb css=\u00bb.vc_custom_1568915058970{padding-right: 5% !important;padding-left: 5% !important;}\u00bb]<\/p>\n<p style=\"text-align: center;\">En GLN rige la Pol\u00edtica del Sistema de Gesti\u00f3n (SG) a trav\u00e9s de la mejora continua de m\u00e9todos, procesos y productos, mediante el trabajo en estrecha colaboraci\u00f3n con sus clientes, empleados, proveedores y otras partes interesadas. En consecuencia, GLN adopta los siguientes principios:<\/p>\n<p>[\/vc_column_text]<div class=\"grve-empty-space grve-height-1x\" style=\"\"><\/div><div class=\"grve-empty-space grve-height-1x\" style=\"\"><\/div>[vc_row_inner][vc_column_inner width=\u00bb1\/2&#8243;][vc_column_text text_style=\u00bbleader-text\u00bb]<\/p>\n<ul>\n<li>Garantizar las necesidades de las partes interesadas asegurando su satisfacci\u00f3n, confianza y lealtad.<\/li>\n<li>Establecer en conjunto con los empleados una din\u00e1mica de la investigaci\u00f3n, desarrollo e innovaci\u00f3n que proporcione los medios y la capacitaci\u00f3n necesarios para el desempe\u00f1o adecuado de sus funciones, permitiendo que GLN ofrezca soluciones innovadoras y una amplia ventaja competitiva.<\/li>\n<li>Entregar productos y servicios que cumplan con los requisitos del cliente de la manera m\u00e1s precisa posible.<\/li>\n<li>Cumplir con los plazos de entrega, y al mismo tiempo asegurar la calidad del producto y la mejora continua del proceso.<\/li>\n<li>Asegurar la evaluaci\u00f3n de riesgos mediante la definici\u00f3n de controles preventivos para mitigar los impactos en los productos, procesos, clientes y partes interesadas.<\/li>\n<li>Cumplir con los requisitos de las normas NP EN ISO 9001, IATF 16949 y NP EN ISO 14001.<\/li>\n<\/ul>\n<p>[\/vc_column_text][\/vc_column_inner][vc_column_inner width=\u00bb1\/2&#8243;][vc_column_text text_style=\u00bbleader-text\u00bb]<\/p>\n<ul>\n<li>Cumplir con los requisitos del cliente, legislaci\u00f3n, regulaciones, obligaciones de cumplimiento y otros requisitos a los que GLN se suscriba.<\/li>\n<li>Identificar y evaluar los peligros clave para definir las acciones de mitigaci\u00f3n de riesgos a los que est\u00e1n expuestos los trabajadores, as\u00ed como la provisi\u00f3n de equipos de seguridad adecuados para sus trabajos.<\/li>\n<li>Cumplir con el uso racional de los recursos basado en el concepto de desarrollo sostenible y mejora continua del sistema de gesti\u00f3n ambiental para mejorar el desempe\u00f1o ambiental.<\/li>\n<li>Garantizar la gesti\u00f3n adecuada de los residuos y el compromiso con la protecci\u00f3n del medio ambiente, incluida la prevenci\u00f3n de la contaminaci\u00f3n.<\/li>\n<\/ul>\n<p>[\/vc_column_text][\/vc_column_inner][\/vc_row_inner]<div class=\"grve-empty-space grve-height-1x\" style=\"\"><\/div>[vc_column_text text_style=\u00bbleader-text\u00bb css=\u00bb.vc_custom_1592325712971{padding-right: 5% !important;padding-left: 5% !important;}\u00bb]<\/p>\n<p style=\"text-align: center;\">Esta pol\u00edtica se logra a trav\u00e9s de la participaci\u00f3n individual de cada empleado y trabajo en equipo en la definici\u00f3n, revisi\u00f3n, aprobaci\u00f3n, implementaci\u00f3n y cumplimiento de los objetivos del sistema de gesti\u00f3n.<\/p>\n<p style=\"text-align: center;\">La Pol\u00edtica de SG fue aprobada y divulgada el 25 de octubre de 2019 y actualmente se encuentra bajo la revisi\u00f3n 02.<\/p>\n<p style=\"text-align: center;\"><em>Comisi\u00f3n Ejecutiva GLN S.A.<\/em><\/p>\n<p>[\/vc_column_text][\/vc_column][\/vc_row][vc_row bg_type=\u00bbcolor\u00bb padding_top_multiplier=\u00bb4x\u00bb padding_bottom_multiplier=\u00bb4x\u00bb bg_color=\u00bb#f3f3f3&#8243;][vc_column]<h2 class=\"grve-element grve-title grve-align-center grve-h2\" style=\"\"><span>Certificados<\/span><\/h2><div class=\"grve-empty-space\" style=\"height: 10px;\"><\/div>[\/vc_column][vc_column][vc_row_inner][vc_column_inner width=\u00bb1\/4&#8243; el_class=\u00bbcol-certificado\u00bb]<div class=\"grve-element grve-image grve-align-center\" style=\"\">  <div class=\"grve-image-wrapper\"><img loading=\"lazy\" decoding=\"async\" width=\"480\" height=\"270\" src=\"https:\/\/gln.pt\/wp-content\/uploads\/ISO-9001.png\" class=\"attachment-full size-full\" alt=\"Sistema de Gesti\u00f3n\" srcset=\"https:\/\/gln.pt\/wp-content\/uploads\/ISO-9001.png 480w, https:\/\/gln.pt\/wp-content\/uploads\/ISO-9001-300x169.png 300w\" sizes=\"auto, (max-width: 480px) 100vw, 480px\" title=\"Sistema de Gesti\u00f3n\" \/>   <\/div><\/div><h4 class=\"grve-element grve-title grve-align-left grve-h4 h4-strong-600\" style=\"margin-bottom: 10px;\"><span>ISO 9001:2015<\/span><\/h4>[vc_column_text css=\u00bb.vc_custom_1531839858928{margin-top: 0px !important;}\u00bb]<\/p>\n<h6>Alcance de la certicaci\u00f3n<\/h6>\n<p>[\/vc_column_text][vc_column_text text_style=\u00bbleader-text\u00bb]Fabricaci\u00f3n de piezas de inyecci\u00f3n y montaje de pl\u00e1stico.[\/vc_column_text]<div class=\"grve-empty-space\" style=\"height: 10px;\"><\/div><div class=\"grve-element grve-gallery grve-isotope\" style=\"\" data-columns=\"3\" data-columns-large-screen=\"3\" data-columns-tablet-landscape=\"3\" data-columns-tablet-portrait=\"3\" data-columns-mobile=\"2\" data-layout=\"fitRows\">  <div class=\"grve-isotope-container\"><div class=\"grve-isotope-item grve-hover-item grve-hover-style-none\">  <figure class=\"grve-image-hover\">    <div class=\"grve-hover-overlay grve-bg-light grve-opacity-0\"><\/div><div class=\"grve-media\"><img loading=\"lazy\" decoding=\"async\" width=\"170\" height=\"32\" src=\"https:\/\/gln.pt\/wp-content\/uploads\/GLN_empresas-22.png\" class=\"attachment-medium size-medium\" alt=\"Sistema de Gesti\u00f3n\" title=\"Sistema de Gesti\u00f3n\" \/><\/div>  <\/figure><\/div>  <\/div><\/div>[\/vc_column_inner][vc_column_inner width=\u00bb1\/4&#8243; el_class=\u00bbcol-certificado\u00bb]<div class=\"grve-element grve-image grve-align-center\" style=\"\">  <div class=\"grve-image-wrapper\"><img loading=\"lazy\" decoding=\"async\" width=\"480\" height=\"270\" src=\"https:\/\/gln.pt\/wp-content\/uploads\/IATF-16949-2.png\" class=\"attachment-full size-full\" alt=\"Sistema de Gesti\u00f3n\" srcset=\"https:\/\/gln.pt\/wp-content\/uploads\/IATF-16949-2.png 480w, https:\/\/gln.pt\/wp-content\/uploads\/IATF-16949-2-300x169.png 300w\" sizes=\"auto, (max-width: 480px) 100vw, 480px\" title=\"Sistema de Gesti\u00f3n\" \/>   <\/div><\/div><h4 class=\"grve-element grve-title grve-align-left grve-h4 h4-strong-600\" style=\"margin-bottom: 10px;\"><span>IATF 16949:2016<\/span><\/h4>[vc_column_text css=\u00bb.vc_custom_1531839858928{margin-top: 0px !important;}\u00bb]<\/p>\n<h6>Alcance de la certicaci\u00f3n<\/h6>\n<p>[\/vc_column_text][vc_column_text text_style=\u00bbleader-text\u00bb]Fabricaci\u00f3n de piezas de inyecci\u00f3n y montaje de pl\u00e1stico.[\/vc_column_text]<div class=\"grve-empty-space\" style=\"height: 10px;\"><\/div><div class=\"grve-element grve-gallery grve-isotope\" style=\"\" data-columns=\"3\" data-columns-large-screen=\"3\" data-columns-tablet-landscape=\"3\" data-columns-tablet-portrait=\"3\" data-columns-mobile=\"2\" data-layout=\"fitRows\">  <div class=\"grve-isotope-container\"><div class=\"grve-isotope-item grve-hover-item grve-hover-style-none\">  <figure class=\"grve-image-hover\">    <div class=\"grve-hover-overlay grve-bg-light grve-opacity-0\"><\/div><div class=\"grve-media\"><img loading=\"lazy\" decoding=\"async\" width=\"170\" height=\"32\" src=\"https:\/\/gln.pt\/wp-content\/uploads\/GLN_empresas-22.png\" class=\"attachment-medium size-medium\" alt=\"Sistema de Gesti\u00f3n\" title=\"Sistema de Gesti\u00f3n\" \/><\/div>  <\/figure><\/div>  <\/div><\/div>[\/vc_column_inner][vc_column_inner width=\u00bb1\/4&#8243; el_class=\u00bbcol-certificado\u00bb]<div class=\"grve-element grve-image grve-align-center\" style=\"\">  <div class=\"grve-image-wrapper\"><img loading=\"lazy\" decoding=\"async\" width=\"480\" height=\"270\" src=\"https:\/\/gln.pt\/wp-content\/uploads\/ISO-14001-2.png\" class=\"attachment-full size-full\" alt=\"Sistema de Gesti\u00f3n\" srcset=\"https:\/\/gln.pt\/wp-content\/uploads\/ISO-14001-2.png 480w, https:\/\/gln.pt\/wp-content\/uploads\/ISO-14001-2-300x169.png 300w\" sizes=\"auto, (max-width: 480px) 100vw, 480px\" title=\"Sistema de Gesti\u00f3n\" \/>   <\/div><\/div><h4 class=\"grve-element grve-title grve-align-left grve-h4 h4-strong-600\" style=\"margin-bottom: 10px;\"><span>ISO14001:2015<\/span><\/h4>[vc_column_text css=\u00bb.vc_custom_1531839858928{margin-top: 0px !important;}\u00bb]<\/p>\n<h6>Alcance de la certicaci\u00f3n<\/h6>\n<p>[\/vc_column_text][vc_column_text text_style=\u00bbleader-text\u00bb]Fabricaci\u00f3n de piezas de inyecci\u00f3n y montaje de pl\u00e1stico.[\/vc_column_text]<div class=\"grve-empty-space\" style=\"height: 10px;\"><\/div><div class=\"grve-element grve-gallery grve-isotope\" style=\"\" data-columns=\"3\" data-columns-large-screen=\"3\" data-columns-tablet-landscape=\"3\" data-columns-tablet-portrait=\"3\" data-columns-mobile=\"2\" data-layout=\"fitRows\">  <div class=\"grve-isotope-container\"><div class=\"grve-isotope-item grve-hover-item grve-hover-style-none\">  <figure class=\"grve-image-hover\">    <div class=\"grve-hover-overlay grve-bg-light grve-opacity-0\"><\/div><div class=\"grve-media\"><img loading=\"lazy\" decoding=\"async\" width=\"170\" height=\"32\" src=\"https:\/\/gln.pt\/wp-content\/uploads\/GLN_empresas-22.png\" class=\"attachment-medium size-medium\" alt=\"Sistema de Gesti\u00f3n\" title=\"Sistema de Gesti\u00f3n\" \/><\/div>  <\/figure><\/div>  <\/div><\/div><div class=\"grve-empty-space\" style=\"height: 5px;\"><\/div>[vc_column_text css=\u00bb.vc_custom_1559896113390{margin-top: 0px !important;}\u00bb]<\/p>\n<h6><span style=\"color: #ababab;\">Site Maceira<\/span><\/h6>\n<p>[\/vc_column_text][\/vc_column_inner][vc_column_inner width=\u00bb1\/4&#8243; el_class=\u00bbcol-certificado\u00bb]<div class=\"grve-element grve-image grve-align-center\" style=\"\">  <div class=\"grve-image-wrapper\"><img loading=\"lazy\" decoding=\"async\" width=\"480\" height=\"270\" src=\"https:\/\/gln.pt\/wp-content\/uploads\/apcer-iso-9001.png\" class=\"attachment-full size-full\" alt=\"Sistema de Gesti\u00f3n\" srcset=\"https:\/\/gln.pt\/wp-content\/uploads\/apcer-iso-9001.png 480w, https:\/\/gln.pt\/wp-content\/uploads\/apcer-iso-9001-300x169.png 300w\" sizes=\"auto, (max-width: 480px) 100vw, 480px\" title=\"Sistema de Gesti\u00f3n\" \/>   <\/div><\/div><h4 class=\"grve-element grve-title grve-align-left grve-h4 h4-strong-600\" style=\"margin-bottom: 10px;\"><span>ISO 9001:2015<\/span><\/h4>[vc_column_text css=\u00bb.vc_custom_1531839858928{margin-top: 0px !important;}\u00bb]<\/p>\n<h6>Alcance de la certicaci\u00f3n<\/h6>\n<p>[\/vc_column_text][vc_column_text text_style=\u00bbleader-text\u00bb]Dise\u00f1o y fabricaci\u00f3n de moldes para la industria del pl\u00e1stico.[\/vc_column_text]<div class=\"grve-empty-space\" style=\"height: 10px;\"><\/div><div class=\"grve-element grve-gallery grve-isotope\" style=\"\" data-columns=\"3\" data-columns-large-screen=\"3\" data-columns-tablet-landscape=\"3\" data-columns-tablet-portrait=\"3\" data-columns-mobile=\"2\" data-layout=\"fitRows\">  <div class=\"grve-isotope-container\"><div class=\"grve-isotope-item grve-hover-item grve-hover-style-none\">  <figure class=\"grve-image-hover\">    <div class=\"grve-hover-overlay grve-bg-light grve-opacity-0\"><\/div><div class=\"grve-media\"><img loading=\"lazy\" decoding=\"async\" width=\"170\" height=\"32\" src=\"https:\/\/gln.pt\/wp-content\/uploads\/GLN_empresas-20.png\" class=\"attachment-medium size-medium\" alt=\"Sistema de Gesti\u00f3n\" title=\"Sistema de Gesti\u00f3n\" \/><\/div>  <\/figure><\/div><div class=\"grve-isotope-item grve-hover-item grve-hover-style-none\">  <figure class=\"grve-image-hover\">    <div class=\"grve-hover-overlay grve-bg-light grve-opacity-0\"><\/div><div class=\"grve-media\"><img loading=\"lazy\" decoding=\"async\" width=\"170\" height=\"32\" src=\"https:\/\/gln.pt\/wp-content\/uploads\/GLN_empresas-21.png\" class=\"attachment-medium size-medium\" alt=\"Sistema de Gesti\u00f3n\" title=\"Sistema de Gesti\u00f3n\" \/><\/div>  <\/figure><\/div>  <\/div><\/div>[\/vc_column_inner][\/vc_row_inner][vc_row_inner][vc_column_inner width=\u00bb1\/4&#8243; el_class=\u00bbcol-certificado\u00bb]<div class=\"grve-element grve-image grve-align-center\" style=\"\">  <div class=\"grve-image-wrapper\"><img loading=\"lazy\" decoding=\"async\" width=\"480\" height=\"270\" src=\"https:\/\/gln.pt\/wp-content\/uploads\/ISO-14001-2.png\" class=\"attachment-full size-full\" alt=\"Sistema de Gesti\u00f3n\" srcset=\"https:\/\/gln.pt\/wp-content\/uploads\/ISO-14001-2.png 480w, https:\/\/gln.pt\/wp-content\/uploads\/ISO-14001-2-300x169.png 300w\" sizes=\"auto, (max-width: 480px) 100vw, 480px\" title=\"Sistema de Gesti\u00f3n\" \/>   <\/div><\/div><h4 class=\"grve-element grve-title grve-align-left grve-h4 h4-strong-600\" style=\"margin-bottom: 10px;\"><span>ISO14001:2015<\/span><\/h4>[vc_column_text css=\u00bb.vc_custom_1531839858928{margin-top: 0px !important;}\u00bb]<\/p>\n<h6>Alcance de la certicaci\u00f3n<\/h6>\n<p>[\/vc_column_text][vc_column_text text_style=\u00bbleader-text\u00bb]Sistema de gestion ambiental.<br \/>\nDise\u00f1o y fabricaci\u00f3n de moldes para la industria del pl\u00e1stico.[\/vc_column_text]<div class=\"grve-empty-space\" style=\"height: 10px;\"><\/div><div class=\"grve-element grve-gallery grve-isotope\" style=\"\" data-columns=\"3\" data-columns-large-screen=\"3\" data-columns-tablet-landscape=\"3\" data-columns-tablet-portrait=\"3\" data-columns-mobile=\"2\" data-layout=\"fitRows\">  <div class=\"grve-isotope-container\"><div class=\"grve-isotope-item grve-hover-item grve-hover-style-none\">  <figure class=\"grve-image-hover\">    <div class=\"grve-hover-overlay grve-bg-light grve-opacity-0\"><\/div><div class=\"grve-media\"><img loading=\"lazy\" decoding=\"async\" width=\"170\" height=\"32\" src=\"https:\/\/gln.pt\/wp-content\/uploads\/GLN_empresas-20.png\" class=\"attachment-medium size-medium\" alt=\"Sistema de Gesti\u00f3n\" title=\"Sistema de Gesti\u00f3n\" \/><\/div>  <\/figure><\/div>  <\/div><\/div>[\/vc_column_inner][vc_column_inner width=\u00bb1\/4&#8243; el_class=\u00bbcol-certificado\u00bb]<div class=\"grve-element grve-image grve-align-center\" style=\"\">  <div class=\"grve-image-wrapper\"><img loading=\"lazy\" decoding=\"async\" width=\"480\" height=\"270\" src=\"https:\/\/gln.pt\/wp-content\/uploads\/ISO-9001.png\" class=\"attachment-full size-full\" alt=\"Sistema de Gesti\u00f3n\" srcset=\"https:\/\/gln.pt\/wp-content\/uploads\/ISO-9001.png 480w, https:\/\/gln.pt\/wp-content\/uploads\/ISO-9001-300x169.png 300w\" sizes=\"auto, (max-width: 480px) 100vw, 480px\" title=\"Sistema de Gesti\u00f3n\" \/>   <\/div><\/div><h4 class=\"grve-element grve-title grve-align-left grve-h4 h4-strong-600\" style=\"margin-bottom: 10px;\"><span>ISO 9001:2015<\/span><\/h4>[vc_column_text css=\u00bb.vc_custom_1531839858928{margin-top: 0px !important;}\u00bb]<\/p>\n<h6>Alcance de la certicaci\u00f3n<\/h6>\n<p>[\/vc_column_text][vc_column_text text_style=\u00bbleader-text\u00bb]Producci\u00f3n de piezas pl\u00e1sticas por inyecci\u00f3n, fabricaci\u00f3n y manutenci\u00f3n de moldes para la industria de pl\u00e1stico.[\/vc_column_text]<div class=\"grve-empty-space\" style=\"height: 10px;\"><\/div><div class=\"grve-element grve-gallery grve-isotope\" style=\"\" data-columns=\"3\" data-columns-large-screen=\"3\" data-columns-tablet-landscape=\"3\" data-columns-tablet-portrait=\"3\" data-columns-mobile=\"2\" data-layout=\"fitRows\">  <div class=\"grve-isotope-container\"><div class=\"grve-isotope-item grve-hover-item grve-hover-style-none\">  <figure class=\"grve-image-hover\">    <div class=\"grve-hover-overlay grve-bg-light grve-opacity-0\"><\/div><div class=\"grve-media\"><img loading=\"lazy\" decoding=\"async\" width=\"170\" height=\"32\" src=\"https:\/\/gln.pt\/wp-content\/uploads\/GLN_empresas-23.png\" class=\"attachment-medium size-medium\" alt=\"Sistema de Gesti\u00f3n\" title=\"Sistema de Gesti\u00f3n\" \/><\/div>  <\/figure><\/div>  <\/div><\/div>[\/vc_column_inner][vc_column_inner width=\u00bb1\/4&#8243; el_class=\u00bbcol-certificado\u00bb]<div class=\"grve-element grve-image grve-align-center\" style=\"\">  <div class=\"grve-image-wrapper\"><img loading=\"lazy\" decoding=\"async\" width=\"480\" height=\"270\" src=\"https:\/\/gln.pt\/wp-content\/uploads\/tuv.png\" class=\"attachment-full size-full\" alt=\"Sistema de Gesti\u00f3n\" srcset=\"https:\/\/gln.pt\/wp-content\/uploads\/tuv.png 480w, https:\/\/gln.pt\/wp-content\/uploads\/tuv-300x169.png 300w\" sizes=\"auto, (max-width: 480px) 100vw, 480px\" title=\"Sistema de Gesti\u00f3n\" \/>   <\/div><\/div><h4 class=\"grve-element grve-title grve-align-left grve-h4 h4-strong-600\" style=\"margin-bottom: 10px;\"><span>IATF 16949:2016<\/span><\/h4>[vc_column_text css=\u00bb.vc_custom_1531839858928{margin-top: 0px !important;}\u00bb]<\/p>\n<h6>Alcance de la certicaci\u00f3n<\/h6>\n<p>[\/vc_column_text][vc_column_text text_style=\u00bbleader-text\u00bb]Inyecci\u00f3n de piezas pl\u00e1sticas de alta precisi\u00f3n.[\/vc_column_text]<div class=\"grve-empty-space\" style=\"height: 10px;\"><\/div><div class=\"grve-element grve-gallery grve-isotope\" style=\"\" data-columns=\"3\" data-columns-large-screen=\"3\" data-columns-tablet-landscape=\"3\" data-columns-tablet-portrait=\"3\" data-columns-mobile=\"2\" data-layout=\"fitRows\">  <div class=\"grve-isotope-container\"><div class=\"grve-isotope-item grve-hover-item grve-hover-style-none\">  <figure class=\"grve-image-hover\">    <div class=\"grve-hover-overlay grve-bg-light grve-opacity-0\"><\/div><div class=\"grve-media\"><img loading=\"lazy\" decoding=\"async\" width=\"170\" height=\"32\" src=\"https:\/\/gln.pt\/wp-content\/uploads\/GLN_empresas-23.png\" class=\"attachment-medium size-medium\" alt=\"Sistema de Gesti\u00f3n\" title=\"Sistema de Gesti\u00f3n\" \/><\/div>  <\/figure><\/div>  <\/div><\/div>[\/vc_column_inner][vc_column_inner width=\u00bb1\/4&#8243; el_class=\u00bbcol-certificado\u00bb][\/vc_column_inner][\/vc_row_inner][\/vc_column][vc_column el_class=\u00bbhide-element\u00bb]<div class=\"grve-empty-space grve-height-2x\" style=\"\"><\/div><h3 class=\"grve-element grve-title grve-align-center grve-h4 grve-increase-heading grve-heading-140\" style=\"\"><span>&#8211; Em Implementa\u00e7\u00e3o &#8211;<\/span><\/h3><div class=\"grve-empty-space\" style=\"height: 10px;\"><\/div>[vc_row_inner][vc_column_inner width=\u00bb1\/4&#8243; el_class=\u00bbcol-certificado\u00bb]<div class=\"grve-element grve-image grve-grayscale-image cert-em-impl grve-align-center\" style=\"\">  <div class=\"grve-image-wrapper\"><img loading=\"lazy\" decoding=\"async\" width=\"480\" height=\"270\" src=\"https:\/\/gln.pt\/wp-content\/uploads\/ISO-16949.png\" class=\"attachment-full size-full\" alt=\"Sistema de Gesti\u00f3n\" srcset=\"https:\/\/gln.pt\/wp-content\/uploads\/ISO-16949.png 480w, https:\/\/gln.pt\/wp-content\/uploads\/ISO-16949-300x169.png 300w\" sizes=\"auto, (max-width: 480px) 100vw, 480px\" title=\"Sistema de Gesti\u00f3n\" \/>   <\/div><\/div><h4 class=\"grve-element grve-title grve-align-left grve-h4 h4-strong-600\" style=\"margin-bottom: 10px;\"><span>IATF 16949:2016<\/span><\/h4>[vc_column_text css=\u00bb.vc_custom_1531839858928{margin-top: 0px !important;}\u00bb]<\/p>\n<h6>Alcance de la certicaci\u00f3n<\/h6>\n<p>[\/vc_column_text][vc_column_text text_style=\u00bbleader-text\u00bb]Em fase de implementa\u00e7\u00e3o dos requisitos da norma IATF 16949:2016 em inje\u00e7\u00e3o de pe\u00e7as pl\u00e1sticas de alta precis\u00e3o.[\/vc_column_text]<div class=\"grve-empty-space\" style=\"height: 10px;\"><\/div><div class=\"grve-element grve-gallery grve-isotope\" style=\"\" data-columns=\"3\" data-columns-large-screen=\"3\" data-columns-tablet-landscape=\"3\" data-columns-tablet-portrait=\"3\" data-columns-mobile=\"2\" data-layout=\"fitRows\">  <div class=\"grve-isotope-container\"><div class=\"grve-isotope-item grve-hover-item grve-hover-style-none\">  <figure class=\"grve-image-hover\">    <div class=\"grve-hover-overlay grve-bg-light grve-opacity-0\"><\/div><div class=\"grve-media\"><img loading=\"lazy\" decoding=\"async\" width=\"170\" height=\"32\" src=\"https:\/\/gln.pt\/wp-content\/uploads\/GLN_empresas-23.png\" class=\"attachment-medium size-medium\" alt=\"Sistema de Gesti\u00f3n\" title=\"Sistema de Gesti\u00f3n\" \/><\/div>  <\/figure><\/div>  <\/div><\/div>[\/vc_column_inner][vc_column_inner width=\u00bb1\/4&#8243; el_class=\u00bbcol-certificado\u00bb][\/vc_column_inner][vc_column_inner width=\u00bb1\/4&#8243; el_class=\u00bbcol-certificado\u00bb][\/vc_column_inner][vc_column_inner width=\u00bb1\/4&#8243; el_class=\u00bbcol-certificado\u00bb][\/vc_column_inner][\/vc_row_inner][\/vc_column][\/vc_row]<\/p>","protected":false},"excerpt":{"rendered":"<p>[vc_row padding_top_multiplier=\u00bb4x\u00bb padding_bottom_multiplier=\u00bb4x\u00bb][vc_column][vc_column_text text_style=\u00bbleader-text\u00bb css=\u00bb.vc_custom_1568915058970{padding-right: 5% !important;padding-left: 5% !important;}\u00bb] En GLN rige la Pol\u00edtica del Sistema de Gesti\u00f3n (SG) a trav\u00e9s de la mejora continua de m\u00e9todos, procesos y productos, mediante el trabajo en estrecha colaboraci\u00f3n con sus clientes, empleados, proveedores y otras partes interesadas. En consecuencia, GLN adopta los siguientes principios: [\/vc_column_text][vc_row_inner][vc_column_inner width=\u00bb1\/2&#8243;][vc_column_text text_style=\u00bbleader-text\u00bb] [&hellip;]<\/p>\n","protected":false},"author":10,"featured_media":0,"parent":0,"menu_order":0,"comment_status":"closed","ping_status":"closed","template":"","meta":{"footnotes":""},"class_list":["post-18236","page","type-page","status-publish","hentry"],"_links":{"self":[{"href":"https:\/\/gln.pt\/es\/wp-json\/wp\/v2\/pages\/18236","targetHints":{"allow":["GET"]}}],"collection":[{"href":"https:\/\/gln.pt\/es\/wp-json\/wp\/v2\/pages"}],"about":[{"href":"https:\/\/gln.pt\/es\/wp-json\/wp\/v2\/types\/page"}],"author":[{"embeddable":true,"href":"https:\/\/gln.pt\/es\/wp-json\/wp\/v2\/users\/10"}],"replies":[{"embeddable":true,"href":"https:\/\/gln.pt\/es\/wp-json\/wp\/v2\/comments?post=18236"}],"version-history":[{"count":1,"href":"https:\/\/gln.pt\/es\/wp-json\/wp\/v2\/pages\/18236\/revisions"}],"predecessor-version":[{"id":18250,"href":"https:\/\/gln.pt\/es\/wp-json\/wp\/v2\/pages\/18236\/revisions\/18250"}],"wp:attachment":[{"href":"https:\/\/gln.pt\/es\/wp-json\/wp\/v2\/media?parent=18236"}],"curies":[{"name":"wp","href":"https:\/\/api.w.org\/{rel}","templated":true}]}}