{"id":14724,"date":"2016-10-10T06:05:08","date_gmt":"2016-10-10T06:05:08","guid":{"rendered":"http:\/\/dev-glnmolds.younik.pt\/about-me-ii\/"},"modified":"2024-04-15T15:52:17","modified_gmt":"2024-04-15T15:52:17","slug":"about","status":"publish","type":"page","link":"https:\/\/gln.pt\/fr\/about\/","title":{"rendered":"Au sujet"},"content":{"rendered":"<p>[vc_row padding_top_multiplier=\u00a0\u00bb4x\u00a0\u00bb padding_bottom_multiplier=\u00a0\u00bb4x\u00a0\u00bb][vc_column]<h2 class=\"grve-element grve-title grve-align-center grve-h2 h2-strong\" style=\"\"><span>Molding the Future<\/span><\/h2>[vc_column_text text_style=\u00a0\u00bbleader-text\u00a0\u00bb]<\/p>\n<p style=\"text-align: center;\">La qualit\u00e9, le respect des d\u00e9lais et l\u2019innovation exig\u00e9s par nos clients et partenaires sont la voie de l\u2019excellence que nous avons pour ambition d\u2019atteindre.<\/p>\n<p style=\"text-align: center;\">Notre objectif est de cro\u00eetre, de faire \u00e9voluer notre offre, de garantir plus de qualit\u00e9, de parier dans la technologie et le capital humain afin de faire face \u00e0 la complexit\u00e9 des projets que nous effectuons et d\u2019innover dans de nouvelles solutions.<\/p>\n<p style=\"text-align: center;\">Ce n\u2019est que gr\u00e2ce \u00e0 l\u2019engagement et \u00e0 la motivation de tous les membres de l\u2019\u00e9quipe GLN que nous pouvons r\u00e9pondre aux attentes et aux besoins de nos clients.<\/p>\n<p style=\"text-align: center;\"><strong>Notre engagement est de r\u00e9pondre aux besoins de nos parties prenantes, en assurant leur satisfaction, leur confiance et leur fid\u00e9lit\u00e9.<\/strong><\/p>\n<p>[\/vc_column_text][\/vc_column][\/vc_row][vc_row heading_color=\u00a0\u00bbprimary-1&Prime; bg_type=\u00a0\u00bbimage\u00a0\u00bb bg_image=\u00a0\u00bb17226&Prime; bg_image_type=\u00a0\u00bbfixed\u00a0\u00bb color_overlay=\u00a0\u00bblight\u00a0\u00bb opacity_overlay=\u00a0\u00bb30&Prime; padding_top_multiplier=\u00a0\u00bb4x\u00a0\u00bb padding_bottom_multiplier=\u00a0\u00bb4x\u00a0\u00bb el_class=\u00a0\u00bbmissao-visao-valores\u00a0\u00bb][vc_column width=\u00a0\u00bb1\/3&Prime;]<h2 class=\"grve-element grve-title grve-align-left grve-h2 h2-strong\" style=\"\"><span>Vision<\/span><\/h2>[vc_column_text text_style=\u00a0\u00bbleader-text\u00a0\u00bb]Le groupe GLN aspire \u00e0 \u00eatre un leader mondial, reconnu pour son l&rsquo;excellence dans l&rsquo;industrie des moules et de l&rsquo;injection plastique de haut niveau technique.[\/vc_column_text][\/vc_column][vc_column width=\u00a0\u00bb1\/3&Prime;]<h2 class=\"grve-element grve-title grve-align-left grve-h2 h2-strong\" style=\"\"><span>Mission<\/span><\/h2>[vc_column_text text_style=\u00a0\u00bbleader-text\u00a0\u00bb]Cr\u00e9er de la Valeur durable pour ses parties prenantes, en r\u00e9pondant aux besoins et aux attentes les plus exigeantes des clients, en appuyant l\u00b4entreprise dans la recherche et le d\u00e9veloppement de solutions innovatrices pour les produits et les proc\u00e9d\u00e9s et en investissant dans la formation comme v\u00e9hicule principal de valorisation de tous ses employ\u00e9s.<\/p>\n<p>La Mission de GLN repose sur <strong>quatre piliers<\/strong>:<\/p>\n<p><strong>Comp\u00e9titivit\u00e9<br \/>\n<\/strong>Cr\u00e9er une Valeur durable pour toutes les parties prenantes.<\/p>\n<p><strong>Qualit\u00e9<\/strong><br \/>\nR\u00e9pondre enti\u00e8rement aux attentes des clients.<\/p>\n<p><strong>Innovation<br \/>\n<\/strong>Un engagement constant pour I\u2019innovation comme facteur de durabilit\u00e9.<\/p>\n<p><strong>D\u00e9veloppement organisationnel<br \/>\n<\/strong>Investir dans la Formation des employ\u00e9s pour leur valorisation.[\/vc_column_text][\/vc_column][vc_column width=\u00a0\u00bb1\/3&Prime;]<h2 class=\"grve-element grve-title grve-align-left grve-h2 h2-strong\" style=\"\"><span>Valores<\/span><\/h2>[vc_column_text text_style=\u00a0\u00bbleader-text\u00a0\u00bb]Dans l&rsquo;exercice de son activit\u00e9, GLN promeut, privil\u00e9gie et ne renonce pas aux valeurs suivantes:<\/p>\n<p><strong>Excellence<br \/>\n<\/strong>Promouvoir l&rsquo;excellence dans toute l&rsquo;organisation.<\/p>\n<p><strong>M\u00e9rite<br \/>\n<\/strong>Promouvoir la m\u00e9ritocratie et r\u00e9compenser les performances individuelles et collectives.<\/p>\n<p><strong>\u00c9thique<br \/>\n<\/strong>Agir de mani\u00e8re exemplaire, en favorisant le respect mutuel entre tous les partenaires.<\/p>\n<p><strong>Responsabilit\u00e9<br \/>\n<\/strong>Engagement pour une comportement socialement responsable.[\/vc_column_text][\/vc_column][\/vc_row][vc_row padding_top_multiplier=\u00a0\u00bb4x\u00a0\u00bb padding_bottom_multiplier=\u00a0\u00bb2x\u00a0\u00bb columns_gap=\u00a0\u00bb50&Prime; equal_column_height=\u00a0\u00bbmiddle-content\u00a0\u00bb][vc_column]<h2 class=\"grve-element grve-title grve-align-center grve-h1 grve-custom-font-3 grve-increase-heading grve-heading-160\" style=\"\"><span>Il \u00e9tait une fois<\/span><\/h2><div class=\"grve-empty-space grve-height-1x\" style=\"\"><\/div><div class=\"grve-element grve-image grve-align-center\" style=\"\">  <div class=\"grve-image-wrapper\"><img loading=\"lazy\" decoding=\"async\" width=\"294\" height=\"84\" src=\"https:\/\/gln.pt\/wp-content\/uploads\/GLN-molds-logo.png\" class=\"attachment-full size-full\" alt=\"Au sujet\" title=\"Au sujet\" \/>   <\/div><\/div><div class=\"grve-empty-space grve-height-2x\" style=\"\"><\/div>[\/vc_column][\/vc_row][vc_row padding_top_multiplier=\u00a0\u00bb2x\u00a0\u00bb padding_bottom_multiplier=\u00a0\u00bb4x\u00a0\u00bb columns_gap=\u00a0\u00bb50&Prime; equal_column_height=\u00a0\u00bbmiddle-content\u00a0\u00bb][vc_column][vc_column_text]<div class=\"zoomtimeline mode-3dslider skin-light auto-init\" data-options='{settings_mode : \"mode-default\",mode_yearslist_start_from_left:\"off\",circuit_the_timeline:\"on\",startItem:\"0\"\n            ,color_highlight: \"rgba(220, 167, 167, 1)\"\n            ,mode_3dslider_item_width: \"340\"\n            ,mode_3dslider_show_arrow_buttons: \"on\"\n            ,mode_3dslider_item_height: \"400\"}'>\n        \n        <div class=\"items\"><div class=\"ztm-item  cat-slug-gln-timeline\" data-image=\"https:\/\/gln.pt\/wp-content\/uploads\/1980-garagem.jpg\"><div class=\"hex-desc-con\">\n        <div class=\"hex-desc\"> <\/div>\n    <\/div>\n\n    <div class=\"ztm-content\"><h3 class=\"the-heading\">1980<\/h3><div class=\"paragraph\"><p class=\"timeline-titulo\">L\u2019entreprise d\u00e9marre dans un garage<\/p>\r\n<p>Cr\u00e9ation d\u2019une petite entreprise familiale, au nom individuel de M. Leonel Costa. Fabrication de pi\u00e8ces et d\u2019\u00e9l\u00e9ments pour moules, ne fabriquant pas encore le moule complet.<\/p><\/div>\n            \n    <\/div>\n\n<\/div><div class=\"ztm-item  cat-slug-gln-timeline\" data-image=\"https:\/\/gln.pt\/wp-content\/uploads\/1988-LNMoldes.jpg\"><div class=\"hex-desc-con\">\n        <div class=\"hex-desc\"> <\/div>\n    <\/div>\n\n    <div class=\"ztm-content\"><h3 class=\"the-heading\">1988<\/h3><div class=\"paragraph\"><p class=\"timeline-titulo\">Naissance de LN Moldes<\/p>\r\n<p>Fabrication de moules de petites et moyennes dimensions pour les secteurs de l\u2019\u00e9lectricit\u00e9, de l\u2019\u00e9lectrom\u00e9nager et de l\u2019emballage. La fabrication de moules \u00e0 compression pour l\u2019industrie \u00e9lectrique aux \u00c9tats-Unis a \u00e9t\u00e9, en raison de la nature des projets ex\u00e9cut\u00e9s, \u00e0 l\u2019origine de notre rigueur et notre exigence de qualit\u00e9.<\/p><\/div>\n            \n    <\/div>\n\n<\/div><div class=\"ztm-item  cat-slug-gln-timeline\" data-image=\"https:\/\/gln.pt\/wp-content\/uploads\/1997-IQNET.jpg\"><div class=\"hex-desc-con\">\n        <div class=\"hex-desc\"> <\/div>\n    <\/div>\n\n    <div class=\"ztm-content\"><h3 class=\"the-heading\">1997<\/h3><div class=\"paragraph\"><p class=\"timeline-titulo\">Certification ISO 9001<\/p>\r\n<p>La premi\u00e8re certification refl\u00e8te la qualit\u00e9 et le niveau de rigueur d\u00e9montr\u00e9s par LN en 1997, fruit de la sophistication et des exigences de ses clients.<\/p><\/div>\n            \n    <\/div>\n\n<\/div><div class=\"ztm-item  cat-slug-gln-timeline\" data-image=\"https:\/\/gln.pt\/wp-content\/uploads\/2000-crescimento.jpg\"><div class=\"hex-desc-con\">\n        <div class=\"hex-desc\"> <\/div>\n    <\/div>\n\n    <div class=\"ztm-content\"><h3 class=\"the-heading\">2000<\/h3><div class=\"paragraph\"><p class=\"timeline-titulo\">Croissance et sp\u00e9cialisation<\/p>\r\n<p>En plus du march\u00e9 am\u00e9ricain, l\u2019entr\u00e9e dans la zone euro a fait de l\u2019Europe un march\u00e9 privil\u00e9gi\u00e9, en particulier pour les clients de l\u2019industrie automobile. Forte sp\u00e9cialisation dans les \u00e9paisseurs fines et les moules multicavit\u00e9s. Croissance notable de l\u2019unit\u00e9 d\u2019injection de pi\u00e8ces plastiques gr\u00e2ce \u00e0 d\u2019importants projets de production pour l\u2019industrie automobile.<\/p><\/div>\n            \n    <\/div>\n\n<\/div><div class=\"ztm-item  cat-slug-gln-timeline\" data-image=\"https:\/\/gln.pt\/wp-content\/uploads\/2004-LNMoldes.jpg\"><div class=\"hex-desc-con\">\n        <div class=\"hex-desc\"> <\/div>\n    <\/div>\n\n    <div class=\"ztm-content\"><h3 class=\"the-heading\">2004<\/h3><div class=\"paragraph\"><p class=\"timeline-titulo\">Conclusion des nouveaux locaux de LN<\/p>\r\n<p>LN Pl\u00e1s (Division Plastiques), occupe de nouvelles installations modernes dot\u00e9es de 20 machines d\u2019injection\u2009; injection de pi\u00e8ces pour l\u2019industrie automobile et \u00e9lectrique.<\/p><\/div>\n            \n    <\/div>\n\n<\/div><div class=\"ztm-item  cat-slug-gln-timeline\" data-image=\"https:\/\/gln.pt\/wp-content\/uploads\/2006-ISO16949-v2.jpg\"><div class=\"hex-desc-con\">\n        <div class=\"hex-desc\"> <\/div>\n    <\/div>\n\n    <div class=\"ztm-content\"><h3 class=\"the-heading\">2006<\/h3><div class=\"paragraph\"><p class=\"timeline-titulo\">Certification ISO TS16949<\/p>\r\n<p>La certification obtenue en 2006 a \u00e9t\u00e9 une \u00e9tape suppl\u00e9mentaire dans l\u2019\u00e9volution de l\u2019offre et des connaissances des \u00e9quipes de LN. L\u2019augmentation du nombre de projets d\u2019injection de pi\u00e8ces plastiques et de clients dans l\u2019industrie automobile a \u00e9t\u00e9 synonyme d\u2019une plus grande exigence en mati\u00e8re de qualit\u00e9 et d\u2019excellence.<\/p><\/div>\n            \n    <\/div>\n\n<\/div><div class=\"ztm-item  cat-slug-gln-timeline\" data-image=\"https:\/\/gln.pt\/wp-content\/uploads\/2010-Delta.jpg\"><div class=\"hex-desc-con\">\n        <div class=\"hex-desc\"> <\/div>\n    <\/div>\n\n    <div class=\"ztm-content\"><h3 class=\"the-heading\">2010<\/h3><div class=\"paragraph\"><p class=\"timeline-titulo\">Capsules Delta Q<\/p>\r\n<p>D\u00e9but de notre partenariat avec Delta. Le partenariat avec la soci\u00e9t\u00e9 de Campo Maior, leader dans la production et la commercialisation de caf\u00e9, est le fruit d\u2019un travail d\u2019innovation et de collaboration dans la conception de la solution technique pour la capsule Delta Q.<\/p><\/div>\n            \n    <\/div>\n\n<\/div><div class=\"ztm-item  cat-slug-gln-timeline\" data-image=\"https:\/\/gln.pt\/wp-content\/uploads\/2013-25-aniversario.jpg\"><div class=\"hex-desc-con\">\n        <div class=\"hex-desc\"> <\/div>\n    <\/div>\n\n    <div class=\"ztm-content\"><h3 class=\"the-heading\">2013<\/h3><div class=\"paragraph\"><p class=\"timeline-titulo\">Comm\u00e9moration du 25e anniversaire<\/p>\r\n<p>D\u00e9sormais sans la pr\u00e9sence de son fondateur, une r\u00e9f\u00e9rence pour tous les employ\u00e9s, LN c\u00e9l\u00e8bre son 25e anniversaire, fi\u00e8re du pass\u00e9 et consciente des d\u00e9fis \u00e0 venir.<\/p><\/div>\n            \n    <\/div>\n\n<\/div><div class=\"ztm-item  cat-slug-gln-timeline\" data-image=\"https:\/\/gln.pt\/wp-content\/uploads\/2014-Gestmin-v2.jpg\"><div class=\"hex-desc-con\">\n        <div class=\"hex-desc\"> <\/div>\n    <\/div>\n\n    <div class=\"ztm-content\"><h3 class=\"the-heading\">2014<\/h3><div class=\"paragraph\"><p class=\"timeline-titulo\">Acquisition par le Groupe Gestmin<\/p>\r\n<p>Gestmin SGPS acquiert la totalit\u00e9 du capital de LN Moldes et LN Pl\u00e1s. Gr\u00e2ce aux valeurs, \u00e0 la culture et \u00e0 l\u2019histoire dans l\u2019industrie portugaise de la famille Champalimaud, l\u2019avenir de LN est assur\u00e9. La strat\u00e9gie du nouveau propri\u00e9taire donne \u00e0 l\u2019entreprise l\u2019orientation et la stabilit\u00e9 dont l\u2019entreprise avait besoin pour exploiter au mieux son savoir-faire et son portefeuille de clients.<\/p><\/div>\n            \n    <\/div>\n\n<\/div><div class=\"ztm-item  cat-slug-gln-timeline\" data-image=\"https:\/\/gln.pt\/wp-content\/uploads\/2015-GLN-v2.jpg\"><div class=\"hex-desc-con\">\n        <div class=\"hex-desc\"> <\/div>\n    <\/div>\n\n    <div class=\"ztm-content\"><h3 class=\"the-heading\">2015<\/h3><div class=\"paragraph\"><p class=\"timeline-titulo\">Cr\u00e9ation de la nouvelle marque<\/p>\r\n<p>Durant cette premi\u00e8re ann\u00e9e de GLN chez Gestmin, un certain nombre de changements et de nouveaux projets ont \u00e9t\u00e9 mis en \u0153uvre pour assurer un avenir prosp\u00e8re \u00e0 GLN et de bons r\u00e9sultats. La qualit\u00e9, les d\u00e9lais et l\u2019innovation que nos clients exigent quotidiennement sont la voie conduisant \u00e0 l\u2019excellence. Nous avons une strat\u00e9gie et nous connaissons le chemin \u00e0 suivre : ce sont les bases pour garantir l\u2019avenir de GLN. Nous transmettons d\u00e9sormais nos valeurs avec une nouvelle marque et une nouvelle signature.<\/p><\/div>\n            \n    <\/div>\n\n<\/div><div class=\"ztm-item  cat-slug-gln-timeline\" data-image=\"https:\/\/gln.pt\/wp-content\/uploads\/2016-Mexico.jpg\"><div class=\"hex-desc-con\">\n        <div class=\"hex-desc\"> <\/div>\n    <\/div>\n\n    <div class=\"ztm-content\"><h3 class=\"the-heading\">2016<\/h3><div class=\"paragraph\"><p class=\"timeline-titulo\">Internationalisation - GLN Mexico<\/p>\r\n<p>GLN a \u00e9tabli une nouvelle unit\u00e9 au Mexique, \u00e0 San Juan Del Rio (Quer\u00e9taro), d\u00e9di\u00e9e \u00e0 la maintenance et \u00e0 la r\u00e9paration de moules, incluant un repr\u00e9sentant des ventes, en partenariat avec Compartec, une soci\u00e9t\u00e9 mexicaine sp\u00e9cialis\u00e9e dans les technologies d\u2019injection.<\/p><\/div>\n            \n    <\/div>\n\n<\/div><div class=\"ztm-item  cat-slug-gln-timeline\" data-image=\"https:\/\/gln.pt\/wp-content\/uploads\/2016-Famolde.jpg\"><div class=\"hex-desc-con\">\n        <div class=\"hex-desc\"> <\/div>\n    <\/div>\n\n    <div class=\"ztm-content\"><h3 class=\"the-heading\">2016<\/h3><div class=\"paragraph\"><p class=\"timeline-titulo\">Acquisition de Famolde<\/p>\r\n<p>GLN acquiert 100 % du capital de FAMOLDE, une soci\u00e9t\u00e9 de production et de commercialisation de moules qui poss\u00e8de \u00e9galement un secteur d\u2019injection plastique situ\u00e9 \u00e0 Marinha Grande.<\/p><\/div>\n            \n    <\/div>\n\n<\/div><div class=\"ztm-item  cat-slug-gln-timeline\" data-image=\"https:\/\/gln.pt\/wp-content\/uploads\/2017-Nova-linha-delta.jpg\"><div class=\"hex-desc-con\">\n        <div class=\"hex-desc\"> <\/div>\n    <\/div>\n\n    <div class=\"ztm-content\"><h3 class=\"the-heading\">2017<\/h3><div class=\"paragraph\"><p class=\"timeline-titulo\">Nouvelle gamme delta<\/p>\r\n<p>Inauguration de la 2e gamme Delta Q sur le site de Famolde, \u00e0 Albergaria.<\/p><\/div>\n            \n    <\/div>\n\n<\/div><div class=\"ztm-item  cat-slug-gln-timeline\" data-image=\"https:\/\/gln.pt\/wp-content\/uploads\/2019-grupo-manuel-champalimaud-2.jpg\"><div class=\"hex-desc-con\">\n        <div class=\"hex-desc\"> <\/div>\n    <\/div>\n\n    <div class=\"ztm-content\"><h3 class=\"the-heading\">2019<\/h3><div class=\"paragraph\"><p class=\"timeline-titulo\">Groupe Manuel Champalimaud<\/p>\r\n<p>Gestmin prend le nom du fondateur, modifiant l\u2019identit\u00e9 de l\u2019entreprise et devenant le groupe Manuel Champalimaud.<\/p><\/div>\n            \n    <\/div>\n\n<\/div><\/div>\n        \n    <\/div>[\/vc_column_text][\/vc_column][\/vc_row]<\/p>","protected":false},"excerpt":{"rendered":"<p>[vc_row padding_top_multiplier=\u00a0\u00bb4x\u00a0\u00bb padding_bottom_multiplier=\u00a0\u00bb4x\u00a0\u00bb][vc_column][vc_column_text text_style=\u00a0\u00bbleader-text\u00a0\u00bb] La qualit\u00e9, le respect des d\u00e9lais et l\u2019innovation exig\u00e9s par nos clients et partenaires sont la voie de l\u2019excellence que nous avons pour ambition d\u2019atteindre. Notre objectif est de cro\u00eetre, de faire \u00e9voluer notre offre, de garantir plus de qualit\u00e9, de parier dans la technologie et le capital humain afin de [&hellip;]<\/p>\n","protected":false},"author":1,"featured_media":0,"parent":0,"menu_order":0,"comment_status":"closed","ping_status":"closed","template":"","meta":{"footnotes":""},"class_list":["post-14724","page","type-page","status-publish","hentry"],"_links":{"self":[{"href":"https:\/\/gln.pt\/fr\/wp-json\/wp\/v2\/pages\/14724","targetHints":{"allow":["GET"]}}],"collection":[{"href":"https:\/\/gln.pt\/fr\/wp-json\/wp\/v2\/pages"}],"about":[{"href":"https:\/\/gln.pt\/fr\/wp-json\/wp\/v2\/types\/page"}],"author":[{"embeddable":true,"href":"https:\/\/gln.pt\/fr\/wp-json\/wp\/v2\/users\/1"}],"replies":[{"embeddable":true,"href":"https:\/\/gln.pt\/fr\/wp-json\/wp\/v2\/comments?post=14724"}],"version-history":[{"count":2,"href":"https:\/\/gln.pt\/fr\/wp-json\/wp\/v2\/pages\/14724\/revisions"}],"predecessor-version":[{"id":19148,"href":"https:\/\/gln.pt\/fr\/wp-json\/wp\/v2\/pages\/14724\/revisions\/19148"}],"wp:attachment":[{"href":"https:\/\/gln.pt\/fr\/wp-json\/wp\/v2\/media?parent=14724"}],"curies":[{"name":"wp","href":"https:\/\/api.w.org\/{rel}","templated":true}]}}