{"id":18096,"date":"2021-05-11T15:22:48","date_gmt":"2021-05-11T15:22:48","guid":{"rendered":"https:\/\/gln.pt\/?page_id=18096"},"modified":"2021-09-07T10:33:28","modified_gmt":"2021-09-07T10:33:28","slug":"one-stop-shop-ecosystem","status":"publish","type":"page","link":"https:\/\/gln.pt\/fr\/one-stop-shop-ecosystem\/","title":{"rendered":"One-Stop-Shop GLN Ecosystem"},"content":{"rendered":"<p>[vc_row padding_top_multiplier=\u00a0\u00bb4x\u00a0\u00bb padding_bottom_multiplier=\u00a0\u00bb4x\u00a0\u00bb][vc_column][vc_custom_heading text=\u00a0\u00bbGLN<br \/>\nECOSYST\u00c8ME ONE-STOP-SHOP\u00a0\u00bb font_container=\u00a0\u00bbtag:h2|text_align:center\u00a0\u00bb use_theme_fonts=\u00a0\u00bbyes\u00a0\u00bb]<div class=\"grve-empty-space grve-height-1x\" style=\"\"><\/div><div class=\"grve-element grve-image grve-animated-item grve-duration-normal grve-fade-in-up grve-align-center\" style=\"\" data-delay=\"200\">  <div class=\"grve-image-wrapper\"><img loading=\"lazy\" decoding=\"async\" width=\"500\" height=\"444\" src=\"https:\/\/gln.pt\/wp-content\/uploads\/one-stop-shop-e1659088258121.png\" class=\"attachment-full size-full\" alt=\"One-Stop-Shop GLN Ecosystem\" title=\"One-Stop-Shop GLN Ecosystem\" \/>   <\/div><\/div><div class=\"grve-empty-space grve-height-2x\" style=\"\"><\/div>[vc_tta_accordion c_icon=\u00a0\u00bbchevron\u00a0\u00bb active_section=\u00a0\u00bb1&Prime; heading_tag=\u00a0\u00bbh2&Prime; heading=\u00a0\u00bbh4&Prime; collapsible_all=\u00a0\u00bbtrue\u00a0\u00bb][vc_tta_section title=\u00a0\u00bbD\u00e9fi du client\u00a0\u00bb tab_id=\u00a0\u00bb1631007799997-84d581d5-4cad\u00a0\u00bb][vc_row_inner][vc_column_inner width=\u00a0\u00bb1\/6&Prime;]<div class=\"grve-element grve-image grve-align-center\" style=\"\">  <div class=\"grve-image-wrapper\"><img loading=\"lazy\" decoding=\"async\" width=\"222\" height=\"167\" src=\"https:\/\/gln.pt\/wp-content\/uploads\/Customer-challenge-1.png\" class=\"attachment-full size-full\" alt=\"One-Stop-Shop GLN Ecosystem\" title=\"One-Stop-Shop GLN Ecosystem\" \/>   <\/div><\/div>[\/vc_column_inner][vc_column_inner width=\u00a0\u00bb5\/6&Prime;][vc_column_text]Compte tenu des atouts du Groupe GLN, nous travaillons en \u00e9troite collaboration avec nos clients, en leur apportant des solutions aux d\u00e9fis qu&rsquo;ils nous pr\u00e9sentent. L&rsquo;objectif est toujours de rechercher le meilleur avantage pour r\u00e9pondre aux besoins des clients.[\/vc_column_text][\/vc_column_inner][\/vc_row_inner][\/vc_tta_section][vc_tta_section title=\u00a0\u00bbIng\u00e9nierie de Produit et Projet\u00a0\u00bb tab_id=\u00a0\u00bb1631008044257-d3190966-7dc9&Prime;][vc_row_inner][vc_column_inner width=\u00a0\u00bb1\/6&Prime;]<div class=\"grve-element grve-image grve-align-center\" style=\"\">  <div class=\"grve-image-wrapper\"><img loading=\"lazy\" decoding=\"async\" width=\"222\" height=\"167\" src=\"https:\/\/gln.pt\/wp-content\/uploads\/Product-Engineering-Project-1.png\" class=\"attachment-full size-full\" alt=\"One-Stop-Shop GLN Ecosystem\" title=\"One-Stop-Shop GLN Ecosystem\" \/>   <\/div><\/div>[\/vc_column_inner][vc_column_inner width=\u00a0\u00bb5\/6&Prime;][vc_column_text]Comptant sur une \u00e9quipe sp\u00e9cialis\u00e9e avec plusieurs ann\u00e9es d&rsquo;exp\u00e9rience dans les industries du moule et de l&rsquo;injection plastique, nous sommes en mesure de collaborer avec le client dans le d\u00e9veloppement de nouveaux projets sp\u00e9cialis\u00e9s. Ces projets incluent l&rsquo;ing\u00e9nierie des produits au niveau de la surface visuelle gr\u00e2ce \u00e0 la mod\u00e9lisation 3D, la pr\u00e9paration de plans pi\u00e8ce en 2D pour la validation des produits, les \u00e9tudes rh\u00e9ologiques, la recherche sur le comportement des mati\u00e8res premi\u00e8res, entre autres.L&rsquo;objectif est d&rsquo;obtenir un produit qui peut \u00eatre inject\u00e9 et extrait du moule gr\u00e2ce \u00e0 la combinaison de diff\u00e9rents concepts et technologies, r\u00e9pondant \u00e0 la demande du client.[\/vc_column_text][\/vc_column_inner][\/vc_row_inner][\/vc_tta_section][vc_tta_section title=\u00a0\u00bbPrototypage\u00a0\u00bb tab_id=\u00a0\u00bb1631008099501-55e074ed-43be\u00a0\u00bb][vc_row_inner][vc_column_inner width=\u00a0\u00bb1\/6&Prime;]<div class=\"grve-element grve-image grve-align-center\" style=\"\">  <div class=\"grve-image-wrapper\"><img loading=\"lazy\" decoding=\"async\" width=\"222\" height=\"167\" src=\"https:\/\/gln.pt\/wp-content\/uploads\/Prototyping-1.png\" class=\"attachment-full size-full\" alt=\"One-Stop-Shop GLN Ecosystem\" title=\"One-Stop-Shop GLN Ecosystem\" \/>   <\/div><\/div>[\/vc_column_inner][vc_column_inner width=\u00a0\u00bb5\/6&Prime;][vc_column_text]Chez GLN, nous avons la possibilit\u00e9 de fournir diff\u00e9rents types de pi\u00e8ces prototypes qui assurent une pr\u00e9-validation du produit ou du march\u00e9, avant de proc\u00e9der \u00e0 la fabrication du moule et \u00e0 la production en s\u00e9rie.<\/p>\n<p>Le r\u00e9seau de partenaires que GLN a mis en place nous aide \u00e0 trouver des solutions pour nos clients, en fournissant des services d&rsquo;impression 3D (SLS; SLA), des outillages en aluminium ou en silicone, ou encore la fourniture d\u2019outillages de faible production.<\/p>\n<p>Ces solutions renforcent \u00e9galement la phase d&rsquo;ing\u00e9nierie de produit, car il est possible d&rsquo;obtenir un produit prototype qui sera tr\u00e8s identique \u00e0 la pi\u00e8ce finale projet\u00e9e.[\/vc_column_text][\/vc_column_inner][\/vc_row_inner][\/vc_tta_section][vc_tta_section title=\u00a0\u00bbProjet et fabrication d\u2019outillage \u00a0\u00bb tab_id=\u00a0\u00bb1631008547337-2b6f91b4-8fc7&Prime;][vc_row_inner][vc_column_inner width=\u00a0\u00bb1\/6&Prime;]<div class=\"grve-element grve-image grve-align-center\" style=\"\">  <div class=\"grve-image-wrapper\"><img loading=\"lazy\" decoding=\"async\" width=\"222\" height=\"167\" src=\"https:\/\/gln.pt\/wp-content\/uploads\/Tool-design-and-construction.png\" class=\"attachment-full size-full\" alt=\"One-Stop-Shop GLN Ecosystem\" title=\"One-Stop-Shop GLN Ecosystem\" \/>   <\/div><\/div>[\/vc_column_inner][vc_column_inner width=\u00a0\u00bb5\/6&Prime;][vc_column_text]La reconnaissance internationale en tant que fournisseur d\u2019outillages de r\u00e9f\u00e9rence au niveau europ\u00e9en, combin\u00e9e \u00e0 nos ann\u00e9es d&rsquo;exp\u00e9rience, nous permet d&rsquo;offrir les meilleures solutions de conception et de fabrication d\u2019outillages avec une haute pr\u00e9cision technique, en associant plusieurs technologies disponibles dans un seul moule. GLN dispose de deux zones de production modernes o\u00f9 des \u00e9quipements d&rsquo;ing\u00e9nierie et de fabrication derni\u00e8re g\u00e9n\u00e9ration sont utilis\u00e9s \u00e0 chaque \u00e9tape du processus.<\/p>\n<p>Apr\u00e8s validation du produit, GLN \u00e9tudie les m\u00e9thodes de fabrication \u00e0 appliquer \u00e0 travers des \u00e9tudes DFM (Design For Manufacturing), en adoptant le concept le plus appropri\u00e9 ainsi que les technologies avec lesquelles elle a des ann\u00e9es d&rsquo;exp\u00e9rience.<\/p>\n<p>Chacune des usines est soutenue par des \u00e9quipes d\u00e9di\u00e9es et int\u00e9gr\u00e9es dans les d\u00e9partements suivants: projet; programmation; usinage CNC; \u00e9rosion; rectification; m\u00e9trologie; polissage, ajustage\/ montage et essais.[\/vc_column_text][\/vc_column_inner][\/vc_row_inner][\/vc_tta_section][vc_tta_section title=\u00a0\u00bbEssais et validation de produit \u00a0\u00bb tab_id=\u00a0\u00bb1631008698400-9d4586b6-ce6b\u00a0\u00bb][vc_row_inner][vc_column_inner width=\u00a0\u00bb1\/6&Prime;]<div class=\"grve-element grve-image grve-align-center\" style=\"\">  <div class=\"grve-image-wrapper\"><img loading=\"lazy\" decoding=\"async\" width=\"222\" height=\"167\" src=\"https:\/\/gln.pt\/wp-content\/uploads\/Product-validation-tool-tryout.png\" class=\"attachment-full size-full\" alt=\"One-Stop-Shop GLN Ecosystem\" title=\"One-Stop-Shop GLN Ecosystem\" \/>   <\/div><\/div>[\/vc_column_inner][vc_column_inner width=\u00a0\u00bb5\/6&Prime;][vc_column_text]Apr\u00e8s fabrication du moule, celui-ci est plac\u00e9 dans une presse d&rsquo;injection pour valider le travail effectu\u00e9. Pour cela, GLN a cr\u00e9\u00e9 son propre centre d&rsquo;essais, \u00e9quip\u00e9 de 6 presses avec tonnage entre 80 et 160 tonnes, ce qui nous permet de r\u00e9aliser des essais intra-muros ou des pr\u00e9-s\u00e9ries, assurant ainsi une ma\u00eetrise totale du processus.<\/p>\n<p>\u00c0 c\u00f4t\u00e9 du centre d&rsquo;essais, nous avons cr\u00e9\u00e9 notre d\u00e9partement de m\u00e9trologie qui travaille \u00e0 proximit\u00e9 imm\u00e9diate et fournit les r\u00e9sultats m\u00e9trologiques obtenus sur les pi\u00e8ces inject\u00e9es par nos outillages, \u00e0 travers des rapports d&rsquo;analyse de la pi\u00e8ce plastique, un contr\u00f4le dimensionnel (scan 2D et 3D) mais aussi la tomodensitom\u00e9trie.[\/vc_column_text][\/vc_column_inner][\/vc_row_inner][\/vc_tta_section][vc_tta_section title=\u00a0\u00bbIng\u00e9nierie de Process \u00a0\u00bb tab_id=\u00a0\u00bb1631008900434-5dfc9595-60b8&Prime;][vc_row_inner][vc_column_inner width=\u00a0\u00bb1\/6&Prime;]<div class=\"grve-element grve-image grve-align-center\" style=\"\">  <div class=\"grve-image-wrapper\"><img loading=\"lazy\" decoding=\"async\" width=\"222\" height=\"167\" src=\"https:\/\/gln.pt\/wp-content\/uploads\/process-engineering.png\" class=\"attachment-full size-full\" alt=\"One-Stop-Shop GLN Ecosystem\" title=\"One-Stop-Shop GLN Ecosystem\" \/>   <\/div><\/div>[\/vc_column_inner][vc_column_inner width=\u00a0\u00bb5\/6&Prime;][vc_column_text]L&rsquo;\u00e9quipe d&rsquo;ing\u00e9nierie de process est le seul \u00e9l\u00e9ment de liaison et assume toutes les communications avec les clients, de la commande \u00e0 la livraison du produit. Cette \u00e9quipe poss\u00e8de les connaissances et les comp\u00e9tences pour apporter toutes les r\u00e9ponses n\u00e9cessaires \u00e0 chaque \u00e9tape du processus; \u00e0 travers l&rsquo;analyse des \u00e9tudes rh\u00e9ologiques, elle peut apporter des am\u00e9liorations au processus d&rsquo;injection, elle suit et contr\u00f4le les flux de travail \u00e9tablis et structure les conditions de production id\u00e9ales pour le produit final.<\/p>\n<p>Diff\u00e9rentes m\u00e9thodologies sont utilis\u00e9es pour la validation des produits, en fonction des sp\u00e9cifications requises pour la production continue: 53P, PPAP, PSW ou APQP.<\/p>\n<p>L\u2019expertise de cette \u00e9quipe permet de simplifier les \u00e9tapes de conception des outillages car elle est transmise au service CAO, r\u00e9duisant ainsi la quantit\u00e9 d&rsquo;interactions lors de la fabrication de l\u2019outillage.[\/vc_column_text][\/vc_column_inner][\/vc_row_inner][\/vc_tta_section][vc_tta_section title=\u00a0\u00bbInjection \u00a0\u00bb tab_id=\u00a0\u00bb1631008960370-90bc1085-6a52&Prime;][vc_row_inner][vc_column_inner width=\u00a0\u00bb1\/6&Prime;]<div class=\"grve-element grve-image grve-align-center\" style=\"\">  <div class=\"grve-image-wrapper\"><img loading=\"lazy\" decoding=\"async\" width=\"222\" height=\"167\" src=\"https:\/\/gln.pt\/wp-content\/uploads\/injection.png\" class=\"attachment-full size-full\" alt=\"One-Stop-Shop GLN Ecosystem\" title=\"One-Stop-Shop GLN Ecosystem\" \/>   <\/div><\/div>[\/vc_column_inner][vc_column_inner width=\u00a0\u00bb5\/6&Prime;][vc_column_text]GLN dispose de trois pavillons de production en s\u00e9rie, dont deux situ\u00e9s au Portugal et un au Mexique, qui permettent au groupe GLN de fournir en continu des pi\u00e8ces inject\u00e9es aux industries automobile, \u00e9lectrique et \u00e9lectronique, et emballage.<\/p>\n<p>Au total, le groupe poss\u00e8de 49 machines d&rsquo;injection disponibles, avec un tonnage compris entre 22 et 450 tonnes, nous donnant la capacit\u00e9 de r\u00e9pondre aux demandes de temps et de qualit\u00e9. L&rsquo;exp\u00e9rience acquise avec le d\u00e9veloppement des proc\u00e9d\u00e9s d&rsquo;injection permet une am\u00e9lioration continue dans les diff\u00e9rents secteurs du groupe, \u00e0 savoir dans l&rsquo;ing\u00e9nierie, la construction de moules, les tests, entre autres.[\/vc_column_text][\/vc_column_inner][\/vc_row_inner][\/vc_tta_section][vc_tta_section title=\u00a0\u00bbSolutions \u00e0 valeur ajout\u00e9e \u00a0\u00bb tab_id=\u00a0\u00bb1631009013633-310e7e5c-2b6e\u00a0\u00bb][vc_row_inner][vc_column_inner width=\u00a0\u00bb1\/6&Prime;]<div class=\"grve-element grve-image grve-align-center\" style=\"\">  <div class=\"grve-image-wrapper\"><img loading=\"lazy\" decoding=\"async\" width=\"222\" height=\"167\" src=\"https:\/\/gln.pt\/wp-content\/uploads\/Added-value-solutions.png\" class=\"attachment-full size-full\" alt=\"One-Stop-Shop GLN Ecosystem\" title=\"One-Stop-Shop GLN Ecosystem\" \/>   <\/div><\/div>[\/vc_column_inner][vc_column_inner width=\u00a0\u00bb5\/6&Prime;][vc_column_text]En tant qu&rsquo;entreprise technologique avec une vaste exp\u00e9rience dans des projets complexes, le groupe GLN a constamment investi dans des solutions de fabrication de produits \u00e0 haute valeur ajout\u00e9e avec int\u00e9gration de diverses technologies dans la production en s\u00e9rie, telles que: cellules de production automatis\u00e9es, lignes d&rsquo;assemblage, points de contr\u00f4le qualit\u00e9.<\/p>\n<p>En nous appuyant sur les connaissances acquises, nous d\u00e9veloppons pour nos clients des solutions int\u00e9gr\u00e9es d&rsquo;automatisation des processus, pas seulement un moule ou une pi\u00e8ce plastique inject\u00e9e.[\/vc_column_text][\/vc_column_inner][\/vc_row_inner][\/vc_tta_section][vc_tta_section title=\u00a0\u00bbPr\u00e9sence globale \u00a0\u00bb tab_id=\u00a0\u00bb1631009062497-229593d9-f9e6&Prime;][vc_row_inner][vc_column_inner width=\u00a0\u00bb1\/6&Prime;]<div class=\"grve-element grve-image grve-align-center\" style=\"\">  <div class=\"grve-image-wrapper\"><img loading=\"lazy\" decoding=\"async\" width=\"222\" height=\"167\" src=\"https:\/\/gln.pt\/wp-content\/uploads\/Mapa-GLN.png\" class=\"attachment-full size-full\" alt=\"One-Stop-Shop GLN Ecosystem\" title=\"One-Stop-Shop GLN Ecosystem\" \/>   <\/div><\/div>[\/vc_column_inner][vc_column_inner width=\u00a0\u00bb5\/6&Prime;][vc_column_text]GLN a \u00e9tendu ses op\u00e9rations \u00e0 l&rsquo;\u00e9chelle mondiale avec l&rsquo;installation de son usine au Mexique, ce qui nous a rapproch\u00e9s g\u00e9ographiquement de nos clients en r\u00e9duisant les d\u00e9lais li\u00e9s \u00e0 la logistique, puisque nous sommes situ\u00e9s dans les r\u00e9gions o\u00f9 nos clients ont besoin de pi\u00e8ces finies.<\/p>\n<p>Les principales destinations de nos produits sont l&rsquo;Europe, l&rsquo;Am\u00e9rique du Nord et la Chine.<\/p>\n<p>L&rsquo;objectif de GLN est de se positionner en permanence comme un fournisseur haut de gamme dans la cha\u00eene de livraison d\u2019outillages et des pi\u00e8ces plastiques.[\/vc_column_text][\/vc_column_inner][\/vc_row_inner][\/vc_tta_section][\/vc_tta_accordion][\/vc_column][\/vc_row]<\/p>","protected":false},"excerpt":{"rendered":"<p>[vc_row padding_top_multiplier=\u00a0\u00bb4x\u00a0\u00bb padding_bottom_multiplier=\u00a0\u00bb4x\u00a0\u00bb][vc_column][vc_custom_heading text=\u00a0\u00bbGLN ECOSYST\u00c8ME ONE-STOP-SHOP\u00a0\u00bb font_container=\u00a0\u00bbtag:h2|text_align:center\u00a0\u00bb use_theme_fonts=\u00a0\u00bbyes\u00a0\u00bb][vc_tta_accordion c_icon=\u00a0\u00bbchevron\u00a0\u00bb active_section=\u00a0\u00bb1&Prime; heading_tag=\u00a0\u00bbh2&Prime; heading=\u00a0\u00bbh4&Prime; collapsible_all=\u00a0\u00bbtrue\u00a0\u00bb][vc_tta_section title=\u00a0\u00bbD\u00e9fi du client\u00a0\u00bb tab_id=\u00a0\u00bb1631007799997-84d581d5-4cad\u00a0\u00bb][vc_row_inner][vc_column_inner width=\u00a0\u00bb1\/6&Prime;][\/vc_column_inner][vc_column_inner width=\u00a0\u00bb5\/6&Prime;][vc_column_text]Compte tenu des atouts du Groupe GLN, nous travaillons en \u00e9troite collaboration avec nos clients, en leur apportant des solutions aux d\u00e9fis qu&rsquo;ils nous pr\u00e9sentent. L&rsquo;objectif est toujours de rechercher le meilleur avantage pour r\u00e9pondre aux besoins [&hellip;]<\/p>\n","protected":false},"author":10,"featured_media":0,"parent":0,"menu_order":0,"comment_status":"closed","ping_status":"closed","template":"","meta":{"footnotes":""},"class_list":["post-18096","page","type-page","status-publish","hentry"],"_links":{"self":[{"href":"https:\/\/gln.pt\/fr\/wp-json\/wp\/v2\/pages\/18096","targetHints":{"allow":["GET"]}}],"collection":[{"href":"https:\/\/gln.pt\/fr\/wp-json\/wp\/v2\/pages"}],"about":[{"href":"https:\/\/gln.pt\/fr\/wp-json\/wp\/v2\/types\/page"}],"author":[{"embeddable":true,"href":"https:\/\/gln.pt\/fr\/wp-json\/wp\/v2\/users\/10"}],"replies":[{"embeddable":true,"href":"https:\/\/gln.pt\/fr\/wp-json\/wp\/v2\/comments?post=18096"}],"version-history":[{"count":3,"href":"https:\/\/gln.pt\/fr\/wp-json\/wp\/v2\/pages\/18096\/revisions"}],"predecessor-version":[{"id":19163,"href":"https:\/\/gln.pt\/fr\/wp-json\/wp\/v2\/pages\/18096\/revisions\/19163"}],"wp:attachment":[{"href":"https:\/\/gln.pt\/fr\/wp-json\/wp\/v2\/media?parent=18096"}],"curies":[{"name":"wp","href":"https:\/\/api.w.org\/{rel}","templated":true}]}}