{"id":18236,"date":"2021-06-22T16:44:38","date_gmt":"2021-06-22T16:44:38","guid":{"rendered":"https:\/\/gln.pt\/?page_id=18236"},"modified":"2021-06-22T17:01:43","modified_gmt":"2021-06-22T17:01:43","slug":"famolde","status":"publish","type":"page","link":"https:\/\/gln.pt\/fr\/famolde\/","title":{"rendered":"Famolde"},"content":{"rendered":"<p>[vc_row padding_top_multiplier=\u00a0\u00bb4x\u00a0\u00bb padding_bottom_multiplier=\u00a0\u00bb4x\u00a0\u00bb][vc_column]<h2 class=\"grve-element grve-title grve-align-center grve-h2 h2-strong\" style=\"\"><span>Management System Policy<\/span><\/h2>[vc_column_text text_style=\u00a0\u00bbleader-text\u00a0\u00bb css=\u00a0\u00bb.vc_custom_1568914959507{padding-right: 5% !important;padding-left: 5% !important;}\u00a0\u00bb]<\/p>\n<p style=\"text-align: center;\">GLN r\u00e9git la politique de son syst\u00e8me de gestion (SG) au moyen d\u2019une am\u00e9lioration continue des m\u00e9thodes, des processus et des produits, en travaillant en \u00e9troite collaboration avec ses clients, collaborateurs, fournisseurs et autres parties prenantes. Ainsi, GLN adopte les principes suivants\u00a0:<\/p>\n<p>[\/vc_column_text]<div class=\"grve-empty-space grve-height-1x\" style=\"\"><\/div><div class=\"grve-empty-space grve-height-1x\" style=\"\"><\/div>[vc_row_inner][vc_column_inner width=\u00a0\u00bb1\/2&Prime;][vc_column_text text_style=\u00a0\u00bbleader-text\u00a0\u00bb]<\/p>\n<ul>\n<li>Garantir les besoins des parties prenantes, en assurant leur satisfaction, leur confiance et leur fid\u00e9lit\u00e9\u2009;<\/li>\n<li>\u00c9tablir chez les collaborateurs une dynamique de recherche, de d\u00e9veloppement et d\u2019innovation, en fournissant les moyens et la formation n\u00e9cessaires au bon accomplissement de leurs fonctions, apportant \u00e0 GLN des solutions innovantes et un important avantage concurrentiel\u2009;<\/li>\n<li>Fournir des produits et des services susceptibles de r\u00e9pondre aux besoins des clients avec le maximum de pr\u00e9cision et de rigueur possible\u2009;<\/li>\n<li>Engagement \u00e0 respecter les d\u00e9lais, garantie de la qualit\u00e9 des produits et am\u00e9lioration continue des processus\u2009;<\/li>\n<li>Garantir l\u2019\u00e9valuation des risques en d\u00e9finissant des contr\u00f4les pr\u00e9ventifs pour att\u00e9nuer leurs impacts sur le produit, les processus, le client et les parties prenantes\u2009;<\/li>\n<li>Conformit\u00e9 aux exigences des normes NP EN ISO\u00a09001, IATF\u00a016949 et NP EN ISO\u00a014001\u2009;<\/li>\n<\/ul>\n<p>[\/vc_column_text][\/vc_column_inner][vc_column_inner width=\u00a0\u00bb1\/2&Prime;][vc_column_text text_style=\u00a0\u00bbleader-text\u00a0\u00bb]<\/p>\n<ul>\n<li>Conformit\u00e9 aux exigences des clients, \u00e0 la l\u00e9gislation, aux r\u00e9glementations, obligations de conformit\u00e9 et autres exigences auxquelles GLN souscrit\u2009;<\/li>\n<li>Engagement \u00e0 identifier et \u00e0 \u00e9valuer les principaux dangers, de fa\u00e7on \u00e0 d\u00e9finir des actions visant \u00e0 att\u00e9nuer les risques auxquels les travailleurs sont expos\u00e9s, ainsi que la mise \u00e0 disposition d\u2019\u00e9quipements de s\u00e9curit\u00e9 adapt\u00e9s \u00e0 leur poste de travail\u2009;<\/li>\n<li>Engagement pour une utilisation rationnelle des ressources fond\u00e9e sur le concept de d\u00e9veloppement durable et am\u00e9lioration continue du syst\u00e8me de gestion environnementale afin d\u2019am\u00e9liorer les performances environnementales\u2009;<\/li>\n<li>Assurer une gestion appropri\u00e9e des d\u00e9chets et engagement pour la protection de l\u2019environnement, incluant la pr\u00e9vention de la pollution.<\/li>\n<\/ul>\n<p>[\/vc_column_text][\/vc_column_inner][\/vc_row_inner]<div class=\"grve-empty-space grve-height-1x\" style=\"\"><\/div>[vc_column_text text_style=\u00a0\u00bbleader-text\u00a0\u00bb css=\u00a0\u00bb.vc_custom_1592325686938{padding-right: 5% !important;padding-left: 5% !important;}\u00a0\u00bb]<\/p>\n<p style=\"text-align: center;\">Cette politique est mise en \u0153uvre gr\u00e2ce \u00e0 l\u2019implication individuelle de chaque collaborateur et au travail d\u2019\u00e9quipe dans la d\u00e9finition, la r\u00e9vision, l\u2019approbation, la mise en \u0153uvre et la r\u00e9alisation des objectifs du syst\u00e8me de gestion.<\/p>\n<p style=\"text-align: center;\">La politique du syst\u00e8me de gestion a \u00e9t\u00e9 approuv\u00e9e et divulgu\u00e9e le 25 octobre 2019 et ce document est sa r\u00e9vision 02.<\/p>\n<p style=\"text-align: center;\"><em>Comit\u00e9 ex\u00e9cutif GLN SA<\/em><\/p>\n<p>[\/vc_column_text][\/vc_column][\/vc_row][vc_row bg_type=\u00a0\u00bbcolor\u00a0\u00bb padding_top_multiplier=\u00a0\u00bb4x\u00a0\u00bb padding_bottom_multiplier=\u00a0\u00bb4x\u00a0\u00bb bg_color=\u00a0\u00bb#f3f3f3&Prime;][vc_column]<h2 class=\"grve-element grve-title grve-align-center grve-h2\" style=\"\"><span>Certificats<\/span><\/h2><div class=\"grve-empty-space\" style=\"height: 10px;\"><\/div>[\/vc_column][vc_column][vc_row_inner][vc_column_inner width=\u00a0\u00bb1\/4&Prime; el_class=\u00a0\u00bbcol-certificado\u00a0\u00bb]<div class=\"grve-element grve-image grve-align-center\" style=\"\">  <div class=\"grve-image-wrapper\"><img loading=\"lazy\" decoding=\"async\" width=\"480\" height=\"270\" src=\"https:\/\/gln.pt\/wp-content\/uploads\/ISO-9001.png\" class=\"attachment-full size-full\" alt=\"Syst\u00e8me de gestion\" srcset=\"https:\/\/gln.pt\/wp-content\/uploads\/ISO-9001.png 480w, https:\/\/gln.pt\/wp-content\/uploads\/ISO-9001-300x169.png 300w\" sizes=\"auto, (max-width: 480px) 100vw, 480px\" title=\"Syst\u00e8me de gestion\" \/>   <\/div><\/div><h4 class=\"grve-element grve-title grve-align-left grve-h4 h4-strong-600\" style=\"margin-bottom: 10px;\"><span>ISO 9001:2015<\/span><\/h4>[vc_column_text css=\u00a0\u00bb.vc_custom_1531839858928{margin-top: 0px !important;}\u00a0\u00bb]<\/p>\n<h6>Porc\u00e9s de certification<\/h6>\n<p>[\/vc_column_text][vc_column_text text_style=\u00a0\u00bbleader-text\u00a0\u00bb]Produktion von Kunststoffteilen durch Spritzguss und Montage der Spritzgussartikel.[\/vc_column_text]<div class=\"grve-empty-space\" style=\"height: 10px;\"><\/div><div class=\"grve-element grve-gallery grve-isotope\" style=\"\" data-columns=\"3\" data-columns-large-screen=\"3\" data-columns-tablet-landscape=\"3\" data-columns-tablet-portrait=\"3\" data-columns-mobile=\"2\" data-layout=\"fitRows\">  <div class=\"grve-isotope-container\"><div class=\"grve-isotope-item grve-hover-item grve-hover-style-none\">  <figure class=\"grve-image-hover\">    <div class=\"grve-hover-overlay grve-bg-light grve-opacity-0\"><\/div><div class=\"grve-media\"><img loading=\"lazy\" decoding=\"async\" width=\"170\" height=\"32\" src=\"https:\/\/gln.pt\/wp-content\/uploads\/GLN_empresas-22.png\" class=\"attachment-medium size-medium\" alt=\"Syst\u00e8me de gestion\" title=\"Syst\u00e8me de gestion\" \/><\/div>  <\/figure><\/div>  <\/div><\/div>[\/vc_column_inner][vc_column_inner width=\u00a0\u00bb1\/4&Prime; el_class=\u00a0\u00bbcol-certificado\u00a0\u00bb]<div class=\"grve-element grve-image grve-align-center\" style=\"\">  <div class=\"grve-image-wrapper\"><img loading=\"lazy\" decoding=\"async\" width=\"480\" height=\"270\" src=\"https:\/\/gln.pt\/wp-content\/uploads\/IATF-16949-2.png\" class=\"attachment-full size-full\" alt=\"Syst\u00e8me de gestion\" srcset=\"https:\/\/gln.pt\/wp-content\/uploads\/IATF-16949-2.png 480w, https:\/\/gln.pt\/wp-content\/uploads\/IATF-16949-2-300x169.png 300w\" sizes=\"auto, (max-width: 480px) 100vw, 480px\" title=\"Syst\u00e8me de gestion\" \/>   <\/div><\/div><h4 class=\"grve-element grve-title grve-align-left grve-h4 h4-strong-600\" style=\"margin-bottom: 10px;\"><span>IATF 16949:2016<\/span><\/h4>[vc_column_text css=\u00a0\u00bb.vc_custom_1531839858928{margin-top: 0px !important;}\u00a0\u00bb]<\/p>\n<h6>Porc\u00e9s de certification<\/h6>\n<p>[\/vc_column_text][vc_column_text text_style=\u00a0\u00bbleader-text\u00a0\u00bb]Produktion von Kunststoffteilen durch Spritzguss und Montage der Spritzgussartikel.[\/vc_column_text]<div class=\"grve-empty-space\" style=\"height: 10px;\"><\/div><div class=\"grve-element grve-gallery grve-isotope\" style=\"\" data-columns=\"3\" data-columns-large-screen=\"3\" data-columns-tablet-landscape=\"3\" data-columns-tablet-portrait=\"3\" data-columns-mobile=\"2\" data-layout=\"fitRows\">  <div class=\"grve-isotope-container\"><div class=\"grve-isotope-item grve-hover-item grve-hover-style-none\">  <figure class=\"grve-image-hover\">    <div class=\"grve-hover-overlay grve-bg-light grve-opacity-0\"><\/div><div class=\"grve-media\"><img loading=\"lazy\" decoding=\"async\" width=\"170\" height=\"32\" src=\"https:\/\/gln.pt\/wp-content\/uploads\/GLN_empresas-22.png\" class=\"attachment-medium size-medium\" alt=\"Syst\u00e8me de gestion\" title=\"Syst\u00e8me de gestion\" \/><\/div>  <\/figure><\/div>  <\/div><\/div>[\/vc_column_inner][vc_column_inner width=\u00a0\u00bb1\/4&Prime; el_class=\u00a0\u00bbcol-certificado\u00a0\u00bb]<div class=\"grve-element grve-image grve-align-center\" style=\"\">  <div class=\"grve-image-wrapper\"><img loading=\"lazy\" decoding=\"async\" width=\"480\" height=\"270\" src=\"https:\/\/gln.pt\/wp-content\/uploads\/ISO-14001-2.png\" class=\"attachment-full size-full\" alt=\"Syst\u00e8me de gestion\" srcset=\"https:\/\/gln.pt\/wp-content\/uploads\/ISO-14001-2.png 480w, https:\/\/gln.pt\/wp-content\/uploads\/ISO-14001-2-300x169.png 300w\" sizes=\"auto, (max-width: 480px) 100vw, 480px\" title=\"Syst\u00e8me de gestion\" \/>   <\/div><\/div><h4 class=\"grve-element grve-title grve-align-left grve-h4 h4-strong-600\" style=\"margin-bottom: 10px;\"><span>ISO14001:2015<\/span><\/h4>[vc_column_text css=\u00a0\u00bb.vc_custom_1531839858928{margin-top: 0px !important;}\u00a0\u00bb]<\/p>\n<h6>Porc\u00e9s de certification<\/h6>\n<p>[\/vc_column_text][vc_column_text text_style=\u00a0\u00bbleader-text\u00a0\u00bb]Produktion von Kunststoffteilen durch Spritzguss und Montage der Spritzgussartikel.[\/vc_column_text]<div class=\"grve-empty-space\" style=\"height: 10px;\"><\/div><div class=\"grve-element grve-gallery grve-isotope\" style=\"\" data-columns=\"3\" data-columns-large-screen=\"3\" data-columns-tablet-landscape=\"3\" data-columns-tablet-portrait=\"3\" data-columns-mobile=\"2\" data-layout=\"fitRows\">  <div class=\"grve-isotope-container\"><div class=\"grve-isotope-item grve-hover-item grve-hover-style-none\">  <figure class=\"grve-image-hover\">    <div class=\"grve-hover-overlay grve-bg-light grve-opacity-0\"><\/div><div class=\"grve-media\"><img loading=\"lazy\" decoding=\"async\" width=\"170\" height=\"32\" src=\"https:\/\/gln.pt\/wp-content\/uploads\/GLN_empresas-22.png\" class=\"attachment-medium size-medium\" alt=\"Syst\u00e8me de gestion\" title=\"Syst\u00e8me de gestion\" \/><\/div>  <\/figure><\/div>  <\/div><\/div><div class=\"grve-empty-space\" style=\"height: 5px;\"><\/div>[vc_column_text css=\u00a0\u00bb.vc_custom_1559896113390{margin-top: 0px !important;}\u00a0\u00bb]<\/p>\n<h6><span style=\"color: #ababab;\">Site Maceira<\/span><\/h6>\n<p>[\/vc_column_text][\/vc_column_inner][vc_column_inner width=\u00a0\u00bb1\/4&Prime; el_class=\u00a0\u00bbcol-certificado\u00a0\u00bb]<div class=\"grve-element grve-image grve-align-center\" style=\"\">  <div class=\"grve-image-wrapper\"><img loading=\"lazy\" decoding=\"async\" width=\"480\" height=\"270\" src=\"https:\/\/gln.pt\/wp-content\/uploads\/apcer-iso-9001.png\" class=\"attachment-full size-full\" alt=\"Syst\u00e8me de gestion\" srcset=\"https:\/\/gln.pt\/wp-content\/uploads\/apcer-iso-9001.png 480w, https:\/\/gln.pt\/wp-content\/uploads\/apcer-iso-9001-300x169.png 300w\" sizes=\"auto, (max-width: 480px) 100vw, 480px\" title=\"Syst\u00e8me de gestion\" \/>   <\/div><\/div><h4 class=\"grve-element grve-title grve-align-left grve-h4 h4-strong-600\" style=\"margin-bottom: 10px;\"><span>ISO 9001:2015<\/span><\/h4>[vc_column_text css=\u00a0\u00bb.vc_custom_1531839858928{margin-top: 0px !important;}\u00a0\u00bb]<\/p>\n<h6>Porc\u00e9s de certification<\/h6>\n<p>[\/vc_column_text][vc_column_text text_style=\u00a0\u00bbleader-text\u00a0\u00bb]Conception et fabrication de moules pour l\u2019industrie plastique.[\/vc_column_text]<div class=\"grve-empty-space\" style=\"height: 10px;\"><\/div><div class=\"grve-element grve-gallery grve-isotope\" style=\"\" data-columns=\"3\" data-columns-large-screen=\"3\" data-columns-tablet-landscape=\"3\" data-columns-tablet-portrait=\"3\" data-columns-mobile=\"2\" data-layout=\"fitRows\">  <div class=\"grve-isotope-container\"><div class=\"grve-isotope-item grve-hover-item grve-hover-style-none\">  <figure class=\"grve-image-hover\">    <div class=\"grve-hover-overlay grve-bg-light grve-opacity-0\"><\/div><div class=\"grve-media\"><img loading=\"lazy\" decoding=\"async\" width=\"170\" height=\"32\" src=\"https:\/\/gln.pt\/wp-content\/uploads\/GLN_empresas-20.png\" class=\"attachment-medium size-medium\" alt=\"Syst\u00e8me de gestion\" title=\"Syst\u00e8me de gestion\" \/><\/div>  <\/figure><\/div><div class=\"grve-isotope-item grve-hover-item grve-hover-style-none\">  <figure class=\"grve-image-hover\">    <div class=\"grve-hover-overlay grve-bg-light grve-opacity-0\"><\/div><div class=\"grve-media\"><img loading=\"lazy\" decoding=\"async\" width=\"170\" height=\"32\" src=\"https:\/\/gln.pt\/wp-content\/uploads\/GLN_empresas-21.png\" class=\"attachment-medium size-medium\" alt=\"Syst\u00e8me de gestion\" title=\"Syst\u00e8me de gestion\" \/><\/div>  <\/figure><\/div>  <\/div><\/div>[\/vc_column_inner][\/vc_row_inner][vc_row_inner][vc_column_inner width=\u00a0\u00bb1\/4&Prime; el_class=\u00a0\u00bbcol-certificado\u00a0\u00bb]<div class=\"grve-element grve-image grve-align-center\" style=\"\">  <div class=\"grve-image-wrapper\"><img loading=\"lazy\" decoding=\"async\" width=\"480\" height=\"270\" src=\"https:\/\/gln.pt\/wp-content\/uploads\/ISO-14001-2.png\" class=\"attachment-full size-full\" alt=\"Syst\u00e8me de gestion\" srcset=\"https:\/\/gln.pt\/wp-content\/uploads\/ISO-14001-2.png 480w, https:\/\/gln.pt\/wp-content\/uploads\/ISO-14001-2-300x169.png 300w\" sizes=\"auto, (max-width: 480px) 100vw, 480px\" title=\"Syst\u00e8me de gestion\" \/>   <\/div><\/div><h4 class=\"grve-element grve-title grve-align-left grve-h4 h4-strong-600\" style=\"margin-bottom: 10px;\"><span>ISO14001:2015<\/span><\/h4>[vc_column_text css=\u00a0\u00bb.vc_custom_1531839858928{margin-top: 0px !important;}\u00a0\u00bb]<\/p>\n<h6>Porc\u00e9s de certification<\/h6>\n<p>[\/vc_column_text][vc_column_text text_style=\u00a0\u00bbleader-text\u00a0\u00bb]Procd\u00e9d\u00e9 de la gestion ambientaliste.<br \/>\nConception et fabrication de moules pour l\u2019industrie plastique.[\/vc_column_text]<div class=\"grve-empty-space\" style=\"height: 10px;\"><\/div><div class=\"grve-element grve-gallery grve-isotope\" style=\"\" data-columns=\"3\" data-columns-large-screen=\"3\" data-columns-tablet-landscape=\"3\" data-columns-tablet-portrait=\"3\" data-columns-mobile=\"2\" data-layout=\"fitRows\">  <div class=\"grve-isotope-container\"><div class=\"grve-isotope-item grve-hover-item grve-hover-style-none\">  <figure class=\"grve-image-hover\">    <div class=\"grve-hover-overlay grve-bg-light grve-opacity-0\"><\/div><div class=\"grve-media\"><img loading=\"lazy\" decoding=\"async\" width=\"170\" height=\"32\" src=\"https:\/\/gln.pt\/wp-content\/uploads\/GLN_empresas-20.png\" class=\"attachment-medium size-medium\" alt=\"Syst\u00e8me de gestion\" title=\"Syst\u00e8me de gestion\" \/><\/div>  <\/figure><\/div>  <\/div><\/div>[\/vc_column_inner][vc_column_inner width=\u00a0\u00bb1\/4&Prime; el_class=\u00a0\u00bbcol-certificado\u00a0\u00bb]<div class=\"grve-element grve-image grve-align-center\" style=\"\">  <div class=\"grve-image-wrapper\"><img loading=\"lazy\" decoding=\"async\" width=\"480\" height=\"270\" src=\"https:\/\/gln.pt\/wp-content\/uploads\/ISO-9001.png\" class=\"attachment-full size-full\" alt=\"Syst\u00e8me de gestion\" srcset=\"https:\/\/gln.pt\/wp-content\/uploads\/ISO-9001.png 480w, https:\/\/gln.pt\/wp-content\/uploads\/ISO-9001-300x169.png 300w\" sizes=\"auto, (max-width: 480px) 100vw, 480px\" title=\"Syst\u00e8me de gestion\" \/>   <\/div><\/div><h4 class=\"grve-element grve-title grve-align-left grve-h4 h4-strong-600\" style=\"margin-bottom: 10px;\"><span>ISO 9001:2015<\/span><\/h4>[vc_column_text css=\u00a0\u00bb.vc_custom_1531839858928{margin-top: 0px !important;}\u00a0\u00bb]<\/p>\n<h6>Porc\u00e9s de certification<\/h6>\n<p>[\/vc_column_text][vc_column_text text_style=\u00a0\u00bbleader-text\u00a0\u00bb]Production de pi\u00e8ces plastique par injection, usinage et maintenance de moules pour l\u2019industrie plastique.[\/vc_column_text]<div class=\"grve-empty-space\" style=\"height: 10px;\"><\/div><div class=\"grve-element grve-gallery grve-isotope\" style=\"\" data-columns=\"3\" data-columns-large-screen=\"3\" data-columns-tablet-landscape=\"3\" data-columns-tablet-portrait=\"3\" data-columns-mobile=\"2\" data-layout=\"fitRows\">  <div class=\"grve-isotope-container\"><div class=\"grve-isotope-item grve-hover-item grve-hover-style-none\">  <figure class=\"grve-image-hover\">    <div class=\"grve-hover-overlay grve-bg-light grve-opacity-0\"><\/div><div class=\"grve-media\"><img loading=\"lazy\" decoding=\"async\" width=\"170\" height=\"32\" src=\"https:\/\/gln.pt\/wp-content\/uploads\/GLN_empresas-23.png\" class=\"attachment-medium size-medium\" alt=\"Syst\u00e8me de gestion\" title=\"Syst\u00e8me de gestion\" \/><\/div>  <\/figure><\/div>  <\/div><\/div>[\/vc_column_inner][vc_column_inner width=\u00a0\u00bb1\/4&Prime; el_class=\u00a0\u00bbcol-certificado\u00a0\u00bb]<div class=\"grve-element grve-image grve-align-center\" style=\"\">  <div class=\"grve-image-wrapper\"><img loading=\"lazy\" decoding=\"async\" width=\"480\" height=\"270\" src=\"https:\/\/gln.pt\/wp-content\/uploads\/tuv.png\" class=\"attachment-full size-full\" alt=\"Syst\u00e8me de gestion\" srcset=\"https:\/\/gln.pt\/wp-content\/uploads\/tuv.png 480w, https:\/\/gln.pt\/wp-content\/uploads\/tuv-300x169.png 300w\" sizes=\"auto, (max-width: 480px) 100vw, 480px\" title=\"Syst\u00e8me de gestion\" \/>   <\/div><\/div><h4 class=\"grve-element grve-title grve-align-left grve-h4 h4-strong-600\" style=\"margin-bottom: 10px;\"><span>IATF 16949:2016<\/span><\/h4>[vc_column_text css=\u00a0\u00bb.vc_custom_1531839858928{margin-top: 0px !important;}\u00a0\u00bb]<\/p>\n<h6>Porc\u00e9s de certification<\/h6>\n<p>[\/vc_column_text][vc_column_text text_style=\u00a0\u00bbleader-text\u00a0\u00bb]Injection de pi\u00e8ces en plastique de haute pr\u00e9cision.[\/vc_column_text]<div class=\"grve-empty-space\" style=\"height: 10px;\"><\/div><div class=\"grve-element grve-gallery grve-isotope\" style=\"\" data-columns=\"3\" data-columns-large-screen=\"3\" data-columns-tablet-landscape=\"3\" data-columns-tablet-portrait=\"3\" data-columns-mobile=\"2\" data-layout=\"fitRows\">  <div class=\"grve-isotope-container\"><div class=\"grve-isotope-item grve-hover-item grve-hover-style-none\">  <figure class=\"grve-image-hover\">    <div class=\"grve-hover-overlay grve-bg-light grve-opacity-0\"><\/div><div class=\"grve-media\"><img loading=\"lazy\" decoding=\"async\" width=\"170\" height=\"32\" src=\"https:\/\/gln.pt\/wp-content\/uploads\/GLN_empresas-23.png\" class=\"attachment-medium size-medium\" alt=\"Syst\u00e8me de gestion\" title=\"Syst\u00e8me de gestion\" \/><\/div>  <\/figure><\/div>  <\/div><\/div>[\/vc_column_inner][vc_column_inner width=\u00a0\u00bb1\/4&Prime; el_class=\u00a0\u00bbcol-certificado\u00a0\u00bb][\/vc_column_inner][\/vc_row_inner][\/vc_column][vc_column el_class=\u00a0\u00bbhide-element\u00a0\u00bb]<div class=\"grve-empty-space grve-height-2x\" style=\"\"><\/div><h3 class=\"grve-element grve-title grve-align-center grve-h4 grve-increase-heading grve-heading-140\" style=\"\"><span>&#8211; Em Implementa\u00e7\u00e3o &#8211;<\/span><\/h3><div class=\"grve-empty-space\" style=\"height: 10px;\"><\/div>[vc_row_inner][vc_column_inner width=\u00a0\u00bb1\/4&Prime; el_class=\u00a0\u00bbcol-certificado\u00a0\u00bb]<div class=\"grve-element grve-image grve-grayscale-image cert-em-impl grve-align-center\" style=\"\">  <div class=\"grve-image-wrapper\"><img loading=\"lazy\" decoding=\"async\" width=\"480\" height=\"270\" src=\"https:\/\/gln.pt\/wp-content\/uploads\/ISO-16949.png\" class=\"attachment-full size-full\" alt=\"Syst\u00e8me de gestion\" srcset=\"https:\/\/gln.pt\/wp-content\/uploads\/ISO-16949.png 480w, https:\/\/gln.pt\/wp-content\/uploads\/ISO-16949-300x169.png 300w\" sizes=\"auto, (max-width: 480px) 100vw, 480px\" title=\"Syst\u00e8me de gestion\" \/>   <\/div><\/div><h4 class=\"grve-element grve-title grve-align-left grve-h4 h4-strong-600\" style=\"margin-bottom: 10px;\"><span>IATF 16949:2016<\/span><\/h4>[vc_column_text css=\u00a0\u00bb.vc_custom_1531839858928{margin-top: 0px !important;}\u00a0\u00bb]<\/p>\n<h6>Porc\u00e9s de certification<\/h6>\n<p>[\/vc_column_text][vc_column_text text_style=\u00a0\u00bbleader-text\u00a0\u00bb]Em fase de implementa\u00e7\u00e3o dos requisitos da norma IATF 16949:2016 em inje\u00e7\u00e3o de pe\u00e7as pl\u00e1sticas de alta precis\u00e3o.[\/vc_column_text]<div class=\"grve-empty-space\" style=\"height: 10px;\"><\/div><div class=\"grve-element grve-gallery grve-isotope\" style=\"\" data-columns=\"3\" data-columns-large-screen=\"3\" data-columns-tablet-landscape=\"3\" data-columns-tablet-portrait=\"3\" data-columns-mobile=\"2\" data-layout=\"fitRows\">  <div class=\"grve-isotope-container\"><div class=\"grve-isotope-item grve-hover-item grve-hover-style-none\">  <figure class=\"grve-image-hover\">    <div class=\"grve-hover-overlay grve-bg-light grve-opacity-0\"><\/div><div class=\"grve-media\"><img loading=\"lazy\" decoding=\"async\" width=\"170\" height=\"32\" src=\"https:\/\/gln.pt\/wp-content\/uploads\/GLN_empresas-23.png\" class=\"attachment-medium size-medium\" alt=\"Syst\u00e8me de gestion\" title=\"Syst\u00e8me de gestion\" \/><\/div>  <\/figure><\/div>  <\/div><\/div>[\/vc_column_inner][vc_column_inner width=\u00a0\u00bb1\/4&Prime; el_class=\u00a0\u00bbcol-certificado\u00a0\u00bb][\/vc_column_inner][vc_column_inner width=\u00a0\u00bb1\/4&Prime; el_class=\u00a0\u00bbcol-certificado\u00a0\u00bb][\/vc_column_inner][vc_column_inner width=\u00a0\u00bb1\/4&Prime; el_class=\u00a0\u00bbcol-certificado\u00a0\u00bb][\/vc_column_inner][\/vc_row_inner][\/vc_column][\/vc_row]<\/p>","protected":false},"excerpt":{"rendered":"<p>[vc_row padding_top_multiplier=\u00a0\u00bb4x\u00a0\u00bb padding_bottom_multiplier=\u00a0\u00bb4x\u00a0\u00bb][vc_column][vc_column_text text_style=\u00a0\u00bbleader-text\u00a0\u00bb css=\u00a0\u00bb.vc_custom_1568914959507{padding-right: 5% !important;padding-left: 5% !important;}\u00a0\u00bb] GLN r\u00e9git la politique de son syst\u00e8me de gestion (SG) au moyen d\u2019une am\u00e9lioration continue des m\u00e9thodes, des processus et des produits, en travaillant en \u00e9troite collaboration avec ses clients, collaborateurs, fournisseurs et autres parties prenantes. Ainsi, GLN adopte les principes suivants\u00a0: [\/vc_column_text][vc_row_inner][vc_column_inner width=\u00a0\u00bb1\/2&Prime;][vc_column_text text_style=\u00a0\u00bbleader-text\u00a0\u00bb] Garantir [&hellip;]<\/p>\n","protected":false},"author":10,"featured_media":0,"parent":0,"menu_order":0,"comment_status":"closed","ping_status":"closed","template":"","meta":{"footnotes":""},"class_list":["post-18236","page","type-page","status-publish","hentry"],"_links":{"self":[{"href":"https:\/\/gln.pt\/fr\/wp-json\/wp\/v2\/pages\/18236","targetHints":{"allow":["GET"]}}],"collection":[{"href":"https:\/\/gln.pt\/fr\/wp-json\/wp\/v2\/pages"}],"about":[{"href":"https:\/\/gln.pt\/fr\/wp-json\/wp\/v2\/types\/page"}],"author":[{"embeddable":true,"href":"https:\/\/gln.pt\/fr\/wp-json\/wp\/v2\/users\/10"}],"replies":[{"embeddable":true,"href":"https:\/\/gln.pt\/fr\/wp-json\/wp\/v2\/comments?post=18236"}],"version-history":[{"count":1,"href":"https:\/\/gln.pt\/fr\/wp-json\/wp\/v2\/pages\/18236\/revisions"}],"predecessor-version":[{"id":18250,"href":"https:\/\/gln.pt\/fr\/wp-json\/wp\/v2\/pages\/18236\/revisions\/18250"}],"wp:attachment":[{"href":"https:\/\/gln.pt\/fr\/wp-json\/wp\/v2\/media?parent=18236"}],"curies":[{"name":"wp","href":"https:\/\/api.w.org\/{rel}","templated":true}]}}