{"id":14724,"date":"2016-10-10T06:05:08","date_gmt":"2016-10-10T06:05:08","guid":{"rendered":"http:\/\/dev-glnmolds.younik.pt\/about-me-ii\/"},"modified":"2024-04-15T15:52:17","modified_gmt":"2024-04-15T15:52:17","slug":"about","status":"publish","type":"page","link":"https:\/\/gln.pt\/pt\/about\/","title":{"rendered":"Sobre"},"content":{"rendered":"<p>[vc_row padding_top_multiplier=&#8221;4x&#8221; padding_bottom_multiplier=&#8221;4x&#8221;][vc_column]<h2 class=\"grve-element grve-title grve-align-center grve-h2 h2-strong\" style=\"\"><span>Molding the Future<\/span><\/h2>[vc_column_text text_style=&#8221;leader-text&#8221;]<\/p>\n<p style=\"text-align: center;\">A Qualidade, o cumprimento do prazo e a inova\u00e7\u00e3o exigidos pelos nossos clientes e parceiros s\u00e3o o caminho para a excel\u00eancia que ambicionamos alcan\u00e7ar.<\/p>\n<p style=\"text-align: center;\">Pretendemos crescer, evoluir na oferta, garantir mais qualidade, apostar na tecnologia e no capital Humano, por forma a cumprir a complexidade dos trabalhos que realizamos, e inovar nas novas solu\u00e7\u00f5es.<\/p>\n<p style=\"text-align: center;\">Apenas com o empenho e a motiva\u00e7\u00e3o de todas as pessoas da equipa GLN podemos responder \u00e0s expectativas e necessidades dos nossos clientes.<\/p>\n<p style=\"text-align: center;\"><strong>O nosso compromisso \u00e9 garantir as necessidades das partes interessadas, assegurando a sua satisfa\u00e7\u00e3o, confian\u00e7a e fideliza\u00e7\u00e3o. <\/strong><\/p>\n<p>[\/vc_column_text][\/vc_column][\/vc_row][vc_row heading_color=&#8221;primary-1&#8243; bg_type=&#8221;image&#8221; bg_image=&#8221;17226&#8243; bg_image_type=&#8221;fixed&#8221; color_overlay=&#8221;light&#8221; opacity_overlay=&#8221;30&#8243; padding_top_multiplier=&#8221;4x&#8221; padding_bottom_multiplier=&#8221;4x&#8221; el_class=&#8221;missao-visao-valores&#8221;][vc_column width=&#8221;1\/3&#8243;]<h2 class=\"grve-element grve-title grve-align-left grve-h2 h2-strong\" style=\"\"><span>Vis\u00e3o<\/span><\/h2>[vc_column_text text_style=&#8221;leader-text&#8221;]O grupo GLN aspira ser um<strong> l\u00edder global, premiado pela excel\u00eancia<\/strong> na ind\u00fastria de <strong>moldes e injec\u00e7\u00e3o de pl\u00e1sticos de elevado n\u00edvel t\u00e9cnico.<\/strong>[\/vc_column_text][\/vc_column][vc_column width=&#8221;1\/3&#8243;]<h2 class=\"grve-element grve-title grve-align-left grve-h2 h2-strong\" style=\"\"><span>Miss\u00e3o<\/span><\/h2>[vc_column_text text_style=&#8221;leader-text&#8221;]Criar Valor sustent\u00e1vel para os seus Stakeholders, satisfazendo as mais exigentes necessidades e expectativas dos clientes, sustentando o seu neg\u00f3cio na busca e no desenvolvimento de solu\u00e7\u00f5es inovadoras para produtos e processos, e investindo na forma\u00e7\u00e3o como ve\u00edculo principal para a valoriza\u00e7\u00e3o de todos os seus colaboradores.<\/p>\n<p>A Miss\u00e3o da GLN assenta em <strong>4 pilares<\/strong>:<\/p>\n<p><strong>Competitividade<br \/>\n<\/strong>Criar Valor sustent\u00e1vel para todos os Stakeholders.<\/p>\n<p><strong>Qualidade<\/strong><br \/>\nSatisfazer plenamente as expectativas dos clientes.<\/p>\n<p><strong>Inova\u00e7\u00e3o<br \/>\n<\/strong>Foco constante na Inova\u00e7\u00e3o como factor de sustentabilidade.<\/p>\n<p><strong>Desenvolvimento Organizacional<br \/>\n<\/strong>Investir na Forma\u00e7\u00e3o dos colaboradores para a sua valoriza\u00e7\u00e3o.[\/vc_column_text][\/vc_column][vc_column width=&#8221;1\/3&#8243;]<h2 class=\"grve-element grve-title grve-align-left grve-h2 h2-strong\" style=\"\"><span>Valores<\/span><\/h2>[vc_column_text text_style=&#8221;leader-text&#8221;]No exerc\u00edcio da sua actividade, a GLN promove, privilegia e n\u00e3o abdica dos seguintes valores:<\/p>\n<p><strong>Excel\u00eancia<br \/>\n<\/strong>Promover o desempenho da excel\u00eancia em toda a organiza\u00e7\u00e3o.<\/p>\n<p><strong>M\u00e9rito<br \/>\n<\/strong>Promover a meritocracia e premiar o desempenho individual e em equipa.<\/p>\n<p><strong>\u00c9tica<br \/>\n<\/strong>Agir de forma exemplar, promovendo o respeito m\u00fatuo entre todos os parceiros.<\/p>\n<p><strong>Responsabilidade<br \/>\n<\/strong>Comprometimento com actua\u00e7\u00e3o socialmente respons\u00e1vel.[\/vc_column_text][\/vc_column][\/vc_row][vc_row padding_top_multiplier=&#8221;4x&#8221; padding_bottom_multiplier=&#8221;2x&#8221; columns_gap=&#8221;50&#8243; equal_column_height=&#8221;middle-content&#8221;][vc_column]<h2 class=\"grve-element grve-title grve-align-center grve-h1 grve-custom-font-3 grve-increase-heading grve-heading-160\" style=\"\"><span>Era uma vez<\/span><\/h2><div class=\"grve-empty-space grve-height-1x\" style=\"\"><\/div><div class=\"grve-element grve-image grve-align-center\" style=\"\">  <div class=\"grve-image-wrapper\"><img loading=\"lazy\" decoding=\"async\" width=\"294\" height=\"84\" src=\"https:\/\/gln.pt\/wp-content\/uploads\/GLN-molds-logo.png\" class=\"attachment-full size-full\" alt=\"Sobre\" title=\"Sobre\" \/>   <\/div><\/div><div class=\"grve-empty-space grve-height-2x\" style=\"\"><\/div>[\/vc_column][\/vc_row][vc_row padding_top_multiplier=&#8221;2x&#8221; padding_bottom_multiplier=&#8221;4x&#8221; columns_gap=&#8221;50&#8243; equal_column_height=&#8221;middle-content&#8221;][vc_column][vc_column_text]<div class=\"zoomtimeline mode-3dslider skin-light auto-init\" data-options='{settings_mode : \"mode-default\",mode_yearslist_start_from_left:\"off\",circuit_the_timeline:\"on\",startItem:\"0\"\n            ,color_highlight: \"rgba(220, 167, 167, 1)\"\n            ,mode_3dslider_item_width: \"340\"\n            ,mode_3dslider_show_arrow_buttons: \"on\"\n            ,mode_3dslider_item_height: \"400\"}'>\n        \n        <div class=\"items\"><div class=\"ztm-item  cat-slug-gln-timeline\" data-image=\"https:\/\/gln.pt\/wp-content\/uploads\/1980-garagem.jpg\"><div class=\"hex-desc-con\">\n        <div class=\"hex-desc\"> <\/div>\n    <\/div>\n\n    <div class=\"ztm-content\"><h3 class=\"the-heading\">1980<\/h3><div class=\"paragraph\"><p class=\"timeline-titulo\">Neg\u00f3cio come\u00e7a na garagem<\/p>\r\n<p>Cria\u00e7\u00e3o de pequeno neg\u00f3cio de fam\u00edlia, em nome individual do Sr. Leonel Costa. Fabrico de pe\u00e7as e elementos para moldes, ainda sem fabricar o molde completo.<\/p><\/div>\n            \n    <\/div>\n\n<\/div><div class=\"ztm-item  cat-slug-gln-timeline\" data-image=\"https:\/\/gln.pt\/wp-content\/uploads\/1988-LNMoldes.jpg\"><div class=\"hex-desc-con\">\n        <div class=\"hex-desc\"> <\/div>\n    <\/div>\n\n    <div class=\"ztm-content\"><h3 class=\"the-heading\">1988<\/h3><div class=\"paragraph\"><p class=\"timeline-titulo\">Nasceu a L.N. Moldes<\/p>\r\n<p>Fabrico de moldes de pequena e m\u00e9dia dimens\u00e3o para as ind\u00fastrias el\u00e9ctrica, utens\u00edlios dom\u00e9sticos e embalagem. O fabrico de moldes de compress\u00e3o para ind\u00fastria el\u00e9ctrica nos EUA esteve, pela natureza dos projectos executados, na origem do rigor e da exig\u00eancia com a qualidade.<\/p><\/div>\n            \n    <\/div>\n\n<\/div><div class=\"ztm-item  cat-slug-gln-timeline\" data-image=\"https:\/\/gln.pt\/wp-content\/uploads\/1997-IQNET.jpg\"><div class=\"hex-desc-con\">\n        <div class=\"hex-desc\"> <\/div>\n    <\/div>\n\n    <div class=\"ztm-content\"><h3 class=\"the-heading\">1997<\/h3><div class=\"paragraph\"><p class=\"timeline-titulo\">Certifica\u00e7\u00e3o ISO 9001<\/p>\r\n<p>A 1\u00aa certifica\u00e7\u00e3o reflecte a qualidade e o n\u00edvel de rigor que a LN evidenciava em 1997, fruto da sofistica\u00e7\u00e3o e exig\u00eancia dos seus clientes.<\/p><\/div>\n            \n    <\/div>\n\n<\/div><div class=\"ztm-item  cat-slug-gln-timeline\" data-image=\"https:\/\/gln.pt\/wp-content\/uploads\/2000-crescimento.jpg\"><div class=\"hex-desc-con\">\n        <div class=\"hex-desc\"> <\/div>\n    <\/div>\n\n    <div class=\"ztm-content\"><h3 class=\"the-heading\">2000<\/h3><div class=\"paragraph\"><p class=\"timeline-titulo\">Crescimento e especializa\u00e7\u00e3o<\/p>\r\n<p>Para al\u00e9m do mercado Americano, com a entrada no Euro a Europa tornou-se um mercado preferencial, com destaque para os clientes da ind\u00fastria autom\u00f3vel.\r\nForte especializa\u00e7\u00e3o em moldes para espessuras finas e moldes com multicavidades. Crescimento not\u00e1vel na unidade de injec\u00e7\u00e3o de pe\u00e7as pl\u00e1sticas atrav\u00e9s de importantes projectos de produ\u00e7\u00e3o para a ind\u00fastria autom\u00f3vel.<\/p><\/div>\n            \n    <\/div>\n\n<\/div><div class=\"ztm-item  cat-slug-gln-timeline\" data-image=\"https:\/\/gln.pt\/wp-content\/uploads\/2004-LNMoldes.jpg\"><div class=\"hex-desc-con\">\n        <div class=\"hex-desc\"> <\/div>\n    <\/div>\n\n    <div class=\"ztm-content\"><h3 class=\"the-heading\">2004<\/h3><div class=\"paragraph\"><p class=\"timeline-titulo\">Conclus\u00e3o das novas instala\u00e7\u00f5es da L.N.<\/p>\r\n<p>LN Pl\u00e1s (Divis\u00e3o de pl\u00e1sticos), ocupa novas e modernas instala\u00e7\u00f5es com 20 m\u00e1quinas de injec\u00e7\u00e3o; Injec\u00e7\u00e3o de pe\u00e7as para a ind\u00fastria autom\u00f3vel e el\u00e9ctrica.<\/p><\/div>\n            \n    <\/div>\n\n<\/div><div class=\"ztm-item  cat-slug-gln-timeline\" data-image=\"https:\/\/gln.pt\/wp-content\/uploads\/2006-ISO16949-v2.jpg\"><div class=\"hex-desc-con\">\n        <div class=\"hex-desc\"> <\/div>\n    <\/div>\n\n    <div class=\"ztm-content\"><h3 class=\"the-heading\">2006<\/h3><div class=\"paragraph\"><p class=\"timeline-titulo\">Certifica\u00e7\u00e3o ISO TS16949<\/p>\r\n<p>A certifica\u00e7\u00e3o obtida em 2006 foi mais um passo na evolu\u00e7\u00e3o da oferta e conhecimento das equipas LN.\r\nO aumento dos projectos de injec\u00e7\u00e3o de pe\u00e7as pl\u00e1sticas e de clientes na ind\u00fastria autom\u00f3vel eram sin\u00f3nimo de maior exig\u00eancia com a qualidade e excel\u00eancia.<\/p><\/div>\n            \n    <\/div>\n\n<\/div><div class=\"ztm-item  cat-slug-gln-timeline\" data-image=\"https:\/\/gln.pt\/wp-content\/uploads\/2010-Delta.jpg\"><div class=\"hex-desc-con\">\n        <div class=\"hex-desc\"> <\/div>\n    <\/div>\n\n    <div class=\"ztm-content\"><h3 class=\"the-heading\">2010<\/h3><div class=\"paragraph\"><p class=\"timeline-titulo\">C\u00e1psulas Delta Q<\/p>\r\n<p>In\u00edcio da nossa parceria com a Delta. A parceria com a empresa de Campo Maior, l\u00edder na produ\u00e7\u00e3o e comercializa\u00e7\u00e3o de caf\u00e9, resultou do trabalho de inova\u00e7\u00e3o e colabora\u00e7\u00e3o no desenvolvimento da solu\u00e7\u00e3o t\u00e9cnica para a c\u00e1psula Delta Q.<\/p><\/div>\n            \n    <\/div>\n\n<\/div><div class=\"ztm-item  cat-slug-gln-timeline\" data-image=\"https:\/\/gln.pt\/wp-content\/uploads\/2013-25-aniversario.jpg\"><div class=\"hex-desc-con\">\n        <div class=\"hex-desc\"> <\/div>\n    <\/div>\n\n    <div class=\"ztm-content\"><h3 class=\"the-heading\">2013<\/h3><div class=\"paragraph\"><p class=\"timeline-titulo\">Comemora\u00e7\u00e3o do 25\u00b0 Anivers\u00e1rio<\/p>\r\n<p>J\u00e1 sem a presen\u00e7a do seu fundador, figura de refer\u00eancia para todos os colaboradores, a LN festeja o seu 25\u00b0 anivers\u00e1rio com orgulho no passado e consciente dos desafios futuros.<\/p><\/div>\n            \n    <\/div>\n\n<\/div><div class=\"ztm-item  cat-slug-gln-timeline\" data-image=\"https:\/\/gln.pt\/wp-content\/uploads\/2014-Gestmin-v2.jpg\"><div class=\"hex-desc-con\">\n        <div class=\"hex-desc\"> <\/div>\n    <\/div>\n\n    <div class=\"ztm-content\"><h3 class=\"the-heading\">2014<\/h3><div class=\"paragraph\"><p class=\"timeline-titulo\">Aquisi\u00e7\u00e3o pelo Grupo Gestmin<\/p>\r\n<p>A Gestmin SGPS adquire a totalidade do capital da LN Moldes e LN Pl\u00e1s. Com os valores, a cultura e hist\u00f3rico na ind\u00fastria portuguesa da fam\u00edlia Champalimaud, o futuro da LN fica assegurado. A estrat\u00e9gia do novo propriet\u00e1rio d\u00e1 o rumo e a estabilidade que a empresa necessitava para potenciar o seu know-how e portf\u00f3lio de clientes.<\/p><\/div>\n            \n    <\/div>\n\n<\/div><div class=\"ztm-item  cat-slug-gln-timeline\" data-image=\"https:\/\/gln.pt\/wp-content\/uploads\/2015-GLN-v2.jpg\"><div class=\"hex-desc-con\">\n        <div class=\"hex-desc\"> <\/div>\n    <\/div>\n\n    <div class=\"ztm-content\"><h3 class=\"the-heading\">2015<\/h3><div class=\"paragraph\"><p class=\"timeline-titulo\">Cria\u00e7\u00e3o da nova logomarca<\/p>\r\n<p>Durante este primeiro ano da GLN na Gestmin iniciou-se um conjunto de altera\u00e7\u00f5es e de novos projectos para garantir um futuro de sucesso e de bons resultados para a GLN.\r\nA Qualidade, o Prazo e a Inova\u00e7\u00e3o que os clientes nos solicitam todos os dias s\u00e3o o caminho para chegarmos \u00e0 Excel\u00eancia. Temos uma estrat\u00e9gia, sabemos qual o caminho e estas s\u00e3o as bases para garantir o futuro da GLN.\r\nTransmitimos agora os nossos valores com uma nova marca e uma nova assinatura.<\/p><\/div>\n            \n    <\/div>\n\n<\/div><div class=\"ztm-item  cat-slug-gln-timeline\" data-image=\"https:\/\/gln.pt\/wp-content\/uploads\/2016-Mexico.jpg\"><div class=\"hex-desc-con\">\n        <div class=\"hex-desc\"> <\/div>\n    <\/div>\n\n    <div class=\"ztm-content\"><h3 class=\"the-heading\">2016<\/h3><div class=\"paragraph\"><p class=\"timeline-titulo\">Internacionaliza\u00e7\u00e3o - GLN M\u00e9xico<\/p>\r\n<p>A GLN estabeleceu uma nova unidade no M\u00e9xico, em San Juan del Rio (Quer\u00e9taro), dedicada \u00e0 manuten\u00e7\u00e3o e repara\u00e7\u00e3o de moldes, incluindo representante de vendas, em parceria com a Compartec, empresa Mexicana especializada em tecnologias de injec\u00e7\u00e3o.<\/p><\/div>\n            \n    <\/div>\n\n<\/div><div class=\"ztm-item  cat-slug-gln-timeline\" data-image=\"https:\/\/gln.pt\/wp-content\/uploads\/2016-Famolde.jpg\"><div class=\"hex-desc-con\">\n        <div class=\"hex-desc\"> <\/div>\n    <\/div>\n\n    <div class=\"ztm-content\"><h3 class=\"the-heading\">2016<\/h3><div class=\"paragraph\"><p class=\"timeline-titulo\">Aquisi\u00e7\u00e3o da Famolde<\/p>\r\n<p>GLN adquire 100% do capital da FAMOLDE, empresa de produ\u00e7\u00e3o e comercializa\u00e7\u00e3o de moldes que det\u00e9m tamb\u00e9m uma \u00e1rea de injec\u00e7\u00e3o de pl\u00e1sticos, situada em Albergaria, Marinha Grande.<\/p><\/div>\n            \n    <\/div>\n\n<\/div><div class=\"ztm-item  cat-slug-gln-timeline\" data-image=\"https:\/\/gln.pt\/wp-content\/uploads\/2017-Nova-linha-delta.jpg\"><div class=\"hex-desc-con\">\n        <div class=\"hex-desc\"> <\/div>\n    <\/div>\n\n    <div class=\"ztm-content\"><h3 class=\"the-heading\">2017<\/h3><div class=\"paragraph\"><p class=\"timeline-titulo\">Nova Linha delta<\/p>\r\n<p>Inaugura\u00e7\u00e3o da 2\u00aa Linha Delta Q, nas instala\u00e7\u00f5es da Famolde, em Albergaria.<\/p><\/div>\n            \n    <\/div>\n\n<\/div><div class=\"ztm-item  cat-slug-gln-timeline\" data-image=\"https:\/\/gln.pt\/wp-content\/uploads\/2019-grupo-manuel-champalimaud-2.jpg\"><div class=\"hex-desc-con\">\n        <div class=\"hex-desc\"> <\/div>\n    <\/div>\n\n    <div class=\"ztm-content\"><h3 class=\"the-heading\">2019<\/h3><div class=\"paragraph\"><p class=\"timeline-titulo\">Grupo Manuel Champalimaud<\/p>\r\n<p>Gestmin assume o nome do fundador, alterando a identidade corporativa, para Grupo Manuel Champalimaud.<\/p><\/div>\n            \n    <\/div>\n\n<\/div><\/div>\n        \n    <\/div>[\/vc_column_text][\/vc_column][\/vc_row]<\/p>","protected":false},"excerpt":{"rendered":"<p>[vc_row padding_top_multiplier=&#8221;4x&#8221; padding_bottom_multiplier=&#8221;4x&#8221;][vc_column][vc_column_text text_style=&#8221;leader-text&#8221;] A Qualidade, o cumprimento do prazo e a inova\u00e7\u00e3o exigidos pelos nossos clientes e parceiros s\u00e3o o caminho para a excel\u00eancia que ambicionamos alcan\u00e7ar. Pretendemos crescer, evoluir na oferta, garantir mais qualidade, apostar na tecnologia e no capital Humano, por forma a cumprir a complexidade dos trabalhos que realizamos, e inovar [&hellip;]<\/p>\n","protected":false},"author":1,"featured_media":0,"parent":0,"menu_order":0,"comment_status":"closed","ping_status":"closed","template":"","meta":{"footnotes":""},"class_list":["post-14724","page","type-page","status-publish","hentry"],"_links":{"self":[{"href":"https:\/\/gln.pt\/pt\/wp-json\/wp\/v2\/pages\/14724","targetHints":{"allow":["GET"]}}],"collection":[{"href":"https:\/\/gln.pt\/pt\/wp-json\/wp\/v2\/pages"}],"about":[{"href":"https:\/\/gln.pt\/pt\/wp-json\/wp\/v2\/types\/page"}],"author":[{"embeddable":true,"href":"https:\/\/gln.pt\/pt\/wp-json\/wp\/v2\/users\/1"}],"replies":[{"embeddable":true,"href":"https:\/\/gln.pt\/pt\/wp-json\/wp\/v2\/comments?post=14724"}],"version-history":[{"count":2,"href":"https:\/\/gln.pt\/pt\/wp-json\/wp\/v2\/pages\/14724\/revisions"}],"predecessor-version":[{"id":19148,"href":"https:\/\/gln.pt\/pt\/wp-json\/wp\/v2\/pages\/14724\/revisions\/19148"}],"wp:attachment":[{"href":"https:\/\/gln.pt\/pt\/wp-json\/wp\/v2\/media?parent=14724"}],"curies":[{"name":"wp","href":"https:\/\/api.w.org\/{rel}","templated":true}]}}