{"id":17404,"date":"2019-08-12T13:24:07","date_gmt":"2019-08-12T13:24:07","guid":{"rendered":"http:\/\/dev-gln.younik.pt\/?page_id=17404"},"modified":"2019-09-20T14:03:28","modified_gmt":"2019-09-20T14:03:28","slug":"termos-de-utilizacao","status":"publish","type":"page","link":"https:\/\/gln.pt\/pt\/termos-de-utilizacao\/","title":{"rendered":"Termos de Utiliza\u00e7\u00e3o"},"content":{"rendered":"<p>[vc_row padding_top_multiplier=&#8221;4x&#8221; padding_bottom_multiplier=&#8221;4x&#8221;][vc_column]<h2 class=\"grve-element grve-title grve-align-center grve-h2 h2-strong\" style=\"\"><span>Termos de Utiliza\u00e7\u00e3o<\/span><\/h2><div class=\"grve-empty-space grve-height-2x\" style=\"\"><\/div>[vc_column_text text_style=&#8221;leader-text&#8221;]O presente <em>Site<\/em> pertence \u00e0 GLN \u2013 Engineering, Molding and Plastics, S.A. (\u201cGLN\u201d), com sede em Estrada Nacional 356-1, Charneca do Arnal, Maceira, Leiria, pessoa colectiva n\u00famero 510 932 860, e \u00e9 operado pela Think for Action, S.A., com sede em Rua dos Marinheiros, ZICOFA, 2415-314 Marrazes \u2013 Leiria, PORTUGAL, pessoa colectiva n\u00famero 506 470 024,\u00a0 regendo-se a sua utiliza\u00e7\u00e3o por estes Termos de Utiliza\u00e7\u00e3o.<\/p>\n<p>&nbsp;<\/p>\n<h4><strong>Aceita\u00e7\u00e3o dos Termos de Utiliza\u00e7\u00e3o<\/strong><\/h4>\n<p>O utilizador do <em>Site<\/em> (\u201cUtilizador\u201d) reconhece que ao usar este <em>Site<\/em> est\u00e1 a aceitar estes Termos de Utiliza\u00e7\u00e3o.<\/p>\n<p>&nbsp;<\/p>\n<h4><strong>Altera\u00e7\u00e3o dos Termos de Utiliza\u00e7\u00e3o<\/strong><\/h4>\n<p>A GLN reserva-se o direito de, a qualquer momento, sem necessidade de aviso pr\u00e9vio e com efeitos imediatos, alterar, adicionar, actualizar ou eliminar, parcial ou totalmente, os presentes Termos de Utiliza\u00e7\u00e3o.<\/p>\n<p>O Utilizador deve consultar periodicamente a p\u00e1gina destes Termos de Utiliza\u00e7\u00e3o para confirmar se foram efectuadas quaisquer actualiza\u00e7\u00f5es ou altera\u00e7\u00f5es. Caso n\u00e3o concorde com alguma das regras de utiliza\u00e7\u00e3o, n\u00e3o deve utilizar o <em>Site<\/em>.<\/p>\n<p>&nbsp;<\/p>\n<h4><strong>Acesso ao <em>Site<\/em><\/strong><\/h4>\n<p>O acesso ao <em>Site<\/em> n\u00e3o est\u00e1 sujeito a registo. A GLN tem o direito exclusivo de, a todo o tempo, suspender, parcial ou totalmente, o acesso ao <em>Site<\/em>, em especial nas opera\u00e7\u00f5es de gest\u00e3o, manuten\u00e7\u00e3o, repara\u00e7\u00e3o, altera\u00e7\u00e3o ou moderniza\u00e7\u00e3o e encerrar, definitiva ou temporariamente, parcial ou totalmente, a qualquer momento, de acordo com a sua vontade, o <em>Site<\/em> ou qualquer um dos servi\u00e7os, sem aviso pr\u00e9vio.<\/p>\n<p>&nbsp;<\/p>\n<h4><strong>Utiliza\u00e7\u00e3o do <em>Site<\/em><\/strong><\/h4>\n<p>A utiliza\u00e7\u00e3o do <em>Site<\/em> est\u00e1 sujeita ao cumprimento das seguintes regras:<\/p>\n<ul>\n<li>N\u00e3o utilize o <em>Site<\/em> para enviar ou disponibilizar qualquer conte\u00fado ilegal, falso, enganoso, amea\u00e7ador, maldoso, abusivo, difamat\u00f3rio, injurioso, invasivo da privacidade, racial, \u00e9tica ou moralmente conden\u00e1vel, prejudicial ou atentat\u00f3rio da dignidade das pessoas ou prejudicial para menores, ou ainda que possa afectar negativamente a imagem da GLN;<\/li>\n<li>N\u00e3o utilize o <em>Site<\/em> para enviar ou disponibilizar informa\u00e7\u00e3o ou conte\u00fados que pertencem a terceiros e que n\u00e3o tem o direito de utilizar, como, por exemplo, conte\u00fados protegidos por direito de autor de terceiros ou conte\u00fados que contenham dados pessoais de terceiros;<\/li>\n<li>N\u00e3o utilize o <em>Site<\/em> para disponibilizar ou transmitir qualquer tipo de material que contenha ou possa conter v\u00edrus, <em>worms<\/em>, defeitos, cavalos de Troia ou outro item ou c\u00f3digos inform\u00e1ticos, ficheiros ou programas que sejam suscept\u00edveis de interromper, destruir ou limitar a funcionalidade de qualquer equipamento ou sistema inform\u00e1tico (<em>hardware<\/em> ou <em>software<\/em>) ou equipamento de comunica\u00e7\u00f5es;<\/li>\n<li>N\u00e3o utilize nem explore, para fins comerciais ou que sejam por qualquer forma pagos, o <em>Site<\/em>, incluindo os seus conte\u00fados, materiais, funcionalidades ou recursos. N\u00e3o pode designadamente promover ou divulgar no <em>Site<\/em> qualquer marca, produto ou servi\u00e7o, como seja mediante ofertas de venda, pedidos de patroc\u00ednios e promo\u00e7\u00e3o de concursos.<\/li>\n<li>N\u00e3o remova qualquer aviso de direitos de autor, marca comercial ou avisos de direitos de propriedade;<\/li>\n<li>N\u00e3o personifique algu\u00e9m ou alguma entidade, incluindo, mas n\u00e3o limitado a um respons\u00e1vel da GLN, n\u00e3o guie nem receba algu\u00e9m como se tratasse de um anfitri\u00e3o, nem testemunhe falsamente parentescos ou liga\u00e7\u00f5es com algu\u00e9m;<\/li>\n<li>N\u00e3o disponibilize ou transmita qualquer conte\u00fado n\u00e3o solicitado ou n\u00e3o autorizado como SPAM;<\/li>\n<li>N\u00e3o recolha, armazene, disponibilize, transmita, explore ou reproduza informa\u00e7\u00f5es sobre outros utilizadores (incluindo nomes de utilizadores e\/ou endere\u00e7os de e-mail) para fins n\u00e3o autorizados.<\/li>\n<\/ul>\n<p>Em geral, o Utilizador deve utilizar o <em>Site<\/em> de forma respons\u00e1vel, prudente e cuidadosa, n\u00e3o devendo perturbar ou degradar a continuidade, integridade e qualidade dos recursos e funcionalidades do mesmo. O Utilizador reconhece que utilizar\u00e1 o <em>Site<\/em> por sua conta e risco, sendo o \u00fanico respons\u00e1vel por qualquer dano causado ao seu sistema e\/ou equipamento inform\u00e1tico ou por outros danos ou preju\u00edzos, incluindo perda ou danifica\u00e7\u00e3o de dados, que resultem da utiliza\u00e7\u00e3o dos materiais, conte\u00fados ou informa\u00e7\u00f5es obtidas, por qualquer forma, atrav\u00e9s do <em>Site<\/em>.<\/p>\n<p>&nbsp;<\/p>\n<h4><strong>Direitos de Propriedade Intelectual<\/strong><\/h4>\n<p>O Utilizador reconhece que o <em>Site<\/em>, a sua estrutura e disposi\u00e7\u00e3o, a selec\u00e7\u00e3o, organiza\u00e7\u00e3o e apresenta\u00e7\u00e3o do seu conte\u00fado, incluindo as suas funcionalidades e o <em>software<\/em> utilizado no mesmo, bem como as marcas, log\u00f3tipos e s\u00edmbolos apresentados no <em>Site<\/em>, s\u00e3o da titularidade da GLN (ou de sociedades nas quais a GLN detenha &#8211; directamente ou indirectamente &#8211; uma participa\u00e7\u00e3o no respectivo capital social, doravante \u201csociedades GLN\u201d) ou foram devidamente licenciados a favor da GLN ou de sociedades GLN.<\/p>\n<p>O Utilizador mais reconhece que os conte\u00fados deste <em>Site<\/em> (textos, imagens, gr\u00e1ficos, som e anima\u00e7\u00e3o e todas as outras informa\u00e7\u00f5es disponibilizadas) est\u00e3o protegidos por direitos de propriedade intelectual e obriga-se a respeitar tais direitos.<\/p>\n<p>Cabe \u00e0 GLN gerir o <em>design<\/em>, <em>layout<\/em> e disposi\u00e7\u00e3o de toda a informa\u00e7\u00e3o, conte\u00fados e materiais no <em>Site<\/em>, pelo que a GLN pode, a qualquer altura, actualizar, modificar ou eliminar quaisquer conte\u00fados, servi\u00e7os, op\u00e7\u00f5es ou funcionalidades, bem como modificar a sua apresenta\u00e7\u00e3o e configura\u00e7\u00e3o e alterar os respectivos URLs.<\/p>\n<p>O Utilizador n\u00e3o est\u00e1 autorizado a transmitir, comunicar ao p\u00fablico, publicar, colocar \u00e0 disposi\u00e7\u00e3o do p\u00fablico, modificar, transformar, copiar, vender, utilizar ou distribuir, por qualquer forma, os textos, imagens ou outras informa\u00e7\u00f5es contidas neste <em>Site<\/em> ou parte do <em>Site<\/em> sem autoriza\u00e7\u00e3o pr\u00e9via, por escrito, da GLN; A utiliza\u00e7\u00e3o de marcas e log\u00f3tipos neste <em>Site<\/em>, assim como a disponibiliza\u00e7\u00e3o dos materiais e produtos existentes no <em>Site<\/em>, n\u00e3o concedem, nem podem ser interpretados como concedendo, permiss\u00e3o aos Utilizadores para utilizar, directa ou indirectamente, tais marcas, log\u00f3tipos ou materiais.<\/p>\n<p>&nbsp;<\/p>\n<h4><strong>Dados Pessoais<\/strong><\/h4>\n<p>A utiliza\u00e7\u00e3o deste <em>Site<\/em> n\u00e3o implica necessariamente o fornecimento de dados pessoais. No entanto, caso pretenda solicitar pedidos de contacto e esclarecimento, apresentar uma reclama\u00e7\u00e3o, coment\u00e1rios ou sugest\u00f5es, dever\u00e1 indicar-nos alguns dados, incluindo o seu nome e email, sendo os mesmos tratados nos termos definidos na Pol\u00edtica de Privacidade, dispon\u00edvel neste <em>Site<\/em>.<\/p>\n<p>&nbsp;<\/p>\n<h4><strong>Informa\u00e7\u00f5es<\/strong><\/h4>\n<p>A informa\u00e7\u00e3o disponibilizada no <em>Site<\/em> da GLN visa essencialmente esclarecer e informar os Utilizadores sobre aspectos relativos \u00e0 actividade e aos servi\u00e7os prestados pela GLN ou sociedades GLN bem como aos produtos por estas promovidos e\/ou comercializados.<\/p>\n<p>&nbsp;<\/p>\n<h4><strong>Responsabilidade e garantias<\/strong><\/h4>\n<p>O <em>Site<\/em> foi desenvolvido a pensar nos interesses dos nossos Utilizadores. No entanto, n\u00e3o podemos garantir que o <em>Site<\/em> ou qualquer funcionalidade dispon\u00edvel no mesmo v\u00e1 de encontro a quaisquer necessidades e expectativas que tenha ou que sirva os seus fins espec\u00edficos.<\/p>\n<p>A GLN tamb\u00e9m n\u00e3o garante que:<\/p>\n<ul>\n<li>Os resultados obtidos atrav\u00e9s da utiliza\u00e7\u00e3o do <em>Site<\/em> sejam correctos, verdadeiros, pr\u00f3prios ou confi\u00e1veis;<\/li>\n<li>Qualquer conselho, recomenda\u00e7\u00e3o ou informa\u00e7\u00e3o, de qualquer tipo, da responsabilidade da GLN, apresentados ou disponibilizados no <em>Site<\/em>, ou obtidos atrav\u00e9s da sua utiliza\u00e7\u00e3o, sejam actuais, rigorosos, completos ou estejam isentos de erros \u2013 a GLN informa que n\u00e3o assume qualquer dever jur\u00eddico nesta mat\u00e9ria;<\/li>\n<li>Qualquer material ou outro tipo de conte\u00fado disponibilizado por terceiros atrav\u00e9s do <em>Site<\/em> seja seguro, legal ou adequado;<\/li>\n<li>As qualidades, funcionalidades ou caracter\u00edsticas dos produtos, servi\u00e7os, informa\u00e7\u00f5es ou outros materiais ou conte\u00fados divulgados no <em>Site<\/em> preencham qualquer expectativa dos utilizadores.<\/li>\n<\/ul>\n<p>A GLN n\u00e3o ser\u00e1 respons\u00e1vel por erros que possam ocorrer devido a irregularidades do sistema, falha (tempor\u00e1ria ou permanente) do <em>Site<\/em>, das aplica\u00e7\u00f5es ou de outras ferramentas. A GLN n\u00e3o se responsabilizar\u00e1 por quaisquer danos resultantes da utiliza\u00e7\u00e3o indevida ou da impossibilidade de utiliza\u00e7\u00e3o do <em>Site<\/em>.<\/p>\n<p>&nbsp;<\/p>\n<h4><strong><em>Links<\/em> para <em>sites<\/em> de terceiros<\/strong><\/h4>\n<p>A GLN poder\u00e1 disponibilizar <em>links<\/em> para p\u00e1ginas de outras entidades. Estes <em>Sites<\/em> n\u00e3o pertencem, nem s\u00e3o operados ou controlados pela GLN pelo que esta n\u00e3o se responsabiliza, aprova ou por qualquer forma apoia ou subscreve o conte\u00fado desses <em>Sites<\/em>, nem dos <em>Sites<\/em> com ele ligados ou neles referidos. O estabelecimento de <em>links<\/em> n\u00e3o implica, em caso algum, a exist\u00eancia de rela\u00e7\u00f5es entre a GLN e o propriet\u00e1rio ou gestor da p\u00e1gina web para a qual o <em>link<\/em> remeta.<\/p>\n<p>Pelo exposto, a GLN n\u00e3o se responsabiliza pela legalidade, fidedignidade ou qualidade de qualquer conte\u00fado a\u00ed disponibilizado, nem pelo cumprimento das regras legais aplic\u00e1veis em rela\u00e7\u00e3o aos conte\u00fados ali dispon\u00edveis, sendo a utiliza\u00e7\u00e3o destes <em>links<\/em> da inteira responsabilidade dos Utilizadores.<\/p>\n<p>&nbsp;<\/p>\n<h4><strong>Seguran\u00e7a<\/strong><\/h4>\n<p>A GLN n\u00e3o garante que o <em>Site<\/em> funcione de forma ininterrupta, seja isento de erros ou falhas ou que esteja dispon\u00edvel de forma cont\u00ednua.<\/p>\n<p>A GLN envida os seus melhores esfor\u00e7os para que o <em>Site<\/em> n\u00e3o tenha qualquer tipo de v\u00edrus ou outros elementos do g\u00e9nero perigosos para o seu computador. No entanto, uma vez que a GLN n\u00e3o consegue controlar integralmente a circula\u00e7\u00e3o de informa\u00e7\u00e3o atrav\u00e9s da Internet, n\u00e3o consegue garantir que os mesmos n\u00e3o cont\u00eam qualquer tipo de v\u00edrus ou outros elementos que possam danificar o seu computador.<\/p>\n<p>Para garantir a seguran\u00e7a do <em>Site<\/em>, a GLN poder\u00e1, a qualquer momento e sem necessidade de aviso pr\u00e9vio, tomar as provid\u00eancias necess\u00e1rias para garantir a integridade, seguran\u00e7a, continuidade ou qualidade do <em>Site<\/em>, incluindo restri\u00e7\u00f5es ou limita\u00e7\u00f5es de acesso.<\/p>\n<p>&nbsp;<\/p>\n<h4><strong>Validade dos Termos e Condi\u00e7\u00f5es de Utiliza\u00e7\u00e3o<\/strong><\/h4>\n<p>Se alguma parte ou disposi\u00e7\u00e3o dos presentes Termos de Utiliza\u00e7\u00e3o n\u00e3o for execut\u00e1vel ou estiver em conflito com a lei aplic\u00e1vel, a validade das restantes partes ou disposi\u00e7\u00f5es n\u00e3o ser\u00e1 afectada.<\/p>\n<p>&nbsp;<\/p>\n<h4><strong>Quest\u00f5es<\/strong><\/h4>\n<p>Se tiver alguma quest\u00e3o sobre os presentes Termos de Utiliza\u00e7\u00e3o, por favor envie-nos o seu pedido de esclarecimento atrav\u00e9s do e-mail geral@gln.pt ou por carta para a morada Estrada Nacional 356-1, Charneca do Arnal, Maceira, Leiria, Portugal.<\/p>\n<p>&nbsp;<\/p>\n<h4><strong>Lei aplic\u00e1vel<\/strong><\/h4>\n<p>\u00c0 gest\u00e3o, administra\u00e7\u00e3o, utiliza\u00e7\u00e3o e aplica\u00e7\u00e3o dos Termos de Utiliza\u00e7\u00e3o do <em>Site<\/em> \u00e9 aplic\u00e1vel a lei Portuguesa.<\/p>\n<p>&nbsp;<\/p>\n<h4><strong>Foro competente<\/strong><\/h4>\n<p>Para dirimir todas as quest\u00f5es e lit\u00edgios que possam surgir, inerentes aos presentes Termos e Condi\u00e7\u00f5es, \u00e9 competente em exclusivo o foro da Comarca de Lisboa, com expressa ren\u00fancia a qualquer outro.[\/vc_column_text][\/vc_column][\/vc_row]<\/p>","protected":false},"excerpt":{"rendered":"<p>[vc_row padding_top_multiplier=&#8221;4x&#8221; padding_bottom_multiplier=&#8221;4x&#8221;][vc_column][vc_column_text text_style=&#8221;leader-text&#8221;]O presente Site pertence \u00e0 GLN \u2013 Engineering, Molding and Plastics, S.A. (\u201cGLN\u201d), com sede em Estrada Nacional 356-1, Charneca do Arnal, Maceira, Leiria, pessoa colectiva n\u00famero 510 932 860, e \u00e9 operado pela Think for Action, S.A., com sede em Rua dos Marinheiros, ZICOFA, 2415-314 Marrazes \u2013 Leiria, PORTUGAL, pessoa colectiva [&hellip;]<\/p>\n","protected":false},"author":1,"featured_media":0,"parent":0,"menu_order":0,"comment_status":"closed","ping_status":"closed","template":"","meta":{"footnotes":""},"class_list":["post-17404","page","type-page","status-publish","hentry"],"_links":{"self":[{"href":"https:\/\/gln.pt\/pt\/wp-json\/wp\/v2\/pages\/17404","targetHints":{"allow":["GET"]}}],"collection":[{"href":"https:\/\/gln.pt\/pt\/wp-json\/wp\/v2\/pages"}],"about":[{"href":"https:\/\/gln.pt\/pt\/wp-json\/wp\/v2\/types\/page"}],"author":[{"embeddable":true,"href":"https:\/\/gln.pt\/pt\/wp-json\/wp\/v2\/users\/1"}],"replies":[{"embeddable":true,"href":"https:\/\/gln.pt\/pt\/wp-json\/wp\/v2\/comments?post=17404"}],"version-history":[{"count":8,"href":"https:\/\/gln.pt\/pt\/wp-json\/wp\/v2\/pages\/17404\/revisions"}],"predecessor-version":[{"id":17555,"href":"https:\/\/gln.pt\/pt\/wp-json\/wp\/v2\/pages\/17404\/revisions\/17555"}],"wp:attachment":[{"href":"https:\/\/gln.pt\/pt\/wp-json\/wp\/v2\/media?parent=17404"}],"curies":[{"name":"wp","href":"https:\/\/api.w.org\/{rel}","templated":true}]}}