{"id":17411,"date":"2019-08-12T13:47:25","date_gmt":"2019-08-12T13:47:25","guid":{"rendered":"http:\/\/dev-gln.younik.pt\/?page_id=17411"},"modified":"2019-11-28T14:06:32","modified_gmt":"2019-11-28T14:06:32","slug":"politica-de-privacidade-e-de-cookies","status":"publish","type":"page","link":"https:\/\/gln.pt\/pt\/politica-de-privacidade-e-de-cookies\/","title":{"rendered":"Pol\u00edtica de Privacidade e de Cookies"},"content":{"rendered":"<p>[vc_row padding_top_multiplier=&#8221;4x&#8221; padding_bottom_multiplier=&#8221;4x&#8221;][vc_column]<h2 class=\"grve-element grve-title grve-align-center grve-h2 h2-strong\" style=\"\"><span>Pol\u00edtica de Privacidade e de Cookies<\/span><\/h2><div class=\"grve-empty-space grve-height-2x\" style=\"\"><\/div>[vc_column_text text_style=&#8221;leader-text&#8221;]A GLN \u2013 Engineering, Molding and Plastics, S.A. est\u00e1 empenhada em proteger a seguran\u00e7a e privacidade de quem acede ao seu website <a href=\"https:\/\/www.gln.pt\/\">https:\/\/www.gln.pt\/<\/a> (\u201c<strong>Site<\/strong>\u201d). Neste contexto, elaborou a presente Pol\u00edtica de Privacidade e de <em>Cookies<\/em> (\u201c<strong>Pol\u00edtica<\/strong>\u201d), com a finalidade de afirmar o seu compromisso e respeito para com as regras de privacidade e de protec\u00e7\u00e3o de dados pessoais.<\/p>\n<p>A Pol\u00edtica regula o tratamento de dados pessoais dos utilizadores do Site (\u201c<strong>Utilizadores<\/strong>\u201d), recolhidos no \u00e2mbito da utiliza\u00e7\u00e3o do mesmo pela GLN \u2013 Engineering, Molding and Plastics, S.A.;<\/p>\n<p>A disponibiliza\u00e7\u00e3o dos dados pessoais implica o conhecimento desta Pol\u00edtica, a qual \u00e9 complementada pelas condi\u00e7\u00f5es constantes dos <a href=\"\/termos-de-utilizacao\/\" target=\"_blank\" rel=\"noopener noreferrer\">Termos de Utiliza\u00e7\u00e3o<\/a>.<\/p>\n<p>&nbsp;<\/p>\n<h4><strong>Quem Somos<\/strong><\/h4>\n<p>As refer\u00eancias nesta Pol\u00edtica de Privacidade \u00e0 \u201cGLN\u201d, \u201cGLN, S.A.\u201d \u201cn\u00f3s\u201d ou \u201cnosso\/a\u201d significam a sociedade GLN \u2013 Engineering, Molding and Plastics, S.A. (uma empresa portuguesa, com sede em Estrada Nacional 356-1, Charneca do Arnal, Maceira, Leiria, com o NIPC 510 932 860), ou outra sociedade GLN que determine as finalidades e meios de tratamento dos dados, nos termos abaixo descritos, sendo para o efeito considerada a entidade respons\u00e1vel pelo tratamento, nos termos do Regulamento Geral sobre a Protec\u00e7\u00e3o de Dados e demais legisla\u00e7\u00e3o aplic\u00e1vel em mat\u00e9ria de protec\u00e7\u00e3o de dados pessoais.<\/p>\n<p>&nbsp;<\/p>\n<h4><strong>Recolha e tratamento de dados pessoais<\/strong><\/h4>\n<p>\u00c0 data, o acesso e utiliza\u00e7\u00e3o do Site n\u00e3o implicam necessariamente a disponibiliza\u00e7\u00e3o de dados pessoais pelos Utilizadores. Contudo, a utiliza\u00e7\u00e3o das funcionalidades abaixo descritas implicar\u00e1 a disponibiliza\u00e7\u00e3o de dados pessoais:<\/p>\n<ol>\n<li><strong>formul\u00e1rio de contacto<br \/>\n<\/strong>Os dados pessoais recolhidos atrav\u00e9s do preenchimento do formul\u00e1rio de contacto, dispon\u00edvel em <a href=\"https:\/\/gln.pt\/contacts\/\">gln.pt\/contacts\/<\/a>, ser\u00e3o tratados pela GLN enquanto entidade respons\u00e1vel pelo tratamento dos dados pessoais, de forma confidencial, para efeitos de presta\u00e7\u00e3o de quaisquer esclarecimentos. Os dados pessoais do Utilizador ser\u00e3o conservados pelo per\u00edodo necess\u00e1rio para efeitos de presta\u00e7\u00e3o dos esclarecimentos solicitados.<\/li>\n<\/ol>\n<ol start=\"2\">\n<li><strong>Formul\u00e1rio de candidatura<\/strong><strong>: oportunidades gln e oportunidades de Est\u00e1gio<br \/>\n<\/strong>Os dados pessoais recolhidos atrav\u00e9s do preenchimento dos formul\u00e1rios de candidatura, dispon\u00edveis em <a href=\"https:\/\/gln.pt\/oportunidades-gln\/\">gln.pt\/oportunidades-gln\/<\/a> e <a href=\"https:\/\/gln.pt\/oportunidades-estagio\/\">Oportunidades de Est\u00e1gio<\/a>, ser\u00e3o tratados pela GLN, enquanto entidade respons\u00e1vel pelo tratamento dos dados pessoais, de forma confidencial, no \u00e2mbito de dilig\u00eancias pr\u00e9-contratuais, para efeitos do processo de selec\u00e7\u00e3o e recrutamento da empresa.<br \/>\nSe a candidatura for espont\u00e2nea e se no momento do preenchimento do formul\u00e1rio n\u00e3o tivermos nenhum processo de recrutamento em curso, limitar-nos-emos a conservar os dados do Utilizador na nossa base de dados, salvo indica\u00e7\u00e3o expressa do Utilizador, podendo vir a trat\u00e1-los no \u00e2mbito de dilig\u00eancias pr\u00e9-contratuais, caso venhamos a iniciar um processo de recrutamento em que o perfil do Utilizador seja considerado.<br \/>\nEm caso de contrata\u00e7\u00e3o, os dados recolhidos no \u00e2mbito do processo ser\u00e3o utilizados para a gest\u00e3o de recursos humanos, para assegurar o cumprimento das obriga\u00e7\u00f5es legais e para a disponibiliza\u00e7\u00e3o, aos colaboradores, de meios necess\u00e1rios \u00e0 prossecu\u00e7\u00e3o da actividade profissional.<br \/>\nEm sede de recrutamento, os dados pessoais dos Utilizadores dever\u00e3o ser conservados durante cinco anos a contar da data de registo dos mesmos. No entanto, sempre que n\u00e3o exista uma exig\u00eancia legal espec\u00edfica, os dados ser\u00e3o conservados apenas pelo per\u00edodo necess\u00e1rio para as finalidades para as quais foram recolhidos, conforme acima identificadas.<\/li>\n<\/ol>\n<p>&nbsp;<\/p>\n<h4><strong>Os seus Direitos<\/strong><\/h4>\n<p>Nos termos da legisla\u00e7\u00e3o aplic\u00e1vel, os Utilizadores podem solicitar, a todo o tempo, o acesso aos dados pessoais que lhes digam respeito, bem como a sua rectifica\u00e7\u00e3o, elimina\u00e7\u00e3o e limita\u00e7\u00e3o do seu tratamento ou a portabilidade dos seus dados \u2013 verificadas as condi\u00e7\u00f5es legalmente previstas \u2013, mediante pedido escrito dirigido \u00e0 GLN, para o endere\u00e7o de e-mail <u><a href=\"mailto:geral@gln.pt\">geral@gln.pt<\/a><\/u>.<\/p>\n<p>Os Utilizadores poder\u00e3o ainda obter a confirma\u00e7\u00e3o de que dados pessoais que lhe dizem respeito s\u00e3o objecto de tratamento, sendo-lhes disponibilizada, caso requeira, uma c\u00f3pia dos dados em fase de tratamento.<\/p>\n<p>Nos termos da lei, \u00e9 ainda garantido aos Utilizadores o direito de, atrav\u00e9s dos referidos meios, retirar o consentimento para o tratamento dos dados para as finalidades baseadas neste fundamento, n\u00e3o invalidando, no entanto, o tratamento efectuado at\u00e9 essa data com base no consentimento previamente dado.<\/p>\n<p>Para o exerc\u00edcio de qualquer um dos direitos acima referidos, os Utilizadores dever\u00e3o submeter um pedido escrito para os seguintes contactos:<\/p>\n<p>E-mail: <u><a href=\"mailto:geral@gln.pt\">geral@gln.pt<\/a><\/u>;<\/p>\n<p>Morada: Estrada Nacional 356-1, Charneca do Arnal, Maceira, Leiria, Portugal.<\/p>\n<p>&nbsp;<\/p>\n<h4><strong>Conserva\u00e7\u00e3o<\/strong><strong> dos seus dados pessoais<\/strong><\/h4>\n<p>Os dados pessoais dos Utilizadores ser\u00e3o conservados apenas pelo per\u00edodo necess\u00e1rio para as finalidades para as quais foram recolhidos, conforme acima identificadas, excepto se outro prazo de conserva\u00e7\u00e3o decorrer da lei aplic\u00e1vel.<\/p>\n<p>&nbsp;<\/p>\n<h4><strong>Em que circunst\u00e2ncias existe comunica\u00e7\u00e3o de dados a outras entidades?<\/strong><\/h4>\n<p>A GLN poder\u00e1 transmitir os dados pessoais dos Utilizadores:<\/p>\n<ol>\n<li>Ao recorrer a outras entidades para a presta\u00e7\u00e3o de determinados servi\u00e7os, na medida em que essa presta\u00e7\u00e3o de servi\u00e7os poder\u00e1 implicar o acesso, por estas entidades, aos dados pessoais dos Utilizadores. Assim, qualquer entidade subcontratante da GLN tratar\u00e1 os seus dados pessoais, em nome e por conta da GLN na estrita obriga\u00e7\u00e3o de seguir as instru\u00e7\u00f5es desta e nos termos do acordo de subcontrata\u00e7\u00e3o celebrado com as referidas entidades subcontratantes;<\/li>\n<li>A qualquer sociedade na qual a GLN detenha (directamente ou indirectamente) uma participa\u00e7\u00e3o no respectivo capital social (\u201csociedades GLN\u201d), para as finalidades acima definidas;<\/li>\n<li>A entidades com as quais a GLN ou sociedades GLN, tenham estabelecido acordos ou parcerias comerciais, para as finalidades acima definidas;<\/li>\n<li>A entidades terceiras, quando julgue tais comunica\u00e7\u00f5es de dados como necess\u00e1rias ou adequadas (<em>i<\/em>) \u00e0 luz da lei aplic\u00e1vel, (<em>ii<\/em>) no cumprimento de obriga\u00e7\u00f5es legais\/ordens judiciais, (<em>iii<\/em>) de delibera\u00e7\u00f5es ou decis\u00f5es das autoridades de controlo ou (<em>iv<\/em>) para responder a solicita\u00e7\u00f5es de autoridades p\u00fablicas ou governamentais.<\/li>\n<\/ol>\n<p>Em qualquer das situa\u00e7\u00f5es acima mencionadas, a GLN tomar\u00e1 todas as medidas adequadas para garantir a protec\u00e7\u00e3o efectiva dos dados pessoais transmitidos.<\/p>\n<p>&nbsp;<\/p>\n<h4><strong>Medidas de Seguran\u00e7a<\/strong><\/h4>\n<p>A GLN desenvolve os seus melhores esfor\u00e7os para proteger os dados pessoais dos Utilizadores contra acessos n\u00e3o autorizados. Para o efeito utiliza sistemas de seguran\u00e7a, regras e outros procedimentos, de modo a garantir a protec\u00e7\u00e3o dos dados pessoais, bem como para prevenir o acesso n\u00e3o autorizado aos dados, o uso impr\u00f3prio, a sua divulga\u00e7\u00e3o, perda ou destrui\u00e7\u00e3o.<\/p>\n<p>\u00c9, no entanto, da responsabilidade dos Utilizadores, garantir e assegurar que os dispositivos e equipamentos utilizados para aceder ao Site se encontram adequadamente protegidos contra <em>softwares <\/em>nocivos, v\u00edrus inform\u00e1ticos e <em>worms<\/em>.<\/p>\n<p>&nbsp;<\/p>\n<h4><strong><em>Cookies<\/em><\/strong><\/h4>\n<p>Os &#8220;<em>cookies<\/em>&#8221; s\u00e3o pequenos arquivos de texto que identificam o computador de cada Utilizador no servidor da GLN. Os <em>cookies<\/em> em si n\u00e3o identificam o utilizador individual, apenas o computador utilizado.<\/p>\n<p>Este Site utiliza cookies que servem para ajudar a determinar a utilidade, interesse e o n\u00famero de acessos ao Site, permitindo uma navega\u00e7\u00e3o mais r\u00e1pida e eficiente do mesmo, eliminando a necessidade de introduzir repetidamente as mesmas informa\u00e7\u00f5es. Desta forma, a GLN poder\u00e1 prestar um servi\u00e7o mais personalizado e \u00e0 medida dos Utilizadores.<\/p>\n<p>Os cookies utilizados neste Site s\u00e3o os seguintes:<\/p>\n<p>&nbsp;<\/p>\n<table width=\"100%\">\n<tbody>\n<tr>\n<td style=\"text-align: left;\" width=\"150\"><span style=\"color: #575757;\"><strong>Nome<\/strong><\/span><\/td>\n<td style=\"text-align: left;\" width=\"244\"><span style=\"color: #575757;\"><strong>Finalidade<\/strong><\/span><\/td>\n<td style=\"text-align: left;\" width=\"76\"><span style=\"color: #575757;\"><strong>Dura\u00e7\u00e3o<\/strong><\/span><\/td>\n<td style=\"text-align: left;\" width=\"133\"><span style=\"color: #575757;\"><strong>Pr\u00f3prios\/de terceiros<\/strong><\/span><\/td>\n<\/tr>\n<tr>\n<td style=\"text-align: left;\" width=\"150\"><strong>grve-privacy-consent<\/strong><\/td>\n<td style=\"text-align: left;\" width=\"244\">Este cookie \u00e9 utilizado para verificar se o utilizador concordou com o uso de cookies no website<\/td>\n<td style=\"text-align: left;\" width=\"76\">1 m\u00eas<\/td>\n<td style=\"text-align: left;\" width=\"133\">Pr\u00f3prio<\/td>\n<\/tr>\n<tr>\n<td style=\"text-align: left;\" width=\"150\"><strong>SERVERID33516<\/strong><\/td>\n<td style=\"text-align: left;\" width=\"244\">Utilizado para guardar informa\u00e7\u00f5es de defini\u00e7\u00f5es que alterem a apar\u00eancia da p\u00e1gina<\/td>\n<td style=\"text-align: left;\" width=\"76\">Sess\u00e3o<\/td>\n<td style=\"text-align: left;\" width=\"133\">Pr\u00f3prio<\/td>\n<\/tr>\n<tr>\n<td style=\"text-align: left;\" width=\"150\"><strong>qtrans_front_language<\/strong><\/td>\n<td style=\"text-align: left;\" width=\"244\">Utiliza para disponibilizar o website no idioma escolhido<\/td>\n<td style=\"text-align: left;\" width=\"76\">1 ano<\/td>\n<td style=\"text-align: left;\" width=\"133\">Pr\u00f3prio<\/td>\n<\/tr>\n<tr>\n<td style=\"text-align: left;\" width=\"150\"><strong>resolution<\/strong><\/td>\n<td style=\"text-align: left;\" width=\"244\">Guarda Este cookie guarda a resolu\u00e7\u00e3o do dispositivo para um melhor desempenho (ex.: apar\u00eancia)<\/td>\n<td style=\"text-align: left;\" width=\"76\">Sess\u00e3o<\/td>\n<td style=\"text-align: left;\" width=\"133\">Pr\u00f3prio<\/td>\n<\/tr>\n<tr>\n<td style=\"text-align: left;\" width=\"150\"><strong>wordpress_test_cookie<\/strong><\/td>\n<td style=\"text-align: left;\" width=\"244\">Utilizado para verificar se o browser utilizado guarda cookies<\/td>\n<td style=\"text-align: left;\" width=\"76\">Sess\u00e3o<\/td>\n<td style=\"text-align: left;\" width=\"133\">Pr\u00f3prio<\/td>\n<\/tr>\n<tr>\n<td style=\"text-align: left;\" width=\"150\"><strong>_ga \/ _gid<\/strong><\/td>\n<td style=\"text-align: left;\" width=\"244\">Registo de um ID \u00fanico a utilizar para gerar dados estat\u00edsticos da utiliza\u00e7\u00e3o do portal.<\/td>\n<td style=\"text-align: left;\" width=\"76\">2 anos \/ Sess\u00e3o (respectivamente)<\/td>\n<td style=\"text-align: left;\" width=\"133\">Google (Analytics)<\/td>\n<\/tr>\n<tr>\n<td style=\"text-align: left;\" width=\"150\"><strong>_gat<\/strong><\/td>\n<td style=\"text-align: left;\" width=\"244\">Utilizado para controlo da frequ\u00eancia de pedidos<\/td>\n<td style=\"text-align: left;\" width=\"76\">Sess\u00e3o<\/td>\n<td style=\"text-align: left;\" width=\"133\">Google (Analytics)<\/td>\n<\/tr>\n<\/tbody>\n<\/table>\n<p><span style=\"font-weight: 400;\">Todos <\/span>os <em>browsers<\/em> permitem ao Utilizador aceitar, recusar ou apagar cookies, nomeadamente atrav\u00e9s da selec\u00e7\u00e3o das defini\u00e7\u00f5es apropriadas no respectivo navegador. O Utilizador pode configurar os cookies no menu &#8220;op\u00e7\u00f5es&#8221; ou &#8220;prefer\u00eancias&#8221; do browser. Para saber mais sobre os cookies, incluindo a forma de ver o que os cookies foram criados e como gerenciar e exclu\u00ed-los, o Utilizador poder\u00e1 visitar <a href=\"http:\/\/www.allaboutcookies.org\">www.allaboutcookies.org<\/a> que inclui informa\u00e7\u00f5es sobre como gerir as configura\u00e7\u00f5es de utilizador para os v\u00e1rios fornecedores de navegadores.<\/p>\n<p><u>N\u00e3o tem a certeza de que navegador <em>web <\/em>utiliza?<\/u> Para o verificar, abra o seu navegador <em>web <\/em>e seleccione \u201cAjuda\u201d na parte superior da janela do navegador. De seguida seleccione \u201cAcerca de\u201d. Deve aparecer uma janela emergente com informa\u00e7\u00e3o sobre o seu navegador.<\/p>\n<p>Note-se, no entanto, que, ao desactivar cookies, o Utilizador poder\u00e1 afectar, parcial ou totalmente, a sua experi\u00eancia de navega\u00e7\u00e3o no Site.<\/p>\n<p>&nbsp;<\/p>\n<h4><strong>Links <\/strong><strong>para<\/strong><strong> sites de terceiros<\/strong><\/h4>\n<p>Os links constantes deste Site podem conduzir a outros sites. A GLN n\u00e3o se responsabiliza, aprova ou por qualquer forma apoia ou subscreve o conte\u00fado desses sites, nem dos sites com eles ligados ou neles referidos.<\/p>\n<p>A GLN n\u00e3o se responsabiliza por danos resultantes de v\u00edrus que possam infectar o computador ou a rede do Utilizador, ou outros bens, em virtude do acesso ao site da GLN com transfer\u00eancia de conte\u00fados deste para o computador ou rede do Utilizador.<\/p>\n<p>A presente Pol\u00edtica \u00e9 aplic\u00e1vel unicamente \u00e0 informa\u00e7\u00e3o recolhida no Site da GLN, pelo que, para o Utilizador saber como os seus dados poder\u00e3o ser tratados no contexto de quaisquer outros sites a que aceda por interm\u00e9dio deste Site, dever\u00e1 consultar as respectivas pol\u00edticas de privacidade.<\/p>\n<p>&nbsp;<\/p>\n<h4><strong>Reclama\u00e7\u00f5es<\/strong><\/h4>\n<p>Sem preju\u00edzo de qualquer outra via de recurso administrativo ou judicial, o Utilizador tem direito a apresentar uma reclama\u00e7\u00e3o \u00e0 Comiss\u00e3o Nacional de Protec\u00e7\u00e3o de Dados ou outra autoridade de controlo competente nos termos da lei, caso entenda que o tratamento dos seus dados pela GLN viola o regime legal em vigor a cada momento.<\/p>\n<p>&nbsp;<\/p>\n<h4><strong>Contacte-nos<\/strong><\/h4>\n<p>O Utilizador poder\u00e1 contactar a GLN sobre todas as quest\u00f5es relacionadas com o tratamento dos seus dados pessoais e com o exerc\u00edcio dos direitos que lhe s\u00e3o conferidos pela legisla\u00e7\u00e3o aplic\u00e1vel e, em especial, referidos na presente Pol\u00edtica, atrav\u00e9s dos seguintes contactos:<\/p>\n<p>Telefone: +351 <u>244 770 160<\/u><u>;<\/u><\/p>\n<p>E-mail: geral@gln.pt.<\/p>\n<p>Morada: Estrada Nacional 356-1, Charneca do Arnal, Maceira, Leiria, Portugal.<\/p>\n<p>&nbsp;<\/p>\n<h4><strong>Altera\u00e7\u00f5es<\/strong><\/h4>\n<p>A GLN reserva-se o direito de, a todo o momento, alterar os presentes termos de tratamento de dados pessoais. Essas altera\u00e7\u00f5es ser\u00e3o devidamente publicitadas no Site.<\/p>\n<p>Contudo, sempre que forem efectuadas altera\u00e7\u00f5es relevantes para o Utilizador em mat\u00e9ria de <em>cookies<\/em>, voltar\u00e1 a visualizar uma janela <em>pop-up<\/em> de modo a que, consoante o tipo de <em>cookie<\/em> em causa, possa aceder \u00e0 informa\u00e7\u00e3o e\/ou consentir na sua utiliza\u00e7\u00e3o e armazenamento.<\/p>\n<p>&nbsp;<\/p>\n<p style=\"text-align: right;\">Data da \u00faltima actualiza\u00e7\u00e3o: 12 de agosto, 2019<\/p>\n<p>[\/vc_column_text][\/vc_column][\/vc_row]<\/p>","protected":false},"excerpt":{"rendered":"<p>[vc_row padding_top_multiplier=&#8221;4x&#8221; padding_bottom_multiplier=&#8221;4x&#8221;][vc_column][vc_column_text text_style=&#8221;leader-text&#8221;]A GLN \u2013 Engineering, Molding and Plastics, S.A. est\u00e1 empenhada em proteger a seguran\u00e7a e privacidade de quem acede ao seu website https:\/\/www.gln.pt\/ (\u201cSite\u201d). Neste contexto, elaborou a presente Pol\u00edtica de Privacidade e de Cookies (\u201cPol\u00edtica\u201d), com a finalidade de afirmar o seu compromisso e respeito para com as regras de privacidade [&hellip;]<\/p>\n","protected":false},"author":1,"featured_media":0,"parent":0,"menu_order":0,"comment_status":"closed","ping_status":"closed","template":"","meta":{"footnotes":""},"class_list":["post-17411","page","type-page","status-publish","hentry"],"_links":{"self":[{"href":"https:\/\/gln.pt\/pt\/wp-json\/wp\/v2\/pages\/17411","targetHints":{"allow":["GET"]}}],"collection":[{"href":"https:\/\/gln.pt\/pt\/wp-json\/wp\/v2\/pages"}],"about":[{"href":"https:\/\/gln.pt\/pt\/wp-json\/wp\/v2\/types\/page"}],"author":[{"embeddable":true,"href":"https:\/\/gln.pt\/pt\/wp-json\/wp\/v2\/users\/1"}],"replies":[{"embeddable":true,"href":"https:\/\/gln.pt\/pt\/wp-json\/wp\/v2\/comments?post=17411"}],"version-history":[{"count":11,"href":"https:\/\/gln.pt\/pt\/wp-json\/wp\/v2\/pages\/17411\/revisions"}],"predecessor-version":[{"id":17597,"href":"https:\/\/gln.pt\/pt\/wp-json\/wp\/v2\/pages\/17411\/revisions\/17597"}],"wp:attachment":[{"href":"https:\/\/gln.pt\/pt\/wp-json\/wp\/v2\/media?parent=17411"}],"curies":[{"name":"wp","href":"https:\/\/api.w.org\/{rel}","templated":true}]}}