{"id":18096,"date":"2021-05-11T15:22:48","date_gmt":"2021-05-11T15:22:48","guid":{"rendered":"https:\/\/gln.pt\/?page_id=18096"},"modified":"2021-09-07T10:33:28","modified_gmt":"2021-09-07T10:33:28","slug":"one-stop-shop-ecosystem","status":"publish","type":"page","link":"https:\/\/gln.pt\/pt\/one-stop-shop-ecosystem\/","title":{"rendered":"One-Stop-Shop GLN Ecosystem"},"content":{"rendered":"<p>[vc_row padding_top_multiplier=&#8221;4x&#8221; padding_bottom_multiplier=&#8221;4x&#8221;][vc_column][vc_custom_heading text=&#8221;GLN<br \/>\nONE-STOP-SHOP ECOSYSTEM&#8221; font_container=&#8221;tag:h2|text_align:center&#8221; use_theme_fonts=&#8221;yes&#8221;]<div class=\"grve-empty-space grve-height-1x\" style=\"\"><\/div><div class=\"grve-element grve-image grve-animated-item grve-duration-normal grve-fade-in-up grve-align-center\" style=\"\" data-delay=\"200\">  <div class=\"grve-image-wrapper\"><img loading=\"lazy\" decoding=\"async\" width=\"500\" height=\"444\" src=\"https:\/\/gln.pt\/wp-content\/uploads\/one-stop-shop-e1659088258121.png\" class=\"attachment-full size-full\" alt=\"One-Stop-Shop GLN Ecosystem\" title=\"One-Stop-Shop GLN Ecosystem\" \/>   <\/div><\/div><div class=\"grve-empty-space grve-height-2x\" style=\"\"><\/div>[vc_tta_accordion c_icon=&#8221;chevron&#8221; active_section=&#8221;1&#8243; heading_tag=&#8221;h2&#8243; heading=&#8221;h4&#8243; collapsible_all=&#8221;true&#8221;][vc_tta_section title=&#8221;Desafio do cliente&#8221; tab_id=&#8221;1620746380841-c70b7dd5-91e0&#8243;][vc_row_inner][vc_column_inner width=&#8221;1\/6&#8243;]<div class=\"grve-element grve-image grve-align-center\" style=\"\">  <div class=\"grve-image-wrapper\"><img loading=\"lazy\" decoding=\"async\" width=\"222\" height=\"167\" src=\"https:\/\/gln.pt\/wp-content\/uploads\/Customer-challenge-1.png\" class=\"attachment-full size-full\" alt=\"One-Stop-Shop GLN Ecosystem\" title=\"One-Stop-Shop GLN Ecosystem\" \/>   <\/div><\/div>[\/vc_column_inner][vc_column_inner width=&#8221;5\/6&#8243;][vc_column_text]<span class=\"TextRun SCXW137566316 BCX0\" lang=\"PT-PT\" xml:lang=\"PT-PT\" data-contrast=\"auto\"><span class=\"NormalTextRun SCXW137566316 BCX0\" data-ccp-charstyle=\"word\" data-ccp-charstyle-defn=\"{&quot;ObjectId&quot;:&quot;c72fcef9-4301-4faf-8eb1-0aa8a220e9e7|53&quot;,&quot;ClassId&quot;:1073872969,&quot;Properties&quot;:[134233614,&quot;true&quot;,201340122,&quot;1&quot;,469775450,&quot;word&quot;,469778129,&quot;word&quot;,469778324,&quot;Default Paragraph Font&quot;]}\">Tendo em considera\u00e7\u00e3o as val\u00eancias do Grupo GLN, trabalhamos\u00a0<\/span><span class=\"NormalTextRun SCXW137566316 BCX0\" data-ccp-charstyle=\"word\">junto dos nossos client<\/span><span class=\"NormalTextRun SCXW137566316 BCX0\" data-ccp-charstyle=\"word\">e<\/span><span class=\"NormalTextRun SCXW137566316 BCX0\" data-ccp-charstyle=\"word\">s fornecendo<\/span><span class=\"NormalTextRun SCXW137566316 BCX0\" data-ccp-charstyle=\"word\">-lhes<\/span><span class=\"NormalTextRun SCXW137566316 BCX0\" data-ccp-charstyle=\"word\">\u00a0solu\u00e7\u00f5es para os desafios\u00a0<\/span><span class=\"NormalTextRun SCXW137566316 BCX0\" data-ccp-charstyle=\"word\">por eles colocados<\/span><span class=\"NormalTextRun SCXW137566316 BCX0\" data-ccp-charstyle=\"word\">. O objetivo \u00e9 sempre procurar o melhor\u00a0<\/span><span class=\"NormalTextRun SCXW137566316 BCX0\" data-ccp-charstyle=\"word\">benef\u00edcio<\/span><span class=\"NormalTextRun SCXW137566316 BCX0\" data-ccp-charstyle=\"word\">\u00a0<\/span><span class=\"NormalTextRun SCXW137566316 BCX0\" data-ccp-charstyle=\"word\">para a satisfa\u00e7\u00e3o das necessidades dos clientes.<\/span><\/span><span class=\"EOP SCXW137566316 BCX0\" data-ccp-props=\"{&quot;201341983&quot;:0,&quot;335551550&quot;:6,&quot;335551620&quot;:6,&quot;335559739&quot;:160,&quot;335559740&quot;:276}\">\u00a0<\/span>[\/vc_column_text][\/vc_column_inner][\/vc_row_inner][\/vc_tta_section][vc_tta_section title=&#8221;Engenharia de Produto e Projeto&#8221; tab_id=&#8221;1620746530177-f3b57afa-e6c7&#8243;][vc_row_inner][vc_column_inner width=&#8221;1\/6&#8243;]<div class=\"grve-element grve-image grve-align-center\" style=\"\">  <div class=\"grve-image-wrapper\"><img loading=\"lazy\" decoding=\"async\" width=\"222\" height=\"167\" src=\"https:\/\/gln.pt\/wp-content\/uploads\/Product-Engineering-Project-1.png\" class=\"attachment-full size-full\" alt=\"One-Stop-Shop GLN Ecosystem\" title=\"One-Stop-Shop GLN Ecosystem\" \/>   <\/div><\/div>[\/vc_column_inner][vc_column_inner width=&#8221;5\/6&#8243;][vc_column_text]<span data-contrast=\"auto\">Contando com uma equipa especializada com v\u00e1rios anos de experi\u00eancia nas\u00a0ind\u00fastrias\u00a0de molde e inje\u00e7\u00e3o pl\u00e1stica, somos capazes de trabalhar\u00a0com o cliente no desenvolvimento de novos projetos dedicados. Estes\u00a0projetos\u00a0incluem: engenharia de produto\u00a0ao n\u00edvel de superf\u00edcie visual atrav\u00e9s da modela\u00e7\u00e3o 3D,\u00a0prepara\u00e7\u00e3o artigo 2D para valida\u00e7\u00e3o do produto, estudos reol\u00f3gicos,\u00a0investiga\u00e7\u00e3o de comportamento de\u00a0mat\u00e9rias-primas, e outros mais.<\/span><span data-ccp-props=\"{&quot;201341983&quot;:0,&quot;335551550&quot;:6,&quot;335551620&quot;:6,&quot;335559739&quot;:160,&quot;335559740&quot;:276}\">\u00a0<\/span><\/p>\n<p><span data-contrast=\"auto\">O objetivo \u00e9 a obten\u00e7\u00e3o de um produto\u00a0que pode ser injetado e extra\u00eddo do molde atrav\u00e9s da combina\u00e7\u00e3o de v\u00e1rios conceitos e tecnologias,\u00a0indo ao encontro do pedido do cliente.<\/span><span data-ccp-props=\"{&quot;201341983&quot;:0,&quot;335551550&quot;:6,&quot;335551620&quot;:6,&quot;335559739&quot;:160,&quot;335559740&quot;:276}\">\u00a0<\/span>[\/vc_column_text][\/vc_column_inner][\/vc_row_inner][\/vc_tta_section][vc_tta_section title=&#8221;Prototipagem&#8221; tab_id=&#8221;1620746544870-e2a87ea9-db1a&#8221;][vc_row_inner][vc_column_inner width=&#8221;1\/6&#8243;]<div class=\"grve-element grve-image grve-align-center\" style=\"\">  <div class=\"grve-image-wrapper\"><img loading=\"lazy\" decoding=\"async\" width=\"222\" height=\"167\" src=\"https:\/\/gln.pt\/wp-content\/uploads\/Prototyping-1.png\" class=\"attachment-full size-full\" alt=\"One-Stop-Shop GLN Ecosystem\" title=\"One-Stop-Shop GLN Ecosystem\" \/>   <\/div><\/div>[\/vc_column_inner][vc_column_inner width=&#8221;5\/6&#8243;][vc_column_text]<span data-contrast=\"auto\">Na GLN temos a possibilidade de\u00a0fornecer v\u00e1rios tipos de pe\u00e7as prot\u00f3tipo, que asseguram uma\u00a0pr\u00e9-valida\u00e7\u00e3o do produto ou do mercado\u00a0antes de passar ao fabrico do molde e \u00e0 produ\u00e7\u00e3o em s\u00e9rie.\u00a0<\/span><span data-ccp-props=\"{&quot;201341983&quot;:0,&quot;335551550&quot;:6,&quot;335551620&quot;:6,&quot;335559739&quot;:160,&quot;335559740&quot;:276}\">\u00a0<\/span><\/p>\n<p><span data-contrast=\"auto\">A rede de parceiros que a GLN estabeleceu,\u00a0ajuda-nos a encontrar a solu\u00e7\u00f5es para os nossos clientes,\u00a0fornecendo\u00a0impress\u00f5es 3D (SLS; SLA), moldes em alum\u00ednio ou silicone\u00a0ou\u00a0at\u00e9 ao fornecimento de moldes de baixa produ\u00e7\u00e3o.<\/span><span data-ccp-props=\"{&quot;201341983&quot;:0,&quot;335551550&quot;:6,&quot;335551620&quot;:6,&quot;335559739&quot;:160,&quot;335559740&quot;:276}\">\u00a0<\/span><\/p>\n<p><span data-contrast=\"auto\">Estas solu\u00e7\u00f5es tamb\u00e9m refor\u00e7am a fase de engenharia de produto, uma vez que \u00e9 poss\u00edvel obter um produto prot\u00f3tipo que ser\u00e1 muito id\u00eantico \u00e0 pe\u00e7a final projetada.<\/span>[\/vc_column_text][\/vc_column_inner][\/vc_row_inner][\/vc_tta_section][vc_tta_section title=&#8221;Desenho e Constru\u00e7\u00e3o de molde&#8221; tab_id=&#8221;1620746553180-9bfd38f2-c2d0&#8243;][vc_row_inner][vc_column_inner width=&#8221;1\/6&#8243;]<div class=\"grve-element grve-image grve-align-center\" style=\"\">  <div class=\"grve-image-wrapper\"><img loading=\"lazy\" decoding=\"async\" width=\"222\" height=\"167\" src=\"https:\/\/gln.pt\/wp-content\/uploads\/Tool-design-and-construction.png\" class=\"attachment-full size-full\" alt=\"One-Stop-Shop GLN Ecosystem\" title=\"One-Stop-Shop GLN Ecosystem\" \/>   <\/div><\/div>[\/vc_column_inner][vc_column_inner width=&#8221;5\/6&#8243;][vc_column_text]<span data-contrast=\"auto\">O reconhecimento\u00a0internacional como\u00a0fornecedor de moldes de refer\u00eancia ao n\u00edvel\u00a0europeu, aliado\u00a0aos anos de experi\u00eancia na GLN, permite-nos a oferta das melhores solu\u00e7\u00f5es de desenho e fabrico de moldes de alta precis\u00e3o t\u00e9cnica, usando a combina\u00e7\u00e3o\u00a0de v\u00e1rias tecnologias dispon\u00edveis num \u00fanico molde. A GLN conta\u00a0com duas modernas \u00e1reas produtivas aonde\u00a0a \u00faltima gera\u00e7\u00e3o de equipamentos\u00a0de engenharia e fabrico \u00e9 usada em cada est\u00e1gio\u00a0do processo.<\/span><span data-ccp-props=\"{&quot;201341983&quot;:0,&quot;335551550&quot;:6,&quot;335551620&quot;:6,&quot;335559739&quot;:160,&quot;335559740&quot;:259}\">\u00a0<\/span><\/p>\n<p><span data-contrast=\"auto\">Ap\u00f3s a valida\u00e7\u00e3o do produto, a GLN estudo os m\u00e9todos de fabrico a aplicar\u00a0atrav\u00e9s dos estudos DFM (Design For\u00a0Manufacturing), adotando o conceito\u00a0mais apropriado assim como as tecnologias, nas quais a GLN tem\u00a0anos de experi\u00eancia.\u00a0<\/span><span data-ccp-props=\"{&quot;201341983&quot;:0,&quot;335551550&quot;:6,&quot;335551620&quot;:6,&quot;335559739&quot;:160,&quot;335559740&quot;:259}\">\u00a0<\/span><\/p>\n<p><span data-contrast=\"auto\">Cada uma das\u00a0f\u00e1bricas s\u00e3o suportadas por equipas dedicadas e integradas nos seguintes departamentos:\u00a0projeto;\u00a0programa\u00e7\u00e3o;\u00a0maquina\u00e7\u00e3o\u00a0CNC;\u00a0eros\u00e3o;\u00a0retifica\u00e7\u00e3o; metrologia, polimento, bancada e ensaios.\u00a0<\/span><span data-ccp-props=\"{&quot;201341983&quot;:0,&quot;335551550&quot;:6,&quot;335551620&quot;:6,&quot;335559739&quot;:160,&quot;335559740&quot;:259}\">\u00a0<\/span>[\/vc_column_text][\/vc_column_inner][\/vc_row_inner][\/vc_tta_section][vc_tta_section title=&#8221;Ensaios e Valida\u00e7\u00e3o de Produto&#8221; tab_id=&#8221;1620748821112-f48e6156-a23e&#8221;][vc_row_inner][vc_column_inner width=&#8221;1\/6&#8243;]<div class=\"grve-element grve-image grve-align-center\" style=\"\">  <div class=\"grve-image-wrapper\"><img loading=\"lazy\" decoding=\"async\" width=\"222\" height=\"167\" src=\"https:\/\/gln.pt\/wp-content\/uploads\/Product-validation-tool-tryout.png\" class=\"attachment-full size-full\" alt=\"One-Stop-Shop GLN Ecosystem\" title=\"One-Stop-Shop GLN Ecosystem\" \/>   <\/div><\/div>[\/vc_column_inner][vc_column_inner width=&#8221;5\/6&#8243;][vc_column_text]<span data-contrast=\"auto\">Ap\u00f3s a conclus\u00e3o da fase de fabrico,\u00a0o molde \u00e9 colocado numa m\u00e1quina de inje\u00e7\u00e3o para valida\u00e7\u00e3o do trabalho desenvolvido.\u00a0Para tal, a GLN criou o seu pr\u00f3prio centro de ensaios equipado com 6 m\u00e1quinas de inje\u00e7\u00e3o\u00a0de tonelagem entre os 80 e os 160 Ton que nos permite executar\u00a0os ensaios dentro de portas\u00a0ou\u00a0produ\u00e7\u00f5es pr\u00e9-serie garantindo o controlo total do processo.<\/span><\/p>\n<p><span data-contrast=\"auto\">Junto ao centro de ensaios, cri\u00e1mos o nosso departamento de metrologia que trabalha em proximidade com este centro, providenciando os resultados obtidos nas pe\u00e7as injetadas dos moldes, atrav\u00e9s de relat\u00f3rios de analise da pe\u00e7a pl\u00e1stica, controlo dimensional (digitaliza\u00e7\u00e3o 2D e 3D) mas tamb\u00e9m a tomografia computorizada.<\/span>[\/vc_column_text][\/vc_column_inner][\/vc_row_inner][\/vc_tta_section][vc_tta_section title=&#8221;Engenharia de Processo&#8221; tab_id=&#8221;1620748830476-f7f04de6-97b3&#8243;][vc_row_inner][vc_column_inner width=&#8221;1\/6&#8243;]<div class=\"grve-element grve-image grve-align-center\" style=\"\">  <div class=\"grve-image-wrapper\"><img loading=\"lazy\" decoding=\"async\" width=\"222\" height=\"167\" src=\"https:\/\/gln.pt\/wp-content\/uploads\/process-engineering.png\" class=\"attachment-full size-full\" alt=\"One-Stop-Shop GLN Ecosystem\" title=\"One-Stop-Shop GLN Ecosystem\" \/>   <\/div><\/div>[\/vc_column_inner][vc_column_inner width=&#8221;5\/6&#8243;][vc_column_text]<span data-contrast=\"auto\">A equipa\u00a0de engenharia de processo\u00a0\u00e9 o \u00fanico elo de liga\u00e7\u00e3o e\u00a0assume\u00a0toda\u00a0a\u00a0comunica\u00e7\u00e3o com os clientes desde a encomenda at\u00e9 \u00e0 entrega do produto. Esta equipa\u00a0tem os conhecimentos e as capacidades para dar\u00a0todas\u00a0as respostas necess\u00e1rias\u00a0em todas as fases\u00a0do processo, atrav\u00e9s da an\u00e1lise aos estudos reol\u00f3gicos, podem providenciar melhoramentos\u00a0no processo de inje\u00e7\u00e3o, acompanham e controlam os fluxos de trabalhos estabelecidos\u00a0e\u00a0estruturam\u00a0as condi\u00e7\u00f5es de produ\u00e7\u00e3o ideias\u00a0para o produto final.<\/span><span data-ccp-props=\"{&quot;201341983&quot;:0,&quot;335551550&quot;:6,&quot;335551620&quot;:6,&quot;335559739&quot;:160,&quot;335559740&quot;:259}\">\u00a0<\/span><\/p>\n<p><span data-contrast=\"auto\">Para a valida\u00e7\u00e3o de produto\u00a0s\u00e3o\u00a0usadas\u00a0diferentes\u00a0metodologias consoante as especifica\u00e7\u00f5es requeridas\u00a0para a produ\u00e7\u00e3o cont\u00ednua: 53P, PPAP, PSW ou APQP\u00a0<\/span><span data-ccp-props=\"{&quot;201341983&quot;:0,&quot;335551550&quot;:6,&quot;335551620&quot;:6,&quot;335559739&quot;:160,&quot;335559740&quot;:259}\">\u00a0<\/span><\/p>\n<p><span data-contrast=\"auto\">Os conhecimentos desta equipa, simplificam as fases de conce\u00e7\u00e3o dos moldes j\u00e1 que estes podem ser transferidos\u00a0para o departamento de CAD, reduzindo a quantidade de intera\u00e7\u00f5es durante a fabrica\u00e7\u00e3o do molde.<\/span>[\/vc_column_text][\/vc_column_inner][\/vc_row_inner][\/vc_tta_section][vc_tta_section title=&#8221;Inje\u00e7\u00e3o&#8221; tab_id=&#8221;1620748835864-520f8894-73de&#8221;][vc_row_inner][vc_column_inner width=&#8221;1\/6&#8243;]<div class=\"grve-element grve-image grve-align-center\" style=\"\">  <div class=\"grve-image-wrapper\"><img loading=\"lazy\" decoding=\"async\" width=\"222\" height=\"167\" src=\"https:\/\/gln.pt\/wp-content\/uploads\/injection.png\" class=\"attachment-full size-full\" alt=\"One-Stop-Shop GLN Ecosystem\" title=\"One-Stop-Shop GLN Ecosystem\" \/>   <\/div><\/div>[\/vc_column_inner][vc_column_inner width=&#8221;5\/6&#8243;][vc_column_text]<span data-contrast=\"auto\">A GLN tem tr\u00eas\u00a0pavilh\u00f5es para a produ\u00e7\u00e3o\u00a0em s\u00e9rie, duas delas localizadas em Portugal e uma no M\u00e9xico, que permitem\u00a0ao grupo GLN o fornecimento cont\u00ednuo de pe\u00e7as injetadas para as ind\u00fastrias:\u00a0autom\u00f3vel; el\u00e9trica e eletr\u00f3nica; e embalagem.<\/span><span data-ccp-props=\"{&quot;201341983&quot;:0,&quot;335551550&quot;:6,&quot;335551620&quot;:6,&quot;335559739&quot;:160,&quot;335559740&quot;:259}\">\u00a0<\/span><\/p>\n<p><span data-contrast=\"auto\">No total,\u00a0o grupo tem 49 m\u00e1quinas de inje\u00e7\u00e3o dispon\u00edveis\u00a0com tonelagem entre\u00a0os 22 e\u00a0os 450 Ton,\u00a0que nos d\u00e3o a capacidade de responder aos pedidos\u00a0em tempo e qualidade.\u00a0A experi\u00eancia obtida\u00a0com o desenvolvimento dos processos de inje\u00e7\u00e3o,\u00a0permitem a melhoria cont\u00ednua nas diversas divis\u00f5es do grupo, nomeadamente nas fases de engenharia, constru\u00e7\u00e3o do molde, ensaios, entre outros.\u00a0<\/span><span data-ccp-props=\"{&quot;201341983&quot;:0,&quot;335551550&quot;:6,&quot;335551620&quot;:6,&quot;335559739&quot;:160,&quot;335559740&quot;:259}\">\u00a0<\/span>[\/vc_column_text][\/vc_column_inner][\/vc_row_inner][\/vc_tta_section][vc_tta_section title=&#8221;Solu\u00e7\u00f5es de valor acrescentado&#8221; tab_id=&#8221;1620748846478-7cd18f01-14e7&#8243;][vc_row_inner][vc_column_inner width=&#8221;1\/6&#8243;]<div class=\"grve-element grve-image grve-align-center\" style=\"\">  <div class=\"grve-image-wrapper\"><img loading=\"lazy\" decoding=\"async\" width=\"222\" height=\"167\" src=\"https:\/\/gln.pt\/wp-content\/uploads\/Added-value-solutions.png\" class=\"attachment-full size-full\" alt=\"One-Stop-Shop GLN Ecosystem\" title=\"One-Stop-Shop GLN Ecosystem\" \/>   <\/div><\/div>[\/vc_column_inner][vc_column_inner width=&#8221;5\/6&#8243;][vc_column_text]<span data-contrast=\"auto\">Sendo uma\u00a0empresa tecnol\u00f3gica com uma vasta experi\u00eancia em projetos complexos, o grupo GLN tem investido constantemente\u00a0em solu\u00e7\u00f5es de fornecimento de produto de alto valor acrescentado\u00a0com integra\u00e7\u00e3o nas\u00a0produ\u00e7\u00f5es s\u00e9rie\u00a0de tecnologias, tais como: c\u00e9lulas produtivas automatizadas,\u00a0linhas de montagem, pontos de controlo de qualidade.<\/span><span data-ccp-props=\"{&quot;201341983&quot;:0,&quot;335551550&quot;:6,&quot;335551620&quot;:6,&quot;335559739&quot;:160,&quot;335559740&quot;:259}\">\u00a0<\/span><\/p>\n<p><span data-contrast=\"auto\">Os conhecimentos adquiridos\u00a0permitem-nos o desenvolvimento para o cliente de solu\u00e7\u00f5es\u00a0de automatiza\u00e7\u00e3o de processo integrado e n\u00e3o apenas o molde ou pe\u00e7as pl\u00e1sticas injetadas.\u00a0<\/span><span data-ccp-props=\"{&quot;201341983&quot;:0,&quot;335551550&quot;:6,&quot;335551620&quot;:6,&quot;335559739&quot;:160,&quot;335559740&quot;:259}\">\u00a0<\/span>[\/vc_column_text][\/vc_column_inner][\/vc_row_inner][\/vc_tta_section][vc_tta_section title=&#8221;Presen\u00e7a global&#8221; tab_id=&#8221;1620748856246-72454cdc-061c&#8221;][vc_row_inner][vc_column_inner width=&#8221;1\/6&#8243;]<div class=\"grve-element grve-image grve-align-center\" style=\"\">  <div class=\"grve-image-wrapper\"><img loading=\"lazy\" decoding=\"async\" width=\"222\" height=\"167\" src=\"https:\/\/gln.pt\/wp-content\/uploads\/Mapa-GLN.png\" class=\"attachment-full size-full\" alt=\"One-Stop-Shop GLN Ecosystem\" title=\"One-Stop-Shop GLN Ecosystem\" \/>   <\/div><\/div>[\/vc_column_inner][vc_column_inner width=&#8221;5\/6&#8243;][vc_column_text]<span data-contrast=\"auto\">A GLN expandiu as suas opera\u00e7\u00f5es\u00a0globalmente com a instala\u00e7\u00e3o da sua f\u00e1brica no M\u00e9xico, a qual\u00a0nos colocou geograficamente mais pr\u00f3ximos dos nossos clientes, reduzindo os tempos associados \u00e0 log\u00edstica, uma vez que estamos localizados nas regi\u00f5es onde os nossos clientes precisam de pe\u00e7as produzidas.<\/span><span data-ccp-props=\"{&quot;201341983&quot;:0,&quot;335551550&quot;:6,&quot;335551620&quot;:6,&quot;335559739&quot;:160,&quot;335559740&quot;:259}\">\u00a0<\/span><\/p>\n<p><span data-contrast=\"auto\">Os\u00a0principais\u00a0destinos\u00a0dos nossos produtos\u00a0s\u00e3o: Europa, Am\u00e9rica do Norte e China.<\/span><span data-ccp-props=\"{&quot;201341983&quot;:0,&quot;335551550&quot;:6,&quot;335551620&quot;:6,&quot;335559739&quot;:160,&quot;335559740&quot;:259}\">\u00a0<\/span><\/p>\n<p><span data-contrast=\"auto\">O objetivo da GLN \u00e9\u00a0posicionar-se continuamente como fornecedor premium na cadeia de fornecimento de moldes e pe\u00e7as pl\u00e1sticas.\u00a0<\/span><span data-ccp-props=\"{&quot;201341983&quot;:0,&quot;335551550&quot;:6,&quot;335551620&quot;:6,&quot;335559739&quot;:160,&quot;335559740&quot;:259}\">\u00a0<\/span>[\/vc_column_text][\/vc_column_inner][\/vc_row_inner][\/vc_tta_section][\/vc_tta_accordion][\/vc_column][\/vc_row]<\/p>","protected":false},"excerpt":{"rendered":"<p>[vc_row padding_top_multiplier=&#8221;4x&#8221; padding_bottom_multiplier=&#8221;4x&#8221;][vc_column][vc_custom_heading text=&#8221;GLN ONE-STOP-SHOP ECOSYSTEM&#8221; font_container=&#8221;tag:h2|text_align:center&#8221; use_theme_fonts=&#8221;yes&#8221;][vc_tta_accordion c_icon=&#8221;chevron&#8221; active_section=&#8221;1&#8243; heading_tag=&#8221;h2&#8243; heading=&#8221;h4&#8243; collapsible_all=&#8221;true&#8221;][vc_tta_section title=&#8221;Desafio do cliente&#8221; tab_id=&#8221;1620746380841-c70b7dd5-91e0&#8243;][vc_row_inner][vc_column_inner width=&#8221;1\/6&#8243;][\/vc_column_inner][vc_column_inner width=&#8221;5\/6&#8243;][vc_column_text]Tendo em considera\u00e7\u00e3o as val\u00eancias do Grupo GLN, trabalhamos\u00a0junto dos nossos clientes fornecendo-lhes\u00a0solu\u00e7\u00f5es para os desafios\u00a0por eles colocados. O objetivo \u00e9 sempre procurar o melhor\u00a0benef\u00edcio\u00a0para a satisfa\u00e7\u00e3o das necessidades dos clientes.\u00a0[\/vc_column_text][\/vc_column_inner][\/vc_row_inner][\/vc_tta_section][vc_tta_section title=&#8221;Engenharia de Produto e Projeto&#8221; tab_id=&#8221;1620746530177-f3b57afa-e6c7&#8243;][vc_row_inner][vc_column_inner [&hellip;]<\/p>\n","protected":false},"author":10,"featured_media":0,"parent":0,"menu_order":0,"comment_status":"closed","ping_status":"closed","template":"","meta":{"footnotes":""},"class_list":["post-18096","page","type-page","status-publish","hentry"],"_links":{"self":[{"href":"https:\/\/gln.pt\/pt\/wp-json\/wp\/v2\/pages\/18096","targetHints":{"allow":["GET"]}}],"collection":[{"href":"https:\/\/gln.pt\/pt\/wp-json\/wp\/v2\/pages"}],"about":[{"href":"https:\/\/gln.pt\/pt\/wp-json\/wp\/v2\/types\/page"}],"author":[{"embeddable":true,"href":"https:\/\/gln.pt\/pt\/wp-json\/wp\/v2\/users\/10"}],"replies":[{"embeddable":true,"href":"https:\/\/gln.pt\/pt\/wp-json\/wp\/v2\/comments?post=18096"}],"version-history":[{"count":3,"href":"https:\/\/gln.pt\/pt\/wp-json\/wp\/v2\/pages\/18096\/revisions"}],"predecessor-version":[{"id":19163,"href":"https:\/\/gln.pt\/pt\/wp-json\/wp\/v2\/pages\/18096\/revisions\/19163"}],"wp:attachment":[{"href":"https:\/\/gln.pt\/pt\/wp-json\/wp\/v2\/media?parent=18096"}],"curies":[{"name":"wp","href":"https:\/\/api.w.org\/{rel}","templated":true}]}}