{"id":18236,"date":"2021-06-22T16:44:38","date_gmt":"2021-06-22T16:44:38","guid":{"rendered":"https:\/\/gln.pt\/?page_id=18236"},"modified":"2021-06-22T17:01:43","modified_gmt":"2021-06-22T17:01:43","slug":"famolde","status":"publish","type":"page","link":"https:\/\/gln.pt\/pt\/famolde\/","title":{"rendered":"Famolde"},"content":{"rendered":"<p>[vc_row padding_top_multiplier=&#8221;4x&#8221; padding_bottom_multiplier=&#8221;4x&#8221;][vc_column]<div class=\"grve-element grve-image grve-animated-item grve-duration-normal grve-fade-in-up grve-align-center\" style=\"\" data-delay=\"200\">  <div class=\"grve-image-wrapper\"><img loading=\"lazy\" decoding=\"async\" width=\"273\" height=\"67\" src=\"https:\/\/gln.pt\/wp-content\/uploads\/famolde-Header-Black.png\" class=\"attachment-full size-full\" alt=\"Famolde\" title=\"Famolde\" \/>   <\/div><\/div><div class=\"grve-empty-space grve-height-2x\" style=\"\"><\/div>[vc_row_inner][vc_column_inner width=&#8221;1\/2&#8243;]<div class=\"grve-element grve-image grve-align-center\" style=\"\">  <div class=\"grve-image-wrapper\"><img loading=\"lazy\" decoding=\"async\" width=\"800\" height=\"534\" src=\"https:\/\/gln.pt\/wp-content\/uploads\/Famolde-interior-um.png\" class=\"attachment-full size-full\" alt=\"Famolde\" srcset=\"https:\/\/gln.pt\/wp-content\/uploads\/Famolde-interior-um.png 800w, https:\/\/gln.pt\/wp-content\/uploads\/Famolde-interior-um-300x200.png 300w, https:\/\/gln.pt\/wp-content\/uploads\/Famolde-interior-um-768x513.png 768w\" sizes=\"auto, (max-width: 800px) 100vw, 800px\" title=\"Famolde\" \/>   <\/div><\/div>[\/vc_column_inner][vc_column_inner width=&#8221;1\/2&#8243;][vc_column_text text_style=&#8221;leader-text&#8221;]Com mais de <strong>30 anos de experi\u00eancia<\/strong> no setor de fabrico de moldes, especializou-se no desenho e fabrico de moldes de alta Qualidade, particularmente em micromoles e inje\u00e7\u00e3o de termopl\u00e1sticos.[\/vc_column_text]<div class=\"grve-empty-space grve-height-1x\" style=\"\"><\/div><div class=\"grve-element grve-box-icon grve-medium grve-side-icon grve-align-left\" style=\"\"><div class=\"grve-wrapper-icon grve-no-shape\" style=\"\"><i class=\"grve-text-primary-1 typcn typcn-group-outline\"><\/i><\/div><div class=\"grve-box-content\"><div class=\"grve-box-title-wrapper\"><h3 class=\"grve-box-title grve-h3\">90 funcion\u00e1rios<\/h3><\/div><\/div><\/div>[\/vc_column_inner][\/vc_row_inner][\/vc_column][\/vc_row]<\/p>","protected":false},"excerpt":{"rendered":"<p>[vc_row padding_top_multiplier=&#8221;4x&#8221; padding_bottom_multiplier=&#8221;4x&#8221;][vc_column][vc_row_inner][vc_column_inner width=&#8221;1\/2&#8243;][\/vc_column_inner][vc_column_inner width=&#8221;1\/2&#8243;][vc_column_text text_style=&#8221;leader-text&#8221;]Com mais de 30 anos de experi\u00eancia no setor de fabrico de moldes, especializou-se no desenho e fabrico de moldes de alta Qualidade, particularmente em micromoles e inje\u00e7\u00e3o de termopl\u00e1sticos.[\/vc_column_text][\/vc_column_inner][\/vc_row_inner][\/vc_column][\/vc_row]<\/p>\n","protected":false},"author":10,"featured_media":0,"parent":0,"menu_order":0,"comment_status":"closed","ping_status":"closed","template":"","meta":{"footnotes":""},"class_list":["post-18236","page","type-page","status-publish","hentry"],"_links":{"self":[{"href":"https:\/\/gln.pt\/pt\/wp-json\/wp\/v2\/pages\/18236","targetHints":{"allow":["GET"]}}],"collection":[{"href":"https:\/\/gln.pt\/pt\/wp-json\/wp\/v2\/pages"}],"about":[{"href":"https:\/\/gln.pt\/pt\/wp-json\/wp\/v2\/types\/page"}],"author":[{"embeddable":true,"href":"https:\/\/gln.pt\/pt\/wp-json\/wp\/v2\/users\/10"}],"replies":[{"embeddable":true,"href":"https:\/\/gln.pt\/pt\/wp-json\/wp\/v2\/comments?post=18236"}],"version-history":[{"count":1,"href":"https:\/\/gln.pt\/pt\/wp-json\/wp\/v2\/pages\/18236\/revisions"}],"predecessor-version":[{"id":18250,"href":"https:\/\/gln.pt\/pt\/wp-json\/wp\/v2\/pages\/18236\/revisions\/18250"}],"wp:attachment":[{"href":"https:\/\/gln.pt\/pt\/wp-json\/wp\/v2\/media?parent=18236"}],"curies":[{"name":"wp","href":"https:\/\/api.w.org\/{rel}","templated":true}]}}