{"id":18787,"date":"2021-12-13T13:51:54","date_gmt":"2021-12-13T13:51:54","guid":{"rendered":"https:\/\/gln.pt\/?page_id=18787"},"modified":"2023-08-16T09:34:56","modified_gmt":"2023-08-16T09:34:56","slug":"contacts-2","status":"publish","type":"page","link":"https:\/\/gln.pt\/pt\/contacts-2\/","title":{"rendered":"Contactos"},"content":{"rendered":"<p>[vc_row section_type=&#8221;fullwidth&#8221; padding_top_multiplier=&#8221;&#8221; padding_bottom_multiplier=&#8221;&#8221; columns_gap=&#8221;none&#8221;][vc_column]<div class=\"grve-map-wrapper\"><div class=\"grve-element grve-map\" data-lat=\"39.696435310643224\" data-lng=\"-8.880833643364749\" data-zoom=\"15\" data-disable-style=\"no\" style=\"height: 450px;\"><\/div><div style=\"display:none\" class=\"grve-map-point\" data-point-marker=\"\/\/gln.pt\/wp-content\/uploads\/icon-mapa_1.png\" data-point-lat=\"39.696435310643224\" data-point-lng=\"-8.880833643364749\" data-point-title=\"GLN Molds\" data-point-type=\"image\" data-point-marker-width=\"33\" data-point-marker-height=\"28\"><div class=\"grve-map-infotext\"><h6 class=\"grve-infotext-title\">GLN Molds<\/h6><\/div><\/div><div style=\"display:none\" class=\"grve-map-point\" data-point-marker=\"\/\/gln.pt\/wp-content\/uploads\/icon-mapa_1.png\" data-point-lat=\"39.741788548674506\" data-point-lng=\"-8.897748417663763\" data-point-title=\"Famolde\" data-point-type=\"image\" data-point-marker-width=\"33\" data-point-marker-height=\"28\"><div class=\"grve-map-infotext\"><h6 class=\"grve-infotext-title\">Famolde<\/h6><\/div><\/div><div style=\"display:none\" class=\"grve-map-point\" data-point-marker=\"\/\/gln.pt\/wp-content\/uploads\/icon-mapa_1.png\" data-point-lat=\"39.6967324967675\" data-point-lng=\"-8.88100530472161\" data-point-title=\"GLN Plast\" data-point-type=\"image\" data-point-marker-width=\"33\" data-point-marker-height=\"28\"><div class=\"grve-map-infotext\"><h6 class=\"grve-infotext-title\">GLN Plast<\/h6><\/div><\/div><div style=\"display:none\" class=\"grve-map-point\" data-point-marker=\"\/\/gln.pt\/wp-content\/uploads\/icon-mapa_1.png\" data-point-lat=\"20.566088408391323\" data-point-lng=\"-100.25752281342257\" data-point-title=\"GLN M\u00e9xico\" data-point-type=\"image\" data-point-marker-width=\"33\" data-point-marker-height=\"28\"><div class=\"grve-map-infotext\"><h6 class=\"grve-infotext-title\">GLN M\u00e9xico<\/h6><\/div><\/div><div style=\"display:none\" class=\"grve-map-point\" data-point-marker=\"\/\/gln.pt\/wp-content\/uploads\/icon-mapa_1.png\" data-point-lat=\"39.6967985379547\" data-point-lng=\"-8.881091135400041\" data-point-title=\"GLN INNOV\" data-point-type=\"image\" data-point-marker-width=\"33\" data-point-marker-height=\"28\"><div class=\"grve-map-infotext\"><h6 class=\"grve-infotext-title\">GLN INNOV<\/h6><\/div><\/div><\/div>[\/vc_column][\/vc_row][vc_row bg_type=&#8221;color&#8221; padding_top_multiplier=&#8221;4x&#8221; padding_bottom_multiplier=&#8221;&#8221; equal_column_height=&#8221;middle-content&#8221;][vc_column]<h2 class=\"grve-element grve-title grve-align-center grve-h2\" style=\"margin-bottom: 20px;\"><span>Conhe\u00e7a o nosso Grupo<\/span><\/h2>[\/vc_column][\/vc_row][vc_row equal_column_height=&#8221;equal-column&#8221;][vc_column width=&#8221;1\/2&#8243;][vc_row_inner][vc_column_inner width=&#8221;1\/2&#8243;]<div class=\"grve-element grve-image grve-align-center\" style=\"\">  <div class=\"grve-image-wrapper\"><img loading=\"lazy\" decoding=\"async\" width=\"560\" height=\"560\" src=\"https:\/\/gln.pt\/wp-content\/uploads\/Famolde-home-04-min-560x560.jpg\" class=\"attachment-movedo-grve-small-square size-movedo-grve-small-square\" alt=\"Contactos\" srcset=\"https:\/\/gln.pt\/wp-content\/uploads\/Famolde-home-04-min-560x560.jpg 560w, https:\/\/gln.pt\/wp-content\/uploads\/Famolde-home-04-min-150x150.jpg 150w, https:\/\/gln.pt\/wp-content\/uploads\/Famolde-home-04-min-900x900.jpg 900w, https:\/\/gln.pt\/wp-content\/uploads\/Famolde-home-04-min-80x80.jpg 80w\" sizes=\"auto, (max-width: 560px) 100vw, 560px\" title=\"Contactos\" \/>   <\/div><\/div>[\/vc_column_inner][vc_column_inner width=&#8221;1\/2&#8243;]<div class=\"grve-element grve-image grve-align-center\" style=\"\">  <div class=\"grve-image-wrapper\"><img loading=\"lazy\" decoding=\"async\" width=\"560\" height=\"219\" src=\"https:\/\/gln.pt\/wp-content\/uploads\/GLN-Molds_C.png\" class=\"attachment-full size-full\" alt=\"Contactos\" srcset=\"https:\/\/gln.pt\/wp-content\/uploads\/GLN-Molds_C.png 560w, https:\/\/gln.pt\/wp-content\/uploads\/GLN-Molds_C-300x117.png 300w\" sizes=\"auto, (max-width: 560px) 100vw, 560px\" title=\"Contactos\" \/>   <\/div><\/div>[vc_column_text]I am text block. Click edit button to change this text. Lorem ipsum dolor sit amet, consectetur adipiscing elit. Ut elit tellus, luctus nec ullamcorper mattis, pulvinar dapibus leo.[\/vc_column_text]<div class=\"grve-empty-space grve-height-1x\" style=\"\"><\/div>[vc_column_text text_style=&#8221;leader-text&#8221; el_class=&#8221;link-direcoes&#8221;]<a href=\"#\"><span style=\"color: #a50064;\">Saber mais<\/span><\/a>[\/vc_column_text][\/vc_column_inner][\/vc_row_inner][\/vc_column][vc_column vertical_content_position=&#8221;middle&#8221; width=&#8221;1\/2&#8243;][vc_row_inner][vc_column_inner width=&#8221;1\/2&#8243;]<div class=\"grve-element grve-image grve-align-center\" style=\"\">  <div class=\"grve-image-wrapper\"><img loading=\"lazy\" decoding=\"async\" width=\"560\" height=\"560\" src=\"https:\/\/gln.pt\/wp-content\/uploads\/Famolde-home-04-min-560x560.jpg\" class=\"attachment-movedo-grve-small-square size-movedo-grve-small-square\" alt=\"Contactos\" srcset=\"https:\/\/gln.pt\/wp-content\/uploads\/Famolde-home-04-min-560x560.jpg 560w, https:\/\/gln.pt\/wp-content\/uploads\/Famolde-home-04-min-150x150.jpg 150w, https:\/\/gln.pt\/wp-content\/uploads\/Famolde-home-04-min-900x900.jpg 900w, https:\/\/gln.pt\/wp-content\/uploads\/Famolde-home-04-min-80x80.jpg 80w\" sizes=\"auto, (max-width: 560px) 100vw, 560px\" title=\"Contactos\" \/>   <\/div><\/div>[\/vc_column_inner][vc_column_inner width=&#8221;1\/2&#8243;]<div class=\"grve-element grve-image grve-align-center\" style=\"\">  <div class=\"grve-image-wrapper\"><img loading=\"lazy\" decoding=\"async\" width=\"560\" height=\"219\" src=\"https:\/\/gln.pt\/wp-content\/uploads\/GLN-FAMOLDE_C.png\" class=\"attachment-full size-full\" alt=\"Contactos\" srcset=\"https:\/\/gln.pt\/wp-content\/uploads\/GLN-FAMOLDE_C.png 560w, https:\/\/gln.pt\/wp-content\/uploads\/GLN-FAMOLDE_C-300x117.png 300w\" sizes=\"auto, (max-width: 560px) 100vw, 560px\" title=\"Contactos\" \/>   <\/div><\/div>[vc_column_text]I am text block. Click edit button to change this text. Lorem ipsum dolor sit amet, consectetur adipiscing elit. Ut elit tellus, luctus nec ullamcorper mattis, pulvinar dapibus leo.[\/vc_column_text]<div class=\"grve-empty-space grve-height-1x\" style=\"\"><\/div>[vc_column_text text_style=&#8221;leader-text&#8221; el_class=&#8221;link-direcoes&#8221;]<a href=\"#\"><span style=\"color: #a50064;\">Saber mais<\/span><\/a>[\/vc_column_text][\/vc_column_inner][\/vc_row_inner][\/vc_column][\/vc_row][vc_row equal_column_height=&#8221;equal-column&#8221;][vc_column width=&#8221;1\/2&#8243;][vc_row_inner][vc_column_inner width=&#8221;1\/2&#8243;]<div class=\"grve-element grve-image grve-align-center\" style=\"\">  <div class=\"grve-image-wrapper\"><img loading=\"lazy\" decoding=\"async\" width=\"560\" height=\"560\" src=\"https:\/\/gln.pt\/wp-content\/uploads\/Famolde-home-04-min-560x560.jpg\" class=\"attachment-movedo-grve-small-square size-movedo-grve-small-square\" alt=\"Contactos\" srcset=\"https:\/\/gln.pt\/wp-content\/uploads\/Famolde-home-04-min-560x560.jpg 560w, https:\/\/gln.pt\/wp-content\/uploads\/Famolde-home-04-min-150x150.jpg 150w, https:\/\/gln.pt\/wp-content\/uploads\/Famolde-home-04-min-900x900.jpg 900w, https:\/\/gln.pt\/wp-content\/uploads\/Famolde-home-04-min-80x80.jpg 80w\" sizes=\"auto, (max-width: 560px) 100vw, 560px\" title=\"Contactos\" \/>   <\/div><\/div>[\/vc_column_inner][vc_column_inner width=&#8221;1\/2&#8243;]<div class=\"grve-element grve-image grve-align-center\" style=\"\">  <div class=\"grve-image-wrapper\"><img loading=\"lazy\" decoding=\"async\" width=\"560\" height=\"219\" src=\"https:\/\/gln.pt\/wp-content\/uploads\/GLN-PLAST_C.png\" class=\"attachment-full size-full\" alt=\"Contactos\" srcset=\"https:\/\/gln.pt\/wp-content\/uploads\/GLN-PLAST_C.png 560w, https:\/\/gln.pt\/wp-content\/uploads\/GLN-PLAST_C-300x117.png 300w\" sizes=\"auto, (max-width: 560px) 100vw, 560px\" title=\"Contactos\" \/>   <\/div><\/div>[vc_column_text]I am text block. Click edit button to change this text. Lorem ipsum dolor sit amet, consectetur adipiscing elit. Ut elit tellus, luctus nec ullamcorper mattis, pulvinar dapibus leo.[\/vc_column_text]<div class=\"grve-empty-space grve-height-1x\" style=\"\"><\/div>[vc_column_text text_style=&#8221;leader-text&#8221; el_class=&#8221;link-direcoes&#8221;]<a href=\"#\"><span style=\"color: #a50064;\">Saber mais<\/span><\/a>[\/vc_column_text][\/vc_column_inner][\/vc_row_inner][\/vc_column][vc_column vertical_content_position=&#8221;middle&#8221; width=&#8221;1\/2&#8243;][vc_row_inner][vc_column_inner width=&#8221;1\/2&#8243;]<div class=\"grve-element grve-image grve-align-center\" style=\"\">  <div class=\"grve-image-wrapper\"><img loading=\"lazy\" decoding=\"async\" width=\"560\" height=\"560\" src=\"https:\/\/gln.pt\/wp-content\/uploads\/Famolde-home-04-min-560x560.jpg\" class=\"attachment-movedo-grve-small-square size-movedo-grve-small-square\" alt=\"Contactos\" srcset=\"https:\/\/gln.pt\/wp-content\/uploads\/Famolde-home-04-min-560x560.jpg 560w, https:\/\/gln.pt\/wp-content\/uploads\/Famolde-home-04-min-150x150.jpg 150w, https:\/\/gln.pt\/wp-content\/uploads\/Famolde-home-04-min-900x900.jpg 900w, https:\/\/gln.pt\/wp-content\/uploads\/Famolde-home-04-min-80x80.jpg 80w\" sizes=\"auto, (max-width: 560px) 100vw, 560px\" title=\"Contactos\" \/>   <\/div><\/div>[\/vc_column_inner][vc_column_inner width=&#8221;1\/2&#8243;]<div class=\"grve-element grve-image grve-align-center\" style=\"\">  <div class=\"grve-image-wrapper\"><img loading=\"lazy\" decoding=\"async\" width=\"560\" height=\"219\" src=\"https:\/\/gln.pt\/wp-content\/uploads\/GLN-Mexico_C.png\" class=\"attachment-full size-full\" alt=\"Contactos\" srcset=\"https:\/\/gln.pt\/wp-content\/uploads\/GLN-Mexico_C.png 560w, https:\/\/gln.pt\/wp-content\/uploads\/GLN-Mexico_C-300x117.png 300w\" sizes=\"auto, (max-width: 560px) 100vw, 560px\" title=\"Contactos\" \/>   <\/div><\/div>[vc_column_text]I am text block. Click edit button to change this text. Lorem ipsum dolor sit amet, consectetur adipiscing elit. Ut elit tellus, luctus nec ullamcorper mattis, pulvinar dapibus leo.[\/vc_column_text]<div class=\"grve-empty-space grve-height-1x\" style=\"\"><\/div>[vc_column_text text_style=&#8221;leader-text&#8221; el_class=&#8221;link-direcoes&#8221;]<a href=\"#\"><span style=\"color: #a50064;\">Saber mais<\/span><\/a>[\/vc_column_text][\/vc_column_inner][\/vc_row_inner][\/vc_column][\/vc_row][vc_row equal_column_height=&#8221;equal-column&#8221;][vc_column width=&#8221;1\/2&#8243;][vc_row_inner][vc_column_inner width=&#8221;1\/2&#8243;]<div class=\"grve-element grve-image grve-align-center\" style=\"\">  <div class=\"grve-image-wrapper\"><img loading=\"lazy\" decoding=\"async\" width=\"560\" height=\"560\" src=\"https:\/\/gln.pt\/wp-content\/uploads\/Famolde-home-04-min-560x560.jpg\" class=\"attachment-movedo-grve-small-square size-movedo-grve-small-square\" alt=\"Contactos\" srcset=\"https:\/\/gln.pt\/wp-content\/uploads\/Famolde-home-04-min-560x560.jpg 560w, https:\/\/gln.pt\/wp-content\/uploads\/Famolde-home-04-min-150x150.jpg 150w, https:\/\/gln.pt\/wp-content\/uploads\/Famolde-home-04-min-900x900.jpg 900w, https:\/\/gln.pt\/wp-content\/uploads\/Famolde-home-04-min-80x80.jpg 80w\" sizes=\"auto, (max-width: 560px) 100vw, 560px\" title=\"Contactos\" \/>   <\/div><\/div>[\/vc_column_inner][vc_column_inner width=&#8221;1\/2&#8243;]<div class=\"grve-element grve-image grve-align-center\" style=\"\">  <div class=\"grve-image-wrapper\"><img loading=\"lazy\" decoding=\"async\" width=\"560\" height=\"219\" src=\"https:\/\/gln.pt\/wp-content\/uploads\/GLN-INNOV_C.png\" class=\"attachment-full size-full\" alt=\"Contactos\" srcset=\"https:\/\/gln.pt\/wp-content\/uploads\/GLN-INNOV_C.png 560w, https:\/\/gln.pt\/wp-content\/uploads\/GLN-INNOV_C-300x117.png 300w\" sizes=\"auto, (max-width: 560px) 100vw, 560px\" title=\"Contactos\" \/>   <\/div><\/div>[vc_column_text]I am text block. Click edit button to change this text. Lorem ipsum dolor sit amet, consectetur adipiscing elit. Ut elit tellus, luctus nec ullamcorper mattis, pulvinar dapibus leo.[\/vc_column_text]<div class=\"grve-empty-space grve-height-1x\" style=\"\"><\/div>[vc_column_text text_style=&#8221;leader-text&#8221; el_class=&#8221;link-direcoes&#8221;]<a href=\"#\"><span style=\"color: #a50064;\">Saber mais<\/span><\/a>[\/vc_column_text][\/vc_column_inner][\/vc_row_inner][\/vc_column][vc_column vertical_content_position=&#8221;middle&#8221; width=&#8221;1\/2&#8243;][\/vc_column][\/vc_row][vc_row bg_type=&#8221;color&#8221; padding_top_multiplier=&#8221;4x&#8221; padding_bottom_multiplier=&#8221;4x&#8221; equal_column_height=&#8221;middle-content&#8221; bg_color=&#8221;#f3f3f3&#8243;][vc_column]<h2 class=\"grve-element grve-title grve-align-center grve-h2\" style=\"margin-bottom: 20px;\"><span>Contacte-nos<\/span><\/h2>[vc_row_inner][vc_column_inner]<div role=\"form\" class=\"wpcf7\" id=\"wpcf7-f15853-o1\" lang=\"en-US\" dir=\"ltr\">\n<div class=\"screen-reader-response\"><p role=\"status\" aria-live=\"polite\" aria-atomic=\"true\"><\/p> <ul><\/ul><\/div>\n<form action=\"\/pt\/wp-json\/wp\/v2\/pages\/18787#wpcf7-f15853-o1\" method=\"post\" class=\"wpcf7-form init wpcf7-acceptance-as-validation\" novalidate=\"novalidate\" data-status=\"init\">\n<div style=\"display: none;\">\n<input type=\"hidden\" name=\"_wpcf7\" value=\"15853\" \/>\n<input type=\"hidden\" name=\"_wpcf7_version\" value=\"5.3.1\" \/>\n<input type=\"hidden\" name=\"_wpcf7_locale\" value=\"en_US\" \/>\n<input type=\"hidden\" name=\"_wpcf7_unit_tag\" value=\"wpcf7-f15853-o1\" \/>\n<input type=\"hidden\" name=\"_wpcf7_container_post\" value=\"0\" \/>\n<input type=\"hidden\" name=\"_wpcf7_posted_data_hash\" value=\"\" \/>\n<input type=\"hidden\" name=\"_wpcf7_recaptcha_response\" value=\"\" \/>\n<\/div>\n<div class=\"grve-form grve-underline\">\n<div class=\"grve-fields-wrapper\">\n<div><span class=\"wpcf7-form-control-wrap your-name\"><input type=\"text\" name=\"your-name\" value=\"\" size=\"40\" class=\"wpcf7-form-control wpcf7-text wpcf7-validates-as-required\" aria-required=\"true\" aria-invalid=\"false\" placeholder=\"Nome*\" \/><\/span><\/div>\n<div><span class=\"wpcf7-form-control-wrap your-email\"><input type=\"email\" name=\"your-email\" value=\"\" size=\"40\" class=\"wpcf7-form-control wpcf7-text wpcf7-email wpcf7-validates-as-required wpcf7-validates-as-email\" aria-required=\"true\" aria-invalid=\"false\" placeholder=\"Email*\" \/><\/span><\/div>\n<div><span class=\"wpcf7-form-control-wrap your-subject\"><input type=\"text\" name=\"your-subject\" value=\"\" size=\"40\" class=\"wpcf7-form-control wpcf7-text wpcf7-validates-as-required\" aria-required=\"true\" aria-invalid=\"false\" placeholder=\"Assunto\" \/><\/span><\/div>\n<div><span class=\"wpcf7-form-control-wrap your-message\"><textarea name=\"your-message\" cols=\"40\" rows=\"6\" class=\"wpcf7-form-control wpcf7-textarea\" aria-invalid=\"false\" placeholder=\"Mensagem\"><\/textarea><\/span><\/div>\n<div class=\"gdpr-politics\">\n<p>Os dados pessoais recolhidos ser\u00e3o processados e armazenados informaticamente pela GLN \u2013 Engineering, Molding and Plastics, S.A., com sede em Estrada Nacional 356-1, Charneca do Arnal, Maceira, Leiria, pessoa colectiva n\u00famero 510 932 860, enquanto entidade respons\u00e1vel pelo tratamento dos dados pessoais.<br \/>\nA informa\u00e7\u00e3o fornecida ser\u00e1 tratada exclusivamente para efeitos de presta\u00e7\u00e3o de quaisquer esclarecimentos. Mediante o seu consentimento (clicando na op\u00e7\u00e3o abaixo), os seus dados poder\u00e3o ainda ser tratados para a seguinte finalidade:<\/p>\n<\/div>\n<div class=\"gdpr-politics\">\n<p><span class=\"wpcf7-form-control-wrap checkbox-marketing\"><span class=\"wpcf7-form-control wpcf7-checkbox checkbox-marketing\"><span class=\"wpcf7-list-item first\"><input type=\"checkbox\" name=\"checkbox-marketing[]\" value=\"Envio de comunica\u00e7\u00f5es promocionais e de marketing directo relativos a produtos e servi\u00e7os da GLN \u2013 Engineering, Molding and Plastics, S.A. ou qualquer outra sociedade na qual a GLN \u2013 Engineering, Molding and Plastics, S.A. detenha (directamente ou indirectamente) uma participa\u00e7\u00e3o no respectivo capital social (\u201csociedades GLN\u201d), bem como de divulga\u00e7\u00e3o de eventos e campanhas.\" \/><span class=\"wpcf7-list-item-label\">Envio de comunica\u00e7\u00f5es promocionais e de marketing directo relativos a produtos e servi\u00e7os da GLN \u2013 Engineering, Molding and Plastics, S.A. ou qualquer outra sociedade na qual a GLN \u2013 Engineering, Molding and Plastics, S.A. detenha (directamente ou indirectamente) uma participa\u00e7\u00e3o no respectivo capital social (\u201csociedades GLN\u201d), bem como de divulga\u00e7\u00e3o de eventos e campanhas.<\/span><\/span><span class=\"wpcf7-list-item last\"><input type=\"checkbox\" name=\"checkbox-marketing[]\" value=\"Envio de comunica\u00e7\u00f5es promocionais e de marketing relativas a produtos e servi\u00e7os de entidades com as quais a GLN e as sociedades GLN, tenham estabelecido acordos ou parcerias comerciais, bem como de divulga\u00e7\u00e3o de eventos e campanhas.\" \/><span class=\"wpcf7-list-item-label\">Envio de comunica\u00e7\u00f5es promocionais e de marketing relativas a produtos e servi\u00e7os de entidades com as quais a GLN e as sociedades GLN, tenham estabelecido acordos ou parcerias comerciais, bem como de divulga\u00e7\u00e3o de eventos e campanhas.<\/span><\/span><\/span><\/span>\n<p>Os campos assinalados com * s\u00e3o de preenchimento obrigat\u00f3rio, sob pena de n\u00e3o podermos responder \u00e0s suas solicita\u00e7\u00f5es. A GLN \u2013 Engineering, Molding and Plastics, S.A. poder\u00e1 transmitir os seus dados a entidades subcontratadas para os efeitos acima referidos, bem como comunic\u00e1-los a sociedades GLN, ou entidades com as quais tenham sido por aquelas estabelecidos acordos ou parcerias comerciais ou \u00e0s entidades competentes nos termos da lei.<\/p>\n<p>\nAntes de clicar em \u201cenviar\u201d, por favor, leia a nossa <a href=\"\/politica-de-privacidade-e-de-cookies\/\" target=\"_blank\">Pol\u00edtica de Privacidade<\/a> para saber, designadamente, quais os seus direitos em mat\u00e9ria de protec\u00e7\u00e3o de dados pessoais, o prazo de conserva\u00e7\u00e3o dos seus dados, qual a comunica\u00e7\u00e3o dos seus dados a terceiros e as medidas de seguran\u00e7a adoptadas. De qualquer forma, tenha presente que poder\u00e1 retirar o seu consentimento para o tratamento dos dados cujo consentimento constitui o fundamento de legitimidade do respectivo tratamento, o que n\u00e3o invalida, no entanto, o tratamento efectuado at\u00e9 essa data com base no consentimento previamente dado. Para mais informa\u00e7\u00f5es poder\u00e1 contactar-nos para o e-mail geral@gln.pt; ou para o telefone +351 244 770 160.<\/p>\n<p><span class=\"wpcf7-form-control-wrap acceptance-gdpr\"><span class=\"wpcf7-form-control wpcf7-acceptance\"><span class=\"wpcf7-list-item\"><label><input type=\"checkbox\" name=\"acceptance-gdpr\" value=\"1\" aria-invalid=\"false\" id=\"acceptance-gdpr\" \/><span class=\"wpcf7-list-item-label\">Autorizo o tratamento dos meus dados pessoais para as finalidades acima indicadas e\/ou por mim assinaladas, nos termos acima referidos.*<\/span><\/label><\/span><\/span><\/span><\/p>\n<\/div>\n<div class=\"grve-align-center\"><input type=\"submit\" value=\"Enviar\" class=\"wpcf7-form-control wpcf7-submit\" \/><\/div>\n<\/div>\n<\/div>\n<div class=\"wpcf7-response-output\" aria-hidden=\"true\"><\/div><\/form><\/div>[\/vc_column_inner][\/vc_row_inner][\/vc_column][\/vc_row]<\/p>","protected":false},"excerpt":{"rendered":"<p>[vc_row section_type=&#8221;fullwidth&#8221; padding_top_multiplier=&#8221;&#8221; padding_bottom_multiplier=&#8221;&#8221; columns_gap=&#8221;none&#8221;][vc_column][\/vc_column][\/vc_row][vc_row bg_type=&#8221;color&#8221; padding_top_multiplier=&#8221;4x&#8221; padding_bottom_multiplier=&#8221;&#8221; equal_column_height=&#8221;middle-content&#8221;][vc_column][\/vc_column][\/vc_row][vc_row equal_column_height=&#8221;equal-column&#8221;][vc_column width=&#8221;1\/2&#8243;][vc_row_inner][vc_column_inner width=&#8221;1\/2&#8243;][\/vc_column_inner][vc_column_inner width=&#8221;1\/2&#8243;][vc_column_text]I am text block. Click edit button to change this text. Lorem ipsum dolor sit amet, consectetur adipiscing elit. Ut elit tellus, luctus nec ullamcorper mattis, pulvinar dapibus leo.[\/vc_column_text][vc_column_text text_style=&#8221;leader-text&#8221; el_class=&#8221;link-direcoes&#8221;]Saber mais[\/vc_column_text][\/vc_column_inner][\/vc_row_inner][\/vc_column][vc_column vertical_content_position=&#8221;middle&#8221; width=&#8221;1\/2&#8243;][vc_row_inner][vc_column_inner width=&#8221;1\/2&#8243;][\/vc_column_inner][vc_column_inner width=&#8221;1\/2&#8243;][vc_column_text]I am text block. Click edit button to [&hellip;]<\/p>\n","protected":false},"author":10,"featured_media":0,"parent":0,"menu_order":0,"comment_status":"closed","ping_status":"closed","template":"","meta":{"footnotes":""},"class_list":["post-18787","page","type-page","status-publish","hentry"],"_links":{"self":[{"href":"https:\/\/gln.pt\/pt\/wp-json\/wp\/v2\/pages\/18787","targetHints":{"allow":["GET"]}}],"collection":[{"href":"https:\/\/gln.pt\/pt\/wp-json\/wp\/v2\/pages"}],"about":[{"href":"https:\/\/gln.pt\/pt\/wp-json\/wp\/v2\/types\/page"}],"author":[{"embeddable":true,"href":"https:\/\/gln.pt\/pt\/wp-json\/wp\/v2\/users\/10"}],"replies":[{"embeddable":true,"href":"https:\/\/gln.pt\/pt\/wp-json\/wp\/v2\/comments?post=18787"}],"version-history":[{"count":2,"href":"https:\/\/gln.pt\/pt\/wp-json\/wp\/v2\/pages\/18787\/revisions"}],"predecessor-version":[{"id":19268,"href":"https:\/\/gln.pt\/pt\/wp-json\/wp\/v2\/pages\/18787\/revisions\/19268"}],"wp:attachment":[{"href":"https:\/\/gln.pt\/pt\/wp-json\/wp\/v2\/media?parent=18787"}],"curies":[{"name":"wp","href":"https:\/\/api.w.org\/{rel}","templated":true}]}}